{"id":52866,"date":"2024-04-08T13:28:04","date_gmt":"2024-04-08T13:28:04","guid":{"rendered":"https:\/\/www.viajamenorca.com\/accueil-presentation\/"},"modified":"2026-02-22T19:33:09","modified_gmt":"2026-02-22T19:33:09","slug":"accueil-presentation","status":"publish","type":"page","link":"https:\/\/www.viajamenorca.com\/fr\/","title":{"rendered":"Accueil &#8211; pr\u00e9sentation"},"content":{"rendered":"\n<div style=\"height:11px\" aria-hidden=\"true\" class=\"wp-block-spacer\"><\/div>\n\n\n<div class=\"gb-container gb-container-11978ff8\">\n\n<div class=\"wp-block-columns is-layout-flex wp-container-core-columns-is-layout-9d6595d7 wp-block-columns-is-layout-flex\">\n<div class=\"wp-block-column is-layout-flow wp-block-column-is-layout-flow\" style=\"flex-basis:750px\">\n<h1><span style=\"font-size: 18pt;\"><span style=\"color: #2b2a2a;\">Accueil \/ pr\u00e9sentation<\/span><\/span><\/h1>\n<p id=\"tanto-si-vas-a-visitar-la-isla-o-resides-en-ella-no-te-pierdas-nuestra-guia-turistica-de-menorca-con-los-mejores-lugares-consejos-y-recomendaciones-para-descubrirla-a-fondo\"><span style=\"font-size: 13pt;\">Que vous pr\u00e9voyiez de visiter l&rsquo;\u00eele ou que vous y viviez d\u00e9j\u00e0, vous ne pouvez pas manquer notre <strong><a title=\"Guide touristique de Minorque 2026\" href=\"https:\/\/www.viajamenorca.com\/fr\/guide-touristique\/\" rel=\"\">guide touristique de Minorque 2026<\/a><\/strong>. <\/span><span style=\"font-size: 13pt;\">Ce guide complet comprend les meilleurs endroits \u00e0 visiter, ainsi que des informations, des conseils et des recommandations qui vous aideront \u00e0 d\u00e9couvrir l&rsquo;\u00eele en profondeur.<\/span><\/p>\n<\/div>\n\n\n\n<div class=\"wp-block-column is-layout-flow wp-block-column-is-layout-flow\" style=\"flex-basis:400px\">\n<h3><\/h3>\n<\/div>\n<\/div>\n\n<\/div>\n\n<h2><span style=\"font-size: 18pt;\">Planifiez vos vacances<\/span><\/h2>\n<p><span style=\"font-size: 12pt;\"><strong>Planifiez<\/strong> vos vacances \u00e0 Minorque : d\u00e9couvrez tout ce que cette \u00eele a \u00e0 offrir. Sur notre site web, vous pouvez rechercher des informations et faire des r\u00e9servations de <a href=\"https:\/\/www.viajamenorca.com\/fr\/guide-touristique\/transport\/vols\/\"><strong>avion<\/strong><\/a>, <a href=\"https:\/\/viajamenorca.com\/guia-turistica\/transportes\/alquiler-de-coches\/\"><strong>louer une voiture<\/strong> <strong>de<\/strong> <strong>location de voiture<\/strong><\/a>, <a href=\"https:\/\/www.viajamenorca.com\/fr\/hebergements\/\"><strong>h\u00f4tels<\/strong><\/a> et tout ce dont vous avez besoin pour planifier votre s\u00e9jour sur l&rsquo;\u00eele. Vous trouverez \u00e9galement des informations actualis\u00e9es sur les meilleurs endroits \u00e0 visiter sur l&rsquo;\u00eele, les itin\u00e9raires les plus spectaculaires et les visites les plus populaires. <a href=\"https:\/\/www.viajamenorca.com\/fr\/activites\/\" rel=\"nofollow\"><strong>et les choses les plus int\u00e9ressantes<\/strong><\/a> les choses les plus int\u00e9ressantes \u00e0 faire. <\/span><\/p>\n<p><span style=\"font-size: 12pt;\">Nous vous recommandons d&rsquo;utiliser notre <a href=\"https:\/\/www.viajamenorca.com\/fr\/guide-touristique\/\" rel=\"nofollow\"><strong>guide touristique<\/strong><\/a> pour organiser votre voyage de la mani\u00e8re la plus simple et la plus facile. <a href=\"https:\/\/www.viajamenorca.com\/fr\/\"><strong>viajamenorca.com<\/strong><\/a> est un guide local cr\u00e9\u00e9 par des Minorquins passionn\u00e9s par l&rsquo;\u00eele. Vous y trouverez tout ce dont vous avez besoin pour profiter de l&rsquo;\u00eele. Nous esp\u00e9rons qu&rsquo;il vous plaira ; et n&rsquo;oubliez pas de <strong><a href=\"https:\/\/www.viajamenorca.com\/fr\/#Medias_sociaux\">partager et commenter \ud83d\ude09<\/a><\/strong>. <\/span><\/p>\n<h2><span style=\"font-size: 18pt;\">Explorez l&rsquo;\u00eele<\/span><\/h2>\n<p><span style=\"font-size: 12pt;\"><strong>D\u00e9couvrez<\/strong> les <strong><a href=\"https:\/\/www.viajamenorca.com\/fr\/guide-touristique\/routes-et-itineraires\/\">routes et itin\u00e9raires<\/a><\/strong> que nous avons pr\u00e9par\u00e9s pour vous, avec les meilleures <strong><a href=\"https:\/\/www.viajamenorca.com\/fr\/guide-touristique\/plages-et-criques\/\">plages<\/a><\/strong>, <strong><a href=\"https:\/\/www.viajamenorca.com\/fr\/guide-touristique\/plages-et-criques\/\">criques<\/a><\/strong>, <a href=\"https:\/\/www.viajamenorca.com\/fr\/guide-touristique\/itineraires-et-circuits\/route-des-7-phares\/\"><strong>phares<\/strong><\/a>. En outre, explorez l&rsquo;itin\u00e9raire de randonn\u00e9e du \u00ab\u00a0<a href=\"https:\/\/viajamenorca.com\/guia-turistica\/rutas-e-itinerarios\/cami-de-cavalls\/\"><strong>cam\u00ed de cavalls<\/strong><\/a>\u00a0\u00bb qui fait le tour de l&rsquo;\u00eele et offre des vues panoramiques \u00e0 couper le souffle. <\/span><\/p>\n<h2><span style=\"font-size: 18pt;\">Histoire et culture<\/span><\/h2>\n<p><span style=\"font-size: 12pt;\"><strong style=\"font-size: 12pt;\">D\u00e9couvrez<\/strong> son <a style=\"font-size: 12pt;\" href=\"https:\/\/www.viajamenorca.com\/guia-turistica\/sobre-menorca\/un-poco-de-historia\/\"><strong>histoire<\/strong><\/a>, <a style=\"font-size: 12pt;\" href=\"https:\/\/www.viajamenorca.com\/fr\/guide-touristique\/itineraires-et-circuits\/itineraire-culturel\/\"><strong>culture<\/strong><\/a> et ses coutumes \u00e0 travers ses <a style=\"font-size: 12pt;\" href=\"https:\/\/www.viajamenorca.com\/fr\/guide-touristique\/populations\/\"><strong>villages<\/strong><\/a>, <a style=\"font-size: 12pt;\" href=\"https:\/\/www.viajamenorca.com\/fr\/guide-touristique\/itineraires-et-circuits\/itineraire-culturel\/musees\/\"><strong>mus\u00e9es<\/strong><\/a>, <strong><a href=\"https:\/\/www.viajamenorca.com\/fr\/guide-touristique\/itineraires-et-circuits\/route-monumentale\/\">monuments<\/a><\/strong>, <a href=\"https:\/\/www.viajamenorca.com\/fr\/guide-touristique\/itineraires-et-circuits\/talayotique-minorque\/\"><b>sites arch\u00e9ologiques<\/b><\/a>. Elle jouit \u00e9galement de ses <a style=\"font-size: 12pt;\" href=\"https:\/\/viajamenorca.com\/guia-turistica\/fiestas-patronales\/\"><strong>festivals populaires<\/strong><\/a> y <a style=\"font-size: 12pt;\" href=\"https:\/\/www.viajamenorca.com\/fr\/guide-touristique\/artisanat\/\"><strong>artisanat<\/strong><\/a> de l&rsquo;\u00eele, \u00e9l\u00e9ments fondamentaux qui constituent son identit\u00e9. Sur notre site, vous trouverez des informations d\u00e9taill\u00e9es sur les villes les plus importantes de l&rsquo;\u00eele, telles que <a href=\"https:\/\/www.viajamenorca.com\/fr\/guide-touristique\/villages\/ciutadella-citadelle\/\"><strong>Ciutadella<\/strong><\/a> o <a href=\"https:\/\/www.viajamenorca.com\/fr\/guide-touristique\/villages\/mao-mahon\/\"><strong>Ma\u00f3,<\/strong><\/a> ainsi que sur les monuments et les sites arch\u00e9ologiques les plus importants, tels que la <a href=\"https:\/\/www.viajamenorca.com\/guia-turistica\/rutas-e-itinerarios\/menorca-talayotica\/naveta-des-tudons\/\"><strong>Naveta des Tudons<\/strong><\/a> ou le village de <strong><a href=\"https:\/\/www.viajamenorca.com\/guia-turistica\/rutas-e-itinerarios\/menorca-talayotica\/trepuco\/\">Trepuc\u00f3<\/a><\/strong>.<\/span><\/p>\n<h2><span style=\"font-size: 18pt;\">Gastronomie<\/span><\/h2>\n<p><span style=\"font-size: 12pt;\"><strong>Profitez de<\/strong> la fantastique <a href=\"https:\/\/www.viajamenorca.com\/fr\/guide-touristique\/gastronomie\/\"><strong>gastronomie<\/strong><\/a> de l&rsquo;\u00eele et visitez les meilleurs <a href=\"https:\/\/www.viajamenorca.com\/fr\/accueil-ou-manger\/les-meilleurs-restaurants\/\"><strong>restaurants<\/strong><\/a>. En outre, nous vous recommandons d&rsquo;explorer certains des <a href=\"https:\/\/www.viajamenorca.com\/fr\/que-faire-a-minorque\/foires-et-marches\/\"><strong>march\u00e9s et foires locaux<\/strong><\/a> o\u00f9 vous pourrez acheter des produits frais et de qualit\u00e9. <\/span><\/p>\n<h2><span style=\"font-size: 18pt;\">Informations utiles<\/span><\/h2>\n<p><span style=\"font-size: 12pt;\"><strong>Informez-vous<\/strong> sur <a href=\"https:\/\/viajamenorca.com\/guia-turistica\/el-tiempo-en-menorca\/\"><strong>le temps qu&rsquo;il fait <\/strong><\/a>la <a href=\"https:\/\/viajamenorca.com\/guia-turistica\/reserva-de-biosfera\/\"><strong>r\u00e9serve de biosph\u00e8re <\/strong><\/a>les <a href=\"https:\/\/www.viajamenorca.com\/fr\/guide-touristique\/transport\/\" rel=\"nofollow\"><strong>les transports<\/strong><\/a>, <a href=\"https:\/\/www.viajamenorca.com\/fr\/hebergements\/\"><strong>l&rsquo;h\u00e9bergement<\/strong><\/a>, <strong><a href=\"https:\/\/www.viajamenorca.com\/fr\/que-faire-a-minorque\/foires-et-marches\/calendrier-des-foires-et-salons\/\">foires<\/a><\/strong>, <a href=\"https:\/\/www.viajamenorca.com\/fr\/que-faire-a-minorque\/foires-et-marches\/calendrier-des-marches-artisanaux-et-agroalimentaires\/\"><strong>march\u00e9s<\/strong><\/a>, <a href=\"https:\/\/www.viajamenorca.com\/fr\/que-faire-a-minorque\/\"><strong>loisirs<\/strong><\/a> et bien d&rsquo;autres choses encore. Nous vous recommandons de consulter ces informations pour planifier votre s\u00e9jour sur l&rsquo;\u00eele avec confort et facilit\u00e9. <\/span><\/p>\n<p><span style=\"font-size: 12pt;\"><span style=\"line-height: 1.5;\"><span style=\"color: #339966;\"><strong>\u2714<\/strong><\/span> Inclut des astuces, des conseils et des recommandations. <\/span><span style=\"line-height: 1.5;\"><span style=\"color: #339966;\"><strong>\u2714<\/strong><\/span> Contenu constamment mis \u00e0 jour et actualis\u00e9.<\/span><\/span><\/p>\n<h2><span style=\"font-size: 18pt;\">M\u00e9dias sociaux<\/span><\/h2>\n<p><span style=\"font-size: 12pt;\"><strong>Rejoignez<\/strong> notre groupe Facebook : <a href=\"https:\/\/www.facebook.com\/groups\/menorca.isla.bonita\/\" target=\"_blank\" rel=\"nofollow noopener\"><strong>isla bonita<\/strong><\/a> pour vous tenir au courant des derni\u00e8res nouvelles sur l&rsquo;\u00eele et partager vos exp\u00e9riences avec d&rsquo;autres voyageurs.<\/span><\/p>\n\n\n\n\n<hr \/>\n<h3><span style=\"color: #000000; font-size: 18pt;\"><a style=\"color: #000000;\" href=\"https:\/\/www.viajamenorca.com\/revista\/\" data-type=\"page\" data-id=\"8591\">Blog | Magazine du tourisme<\/a><\/span><\/h3>\n\n\n\n<div class=\"gb-grid-wrapper gb-grid-wrapper-edc7b644 gb-query-loop-wrapper\">\n<div class=\"gb-grid-column gb-grid-column-98758c4c gb-query-loop-item post-63710 post type-post status-publish format-standard has-post-thumbnail hentry category-blog-magazine category-talayotique-minorque tag-gisements-prehistoriques tag-lunesco tag-minorque-talayotique tag-patrimoine-de-lhumanite tag-patrimoine-mondial\"><div class=\"gb-container gb-container-98758c4c\">\n<figure class=\"gb-block-image gb-block-image-04ab8cc0\"><a href=\"https:\/\/www.viajamenorca.com\/fr\/blog-magazine\/patrimoine-mondial\/\"><img decoding=\"async\" width=\"300\" height=\"169\" src=\"https:\/\/www.viajamenorca.com\/wp-content\/uploads\/2019\/04\/20190611_153052-300x169.jpg\" class=\"gb-image-04ab8cc0\" alt=\"\" srcset=\"https:\/\/www.viajamenorca.com\/wp-content\/uploads\/2019\/04\/20190611_153052-300x169.jpg 300w, https:\/\/www.viajamenorca.com\/wp-content\/uploads\/2019\/04\/20190611_153052-768x432.jpg 768w, https:\/\/www.viajamenorca.com\/wp-content\/uploads\/2019\/04\/20190611_153052-1024x576.jpg 1024w, https:\/\/www.viajamenorca.com\/wp-content\/uploads\/2019\/04\/20190611_153052-110x62.jpg 110w, https:\/\/www.viajamenorca.com\/wp-content\/uploads\/2019\/04\/20190611_153052-420x236.jpg 420w, https:\/\/www.viajamenorca.com\/wp-content\/uploads\/2019\/04\/20190611_153052-770x430.jpg 770w, https:\/\/www.viajamenorca.com\/wp-content\/uploads\/2019\/04\/20190611_153052-764x430.jpg 764w\" sizes=\"(max-width: 300px) 100vw, 300px\" \/><\/a><\/figure>\n\n<h3 class=\"gb-headline gb-headline-a0012ba2 gb-headline-text\"><a href=\"https:\/\/www.viajamenorca.com\/fr\/blog-magazine\/patrimoine-mondial\/\">La Minorque talayotique, patrimoine mondial de l&rsquo;UNESCO<\/a><\/h3>\n<\/div><\/div>\n\n<div class=\"gb-grid-column gb-grid-column-98758c4c gb-query-loop-item post-65077 post type-post status-publish format-standard has-post-thumbnail hentry category-blog-magazine category-revista tag-bar-de-plage-es-pop tag-cafeteria-susy tag-cala-tirant tag-plages-avec-bars-de-plage\"><div class=\"gb-container gb-container-98758c4c\">\n<figure class=\"gb-block-image gb-block-image-04ab8cc0\"><a href=\"https:\/\/www.viajamenorca.com\/fr\/blog-magazine\/plages-avec-bars-de-plage\/\"><img decoding=\"async\" width=\"350\" height=\"233\" src=\"https:\/\/www.viajamenorca.com\/wp-content\/uploads\/2024\/02\/Restaurante_Binimela-2000x1331-1-350x233.jpg\" class=\"gb-image-04ab8cc0\" alt=\"\" srcset=\"https:\/\/www.viajamenorca.com\/wp-content\/uploads\/2024\/02\/Restaurante_Binimela-2000x1331-1-350x233.jpg 350w, https:\/\/www.viajamenorca.com\/wp-content\/uploads\/2024\/02\/Restaurante_Binimela-2000x1331-1-1024x681.jpg 1024w, https:\/\/www.viajamenorca.com\/wp-content\/uploads\/2024\/02\/Restaurante_Binimela-2000x1331-1-768x511.jpg 768w, https:\/\/www.viajamenorca.com\/wp-content\/uploads\/2024\/02\/Restaurante_Binimela-2000x1331-1-1536x1022.jpg 1536w, https:\/\/www.viajamenorca.com\/wp-content\/uploads\/2024\/02\/Restaurante_Binimela-2000x1331-1.jpg 2000w\" sizes=\"(max-width: 350px) 100vw, 350px\" \/><\/a><\/figure>\n\n<h3 class=\"gb-headline gb-headline-a0012ba2 gb-headline-text\"><a href=\"https:\/\/www.viajamenorca.com\/fr\/blog-magazine\/plages-avec-bars-de-plage\/\">Plages avec chiringuito<\/a><\/h3>\n<\/div><\/div>\n\n<div class=\"gb-grid-column gb-grid-column-98758c4c gb-query-loop-item post-70288 post type-post status-publish format-standard has-post-thumbnail hentry category-blog-magazine category-revista tag-astrotourisme tag-ciel tag-etoiles tag-lumiere-des-etoiles-de-minorque tag-observation-des-etoiles\"><div class=\"gb-container gb-container-98758c4c\">\n<figure class=\"gb-block-image gb-block-image-04ab8cc0\"><a href=\"https:\/\/www.viajamenorca.com\/fr\/blog-magazine\/minorque-lieu-de-la-deuxieme-reunion-starlight\/\"><img decoding=\"async\" width=\"300\" height=\"202\" src=\"https:\/\/www.viajamenorca.com\/wp-content\/uploads\/2019\/05\/Favaritx_Menorca_estrellas-300x202.jpg\" class=\"gb-image-04ab8cc0\" alt=\"\" srcset=\"https:\/\/www.viajamenorca.com\/wp-content\/uploads\/2019\/05\/Favaritx_Menorca_estrellas-300x202.jpg 300w, https:\/\/www.viajamenorca.com\/wp-content\/uploads\/2019\/05\/Favaritx_Menorca_estrellas-768x518.jpg 768w, https:\/\/www.viajamenorca.com\/wp-content\/uploads\/2019\/05\/Favaritx_Menorca_estrellas-1024x690.jpg 1024w, https:\/\/www.viajamenorca.com\/wp-content\/uploads\/2019\/05\/Favaritx_Menorca_estrellas-110x74.jpg 110w, https:\/\/www.viajamenorca.com\/wp-content\/uploads\/2019\/05\/Favaritx_Menorca_estrellas-420x283.jpg 420w, https:\/\/www.viajamenorca.com\/wp-content\/uploads\/2019\/05\/Favaritx_Menorca_estrellas-638x430.jpg 638w, https:\/\/www.viajamenorca.com\/wp-content\/uploads\/2019\/05\/Favaritx_Menorca_estrellas.jpg 1780w\" sizes=\"(max-width: 300px) 100vw, 300px\" \/><\/a><\/figure>\n\n<h3 class=\"gb-headline gb-headline-a0012ba2 gb-headline-text\"><a href=\"https:\/\/www.viajamenorca.com\/fr\/blog-magazine\/minorque-lieu-de-la-deuxieme-reunion-starlight\/\">Minorque, h\u00f4te de la deuxi\u00e8me rencontre internationale Starlight<\/a><\/h3>\n<\/div><\/div>\n<\/div>\n","protected":false},"excerpt":{"rendered":"<p>Accueil \/ pr\u00e9sentation Que vous pr\u00e9voyiez de visiter l&rsquo;\u00eele ou que vous y viviez d\u00e9j\u00e0, vous ne pouvez pas manquer notre guide touristique de Minorque 2026. Ce guide complet comprend &#8230; <\/p>\n<p class=\"read-more-container\"><a title=\"Accueil &#8211; pr\u00e9sentation\" class=\"read-more button\" href=\"https:\/\/www.viajamenorca.com\/fr\/#more-52866\" aria-label=\"En savoir plus sur Accueil &#8211; pr\u00e9sentation\">Lire plus<\/a><\/p>\n","protected":false},"author":1,"featured_media":52881,"parent":0,"menu_order":0,"comment_status":"closed","ping_status":"closed","template":"","meta":{"_acf_changed":false,"footnotes":""},"class_list":{"0":"post-52866","1":"page","2":"type-page","3":"status-publish","4":"has-post-thumbnail","6":"resize-featured-image"},"acf":[],"yoast_head":"<!-- This site is optimized with the Yoast SEO plugin v27.6 - https:\/\/yoast.com\/product\/yoast-seo-wordpress\/ -->\n<title>Minorque, \u00celes Bal\u00e9ares - Guide touristique 2026 - Viaja a Menorca<\/title>\n<meta name=\"description\" content=\"Viaja a Menorca est un guide local o\u00f9 vous trouverez tout ce dont vous avez besoin pour profiter de l&#039;\u00eele. Les meilleurs endroits des conseils\" \/>\n<meta name=\"robots\" content=\"index, follow, max-snippet:-1, max-image-preview:large, max-video-preview:-1\" \/>\n<link rel=\"canonical\" href=\"https:\/\/www.viajamenorca.com\/fr\/\" \/>\n<meta property=\"og:locale\" content=\"fr_FR\" \/>\n<meta property=\"og:type\" content=\"article\" \/>\n<meta property=\"og:title\" content=\"Minorque, \u00celes Bal\u00e9ares - Guide touristique 2026 - Viaja a Menorca\" \/>\n<meta property=\"og:description\" content=\"Que vous visitiez l&#039;\u00eele ou que vous y viviez, ne manquez pas notre guide des meilleurs endroits, conseils et recommandations pour la d\u00e9couvrir en profondeur.\" \/>\n<meta property=\"og:url\" content=\"https:\/\/www.viajamenorca.com\/fr\/\" \/>\n<meta property=\"og:site_name\" content=\"Viaja a Menorca\" \/>\n<meta property=\"article:publisher\" content=\"https:\/\/www.facebook.com\/ViajaMenorca\/\" \/>\n<meta property=\"article:modified_time\" content=\"2026-02-22T19:33:09+00:00\" \/>\n<meta property=\"og:image\" content=\"https:\/\/viajamenorca.com\/wp-content\/uploads\/2019\/04\/viajamenorca-e1582577107116.jpg\" \/>\n<meta name=\"twitter:card\" content=\"summary_large_image\" \/>\n<meta name=\"twitter:description\" content=\"Que vous visitiez l&#039;\u00eele ou que vous y viviez, ne manquez pas notre guide des meilleurs endroits, conseils et recommandations pour la d\u00e9couvrir en profondeur.\" \/>\n<meta name=\"twitter:image\" content=\"https:\/\/viajamenorca.com\/wp-content\/uploads\/2019\/04\/viajamenorca-e1582577107116.jpg\" \/>\n<meta name=\"twitter:site\" content=\"@ViajaMenorca\" \/>\n<meta name=\"twitter:label1\" content=\"Dur\u00e9e de lecture estim\u00e9e\" \/>\n\t<meta name=\"twitter:data1\" content=\"3 minutes\" \/>\n<script type=\"application\/ld+json\" class=\"yoast-schema-graph\">{\"@context\":\"https:\\\/\\\/schema.org\",\"@graph\":[{\"@type\":\"WebPage\",\"@id\":\"https:\\\/\\\/www.viajamenorca.com\\\/fr\\\/\",\"url\":\"https:\\\/\\\/www.viajamenorca.com\\\/fr\\\/\",\"name\":\"Minorque, \u00celes Bal\u00e9ares - Guide touristique 2026 - Viaja a Menorca\",\"isPartOf\":{\"@id\":\"https:\\\/\\\/www.viajamenorca.com\\\/fr\\\/#website\"},\"primaryImageOfPage\":{\"@id\":\"https:\\\/\\\/www.viajamenorca.com\\\/fr\\\/#primaryimage\"},\"image\":{\"@id\":\"https:\\\/\\\/www.viajamenorca.com\\\/fr\\\/#primaryimage\"},\"thumbnailUrl\":\"https:\\\/\\\/www.viajamenorca.com\\\/wp-content\\\/uploads\\\/2025\\\/02\\\/imagen_menorca.jpg\",\"datePublished\":\"2024-04-08T13:28:04+00:00\",\"dateModified\":\"2026-02-22T19:33:09+00:00\",\"description\":\"Viaja a Menorca est un guide local o\u00f9 vous trouverez tout ce dont vous avez besoin pour profiter de l'\u00eele. Les meilleurs endroits des conseils\",\"inLanguage\":\"fr-FR\",\"potentialAction\":[{\"@type\":\"ReadAction\",\"target\":[\"https:\\\/\\\/www.viajamenorca.com\\\/fr\\\/\"]}]},{\"@type\":\"ImageObject\",\"inLanguage\":\"fr-FR\",\"@id\":\"https:\\\/\\\/www.viajamenorca.com\\\/fr\\\/#primaryimage\",\"url\":\"https:\\\/\\\/www.viajamenorca.com\\\/wp-content\\\/uploads\\\/2025\\\/02\\\/imagen_menorca.jpg\",\"contentUrl\":\"https:\\\/\\\/www.viajamenorca.com\\\/wp-content\\\/uploads\\\/2025\\\/02\\\/imagen_menorca.jpg\",\"width\":2080,\"height\":1600},{\"@type\":\"WebSite\",\"@id\":\"https:\\\/\\\/www.viajamenorca.com\\\/fr\\\/#website\",\"url\":\"https:\\\/\\\/www.viajamenorca.com\\\/fr\\\/\",\"name\":\"Viaja a Menorca\",\"description\":\"Votre aventure minorquine commence ici !\",\"publisher\":{\"@id\":\"https:\\\/\\\/www.viajamenorca.com\\\/fr\\\/#organization\"},\"alternateName\":\"Gu\u00eda tur\u00edstica de Menorca\",\"potentialAction\":[{\"@type\":\"SearchAction\",\"target\":{\"@type\":\"EntryPoint\",\"urlTemplate\":\"https:\\\/\\\/www.viajamenorca.com\\\/fr\\\/?s={search_term_string}\"},\"query-input\":{\"@type\":\"PropertyValueSpecification\",\"valueRequired\":true,\"valueName\":\"search_term_string\"}}],\"inLanguage\":\"fr-FR\"},{\"@type\":\"Organization\",\"@id\":\"https:\\\/\\\/www.viajamenorca.com\\\/fr\\\/#organization\",\"name\":\"Viaja a Menorca - Gu\u00eda tur\u00edstica\",\"alternateName\":\"Viaja a Menorca\",\"url\":\"https:\\\/\\\/www.viajamenorca.com\\\/fr\\\/\",\"logo\":{\"@type\":\"ImageObject\",\"inLanguage\":\"fr-FR\",\"@id\":\"https:\\\/\\\/www.viajamenorca.com\\\/fr\\\/#\\\/schema\\\/logo\\\/image\\\/\",\"url\":\"https:\\\/\\\/www.viajamenorca.com\\\/wp-content\\\/uploads\\\/2021\\\/11\\\/viajamenorca.jpg\",\"contentUrl\":\"https:\\\/\\\/www.viajamenorca.com\\\/wp-content\\\/uploads\\\/2021\\\/11\\\/viajamenorca.jpg\",\"width\":714,\"height\":714,\"caption\":\"Viaja a Menorca - Gu\u00eda tur\u00edstica\"},\"image\":{\"@id\":\"https:\\\/\\\/www.viajamenorca.com\\\/fr\\\/#\\\/schema\\\/logo\\\/image\\\/\"},\"sameAs\":[\"https:\\\/\\\/www.facebook.com\\\/ViajaMenorca\\\/\",\"https:\\\/\\\/x.com\\\/ViajaMenorca\",\"https:\\\/\\\/www.instagram.com\\\/viaja_menorca\\\/?hl=es\",\"https:\\\/\\\/www.youtube.com\\\/channel\\\/UCWtpR3jxp79HeZ8zZfHLhXw\"]}]}<\/script>\n<!-- \/ Yoast SEO plugin. -->","yoast_head_json":{"title":"Minorque, \u00celes Bal\u00e9ares - Guide touristique 2026 - Viaja a Menorca","description":"Viaja a Menorca est un guide local o\u00f9 vous trouverez tout ce dont vous avez besoin pour profiter de l'\u00eele. Les meilleurs endroits des conseils","robots":{"index":"index","follow":"follow","max-snippet":"max-snippet:-1","max-image-preview":"max-image-preview:large","max-video-preview":"max-video-preview:-1"},"canonical":"https:\/\/www.viajamenorca.com\/fr\/","og_locale":"fr_FR","og_type":"article","og_title":"Minorque, \u00celes Bal\u00e9ares - Guide touristique 2026 - Viaja a Menorca","og_description":"Que vous visitiez l'\u00eele ou que vous y viviez, ne manquez pas notre guide des meilleurs endroits, conseils et recommandations pour la d\u00e9couvrir en profondeur.","og_url":"https:\/\/www.viajamenorca.com\/fr\/","og_site_name":"Viaja a Menorca","article_publisher":"https:\/\/www.facebook.com\/ViajaMenorca\/","article_modified_time":"2026-02-22T19:33:09+00:00","og_image":[{"url":"https:\/\/viajamenorca.com\/wp-content\/uploads\/2019\/04\/viajamenorca-e1582577107116.jpg","type":"","width":"","height":""}],"twitter_card":"summary_large_image","twitter_description":"Que vous visitiez l'\u00eele ou que vous y viviez, ne manquez pas notre guide des meilleurs endroits, conseils et recommandations pour la d\u00e9couvrir en profondeur.","twitter_image":"https:\/\/viajamenorca.com\/wp-content\/uploads\/2019\/04\/viajamenorca-e1582577107116.jpg","twitter_site":"@ViajaMenorca","twitter_misc":{"Dur\u00e9e de lecture estim\u00e9e":"3 minutes"},"schema":{"@context":"https:\/\/schema.org","@graph":[{"@type":"WebPage","@id":"https:\/\/www.viajamenorca.com\/fr\/","url":"https:\/\/www.viajamenorca.com\/fr\/","name":"Minorque, \u00celes Bal\u00e9ares - Guide touristique 2026 - Viaja a Menorca","isPartOf":{"@id":"https:\/\/www.viajamenorca.com\/fr\/#website"},"primaryImageOfPage":{"@id":"https:\/\/www.viajamenorca.com\/fr\/#primaryimage"},"image":{"@id":"https:\/\/www.viajamenorca.com\/fr\/#primaryimage"},"thumbnailUrl":"https:\/\/www.viajamenorca.com\/wp-content\/uploads\/2025\/02\/imagen_menorca.jpg","datePublished":"2024-04-08T13:28:04+00:00","dateModified":"2026-02-22T19:33:09+00:00","description":"Viaja a Menorca est un guide local o\u00f9 vous trouverez tout ce dont vous avez besoin pour profiter de l'\u00eele. Les meilleurs endroits des conseils","inLanguage":"fr-FR","potentialAction":[{"@type":"ReadAction","target":["https:\/\/www.viajamenorca.com\/fr\/"]}]},{"@type":"ImageObject","inLanguage":"fr-FR","@id":"https:\/\/www.viajamenorca.com\/fr\/#primaryimage","url":"https:\/\/www.viajamenorca.com\/wp-content\/uploads\/2025\/02\/imagen_menorca.jpg","contentUrl":"https:\/\/www.viajamenorca.com\/wp-content\/uploads\/2025\/02\/imagen_menorca.jpg","width":2080,"height":1600},{"@type":"WebSite","@id":"https:\/\/www.viajamenorca.com\/fr\/#website","url":"https:\/\/www.viajamenorca.com\/fr\/","name":"Viaja a Menorca","description":"Votre aventure minorquine commence ici !","publisher":{"@id":"https:\/\/www.viajamenorca.com\/fr\/#organization"},"alternateName":"Gu\u00eda tur\u00edstica de Menorca","potentialAction":[{"@type":"SearchAction","target":{"@type":"EntryPoint","urlTemplate":"https:\/\/www.viajamenorca.com\/fr\/?s={search_term_string}"},"query-input":{"@type":"PropertyValueSpecification","valueRequired":true,"valueName":"search_term_string"}}],"inLanguage":"fr-FR"},{"@type":"Organization","@id":"https:\/\/www.viajamenorca.com\/fr\/#organization","name":"Viaja a Menorca - Gu\u00eda tur\u00edstica","alternateName":"Viaja a Menorca","url":"https:\/\/www.viajamenorca.com\/fr\/","logo":{"@type":"ImageObject","inLanguage":"fr-FR","@id":"https:\/\/www.viajamenorca.com\/fr\/#\/schema\/logo\/image\/","url":"https:\/\/www.viajamenorca.com\/wp-content\/uploads\/2021\/11\/viajamenorca.jpg","contentUrl":"https:\/\/www.viajamenorca.com\/wp-content\/uploads\/2021\/11\/viajamenorca.jpg","width":714,"height":714,"caption":"Viaja a Menorca - Gu\u00eda tur\u00edstica"},"image":{"@id":"https:\/\/www.viajamenorca.com\/fr\/#\/schema\/logo\/image\/"},"sameAs":["https:\/\/www.facebook.com\/ViajaMenorca\/","https:\/\/x.com\/ViajaMenorca","https:\/\/www.instagram.com\/viaja_menorca\/?hl=es","https:\/\/www.youtube.com\/channel\/UCWtpR3jxp79HeZ8zZfHLhXw"]}]}},"_links":{"self":[{"href":"https:\/\/www.viajamenorca.com\/fr\/wp-json\/wp\/v2\/pages\/52866","targetHints":{"allow":["GET"]}}],"collection":[{"href":"https:\/\/www.viajamenorca.com\/fr\/wp-json\/wp\/v2\/pages"}],"about":[{"href":"https:\/\/www.viajamenorca.com\/fr\/wp-json\/wp\/v2\/types\/page"}],"author":[{"embeddable":true,"href":"https:\/\/www.viajamenorca.com\/fr\/wp-json\/wp\/v2\/users\/1"}],"replies":[{"embeddable":true,"href":"https:\/\/www.viajamenorca.com\/fr\/wp-json\/wp\/v2\/comments?post=52866"}],"version-history":[{"count":8,"href":"https:\/\/www.viajamenorca.com\/fr\/wp-json\/wp\/v2\/pages\/52866\/revisions"}],"predecessor-version":[{"id":59670,"href":"https:\/\/www.viajamenorca.com\/fr\/wp-json\/wp\/v2\/pages\/52866\/revisions\/59670"}],"wp:featuredmedia":[{"embeddable":true,"href":"https:\/\/www.viajamenorca.com\/fr\/wp-json\/wp\/v2\/media\/52881"}],"wp:attachment":[{"href":"https:\/\/www.viajamenorca.com\/fr\/wp-json\/wp\/v2\/media?parent=52866"}],"curies":[{"name":"wp","href":"https:\/\/api.w.org\/{rel}","templated":true}]}}