{"id":53335,"date":"2018-11-01T21:00:48","date_gmt":"2018-11-01T21:00:48","guid":{"rendered":"https:\/\/www.viajamenorca.com\/transport\/"},"modified":"2026-04-01T00:49:44","modified_gmt":"2026-04-01T00:49:44","slug":"transport","status":"publish","type":"page","link":"https:\/\/www.viajamenorca.com\/fr\/guide-touristique\/transport\/","title":{"rendered":"Transport"},"content":{"rendered":"\n<div style=\"height:10px\" aria-hidden=\"true\" class=\"wp-block-spacer\"><\/div>\n\n\n<h2><span style=\"font-size: 17pt;\">Guide des transports et de la mobilit\u00e9<\/span><\/h2>\n<h3><span style=\"font-size: 14pt;\">D\u00e9couvrez Minorque en toute s\u00e9r\u00e9nit\u00e9, avec une grande vari\u00e9t\u00e9 de moyens de transport pour vous d\u00e9placer et explorer confortablement tous les recoins de l&rsquo;\u00eele.<\/span><\/h3>\n<h2><sub>Informations g\u00e9n\u00e9rales<\/sub><\/h2>\n<p>Les <strong><a href=\"https:\/\/www.viajamenorca.com\/fr\/guide-touristique\/transport\/bateaux-et-ferries\/\">ports<\/a> <\/strong>de <span style=\"font-size: 12pt;\"><a href=\"https:\/\/www.viajamenorca.com\/fr\/guide-touristique\/villages\/mao-mahon\/\"><strong>Mah\u00f3n<\/strong><\/a> <\/span>y <span style=\"font-size: 12pt;\"><a href=\"https:\/\/www.viajamenorca.com\/fr\/guide-touristique\/villages\/ciutadella-citadelle\/\"><strong>Ciudadela<\/strong><\/a> <\/span>servent de points d&rsquo;acc\u00e8s cl\u00e9s, accueillant \u00e0 la fois les <a href=\"https:\/\/www.viajamenorca.com\/fr\/guide-touristique\/transport\/bateaux-et-ferries\/\"><strong>navires de croisi\u00e8re<\/strong> <\/a>et les cargos, facilitant ainsi l&rsquo;arriv\u00e9e des passagers et des marchandises.<\/p>\n<p>L&rsquo;a\u00e9roport <span style=\"font-size: 12pt;\"><strong style=\"line-height: 1.5;\"><a href=\"https:\/\/viajamenorca.com\/guia-turistica\/transportes\/aeropuerto-de-menorca\/\">l&rsquo;a\u00e9roport de Minorque <\/a><\/strong><\/span>situ\u00e9 \u00e0 Mah\u00f3n, est votre porte d&rsquo;entr\u00e9e au paradis. Avec ses vols nationaux et internationaux, il constitue une connexion vitale avec le reste du monde.<\/p>\n<p>Pour explorer l&rsquo;\u00eele \u00e0 votre rythme, vous pouvez opter pour un <a href=\"https:\/\/www.viajamenorca.com\/fr\/guide-touristique\/transport\/taxis-tarifs-et-services\/\"><strong>taxi<\/strong><\/a>, <a href=\"https:\/\/viajamenorca.com\/guia-turistica\/transportes\/alquiler-de-coches\/\"><strong>location de voiture<\/strong><\/a> y <a href=\"https:\/\/www.viajamenorca.com\/guia-turistica\/transportes\/traslados\/\"><strong>transferts<\/strong><\/a>. Les taxis offrent confort et commodit\u00e9, tandis que la location de voitures vous donne la libert\u00e9 de d\u00e9couvrir tous les recoins de cette \u00eele merveilleuse. Les transferts sont une autre option pour un transport sans souci.<\/p>\n<p>Pour ceux qui pr\u00e9f\u00e8rent les transports publics, il existe une ligne de bus <span style=\"font-size: 12pt;\"><a style=\"line-height: 1.5;\" href=\"https:\/\/viajamenorca.com\/guia-turistica\/transportes\/autobuses\/\"><strong>bus<\/strong><\/a> <\/span>relie l&rsquo;a\u00e9roport \u00e0 la gare centrale de Mah\u00f3n, garantissant un acc\u00e8s facile et efficace \u00e0 toutes les villes et villages. <span style=\"font-size: 12pt;\"><span style=\"line-height: 1.5;\"><strong><a href=\"https:\/\/www.viajamenorca.com\/fr\/guide-touristique\/populations\/\">villes et villages<\/a> <\/strong><\/span><\/span>de l&rsquo;\u00eele.<\/p>\n<h3><span style=\"font-size: 18pt;\">Explorez l&rsquo;\u00eele en toute simplicit\u00e9<\/span><\/h3>\n\n\n<div class=\"gb-grid-wrapper gb-grid-wrapper-bedb5b0c gb-query-loop-wrapper\">\n<div class=\"gb-grid-column gb-grid-column-18bcf01a gb-query-loop-item post-58568 post type-post status-publish format-standard has-post-thumbnail hentry category-transport tag-avions tag-cartes-dembarquement tag-check-in tag-low-cost tag-vols-pour-minorque\"><div class=\"gb-container gb-container-18bcf01a\">\n<figure class=\"gb-block-image gb-block-image-0317d7c1\"><a href=\"https:\/\/www.viajamenorca.com\/fr\/guide-touristique\/transport\/vols\/\"><img decoding=\"async\" width=\"2016\" height=\"1152\" src=\"https:\/\/www.viajamenorca.com\/wp-content\/uploads\/2021\/05\/avion_volando.jpg\" class=\"gb-image-0317d7c1\" alt=\"\" srcset=\"https:\/\/www.viajamenorca.com\/wp-content\/uploads\/2021\/05\/avion_volando.jpg 2016w, https:\/\/www.viajamenorca.com\/wp-content\/uploads\/2021\/05\/avion_volando-350x200.jpg 350w, https:\/\/www.viajamenorca.com\/wp-content\/uploads\/2021\/05\/avion_volando-1024x585.jpg 1024w, https:\/\/www.viajamenorca.com\/wp-content\/uploads\/2021\/05\/avion_volando-768x439.jpg 768w, https:\/\/www.viajamenorca.com\/wp-content\/uploads\/2021\/05\/avion_volando-1536x878.jpg 1536w\" sizes=\"(max-width: 2016px) 100vw, 2016px\" \/><\/a><\/figure>\n\n<h2 class=\"gb-headline gb-headline-73af1d53 gb-headline-text\"><a href=\"https:\/\/www.viajamenorca.com\/fr\/guide-touristique\/transport\/vols\/\">Vols<\/a><\/h2>\n\n<div class=\"gb-headline gb-headline-1d8b1fe4 gb-headline-text\">Guide complet pour l&rsquo;achat de billets d&rsquo;avion et la gestion de l&#8217;embarquement \u00e0 Minorque Voyager \u00e0 Minorque est une exp\u00e9rience dont beaucoup r\u00eavent. Cependant, la planification du voyage, incluant l&rsquo;achat &#8230;<\/div>\n\n<a class=\"gb-button gb-button-043d5fc6 gb-button-text\" href=\"https:\/\/www.viajamenorca.com\/fr\/guide-touristique\/transport\/vols\/\">LIRE LA SUITE&#8230;<\/a>\n<\/div><\/div>\n\n<div class=\"gb-grid-column gb-grid-column-18bcf01a gb-query-loop-item post-52793 post type-post status-publish format-standard has-post-thumbnail hentry category-transport tag-prix tag-services tag-taux tag-taxis-citadelle tag-taxis-mahon tag-taxis-mercadal tag-taxis-minorque tag-telephone-taxi-minorque\"><div class=\"gb-container gb-container-18bcf01a\">\n<figure class=\"gb-block-image gb-block-image-0317d7c1\"><a href=\"https:\/\/www.viajamenorca.com\/fr\/guide-touristique\/transport\/taxis-tarifs-et-services\/\"><img decoding=\"async\" width=\"2560\" height=\"1325\" src=\"https:\/\/www.viajamenorca.com\/wp-content\/uploads\/2019\/03\/IMG_20230805_130740-scaled.jpg\" class=\"gb-image-0317d7c1\" alt=\"\" srcset=\"https:\/\/www.viajamenorca.com\/wp-content\/uploads\/2019\/03\/IMG_20230805_130740-scaled.jpg 2560w, https:\/\/www.viajamenorca.com\/wp-content\/uploads\/2019\/03\/IMG_20230805_130740-350x181.jpg 350w, https:\/\/www.viajamenorca.com\/wp-content\/uploads\/2019\/03\/IMG_20230805_130740-1024x530.jpg 1024w, https:\/\/www.viajamenorca.com\/wp-content\/uploads\/2019\/03\/IMG_20230805_130740-768x397.jpg 768w, https:\/\/www.viajamenorca.com\/wp-content\/uploads\/2019\/03\/IMG_20230805_130740-1536x795.jpg 1536w, https:\/\/www.viajamenorca.com\/wp-content\/uploads\/2019\/03\/IMG_20230805_130740-2048x1060.jpg 2048w\" sizes=\"(max-width: 2560px) 100vw, 2560px\" \/><\/a><\/figure>\n\n<h2 class=\"gb-headline gb-headline-73af1d53 gb-headline-text\"><a href=\"https:\/\/www.viajamenorca.com\/fr\/guide-touristique\/transport\/taxis-tarifs-et-services\/\">Taxis : tarifs et services<\/a><\/h2>\n\n<div class=\"gb-headline gb-headline-1d8b1fe4 gb-headline-text\">Pour les touristes et les visiteurs qui souhaitent explorer cette belle \u00eele, le service de taxi est une option id\u00e9ale pour se d\u00e9placer. Dans cet article, nous allons explorer le &#8230;<\/div>\n\n<a class=\"gb-button gb-button-043d5fc6 gb-button-text\" href=\"https:\/\/www.viajamenorca.com\/fr\/guide-touristique\/transport\/taxis-tarifs-et-services\/\">LIRE LA SUITE&#8230;<\/a>\n<\/div><\/div>\n\n<div class=\"gb-grid-column gb-grid-column-18bcf01a gb-query-loop-item post-63575 post type-post status-publish format-standard has-post-thumbnail hentry category-guide-touristique category-transport tag-aeroport tag-aeroport-de-minorque tag-cartes-dembarquement tag-compagnies-aeriennes tag-embarquement tag-horaires-des-vols tag-informations-sur-les-vols tag-vols\"><div class=\"gb-container gb-container-18bcf01a\">\n<figure class=\"gb-block-image gb-block-image-0317d7c1\"><a href=\"https:\/\/www.viajamenorca.com\/fr\/guide-touristique\/transport\/aeroport-de-minorque\/\"><img decoding=\"async\" width=\"2048\" height=\"732\" src=\"https:\/\/www.viajamenorca.com\/wp-content\/uploads\/2018\/11\/IMG_5522_stitch.jpg\" class=\"gb-image-0317d7c1\" alt=\"\" srcset=\"https:\/\/www.viajamenorca.com\/wp-content\/uploads\/2018\/11\/IMG_5522_stitch.jpg 2048w, https:\/\/www.viajamenorca.com\/wp-content\/uploads\/2018\/11\/IMG_5522_stitch-300x107.jpg 300w, https:\/\/www.viajamenorca.com\/wp-content\/uploads\/2018\/11\/IMG_5522_stitch-768x275.jpg 768w, https:\/\/www.viajamenorca.com\/wp-content\/uploads\/2018\/11\/IMG_5522_stitch-1024x366.jpg 1024w, https:\/\/www.viajamenorca.com\/wp-content\/uploads\/2018\/11\/IMG_5522_stitch-110x39.jpg 110w, https:\/\/www.viajamenorca.com\/wp-content\/uploads\/2018\/11\/IMG_5522_stitch-420x150.jpg 420w, https:\/\/www.viajamenorca.com\/wp-content\/uploads\/2018\/11\/IMG_5522_stitch-770x275.jpg 770w\" sizes=\"(max-width: 2048px) 100vw, 2048px\" \/><\/a><\/figure>\n\n<h2 class=\"gb-headline gb-headline-73af1d53 gb-headline-text\"><a href=\"https:\/\/www.viajamenorca.com\/fr\/guide-touristique\/transport\/aeroport-de-minorque\/\">A\u00e9roport de Minorque<\/a><\/h2>\n\n<div class=\"gb-headline gb-headline-1d8b1fe4 gb-headline-text\">L&rsquo;a\u00e9roport se trouve \u00e0 5,5 kilom\u00e8tres du centre-ville de Mah\u00f3n, capitale administrative de l&rsquo;\u00eele, qui dispose \u00e9galement d&rsquo;un a\u00e9roclub \u00e0 proximit\u00e9 et de l&rsquo;h\u00f4pital g\u00e9n\u00e9ral. Installations L&rsquo;a\u00e9roport de Minorque a &#8230;<\/div>\n\n<a class=\"gb-button gb-button-043d5fc6 gb-button-text\" href=\"https:\/\/www.viajamenorca.com\/fr\/guide-touristique\/transport\/aeroport-de-minorque\/\">LIRE LA SUITE&#8230;<\/a>\n<\/div><\/div>\n\n<div class=\"gb-grid-column gb-grid-column-18bcf01a gb-query-loop-item post-63577 post type-post status-publish format-standard has-post-thumbnail hentry category-guide-touristique category-transport tag-balearia tag-bateaux-et-ferries tag-croisieres tag-digue tag-port-de-ciudadela tag-port-de-mahon tag-reserver-un-billet tag-son-blanc tag-trasmediterranea\"><div class=\"gb-container gb-container-18bcf01a\">\n<figure class=\"gb-block-image gb-block-image-0317d7c1\"><a href=\"https:\/\/www.viajamenorca.com\/fr\/guide-touristique\/transport\/bateaux-et-ferries\/\"><img decoding=\"async\" width=\"2048\" height=\"1536\" src=\"https:\/\/www.viajamenorca.com\/wp-content\/uploads\/2017\/01\/barcomenorca.jpg\" class=\"gb-image-0317d7c1\" alt=\"\" srcset=\"https:\/\/www.viajamenorca.com\/wp-content\/uploads\/2017\/01\/barcomenorca.jpg 2048w, https:\/\/www.viajamenorca.com\/wp-content\/uploads\/2017\/01\/barcomenorca-300x225.jpg 300w, https:\/\/www.viajamenorca.com\/wp-content\/uploads\/2017\/01\/barcomenorca-768x576.jpg 768w, https:\/\/www.viajamenorca.com\/wp-content\/uploads\/2017\/01\/barcomenorca-1024x768.jpg 1024w, https:\/\/www.viajamenorca.com\/wp-content\/uploads\/2017\/01\/barcomenorca-110x83.jpg 110w, https:\/\/www.viajamenorca.com\/wp-content\/uploads\/2017\/01\/barcomenorca-420x315.jpg 420w, https:\/\/www.viajamenorca.com\/wp-content\/uploads\/2017\/01\/barcomenorca-573x430.jpg 573w\" sizes=\"(max-width: 2048px) 100vw, 2048px\" \/><\/a><\/figure>\n\n<h2 class=\"gb-headline gb-headline-73af1d53 gb-headline-text\"><a href=\"https:\/\/www.viajamenorca.com\/fr\/guide-touristique\/transport\/bateaux-et-ferries\/\">Bateaux et ferries<\/a><\/h2>\n\n<div class=\"gb-headline gb-headline-1d8b1fe4 gb-headline-text\">L&rsquo;une des meilleures fa\u00e7ons d&rsquo;arriver \u00e0 Minorque est le bateau, car cela permet de profiter d&rsquo;une vue imprenable sur la mer tout en voyageant. Bateaux et Ferries pour Minorque Les &#8230;<\/div>\n\n<a class=\"gb-button gb-button-043d5fc6 gb-button-text\" href=\"https:\/\/www.viajamenorca.com\/fr\/guide-touristique\/transport\/bateaux-et-ferries\/\">LIRE LA SUITE&#8230;<\/a>\n<\/div><\/div>\n<\/div>\n\n\n\n<hr class=\"wp-block-separator has-alpha-channel-opacity\"\/>\n\n\n<h1 class=\"wp-block-post-title\">Transport<\/h1>\n\n\n","protected":false},"excerpt":{"rendered":"<p>Guide des transports et de la mobilit\u00e9 D\u00e9couvrez Minorque en toute s\u00e9r\u00e9nit\u00e9, avec une grande vari\u00e9t\u00e9 de moyens de transport pour vous d\u00e9placer et explorer confortablement tous les recoins de &#8230; <\/p>\n<p class=\"read-more-container\"><a title=\"Transport\" class=\"read-more button\" href=\"https:\/\/www.viajamenorca.com\/fr\/guide-touristique\/transport\/#more-53335\" aria-label=\"En savoir plus sur Transport\">Lire plus<\/a><\/p>\n","protected":false},"author":1,"featured_media":64388,"parent":53609,"menu_order":0,"comment_status":"closed","ping_status":"closed","template":"","meta":{"_acf_changed":false,"footnotes":""},"class_list":{"0":"post-53335","1":"page","2":"type-page","3":"status-publish","4":"has-post-thumbnail","6":"resize-featured-image"},"acf":[],"yoast_head":"<!-- This site is optimized with the Yoast SEO plugin v27.4 - https:\/\/yoast.com\/product\/yoast-seo-wordpress\/ -->\n<title>Guide des transports et de la mobilit\u00e9 \u00e0 Minorque: routes, horaires<\/title>\n<meta name=\"description\" content=\"Guide des transports \u00e0 Minorque, taxis, bus, bateaux, vols. Louez une voiture \u00e0 Minorque, g\u00e9rez votre r\u00e9servation en ligne. Recommandations\" \/>\n<meta name=\"robots\" content=\"index, follow, max-snippet:-1, max-image-preview:large, max-video-preview:-1\" \/>\n<link rel=\"canonical\" href=\"https:\/\/www.viajamenorca.com\/fr\/guide-touristique\/transport\/\" \/>\n<meta property=\"og:locale\" content=\"fr_FR\" \/>\n<meta property=\"og:type\" content=\"article\" \/>\n<meta property=\"og:title\" content=\"Guide des transports et de la mobilit\u00e9 \u00e0 Minorque: routes, horaires\" \/>\n<meta property=\"og:description\" content=\"Guide des transports \u00e0 Minorque, taxis, bus, bateaux, vols. Louez une voiture \u00e0 Minorque, g\u00e9rez votre r\u00e9servation en ligne. Recommandations\" \/>\n<meta property=\"og:url\" content=\"https:\/\/www.viajamenorca.com\/fr\/guide-touristique\/transport\/\" \/>\n<meta property=\"og:site_name\" content=\"Viaja a Menorca\" \/>\n<meta property=\"article:publisher\" content=\"https:\/\/www.facebook.com\/ViajaMenorca\/\" \/>\n<meta property=\"article:modified_time\" content=\"2026-04-01T00:49:44+00:00\" \/>\n<meta property=\"og:image\" content=\"https:\/\/www.viajamenorca.com\/wp-content\/uploads\/2018\/11\/woman-410320_1280.jpg\" \/>\n\t<meta property=\"og:image:width\" content=\"1280\" \/>\n\t<meta property=\"og:image:height\" content=\"853\" \/>\n\t<meta property=\"og:image:type\" content=\"image\/jpeg\" \/>\n<meta name=\"twitter:card\" content=\"summary_large_image\" \/>\n<meta name=\"twitter:site\" content=\"@ViajaMenorca\" \/>\n<meta name=\"twitter:label1\" content=\"Dur\u00e9e de lecture estim\u00e9e\" \/>\n\t<meta name=\"twitter:data1\" content=\"1 minute\" \/>\n<script type=\"application\/ld+json\" class=\"yoast-schema-graph\">{\"@context\":\"https:\\\/\\\/schema.org\",\"@graph\":[{\"@type\":\"WebPage\",\"@id\":\"https:\\\/\\\/www.viajamenorca.com\\\/fr\\\/guide-touristique\\\/transport\\\/\",\"url\":\"https:\\\/\\\/www.viajamenorca.com\\\/fr\\\/guide-touristique\\\/transport\\\/\",\"name\":\"Guide des transports et de la mobilit\u00e9 \u00e0 Minorque: routes, horaires\",\"isPartOf\":{\"@id\":\"https:\\\/\\\/www.viajamenorca.com\\\/fr\\\/#website\"},\"primaryImageOfPage\":{\"@id\":\"https:\\\/\\\/www.viajamenorca.com\\\/fr\\\/guide-touristique\\\/transport\\\/#primaryimage\"},\"image\":{\"@id\":\"https:\\\/\\\/www.viajamenorca.com\\\/fr\\\/guide-touristique\\\/transport\\\/#primaryimage\"},\"thumbnailUrl\":\"https:\\\/\\\/www.viajamenorca.com\\\/wp-content\\\/uploads\\\/2018\\\/11\\\/woman-410320_1280.jpg\",\"datePublished\":\"2018-11-01T21:00:48+00:00\",\"dateModified\":\"2026-04-01T00:49:44+00:00\",\"description\":\"Guide des transports \u00e0 Minorque, taxis, bus, bateaux, vols. Louez une voiture \u00e0 Minorque, g\u00e9rez votre r\u00e9servation en ligne. Recommandations\",\"breadcrumb\":{\"@id\":\"https:\\\/\\\/www.viajamenorca.com\\\/fr\\\/guide-touristique\\\/transport\\\/#breadcrumb\"},\"inLanguage\":\"fr-FR\",\"potentialAction\":[{\"@type\":\"ReadAction\",\"target\":[\"https:\\\/\\\/www.viajamenorca.com\\\/fr\\\/guide-touristique\\\/transport\\\/\"]}]},{\"@type\":\"ImageObject\",\"inLanguage\":\"fr-FR\",\"@id\":\"https:\\\/\\\/www.viajamenorca.com\\\/fr\\\/guide-touristique\\\/transport\\\/#primaryimage\",\"url\":\"https:\\\/\\\/www.viajamenorca.com\\\/wp-content\\\/uploads\\\/2018\\\/11\\\/woman-410320_1280.jpg\",\"contentUrl\":\"https:\\\/\\\/www.viajamenorca.com\\\/wp-content\\\/uploads\\\/2018\\\/11\\\/woman-410320_1280.jpg\",\"width\":1280,\"height\":853},{\"@type\":\"BreadcrumbList\",\"@id\":\"https:\\\/\\\/www.viajamenorca.com\\\/fr\\\/guide-touristique\\\/transport\\\/#breadcrumb\",\"itemListElement\":[{\"@type\":\"ListItem\",\"position\":1,\"name\":\"Guide touristique de Minorque 2026\",\"item\":\"https:\\\/\\\/www.viajamenorca.com\\\/fr\\\/guide-touristique\\\/\"},{\"@type\":\"ListItem\",\"position\":2,\"name\":\"Mobilit\u00e9\"}]},{\"@type\":\"WebSite\",\"@id\":\"https:\\\/\\\/www.viajamenorca.com\\\/fr\\\/#website\",\"url\":\"https:\\\/\\\/www.viajamenorca.com\\\/fr\\\/\",\"name\":\"Viaja a Menorca\",\"description\":\"Votre aventure minorquine commence ici !\",\"publisher\":{\"@id\":\"https:\\\/\\\/www.viajamenorca.com\\\/fr\\\/#organization\"},\"alternateName\":\"Gu\u00eda tur\u00edstica de Menorca\",\"potentialAction\":[{\"@type\":\"SearchAction\",\"target\":{\"@type\":\"EntryPoint\",\"urlTemplate\":\"https:\\\/\\\/www.viajamenorca.com\\\/fr\\\/?s={search_term_string}\"},\"query-input\":{\"@type\":\"PropertyValueSpecification\",\"valueRequired\":true,\"valueName\":\"search_term_string\"}}],\"inLanguage\":\"fr-FR\"},{\"@type\":\"Organization\",\"@id\":\"https:\\\/\\\/www.viajamenorca.com\\\/fr\\\/#organization\",\"name\":\"Viaja a Menorca - Gu\u00eda tur\u00edstica\",\"alternateName\":\"Viaja a Menorca\",\"url\":\"https:\\\/\\\/www.viajamenorca.com\\\/fr\\\/\",\"logo\":{\"@type\":\"ImageObject\",\"inLanguage\":\"fr-FR\",\"@id\":\"https:\\\/\\\/www.viajamenorca.com\\\/fr\\\/#\\\/schema\\\/logo\\\/image\\\/\",\"url\":\"https:\\\/\\\/www.viajamenorca.com\\\/wp-content\\\/uploads\\\/2021\\\/11\\\/viajamenorca.jpg\",\"contentUrl\":\"https:\\\/\\\/www.viajamenorca.com\\\/wp-content\\\/uploads\\\/2021\\\/11\\\/viajamenorca.jpg\",\"width\":714,\"height\":714,\"caption\":\"Viaja a Menorca - Gu\u00eda tur\u00edstica\"},\"image\":{\"@id\":\"https:\\\/\\\/www.viajamenorca.com\\\/fr\\\/#\\\/schema\\\/logo\\\/image\\\/\"},\"sameAs\":[\"https:\\\/\\\/www.facebook.com\\\/ViajaMenorca\\\/\",\"https:\\\/\\\/x.com\\\/ViajaMenorca\",\"https:\\\/\\\/www.instagram.com\\\/viaja_menorca\\\/?hl=es\",\"https:\\\/\\\/www.youtube.com\\\/channel\\\/UCWtpR3jxp79HeZ8zZfHLhXw\"]}]}<\/script>\n<!-- \/ Yoast SEO plugin. -->","yoast_head_json":{"title":"Guide des transports et de la mobilit\u00e9 \u00e0 Minorque: routes, horaires","description":"Guide des transports \u00e0 Minorque, taxis, bus, bateaux, vols. Louez une voiture \u00e0 Minorque, g\u00e9rez votre r\u00e9servation en ligne. Recommandations","robots":{"index":"index","follow":"follow","max-snippet":"max-snippet:-1","max-image-preview":"max-image-preview:large","max-video-preview":"max-video-preview:-1"},"canonical":"https:\/\/www.viajamenorca.com\/fr\/guide-touristique\/transport\/","og_locale":"fr_FR","og_type":"article","og_title":"Guide des transports et de la mobilit\u00e9 \u00e0 Minorque: routes, horaires","og_description":"Guide des transports \u00e0 Minorque, taxis, bus, bateaux, vols. Louez une voiture \u00e0 Minorque, g\u00e9rez votre r\u00e9servation en ligne. Recommandations","og_url":"https:\/\/www.viajamenorca.com\/fr\/guide-touristique\/transport\/","og_site_name":"Viaja a Menorca","article_publisher":"https:\/\/www.facebook.com\/ViajaMenorca\/","article_modified_time":"2026-04-01T00:49:44+00:00","og_image":[{"width":1280,"height":853,"url":"https:\/\/www.viajamenorca.com\/wp-content\/uploads\/2018\/11\/woman-410320_1280.jpg","type":"image\/jpeg"}],"twitter_card":"summary_large_image","twitter_site":"@ViajaMenorca","twitter_misc":{"Dur\u00e9e de lecture estim\u00e9e":"1 minute"},"schema":{"@context":"https:\/\/schema.org","@graph":[{"@type":"WebPage","@id":"https:\/\/www.viajamenorca.com\/fr\/guide-touristique\/transport\/","url":"https:\/\/www.viajamenorca.com\/fr\/guide-touristique\/transport\/","name":"Guide des transports et de la mobilit\u00e9 \u00e0 Minorque: routes, horaires","isPartOf":{"@id":"https:\/\/www.viajamenorca.com\/fr\/#website"},"primaryImageOfPage":{"@id":"https:\/\/www.viajamenorca.com\/fr\/guide-touristique\/transport\/#primaryimage"},"image":{"@id":"https:\/\/www.viajamenorca.com\/fr\/guide-touristique\/transport\/#primaryimage"},"thumbnailUrl":"https:\/\/www.viajamenorca.com\/wp-content\/uploads\/2018\/11\/woman-410320_1280.jpg","datePublished":"2018-11-01T21:00:48+00:00","dateModified":"2026-04-01T00:49:44+00:00","description":"Guide des transports \u00e0 Minorque, taxis, bus, bateaux, vols. Louez une voiture \u00e0 Minorque, g\u00e9rez votre r\u00e9servation en ligne. Recommandations","breadcrumb":{"@id":"https:\/\/www.viajamenorca.com\/fr\/guide-touristique\/transport\/#breadcrumb"},"inLanguage":"fr-FR","potentialAction":[{"@type":"ReadAction","target":["https:\/\/www.viajamenorca.com\/fr\/guide-touristique\/transport\/"]}]},{"@type":"ImageObject","inLanguage":"fr-FR","@id":"https:\/\/www.viajamenorca.com\/fr\/guide-touristique\/transport\/#primaryimage","url":"https:\/\/www.viajamenorca.com\/wp-content\/uploads\/2018\/11\/woman-410320_1280.jpg","contentUrl":"https:\/\/www.viajamenorca.com\/wp-content\/uploads\/2018\/11\/woman-410320_1280.jpg","width":1280,"height":853},{"@type":"BreadcrumbList","@id":"https:\/\/www.viajamenorca.com\/fr\/guide-touristique\/transport\/#breadcrumb","itemListElement":[{"@type":"ListItem","position":1,"name":"Guide touristique de Minorque 2026","item":"https:\/\/www.viajamenorca.com\/fr\/guide-touristique\/"},{"@type":"ListItem","position":2,"name":"Mobilit\u00e9"}]},{"@type":"WebSite","@id":"https:\/\/www.viajamenorca.com\/fr\/#website","url":"https:\/\/www.viajamenorca.com\/fr\/","name":"Viaja a Menorca","description":"Votre aventure minorquine commence ici !","publisher":{"@id":"https:\/\/www.viajamenorca.com\/fr\/#organization"},"alternateName":"Gu\u00eda tur\u00edstica de Menorca","potentialAction":[{"@type":"SearchAction","target":{"@type":"EntryPoint","urlTemplate":"https:\/\/www.viajamenorca.com\/fr\/?s={search_term_string}"},"query-input":{"@type":"PropertyValueSpecification","valueRequired":true,"valueName":"search_term_string"}}],"inLanguage":"fr-FR"},{"@type":"Organization","@id":"https:\/\/www.viajamenorca.com\/fr\/#organization","name":"Viaja a Menorca - Gu\u00eda tur\u00edstica","alternateName":"Viaja a Menorca","url":"https:\/\/www.viajamenorca.com\/fr\/","logo":{"@type":"ImageObject","inLanguage":"fr-FR","@id":"https:\/\/www.viajamenorca.com\/fr\/#\/schema\/logo\/image\/","url":"https:\/\/www.viajamenorca.com\/wp-content\/uploads\/2021\/11\/viajamenorca.jpg","contentUrl":"https:\/\/www.viajamenorca.com\/wp-content\/uploads\/2021\/11\/viajamenorca.jpg","width":714,"height":714,"caption":"Viaja a Menorca - Gu\u00eda tur\u00edstica"},"image":{"@id":"https:\/\/www.viajamenorca.com\/fr\/#\/schema\/logo\/image\/"},"sameAs":["https:\/\/www.facebook.com\/ViajaMenorca\/","https:\/\/x.com\/ViajaMenorca","https:\/\/www.instagram.com\/viaja_menorca\/?hl=es","https:\/\/www.youtube.com\/channel\/UCWtpR3jxp79HeZ8zZfHLhXw"]}]}},"_links":{"self":[{"href":"https:\/\/www.viajamenorca.com\/fr\/wp-json\/wp\/v2\/pages\/53335","targetHints":{"allow":["GET"]}}],"collection":[{"href":"https:\/\/www.viajamenorca.com\/fr\/wp-json\/wp\/v2\/pages"}],"about":[{"href":"https:\/\/www.viajamenorca.com\/fr\/wp-json\/wp\/v2\/types\/page"}],"author":[{"embeddable":true,"href":"https:\/\/www.viajamenorca.com\/fr\/wp-json\/wp\/v2\/users\/1"}],"replies":[{"embeddable":true,"href":"https:\/\/www.viajamenorca.com\/fr\/wp-json\/wp\/v2\/comments?post=53335"}],"version-history":[{"count":8,"href":"https:\/\/www.viajamenorca.com\/fr\/wp-json\/wp\/v2\/pages\/53335\/revisions"}],"predecessor-version":[{"id":64400,"href":"https:\/\/www.viajamenorca.com\/fr\/wp-json\/wp\/v2\/pages\/53335\/revisions\/64400"}],"up":[{"embeddable":true,"href":"https:\/\/www.viajamenorca.com\/fr\/wp-json\/wp\/v2\/pages\/53609"}],"wp:featuredmedia":[{"embeddable":true,"href":"https:\/\/www.viajamenorca.com\/fr\/wp-json\/wp\/v2\/media\/64388"}],"wp:attachment":[{"href":"https:\/\/www.viajamenorca.com\/fr\/wp-json\/wp\/v2\/media?parent=53335"}],"curies":[{"name":"wp","href":"https:\/\/api.w.org\/{rel}","templated":true}]}}