{"id":54769,"date":"2023-03-08T18:13:07","date_gmt":"2023-03-08T18:13:07","guid":{"rendered":"https:\/\/www.viajamenorca.com\/activites-de-loisirs\/"},"modified":"2026-02-22T19:40:59","modified_gmt":"2026-02-22T19:40:59","slug":"activites","status":"publish","type":"page","link":"https:\/\/www.viajamenorca.com\/fr\/activites\/","title":{"rendered":"Activit\u00e9s de loisirs"},"content":{"rendered":"\n<div style=\"height:25px\" aria-hidden=\"true\" class=\"wp-block-spacer\"><\/div>\n\n\n\n<div class=\"gb-grid-wrapper gb-grid-wrapper-edc7b644 gb-query-loop-wrapper\">\n<div class=\"gb-grid-column gb-grid-column-98758c4c gb-query-loop-item post-55656 post type-post status-publish format-standard has-post-thumbnail hentry category-accueil-ou-manger category-activites category-gastronomie category-home-que-faire-a-minorque tag-activites-gastronomiques tag-citadelle tag-experiences-gastronomiques tag-gastronomie-minorque tag-mahon tag-san-luis tag-sant-lluis\"><div class=\"gb-container gb-container-98758c4c\">\n<figure class=\"gb-block-image gb-block-image-04ab8cc0\"><a href=\"https:\/\/www.viajamenorca.com\/fr\/activites\/experiences-gastronomiques\/\"><img decoding=\"async\" width=\"350\" height=\"158\" src=\"https:\/\/www.viajamenorca.com\/wp-content\/uploads\/2024\/04\/lloc_ferreries-350x158.jpg\" class=\"gb-image-04ab8cc0\" alt=\"\" srcset=\"https:\/\/www.viajamenorca.com\/wp-content\/uploads\/2024\/04\/lloc_ferreries-350x158.jpg 350w, https:\/\/www.viajamenorca.com\/wp-content\/uploads\/2024\/04\/lloc_ferreries-768x346.jpg 768w, https:\/\/www.viajamenorca.com\/wp-content\/uploads\/2024\/04\/lloc_ferreries.jpg 960w\" sizes=\"(max-width: 350px) 100vw, 350px\" \/><\/a><\/figure>\n\n<h3 class=\"gb-headline gb-headline-a0012ba2 gb-headline-text\"><a href=\"https:\/\/www.viajamenorca.com\/fr\/activites\/experiences-gastronomiques\/\">Exp\u00e9riences gastronomiques<\/a><\/h3>\n\n\n<div style=\"height:0px\" aria-hidden=\"true\" class=\"wp-block-spacer\"><\/div>\n\n<\/div><\/div>\n\n<div class=\"gb-grid-column gb-grid-column-98758c4c gb-query-loop-item post-55652 post type-post status-publish format-standard has-post-thumbnail hentry category-activites tag-acheter-des-billets tag-activites-billets tag-activites-de-loisirs tag-billets tag-experiences-gastronomiques tag-observation-des-etoiles tag-parcs-aquatiques\"><div class=\"gb-container gb-container-98758c4c\">\n<figure class=\"gb-block-image gb-block-image-04ab8cc0\"><a href=\"https:\/\/www.viajamenorca.com\/fr\/activites\/achat-de-billets\/\"><img decoding=\"async\" width=\"350\" height=\"234\" src=\"https:\/\/www.viajamenorca.com\/wp-content\/uploads\/2019\/03\/aquarock-350x234.png\" class=\"gb-image-04ab8cc0\" alt=\"\" srcset=\"https:\/\/www.viajamenorca.com\/wp-content\/uploads\/2019\/03\/aquarock-350x234.png 350w, https:\/\/www.viajamenorca.com\/wp-content\/uploads\/2019\/03\/aquarock-768x513.png 768w, https:\/\/www.viajamenorca.com\/wp-content\/uploads\/2019\/03\/aquarock.png 780w\" sizes=\"(max-width: 350px) 100vw, 350px\" \/><\/a><\/figure>\n\n<h3 class=\"gb-headline gb-headline-a0012ba2 gb-headline-text\"><a href=\"https:\/\/www.viajamenorca.com\/fr\/activites\/achat-de-billets\/\">Achat de billets<\/a><\/h3>\n\n\n<div style=\"height:0px\" aria-hidden=\"true\" class=\"wp-block-spacer\"><\/div>\n\n<\/div><\/div>\n\n<div class=\"gb-grid-column gb-grid-column-98758c4c gb-query-loop-item post-55649 post type-post status-publish format-standard has-post-thumbnail hentry category-activites category-que-faire-a-minorque tag-action tag-activites-de-loisirs tag-activites-nature tag-nature\"><div class=\"gb-container gb-container-98758c4c\">\n<figure class=\"gb-block-image gb-block-image-04ab8cc0\"><a href=\"https:\/\/www.viajamenorca.com\/fr\/activites\/action-et-nature\/\"><img decoding=\"async\" width=\"350\" height=\"234\" src=\"https:\/\/www.viajamenorca.com\/wp-content\/uploads\/2023\/03\/mongofre-menorca-kayak-350x234.jpg\" class=\"gb-image-04ab8cc0\" alt=\"\" srcset=\"https:\/\/www.viajamenorca.com\/wp-content\/uploads\/2023\/03\/mongofre-menorca-kayak-350x234.jpg 350w, https:\/\/www.viajamenorca.com\/wp-content\/uploads\/2023\/03\/mongofre-menorca-kayak.jpg 752w\" sizes=\"(max-width: 350px) 100vw, 350px\" \/><\/a><\/figure>\n\n<h3 class=\"gb-headline gb-headline-a0012ba2 gb-headline-text\"><a href=\"https:\/\/www.viajamenorca.com\/fr\/activites\/action-et-nature\/\">Action et nature<\/a><\/h3>\n\n\n<div style=\"height:0px\" aria-hidden=\"true\" class=\"wp-block-spacer\"><\/div>\n\n<\/div><\/div>\n\n<div class=\"gb-grid-column gb-grid-column-98758c4c gb-query-loop-item post-55653 post type-post status-publish format-standard has-post-thumbnail hentry category-activites category-home-que-faire-a-minorque tag-activites-guides-touristiques tag-citadelle tag-guide-touristique-minorque tag-guides-touristiques tag-mahon tag-tour tag-visites-guidees\"><div class=\"gb-container gb-container-98758c4c\">\n<figure class=\"gb-block-image gb-block-image-04ab8cc0\"><a href=\"https:\/\/www.viajamenorca.com\/fr\/activites\/visites-guidees-guides-touristiques\/\"><img decoding=\"async\" width=\"300\" height=\"239\" src=\"https:\/\/www.viajamenorca.com\/wp-content\/uploads\/2017\/02\/Ciudadela-24-300x239.jpg\" class=\"gb-image-04ab8cc0\" alt=\"\" srcset=\"https:\/\/www.viajamenorca.com\/wp-content\/uploads\/2017\/02\/Ciudadela-24-300x239.jpg 300w, https:\/\/www.viajamenorca.com\/wp-content\/uploads\/2017\/02\/Ciudadela-24-768x613.jpg 768w, https:\/\/www.viajamenorca.com\/wp-content\/uploads\/2017\/02\/Ciudadela-24.jpg 1024w, https:\/\/www.viajamenorca.com\/wp-content\/uploads\/2017\/02\/Ciudadela-24-110x88.jpg 110w, https:\/\/www.viajamenorca.com\/wp-content\/uploads\/2017\/02\/Ciudadela-24-420x335.jpg 420w, https:\/\/www.viajamenorca.com\/wp-content\/uploads\/2017\/02\/Ciudadela-24-539x430.jpg 539w\" sizes=\"(max-width: 300px) 100vw, 300px\" \/><\/a><\/figure>\n\n<h3 class=\"gb-headline gb-headline-a0012ba2 gb-headline-text\"><a href=\"https:\/\/www.viajamenorca.com\/fr\/activites\/visites-guidees-guides-touristiques\/\">Visites guid\u00e9es \/ Guides touristiques<\/a><\/h3>\n\n\n<div style=\"height:0px\" aria-hidden=\"true\" class=\"wp-block-spacer\"><\/div>\n\n<\/div><\/div>\n\n<div class=\"gb-grid-column gb-grid-column-98758c4c gb-query-loop-item post-55648 post type-post status-publish format-standard has-post-thumbnail hentry category-activites category-home-que-faire-a-minorque tag-activites-excursions tag-excursion-en-bateau tag-excursions tag-guides-a-minorque tag-guides-touristiques tag-minorca-4x4 tag-safari-et-jeep tag-traversee-en-bateau tag-visites-guidees\"><div class=\"gb-container gb-container-98758c4c\">\n<figure class=\"gb-block-image gb-block-image-04ab8cc0\"><a href=\"https:\/\/www.viajamenorca.com\/fr\/activites\/excursions\/\"><img decoding=\"async\" width=\"300\" height=\"200\" src=\"https:\/\/www.viajamenorca.com\/wp-content\/uploads\/2018\/10\/excursiones-menorca-300x200.jpg\" class=\"gb-image-04ab8cc0\" alt=\"\" srcset=\"https:\/\/www.viajamenorca.com\/wp-content\/uploads\/2018\/10\/excursiones-menorca-300x200.jpg 300w, https:\/\/www.viajamenorca.com\/wp-content\/uploads\/2018\/10\/excursiones-menorca-768x512.jpg 768w, https:\/\/www.viajamenorca.com\/wp-content\/uploads\/2018\/10\/excursiones-menorca-1024x683.jpg 1024w, https:\/\/www.viajamenorca.com\/wp-content\/uploads\/2018\/10\/excursiones-menorca-110x73.jpg 110w, https:\/\/www.viajamenorca.com\/wp-content\/uploads\/2018\/10\/excursiones-menorca-420x280.jpg 420w, https:\/\/www.viajamenorca.com\/wp-content\/uploads\/2018\/10\/excursiones-menorca-645x430.jpg 645w, https:\/\/www.viajamenorca.com\/wp-content\/uploads\/2018\/10\/excursiones-menorca.jpg 2000w\" sizes=\"(max-width: 300px) 100vw, 300px\" \/><\/a><\/figure>\n\n<h3 class=\"gb-headline gb-headline-a0012ba2 gb-headline-text\"><a href=\"https:\/\/www.viajamenorca.com\/fr\/activites\/excursions\/\">Excursions<\/a><\/h3>\n\n\n<div style=\"height:0px\" aria-hidden=\"true\" class=\"wp-block-spacer\"><\/div>\n\n<\/div><\/div>\n\n<div class=\"gb-grid-column gb-grid-column-98758c4c gb-query-loop-item post-55644 post type-post status-publish format-standard has-post-thumbnail hentry category-activites category-home-que-faire-a-minorque tag-activites-sports-nautiques tag-sports-nautiques\"><div class=\"gb-container gb-container-98758c4c\">\n<figure class=\"gb-block-image gb-block-image-04ab8cc0\"><a href=\"https:\/\/www.viajamenorca.com\/fr\/activites\/sports-nautiques\/\"><img decoding=\"async\" width=\"300\" height=\"122\" src=\"https:\/\/www.viajamenorca.com\/wp-content\/uploads\/2019\/02\/Winsurf-fornells-300x122.jpg\" class=\"gb-image-04ab8cc0\" alt=\"\" srcset=\"https:\/\/www.viajamenorca.com\/wp-content\/uploads\/2019\/02\/Winsurf-fornells-300x122.jpg 300w, https:\/\/www.viajamenorca.com\/wp-content\/uploads\/2019\/02\/Winsurf-fornells-1024x417.jpg 1024w, https:\/\/www.viajamenorca.com\/wp-content\/uploads\/2019\/02\/Winsurf-fornells-768x312.jpg 768w, https:\/\/www.viajamenorca.com\/wp-content\/uploads\/2019\/02\/Winsurf-fornells-1536x625.jpg 1536w, https:\/\/www.viajamenorca.com\/wp-content\/uploads\/2019\/02\/Winsurf-fornells-2048x833.jpg 2048w, https:\/\/www.viajamenorca.com\/wp-content\/uploads\/2019\/02\/Winsurf-fornells-110x45.jpg 110w, https:\/\/www.viajamenorca.com\/wp-content\/uploads\/2019\/02\/Winsurf-fornells-420x171.jpg 420w, https:\/\/www.viajamenorca.com\/wp-content\/uploads\/2019\/02\/Winsurf-fornells-770x313.jpg 770w\" sizes=\"(max-width: 300px) 100vw, 300px\" \/><\/a><\/figure>\n\n<h3 class=\"gb-headline gb-headline-a0012ba2 gb-headline-text\"><a href=\"https:\/\/www.viajamenorca.com\/fr\/activites\/sports-nautiques\/\">Sports nautiques<\/a><\/h3>\n\n\n<div style=\"height:0px\" aria-hidden=\"true\" class=\"wp-block-spacer\"><\/div>\n\n<\/div><\/div>\n\n<div class=\"gb-grid-column gb-grid-column-98758c4c gb-query-loop-item post-59666 post type-post status-publish format-standard has-post-thumbnail hentry category-activites category-home-que-faire-a-minorque tag-activites-promenades-en-bateau tag-excursions-en-bateau\"><div class=\"gb-container gb-container-98758c4c\">\n<figure class=\"gb-block-image gb-block-image-04ab8cc0\"><a href=\"https:\/\/www.viajamenorca.com\/fr\/activites\/promenades-en-bateau\/\"><img decoding=\"async\" width=\"350\" height=\"233\" src=\"https:\/\/www.viajamenorca.com\/wp-content\/uploads\/2024\/03\/barco-este-350x233.jpg\" class=\"gb-image-04ab8cc0\" alt=\"\" srcset=\"https:\/\/www.viajamenorca.com\/wp-content\/uploads\/2024\/03\/barco-este-350x233.jpg 350w, https:\/\/www.viajamenorca.com\/wp-content\/uploads\/2024\/03\/barco-este-1024x682.jpg 1024w, https:\/\/www.viajamenorca.com\/wp-content\/uploads\/2024\/03\/barco-este-768x512.jpg 768w, https:\/\/www.viajamenorca.com\/wp-content\/uploads\/2024\/03\/barco-este.jpg 1253w\" sizes=\"(max-width: 350px) 100vw, 350px\" \/><\/a><\/figure>\n\n<h3 class=\"gb-headline gb-headline-a0012ba2 gb-headline-text\"><a href=\"https:\/\/www.viajamenorca.com\/fr\/activites\/promenades-en-bateau\/\">Excursions en bateau<\/a><\/h3>\n\n\n<div style=\"height:0px\" aria-hidden=\"true\" class=\"wp-block-spacer\"><\/div>\n\n<\/div><\/div>\n\n<div class=\"gb-grid-column gb-grid-column-98758c4c gb-query-loop-item post-55592 post type-post status-publish format-standard has-post-thumbnail hentry category-activites category-home-que-faire-a-minorque tag-activites-bateaux tag-alquilar-un-kayak tag-location-de-bateaux tag-louer-un-catamaran tag-louer-un-voilier tag-sports-nautiques\"><div class=\"gb-container gb-container-98758c4c\">\n<figure class=\"gb-block-image gb-block-image-04ab8cc0\"><a href=\"https:\/\/www.viajamenorca.com\/fr\/activites\/location-de-bateaux\/\"><img decoding=\"async\" width=\"300\" height=\"130\" src=\"https:\/\/www.viajamenorca.com\/wp-content\/uploads\/2019\/02\/catamaran-rental2-300x130.png\" class=\"gb-image-04ab8cc0\" alt=\"\" srcset=\"https:\/\/www.viajamenorca.com\/wp-content\/uploads\/2019\/02\/catamaran-rental2-300x130.png 300w, https:\/\/www.viajamenorca.com\/wp-content\/uploads\/2019\/02\/catamaran-rental2-768x332.png 768w, https:\/\/www.viajamenorca.com\/wp-content\/uploads\/2019\/02\/catamaran-rental2-110x48.png 110w, https:\/\/www.viajamenorca.com\/wp-content\/uploads\/2019\/02\/catamaran-rental2-420x182.png 420w, https:\/\/www.viajamenorca.com\/wp-content\/uploads\/2019\/02\/catamaran-rental2-770x333.png 770w, https:\/\/www.viajamenorca.com\/wp-content\/uploads\/2019\/02\/catamaran-rental2.png 980w\" sizes=\"(max-width: 300px) 100vw, 300px\" \/><\/a><\/figure>\n\n<h3 class=\"gb-headline gb-headline-a0012ba2 gb-headline-text\"><a href=\"https:\/\/www.viajamenorca.com\/fr\/activites\/location-de-bateaux\/\">Location de bateaux<\/a><\/h3>\n\n\n<div style=\"height:0px\" aria-hidden=\"true\" class=\"wp-block-spacer\"><\/div>\n\n<\/div><\/div>\n\n<div class=\"gb-grid-column gb-grid-column-98758c4c gb-query-loop-item post-55595 post type-post status-publish format-standard has-post-thumbnail hentry category-activites category-home-que-faire-a-minorque tag-activites-parcs tag-parcs-aquatiques tag-parcs-dattractions\"><div class=\"gb-container gb-container-98758c4c\">\n<figure class=\"gb-block-image gb-block-image-04ab8cc0\"><a href=\"https:\/\/www.viajamenorca.com\/fr\/activites\/parcs-aquatiques-zoos\/\"><img decoding=\"async\" width=\"300\" height=\"200\" src=\"https:\/\/www.viajamenorca.com\/wp-content\/uploads\/2019\/03\/splash_menorca-5-300x200.jpg\" class=\"gb-image-04ab8cc0\" alt=\"\" srcset=\"https:\/\/www.viajamenorca.com\/wp-content\/uploads\/2019\/03\/splash_menorca-5-300x200.jpg 300w, https:\/\/www.viajamenorca.com\/wp-content\/uploads\/2019\/03\/splash_menorca-5-768x512.jpg 768w, https:\/\/www.viajamenorca.com\/wp-content\/uploads\/2019\/03\/splash_menorca-5-110x73.jpg 110w, https:\/\/www.viajamenorca.com\/wp-content\/uploads\/2019\/03\/splash_menorca-5-420x280.jpg 420w, https:\/\/www.viajamenorca.com\/wp-content\/uploads\/2019\/03\/splash_menorca-5-645x430.jpg 645w, https:\/\/www.viajamenorca.com\/wp-content\/uploads\/2019\/03\/splash_menorca-5.jpg 800w\" sizes=\"(max-width: 300px) 100vw, 300px\" \/><\/a><\/figure>\n\n<h3 class=\"gb-headline gb-headline-a0012ba2 gb-headline-text\"><a href=\"https:\/\/www.viajamenorca.com\/fr\/activites\/parcs-aquatiques-zoos\/\">Parcs aquatiques et d&rsquo;attractions<\/a><\/h3>\n\n\n<div style=\"height:0px\" aria-hidden=\"true\" class=\"wp-block-spacer\"><\/div>\n\n<\/div><\/div>\n<\/div>\n\n\n\n<h1><span style=\"font-size: 18pt;\"><a title=\"Que faire \u00e0 Minorque : Activit\u00e9s et excursions\" href=\"https:\/\/www.viajamenorca.com\/fr\/activites\/\" rel=\"\">Activit\u00e9s de loisirs et de tourisme actif \u00e0 Minorque<\/a><\/span><\/h1>\n<p>D\u00e9couvrez l&rsquo;essence de l&rsquo;\u00eele \u00e0 travers notre s\u00e9lection d&rsquo;exp\u00e9riences exclusives. Que ce soit par mer ou par terre, nous vous offrons les meilleures propositions de loisirs et d&rsquo;aventures pour que vous puissiez profiter au maximum de chaque seconde de votre s\u00e9jour \u00e0 Minorque.<\/p>\n<hr \/>\n<h3><span style=\"font-size: 13pt; color: #545454;\"><a style=\"color: #545454;\" href=\"https:\/\/www.viajamenorca.com\/fr\/home-que-faire-a-minorque\/excursions\/\">Excursions<\/a> &#8211; <a style=\"color: #545454;\" href=\"https:\/\/www.viajamenorca.com\/fr\/home-que-faire-a-minorque\/visites-guidees-guides-touristiques\/\">Visites guid\u00e9es<\/a> &#8211; <a style=\"color: #545454;\" href=\"https:\/\/www.viajamenorca.com\/fr\/home-que-faire-a-minorque\/location-de-bateaux\/\">Location de bateaux<\/a> &#8211; <a style=\"color: #545454;\" href=\"https:\/\/www.viajamenorca.com\/fr\/home-que-faire-a-minorque\/promenades-en-bateau\/\">Visites en bateau<\/a> &#8211; <a style=\"color: #545454;\" href=\"https:\/\/www.viajamenorca.com\/fr\/activites\/parcs-aquatiques-et-dattractions\/\">Parcs aquatiques<\/a> &#8211; <a style=\"color: #545454;\" href=\"https:\/\/www.viajamenorca.com\/fr\/activites\/compra-de-entradas\/\">Achat de billets<\/a> &#8211; <a style=\"color: #545454;\" href=\"https:\/\/www.viajamenorca.com\/fr\/home-que-faire-a-minorque\/experiences-gastronomiques\/\">Exp\u00e9riences gastronomiques<\/a> &#8211;<a style=\"color: #545454;\" href=\"https:\/\/www.viajamenorca.com\/fr\/home-que-faire-a-minorque\/sports-nautiques\/\"> Sports nautiques<\/a><\/span><\/h3>\n<hr \/>\n","protected":false},"excerpt":{"rendered":"<p>Activit\u00e9s de loisirs et de tourisme actif \u00e0 Minorque D\u00e9couvrez l&rsquo;essence de l&rsquo;\u00eele \u00e0 travers notre s\u00e9lection d&rsquo;exp\u00e9riences exclusives. Que ce soit par mer ou par terre, nous vous offrons &#8230; <\/p>\n<p class=\"read-more-container\"><a title=\"Activit\u00e9s de loisirs\" class=\"read-more button\" href=\"https:\/\/www.viajamenorca.com\/fr\/activites\/#more-54769\" aria-label=\"En savoir plus sur Activit\u00e9s de loisirs\">Lire plus<\/a><\/p>\n","protected":false},"author":1,"featured_media":0,"parent":0,"menu_order":0,"comment_status":"closed","ping_status":"closed","template":"","meta":{"_acf_changed":false,"footnotes":""},"class_list":["post-54769","page","type-page","status-publish"],"acf":[],"yoast_head":"<!-- This site is optimized with the Yoast SEO plugin v27.6 - https:\/\/yoast.com\/product\/yoast-seo-wordpress\/ -->\n<title>Activit\u00e9s de loisirs et de tourisme actif \u00e0 Minorque : R\u00e9servation<\/title>\n<meta name=\"description\" content=\"Recherchez des activit\u00e9s de loisirs \u00e0 Minorque. Excursions - Visites guid\u00e9es - Location de bateaux - Promenades en bateau - Parcs aquatiques\" \/>\n<meta name=\"robots\" content=\"index, follow, max-snippet:-1, max-image-preview:large, max-video-preview:-1\" \/>\n<link rel=\"canonical\" href=\"https:\/\/www.viajamenorca.com\/fr\/activites\/\" \/>\n<meta property=\"og:locale\" content=\"fr_FR\" \/>\n<meta property=\"og:type\" content=\"article\" \/>\n<meta property=\"og:title\" content=\"Activit\u00e9s de loisirs et de tourisme actif \u00e0 Minorque : R\u00e9servation\" \/>\n<meta property=\"og:description\" content=\"Recherchez des activit\u00e9s de loisirs \u00e0 Minorque. Excursions - Visites guid\u00e9es - Location de bateaux - Promenades en bateau - Parcs aquatiques\" \/>\n<meta property=\"og:url\" content=\"https:\/\/www.viajamenorca.com\/fr\/activites\/\" \/>\n<meta property=\"og:site_name\" content=\"Viaja a Menorca\" \/>\n<meta property=\"article:publisher\" content=\"https:\/\/www.facebook.com\/ViajaMenorca\/\" \/>\n<meta property=\"article:modified_time\" content=\"2026-02-22T19:40:59+00:00\" \/>\n<meta property=\"og:image\" content=\"https:\/\/www.viajamenorca.com\/wp-content\/uploads\/2021\/11\/actividades-ocio-menorca2.jpg\" \/>\n\t<meta property=\"og:image:width\" content=\"1220\" \/>\n\t<meta property=\"og:image:height\" content=\"628\" \/>\n\t<meta property=\"og:image:type\" content=\"image\/jpeg\" \/>\n<meta name=\"twitter:card\" content=\"summary_large_image\" \/>\n<meta name=\"twitter:site\" content=\"@ViajaMenorca\" \/>\n<meta name=\"twitter:label1\" content=\"Dur\u00e9e de lecture estim\u00e9e\" \/>\n\t<meta name=\"twitter:data1\" content=\"1 minute\" \/>\n<script type=\"application\/ld+json\" class=\"yoast-schema-graph\">{\"@context\":\"https:\\\/\\\/schema.org\",\"@graph\":[{\"@type\":\"WebPage\",\"@id\":\"https:\\\/\\\/www.viajamenorca.com\\\/fr\\\/activites\\\/\",\"url\":\"https:\\\/\\\/www.viajamenorca.com\\\/fr\\\/activites\\\/\",\"name\":\"Activit\u00e9s de loisirs et de tourisme actif \u00e0 Minorque : R\u00e9servation\",\"isPartOf\":{\"@id\":\"https:\\\/\\\/www.viajamenorca.com\\\/fr\\\/#website\"},\"datePublished\":\"2023-03-08T18:13:07+00:00\",\"dateModified\":\"2026-02-22T19:40:59+00:00\",\"description\":\"Recherchez des activit\u00e9s de loisirs \u00e0 Minorque. Excursions - Visites guid\u00e9es - Location de bateaux - Promenades en bateau - Parcs aquatiques\",\"inLanguage\":\"fr-FR\",\"potentialAction\":[{\"@type\":\"ReadAction\",\"target\":[\"https:\\\/\\\/www.viajamenorca.com\\\/fr\\\/activites\\\/\"]}]},{\"@type\":\"WebSite\",\"@id\":\"https:\\\/\\\/www.viajamenorca.com\\\/fr\\\/#website\",\"url\":\"https:\\\/\\\/www.viajamenorca.com\\\/fr\\\/\",\"name\":\"Viaja a Menorca\",\"description\":\"Votre aventure minorquine commence ici !\",\"publisher\":{\"@id\":\"https:\\\/\\\/www.viajamenorca.com\\\/fr\\\/#organization\"},\"alternateName\":\"Gu\u00eda tur\u00edstica de Menorca\",\"potentialAction\":[{\"@type\":\"SearchAction\",\"target\":{\"@type\":\"EntryPoint\",\"urlTemplate\":\"https:\\\/\\\/www.viajamenorca.com\\\/fr\\\/?s={search_term_string}\"},\"query-input\":{\"@type\":\"PropertyValueSpecification\",\"valueRequired\":true,\"valueName\":\"search_term_string\"}}],\"inLanguage\":\"fr-FR\"},{\"@type\":\"Organization\",\"@id\":\"https:\\\/\\\/www.viajamenorca.com\\\/fr\\\/#organization\",\"name\":\"Viaja a Menorca - Gu\u00eda tur\u00edstica\",\"alternateName\":\"Viaja a Menorca\",\"url\":\"https:\\\/\\\/www.viajamenorca.com\\\/fr\\\/\",\"logo\":{\"@type\":\"ImageObject\",\"inLanguage\":\"fr-FR\",\"@id\":\"https:\\\/\\\/www.viajamenorca.com\\\/fr\\\/#\\\/schema\\\/logo\\\/image\\\/\",\"url\":\"https:\\\/\\\/www.viajamenorca.com\\\/wp-content\\\/uploads\\\/2021\\\/11\\\/viajamenorca.jpg\",\"contentUrl\":\"https:\\\/\\\/www.viajamenorca.com\\\/wp-content\\\/uploads\\\/2021\\\/11\\\/viajamenorca.jpg\",\"width\":714,\"height\":714,\"caption\":\"Viaja a Menorca - Gu\u00eda tur\u00edstica\"},\"image\":{\"@id\":\"https:\\\/\\\/www.viajamenorca.com\\\/fr\\\/#\\\/schema\\\/logo\\\/image\\\/\"},\"sameAs\":[\"https:\\\/\\\/www.facebook.com\\\/ViajaMenorca\\\/\",\"https:\\\/\\\/x.com\\\/ViajaMenorca\",\"https:\\\/\\\/www.instagram.com\\\/viaja_menorca\\\/?hl=es\",\"https:\\\/\\\/www.youtube.com\\\/channel\\\/UCWtpR3jxp79HeZ8zZfHLhXw\"]}]}<\/script>\n<!-- \/ Yoast SEO plugin. -->","yoast_head_json":{"title":"Activit\u00e9s de loisirs et de tourisme actif \u00e0 Minorque : R\u00e9servation","description":"Recherchez des activit\u00e9s de loisirs \u00e0 Minorque. Excursions - Visites guid\u00e9es - Location de bateaux - Promenades en bateau - Parcs aquatiques","robots":{"index":"index","follow":"follow","max-snippet":"max-snippet:-1","max-image-preview":"max-image-preview:large","max-video-preview":"max-video-preview:-1"},"canonical":"https:\/\/www.viajamenorca.com\/fr\/activites\/","og_locale":"fr_FR","og_type":"article","og_title":"Activit\u00e9s de loisirs et de tourisme actif \u00e0 Minorque : R\u00e9servation","og_description":"Recherchez des activit\u00e9s de loisirs \u00e0 Minorque. Excursions - Visites guid\u00e9es - Location de bateaux - Promenades en bateau - Parcs aquatiques","og_url":"https:\/\/www.viajamenorca.com\/fr\/activites\/","og_site_name":"Viaja a Menorca","article_publisher":"https:\/\/www.facebook.com\/ViajaMenorca\/","article_modified_time":"2026-02-22T19:40:59+00:00","og_image":[{"width":1220,"height":628,"url":"https:\/\/www.viajamenorca.com\/wp-content\/uploads\/2021\/11\/actividades-ocio-menorca2.jpg","type":"image\/jpeg"}],"twitter_card":"summary_large_image","twitter_site":"@ViajaMenorca","twitter_misc":{"Dur\u00e9e de lecture estim\u00e9e":"1 minute"},"schema":{"@context":"https:\/\/schema.org","@graph":[{"@type":"WebPage","@id":"https:\/\/www.viajamenorca.com\/fr\/activites\/","url":"https:\/\/www.viajamenorca.com\/fr\/activites\/","name":"Activit\u00e9s de loisirs et de tourisme actif \u00e0 Minorque : R\u00e9servation","isPartOf":{"@id":"https:\/\/www.viajamenorca.com\/fr\/#website"},"datePublished":"2023-03-08T18:13:07+00:00","dateModified":"2026-02-22T19:40:59+00:00","description":"Recherchez des activit\u00e9s de loisirs \u00e0 Minorque. Excursions - Visites guid\u00e9es - Location de bateaux - Promenades en bateau - Parcs aquatiques","inLanguage":"fr-FR","potentialAction":[{"@type":"ReadAction","target":["https:\/\/www.viajamenorca.com\/fr\/activites\/"]}]},{"@type":"WebSite","@id":"https:\/\/www.viajamenorca.com\/fr\/#website","url":"https:\/\/www.viajamenorca.com\/fr\/","name":"Viaja a Menorca","description":"Votre aventure minorquine commence ici !","publisher":{"@id":"https:\/\/www.viajamenorca.com\/fr\/#organization"},"alternateName":"Gu\u00eda tur\u00edstica de Menorca","potentialAction":[{"@type":"SearchAction","target":{"@type":"EntryPoint","urlTemplate":"https:\/\/www.viajamenorca.com\/fr\/?s={search_term_string}"},"query-input":{"@type":"PropertyValueSpecification","valueRequired":true,"valueName":"search_term_string"}}],"inLanguage":"fr-FR"},{"@type":"Organization","@id":"https:\/\/www.viajamenorca.com\/fr\/#organization","name":"Viaja a Menorca - Gu\u00eda tur\u00edstica","alternateName":"Viaja a Menorca","url":"https:\/\/www.viajamenorca.com\/fr\/","logo":{"@type":"ImageObject","inLanguage":"fr-FR","@id":"https:\/\/www.viajamenorca.com\/fr\/#\/schema\/logo\/image\/","url":"https:\/\/www.viajamenorca.com\/wp-content\/uploads\/2021\/11\/viajamenorca.jpg","contentUrl":"https:\/\/www.viajamenorca.com\/wp-content\/uploads\/2021\/11\/viajamenorca.jpg","width":714,"height":714,"caption":"Viaja a Menorca - Gu\u00eda tur\u00edstica"},"image":{"@id":"https:\/\/www.viajamenorca.com\/fr\/#\/schema\/logo\/image\/"},"sameAs":["https:\/\/www.facebook.com\/ViajaMenorca\/","https:\/\/x.com\/ViajaMenorca","https:\/\/www.instagram.com\/viaja_menorca\/?hl=es","https:\/\/www.youtube.com\/channel\/UCWtpR3jxp79HeZ8zZfHLhXw"]}]}},"_links":{"self":[{"href":"https:\/\/www.viajamenorca.com\/fr\/wp-json\/wp\/v2\/pages\/54769","targetHints":{"allow":["GET"]}}],"collection":[{"href":"https:\/\/www.viajamenorca.com\/fr\/wp-json\/wp\/v2\/pages"}],"about":[{"href":"https:\/\/www.viajamenorca.com\/fr\/wp-json\/wp\/v2\/types\/page"}],"author":[{"embeddable":true,"href":"https:\/\/www.viajamenorca.com\/fr\/wp-json\/wp\/v2\/users\/1"}],"replies":[{"embeddable":true,"href":"https:\/\/www.viajamenorca.com\/fr\/wp-json\/wp\/v2\/comments?post=54769"}],"version-history":[{"count":4,"href":"https:\/\/www.viajamenorca.com\/fr\/wp-json\/wp\/v2\/pages\/54769\/revisions"}],"predecessor-version":[{"id":59664,"href":"https:\/\/www.viajamenorca.com\/fr\/wp-json\/wp\/v2\/pages\/54769\/revisions\/59664"}],"wp:attachment":[{"href":"https:\/\/www.viajamenorca.com\/fr\/wp-json\/wp\/v2\/media?parent=54769"}],"curies":[{"name":"wp","href":"https:\/\/api.w.org\/{rel}","templated":true}]}}