{"id":54791,"date":"2023-03-02T23:52:24","date_gmt":"2023-03-02T23:52:24","guid":{"rendered":"https:\/\/www.viajamenorca.com\/activites-de-loisirs\/search\/"},"modified":"2026-02-12T02:15:13","modified_gmt":"2026-02-12T02:15:13","slug":"search","status":"publish","type":"page","link":"https:\/\/www.viajamenorca.com\/fr\/activites\/search\/","title":{"rendered":"search"},"content":{"rendered":"\n<div style=\"height:3px\" aria-hidden=\"true\" class=\"wp-block-spacer\"><\/div>\n\n\n<div class=\"search-filter-query search-filter-query--id-4\">\t\n\t\ud83d\udd0e Total: 29 \ud83d\udcca<br \/>\n\t\ud83d\udcc4 1 \/ 3<br \/>\n\t\n\t<div class=\"pagination\">\n\t\t\n\t\t<div class=\"nav-previous\"><\/div>\n\t\t<div class=\"nav-next\"><\/div>\n\t\t\t<\/div>\n\t<div class=\"search-filter-query-posts\">\n\t\t\t\t\t<div class=\"search-result-item\">\n\t\t\t    \n\t\t\t    <div class=\"post-thumbnail-wrap\"><a href=\"https:\/\/www.viajamenorca.com\/fr\/activites\/parcs-aquatiques-zoos\/\"><img decoding=\"async\" width=\"800\" height=\"533\" src=\"https:\/\/www.viajamenorca.com\/wp-content\/uploads\/2019\/03\/splash_menorca-5.jpg\" class=\"attachment-large size-large wp-post-image\" alt=\"\" srcset=\"https:\/\/www.viajamenorca.com\/wp-content\/uploads\/2019\/03\/splash_menorca-5.jpg 800w, https:\/\/www.viajamenorca.com\/wp-content\/uploads\/2019\/03\/splash_menorca-5-300x200.jpg 300w, https:\/\/www.viajamenorca.com\/wp-content\/uploads\/2019\/03\/splash_menorca-5-768x512.jpg 768w, https:\/\/www.viajamenorca.com\/wp-content\/uploads\/2019\/03\/splash_menorca-5-110x73.jpg 110w, https:\/\/www.viajamenorca.com\/wp-content\/uploads\/2019\/03\/splash_menorca-5-420x280.jpg 420w, https:\/\/www.viajamenorca.com\/wp-content\/uploads\/2019\/03\/splash_menorca-5-645x430.jpg 645w\" sizes=\"(max-width: 800px) 100vw, 800px\" \/><\/a><\/div>\t\t\t    \n\t\t\t    <h2>\n\t\t\t\t    <a href=\"https:\/\/www.viajamenorca.com\/fr\/activites\/parcs-aquatiques-zoos\/\">\n\t\t\t\t        Parcs aquatiques et d&rsquo;attractions\t\t\t\t    <\/a>\n\t\t\t\t<\/h2>\n\t\t\t\t\n\t\t\t    \t\t\t\t<p class=\"post-excerpt\"><p>D\u00e9couvrez les parcs aquatiques et d&rsquo;attractions de Minorque : une exp\u00e9rience divertissante pour toute la famille. L&rsquo;une des meilleures fa\u00e7ons de passer une journ\u00e9e amusante et pleine d&rsquo;aventures est de &#8230; <\/p>\n<p class=\"read-more-container\"><a title=\"Parcs aquatiques et d&rsquo;attractions\" class=\"read-more button\" href=\"https:\/\/www.viajamenorca.com\/fr\/activites\/parcs-aquatiques-zoos\/#more-55595\" aria-label=\"En savoir plus sur Parcs aquatiques et d&rsquo;attractions\">Lire plus<\/a><\/p>\n<\/p>\n\t\t\t\t\n\t\t\t<\/div>\n\t\t\t<hr \/>\n\t\t\t\t\t\t<div class=\"search-result-item\">\n\t\t\t    \n\t\t\t    <div class=\"post-thumbnail-wrap\"><a href=\"https:\/\/www.viajamenorca.com\/fr\/activites\/location-de-bateaux\/\"><img decoding=\"async\" width=\"980\" height=\"424\" src=\"https:\/\/www.viajamenorca.com\/wp-content\/uploads\/2019\/02\/catamaran-rental2.png\" class=\"attachment-large size-large wp-post-image\" alt=\"\" srcset=\"https:\/\/www.viajamenorca.com\/wp-content\/uploads\/2019\/02\/catamaran-rental2.png 980w, https:\/\/www.viajamenorca.com\/wp-content\/uploads\/2019\/02\/catamaran-rental2-300x130.png 300w, https:\/\/www.viajamenorca.com\/wp-content\/uploads\/2019\/02\/catamaran-rental2-768x332.png 768w, https:\/\/www.viajamenorca.com\/wp-content\/uploads\/2019\/02\/catamaran-rental2-110x48.png 110w, https:\/\/www.viajamenorca.com\/wp-content\/uploads\/2019\/02\/catamaran-rental2-420x182.png 420w, https:\/\/www.viajamenorca.com\/wp-content\/uploads\/2019\/02\/catamaran-rental2-770x333.png 770w\" sizes=\"(max-width: 980px) 100vw, 980px\" \/><\/a><\/div>\t\t\t    \n\t\t\t    <h2>\n\t\t\t\t    <a href=\"https:\/\/www.viajamenorca.com\/fr\/activites\/location-de-bateaux\/\">\n\t\t\t\t        Location de bateaux\t\t\t\t    <\/a>\n\t\t\t\t<\/h2>\n\t\t\t\t\n\t\t\t    \t\t\t\t<p class=\"post-excerpt\"><p>Vivez une exp\u00e9rience diff\u00e9rente en explorant les c\u00f4tes de Minorque. Passez une journ\u00e9e formidable en famille ou entre amis en parcourant l&rsquo;\u00eele \u00e0 bord d&rsquo;un voilier, d&rsquo;un catamaran ou en &#8230; <\/p>\n<p class=\"read-more-container\"><a title=\"Location de bateaux\" class=\"read-more button\" href=\"https:\/\/www.viajamenorca.com\/fr\/activites\/location-de-bateaux\/#more-55592\" aria-label=\"En savoir plus sur Location de bateaux\">Lire plus<\/a><\/p>\n<\/p>\n\t\t\t\t\n\t\t\t<\/div>\n\t\t\t<hr \/>\n\t\t\t\t\t\t<div class=\"search-result-item\">\n\t\t\t    \n\t\t\t    <div class=\"post-thumbnail-wrap\"><a href=\"https:\/\/www.viajamenorca.com\/fr\/activites\/location-de-bateaux\/louer-un-kayak\/\"><img decoding=\"async\" width=\"674\" height=\"446\" src=\"https:\/\/www.viajamenorca.com\/wp-content\/uploads\/2019\/02\/kayak-menorca3.jpg\" class=\"attachment-large size-large wp-post-image\" alt=\"\" srcset=\"https:\/\/www.viajamenorca.com\/wp-content\/uploads\/2019\/02\/kayak-menorca3.jpg 674w, https:\/\/www.viajamenorca.com\/wp-content\/uploads\/2019\/02\/kayak-menorca3-300x199.jpg 300w, https:\/\/www.viajamenorca.com\/wp-content\/uploads\/2019\/02\/kayak-menorca3-110x73.jpg 110w, https:\/\/www.viajamenorca.com\/wp-content\/uploads\/2019\/02\/kayak-menorca3-420x278.jpg 420w, https:\/\/www.viajamenorca.com\/wp-content\/uploads\/2019\/02\/kayak-menorca3-650x430.jpg 650w\" sizes=\"(max-width: 674px) 100vw, 674px\" \/><\/a><\/div>\t\t\t    \n\t\t\t    <h2>\n\t\t\t\t    <a href=\"https:\/\/www.viajamenorca.com\/fr\/activites\/location-de-bateaux\/louer-un-kayak\/\">\n\t\t\t\t        Louer un kayak\t\t\t\t    <\/a>\n\t\t\t\t<\/h2>\n\t\t\t\t\n\t\t\t    \t\t\t\t<p class=\"post-excerpt\"><p>Profitez d&rsquo;une balade en kayak, une activit\u00e9 id\u00e9ale pour d\u00e9couvrir la c\u00f4te d&rsquo;une mani\u00e8re diff\u00e9rente, explorer les endroits les plus inaccessibles de Minorque et d\u00e9couvrir les criques paradisiaques, les plages &#8230; <\/p>\n<p class=\"read-more-container\"><a title=\"Louer un kayak\" class=\"read-more button\" href=\"https:\/\/www.viajamenorca.com\/fr\/activites\/location-de-bateaux\/louer-un-kayak\/#more-55587\" aria-label=\"En savoir plus sur Louer un kayak\">Lire plus<\/a><\/p>\n<\/p>\n\t\t\t\t\n\t\t\t<\/div>\n\t\t\t<hr \/>\n\t\t\t\t\t\t<div class=\"search-result-item\">\n\t\t\t    \n\t\t\t    <div class=\"post-thumbnail-wrap\"><a href=\"https:\/\/www.viajamenorca.com\/fr\/activites\/location-de-bateaux\/seance-de-flyboard\/\"><img decoding=\"async\" width=\"700\" height=\"525\" src=\"https:\/\/www.viajamenorca.com\/wp-content\/uploads\/2019\/02\/flyboard-menorca3.jpg\" class=\"attachment-large size-large wp-post-image\" alt=\"\" srcset=\"https:\/\/www.viajamenorca.com\/wp-content\/uploads\/2019\/02\/flyboard-menorca3.jpg 700w, https:\/\/www.viajamenorca.com\/wp-content\/uploads\/2019\/02\/flyboard-menorca3-300x225.jpg 300w, https:\/\/www.viajamenorca.com\/wp-content\/uploads\/2019\/02\/flyboard-menorca3-110x83.jpg 110w, https:\/\/www.viajamenorca.com\/wp-content\/uploads\/2019\/02\/flyboard-menorca3-420x315.jpg 420w, https:\/\/www.viajamenorca.com\/wp-content\/uploads\/2019\/02\/flyboard-menorca3-573x430.jpg 573w\" sizes=\"(max-width: 700px) 100vw, 700px\" \/><\/a><\/div>\t\t\t    \n\t\t\t    <h2>\n\t\t\t\t    <a href=\"https:\/\/www.viajamenorca.com\/fr\/activites\/location-de-bateaux\/seance-de-flyboard\/\">\n\t\t\t\t        S\u00e9ance de flyboard\t\t\t\t    <\/a>\n\t\t\t\t<\/h2>\n\t\t\t\t\n\t\t\t    \t\t\t\t<p class=\"post-excerpt\"><p>Profitez d&rsquo;un vol en flyboard sur les c\u00f4tes de Minorque, une activit\u00e9 aquatique pleine d&rsquo;adr\u00e9naline et d&rsquo;\u00e9motions fortes qui vous permettra de voler jusqu&rsquo;\u00e0 12 m\u00e8tres de hauteur, de faire &#8230; <\/p>\n<p class=\"read-more-container\"><a title=\"S\u00e9ance de flyboard\" class=\"read-more button\" href=\"https:\/\/www.viajamenorca.com\/fr\/activites\/location-de-bateaux\/seance-de-flyboard\/#more-61657\" aria-label=\"En savoir plus sur S\u00e9ance de flyboard\">Lire plus<\/a><\/p>\n<\/p>\n\t\t\t\t\n\t\t\t<\/div>\n\t\t\t<hr \/>\n\t\t\t\t\t\t<div class=\"search-result-item\">\n\t\t\t    \n\t\t\t    <div class=\"post-thumbnail-wrap\"><a href=\"https:\/\/www.viajamenorca.com\/fr\/activites\/parcs-aquatiques-zoos\/zoo-lloc-de-minorque\/\"><img decoding=\"async\" width=\"1024\" height=\"481\" src=\"https:\/\/www.viajamenorca.com\/wp-content\/uploads\/2019\/02\/Zoo_de_Menorca-1024x481.jpg\" class=\"attachment-large size-large wp-post-image\" alt=\"\" srcset=\"https:\/\/www.viajamenorca.com\/wp-content\/uploads\/2019\/02\/Zoo_de_Menorca-1024x481.jpg 1024w, https:\/\/www.viajamenorca.com\/wp-content\/uploads\/2019\/02\/Zoo_de_Menorca-350x164.jpg 350w, https:\/\/www.viajamenorca.com\/wp-content\/uploads\/2019\/02\/Zoo_de_Menorca-768x361.jpg 768w, https:\/\/www.viajamenorca.com\/wp-content\/uploads\/2019\/02\/Zoo_de_Menorca-1536x722.jpg 1536w, https:\/\/www.viajamenorca.com\/wp-content\/uploads\/2019\/02\/Zoo_de_Menorca-2048x962.jpg 2048w\" sizes=\"(max-width: 1024px) 100vw, 1024px\" \/><\/a><\/div>\t\t\t    \n\t\t\t    <h2>\n\t\t\t\t    <a href=\"https:\/\/www.viajamenorca.com\/fr\/activites\/parcs-aquatiques-zoos\/zoo-lloc-de-minorque\/\">\n\t\t\t\t        Zoo &#8211; Lloc de Minorque\t\t\t\t    <\/a>\n\t\t\t\t<\/h2>\n\t\t\t\t\n\t\t\t    \t\t\t\t<p class=\"post-excerpt\"><p>Passez une journ\u00e9e amusante et divertissante en famille ou entre amis au Lloc de Menorca. Profitez de la campagne minorquine et du contact avec la nature gr\u00e2ce aux animaux domestiques, &#8230; <\/p>\n<p class=\"read-more-container\"><a title=\"Zoo &#8211; Lloc de Minorque\" class=\"read-more button\" href=\"https:\/\/www.viajamenorca.com\/fr\/activites\/parcs-aquatiques-zoos\/zoo-lloc-de-minorque\/#more-61665\" aria-label=\"En savoir plus sur Zoo &#8211; Lloc de Minorque\">Lire plus<\/a><\/p>\n<\/p>\n\t\t\t\t\n\t\t\t<\/div>\n\t\t\t<hr \/>\n\t\t\t\t\t\t<div class=\"search-result-item\">\n\t\t\t    \n\t\t\t    \t\t\t    \n\t\t\t    <h2>\n\t\t\t\t    <a href=\"https:\/\/www.viajamenorca.com\/fr\/activites\/excursions\/safari-en-jeep-4x4\/\">\n\t\t\t\t        Safari en jeep 4&#215;4\t\t\t\t    <\/a>\n\t\t\t\t<\/h2>\n\t\t\t\t\n\t\t\t    \t\t\t\t<p class=\"post-excerpt\"><p>Explorez Minorque autrement et vivez une exp\u00e9rience 4&#215;4 inoubliable. La meilleure fa\u00e7on de profiter de l&rsquo;\u00eele et de d\u00e9couvrir certains de ses coins les plus exclusifs et inaccessibles. Une belle &#8230; <\/p>\n<p class=\"read-more-container\"><a title=\"Safari en jeep 4&#215;4\" class=\"read-more button\" href=\"https:\/\/www.viajamenorca.com\/fr\/activites\/excursions\/safari-en-jeep-4x4\/#more-61673\" aria-label=\"En savoir plus sur Safari en jeep 4&#215;4\">Lire plus<\/a><\/p>\n<\/p>\n\t\t\t\t\n\t\t\t<\/div>\n\t\t\t<hr \/>\n\t\t\t\t\t\t<div class=\"search-result-item\">\n\t\t\t    \n\t\t\t    <div class=\"post-thumbnail-wrap\"><a href=\"https:\/\/www.viajamenorca.com\/fr\/activites\/location-de-bateaux\/louer-un-catamaran-a-fornells\/\"><img decoding=\"async\" width=\"980\" height=\"424\" src=\"https:\/\/www.viajamenorca.com\/wp-content\/uploads\/2019\/02\/catamaran-rental2.png\" class=\"attachment-large size-large wp-post-image\" alt=\"\" srcset=\"https:\/\/www.viajamenorca.com\/wp-content\/uploads\/2019\/02\/catamaran-rental2.png 980w, https:\/\/www.viajamenorca.com\/wp-content\/uploads\/2019\/02\/catamaran-rental2-300x130.png 300w, https:\/\/www.viajamenorca.com\/wp-content\/uploads\/2019\/02\/catamaran-rental2-768x332.png 768w, https:\/\/www.viajamenorca.com\/wp-content\/uploads\/2019\/02\/catamaran-rental2-110x48.png 110w, https:\/\/www.viajamenorca.com\/wp-content\/uploads\/2019\/02\/catamaran-rental2-420x182.png 420w, https:\/\/www.viajamenorca.com\/wp-content\/uploads\/2019\/02\/catamaran-rental2-770x333.png 770w\" sizes=\"(max-width: 980px) 100vw, 980px\" \/><\/a><\/div>\t\t\t    \n\t\t\t    <h2>\n\t\t\t\t    <a href=\"https:\/\/www.viajamenorca.com\/fr\/activites\/location-de-bateaux\/louer-un-catamaran-a-fornells\/\">\n\t\t\t\t        Louer un catamaran \u00e0 Fornells\t\t\t\t    <\/a>\n\t\t\t\t<\/h2>\n\t\t\t\t\n\t\t\t    \t\t\t\t<p class=\"post-excerpt\"><p>Profitez du plaisir de naviguer en catamar\u00e1n dans la r\u00e9serve marine du nord de Minorque, l&rsquo;une des zones les plus vierges et inaccessibles de l&rsquo;\u00eele. Vous disposerez d&rsquo;un skipper-guide et &#8230; <\/p>\n<p class=\"read-more-container\"><a title=\"Louer un catamaran \u00e0 Fornells\" class=\"read-more button\" href=\"https:\/\/www.viajamenorca.com\/fr\/activites\/location-de-bateaux\/louer-un-catamaran-a-fornells\/#more-61680\" aria-label=\"En savoir plus sur Louer un catamaran \u00e0 Fornells\">Lire plus<\/a><\/p>\n<\/p>\n\t\t\t\t\n\t\t\t<\/div>\n\t\t\t<hr \/>\n\t\t\t\t\t\t<div class=\"search-result-item\">\n\t\t\t    \n\t\t\t    <div class=\"post-thumbnail-wrap\"><a href=\"https:\/\/www.viajamenorca.com\/fr\/activites\/parcs-aquatiques-zoos\/parc-aquatique-aquarock\/\"><img decoding=\"async\" width=\"780\" height=\"521\" src=\"https:\/\/www.viajamenorca.com\/wp-content\/uploads\/2019\/03\/aquarock.png\" class=\"attachment-large size-large wp-post-image\" alt=\"\" srcset=\"https:\/\/www.viajamenorca.com\/wp-content\/uploads\/2019\/03\/aquarock.png 780w, https:\/\/www.viajamenorca.com\/wp-content\/uploads\/2019\/03\/aquarock-350x234.png 350w, https:\/\/www.viajamenorca.com\/wp-content\/uploads\/2019\/03\/aquarock-768x513.png 768w\" sizes=\"(max-width: 780px) 100vw, 780px\" \/><\/a><\/div>\t\t\t    \n\t\t\t    <h2>\n\t\t\t\t    <a href=\"https:\/\/www.viajamenorca.com\/fr\/activites\/parcs-aquatiques-zoos\/parc-aquatique-aquarock\/\">\n\t\t\t\t        Parc aquatique Aquarock\t\t\t\t    <\/a>\n\t\t\t\t<\/h2>\n\t\t\t\t\n\t\t\t    \t\t\t\t<p class=\"post-excerpt\"><p>Profitez d&rsquo;une journ\u00e9e divertissante en famille au parc aquatique Aquarock le meilleur choix pour s&rsquo;amuser dans l&rsquo;eau \u00e0 Minorque ! Si vous recherchez une activit\u00e9 amusante et rafra\u00eechissante, ne manquez &#8230; <\/p>\n<p class=\"read-more-container\"><a title=\"Parc aquatique Aquarock\" class=\"read-more button\" href=\"https:\/\/www.viajamenorca.com\/fr\/activites\/parcs-aquatiques-zoos\/parc-aquatique-aquarock\/#more-61684\" aria-label=\"En savoir plus sur Parc aquatique Aquarock\">Lire plus<\/a><\/p>\n<\/p>\n\t\t\t\t\n\t\t\t<\/div>\n\t\t\t<hr \/>\n\t\t\t\t\t\t<div class=\"search-result-item\">\n\t\t\t    \n\t\t\t    <div class=\"post-thumbnail-wrap\"><a href=\"https:\/\/www.viajamenorca.com\/fr\/activites\/location-de-bateaux\/excursion-en-jet-ski-le-long-de-la-cote-nord\/\"><img decoding=\"async\" width=\"1024\" height=\"771\" src=\"https:\/\/www.viajamenorca.com\/wp-content\/uploads\/2019\/04\/Moto_agua_Menorca-1024x771.jpg\" class=\"attachment-large size-large wp-post-image\" alt=\"\" srcset=\"https:\/\/www.viajamenorca.com\/wp-content\/uploads\/2019\/04\/Moto_agua_Menorca-1024x771.jpg 1024w, https:\/\/www.viajamenorca.com\/wp-content\/uploads\/2019\/04\/Moto_agua_Menorca-300x226.jpg 300w, https:\/\/www.viajamenorca.com\/wp-content\/uploads\/2019\/04\/Moto_agua_Menorca-768x579.jpg 768w, https:\/\/www.viajamenorca.com\/wp-content\/uploads\/2019\/04\/Moto_agua_Menorca-110x83.jpg 110w, https:\/\/www.viajamenorca.com\/wp-content\/uploads\/2019\/04\/Moto_agua_Menorca-420x316.jpg 420w, https:\/\/www.viajamenorca.com\/wp-content\/uploads\/2019\/04\/Moto_agua_Menorca-571x430.jpg 571w, https:\/\/www.viajamenorca.com\/wp-content\/uploads\/2019\/04\/Moto_agua_Menorca.jpg 1431w\" sizes=\"(max-width: 1024px) 100vw, 1024px\" \/><\/a><\/div>\t\t\t    \n\t\t\t    <h2>\n\t\t\t\t    <a href=\"https:\/\/www.viajamenorca.com\/fr\/activites\/location-de-bateaux\/excursion-en-jet-ski-le-long-de-la-cote-nord\/\">\n\t\t\t\t        Excursion en jet ski le long de la c\u00f4te nord\t\t\t\t    <\/a>\n\t\t\t\t<\/h2>\n\t\t\t\t\n\t\t\t    \t\t\t\t<p class=\"post-excerpt\"><p>Vivez une exp\u00e9rience super amusante avec notre excursion en jet ski sur la c\u00f4te norte de Minorque. Cette activit\u00e9 de loisirs vous permettra de d\u00e9couvrir la beaut\u00e9 de l&rsquo;\u00eele d&rsquo;une &#8230; <\/p>\n<p class=\"read-more-container\"><a title=\"Excursion en jet ski le long de la c\u00f4te nord\" class=\"read-more button\" href=\"https:\/\/www.viajamenorca.com\/fr\/activites\/location-de-bateaux\/excursion-en-jet-ski-le-long-de-la-cote-nord\/#more-61705\" aria-label=\"En savoir plus sur Excursion en jet ski le long de la c\u00f4te nord\">Lire plus<\/a><\/p>\n<\/p>\n\t\t\t\t\n\t\t\t<\/div>\n\t\t\t<hr \/>\n\t\t\t\t\t\t<div class=\"search-result-item\">\n\t\t\t    \n\t\t\t    <div class=\"post-thumbnail-wrap\"><a href=\"https:\/\/www.viajamenorca.com\/fr\/activites\/promenades-en-bateau\/visite-en-bateau-du-port-de-mahon\/\"><img decoding=\"async\" width=\"1024\" height=\"611\" src=\"https:\/\/www.viajamenorca.com\/wp-content\/uploads\/2019\/04\/IMG_5081-e1621893648541-1024x611.jpg\" class=\"attachment-large size-large wp-post-image\" alt=\"\" srcset=\"https:\/\/www.viajamenorca.com\/wp-content\/uploads\/2019\/04\/IMG_5081-e1621893648541-1024x611.jpg 1024w, https:\/\/www.viajamenorca.com\/wp-content\/uploads\/2019\/04\/IMG_5081-e1621893648541-300x179.jpg 300w, https:\/\/www.viajamenorca.com\/wp-content\/uploads\/2019\/04\/IMG_5081-e1621893648541-768x458.jpg 768w, https:\/\/www.viajamenorca.com\/wp-content\/uploads\/2019\/04\/IMG_5081-e1621893648541-110x66.jpg 110w, https:\/\/www.viajamenorca.com\/wp-content\/uploads\/2019\/04\/IMG_5081-e1621893648541-420x250.jpg 420w, https:\/\/www.viajamenorca.com\/wp-content\/uploads\/2019\/04\/IMG_5081-e1621893648541-721x430.jpg 721w, https:\/\/www.viajamenorca.com\/wp-content\/uploads\/2019\/04\/IMG_5081-e1621893648541.jpg 1325w\" sizes=\"(max-width: 1024px) 100vw, 1024px\" \/><\/a><\/div>\t\t\t    \n\t\t\t    <h2>\n\t\t\t\t    <a href=\"https:\/\/www.viajamenorca.com\/fr\/activites\/promenades-en-bateau\/visite-en-bateau-du-port-de-mahon\/\">\n\t\t\t\t        Visite en bateau du port de Mah\u00f3n\t\t\t\t    <\/a>\n\t\t\t\t<\/h2>\n\t\t\t\t\n\t\t\t    \t\t\t\t<p class=\"post-excerpt\"><p>Si vous recherchez une activit\u00e9 originale lors de votre s\u00e9jour sur l&rsquo;\u00eele, ne manquez pas l&rsquo;occasion de vivre une excursion passionnante \u00e0 bord d&rsquo;un bateau \u00e0 hublot sous-marin. Cette excursion &#8230; <\/p>\n<p class=\"read-more-container\"><a title=\"Visite en bateau du port de Mah\u00f3n\" class=\"read-more button\" href=\"https:\/\/www.viajamenorca.com\/fr\/activites\/promenades-en-bateau\/visite-en-bateau-du-port-de-mahon\/#more-64950\" aria-label=\"En savoir plus sur Visite en bateau du port de Mah\u00f3n\">Lire plus<\/a><\/p>\n<\/p>\n\t\t\t\t\n\t\t\t<\/div>\n\t\t\t<hr \/>\n\t\t\t\t<\/div>\n\t\n\t\ud83d\udcc4 1 \/ 3<br \/>\n\t\n\t<div class=\"pagination\">\n\t\t<div class=\"nav-previous\"><a href=\"https:\/\/www.viajamenorca.com\/fr\/wp-json\/wp\/v2\/pages\/54791\/page\/2\/\" >\u27a1\ufe0f posts<\/a><\/div>\n\t\t<div class=\"nav-next\"><\/div>\n\t\t\t<\/div>\n\t<\/div>\n","protected":false},"excerpt":{"rendered":"","protected":false},"author":1,"featured_media":0,"parent":54769,"menu_order":0,"comment_status":"closed","ping_status":"closed","template":"","meta":{"_acf_changed":false,"footnotes":""},"class_list":["post-54791","page","type-page","status-publish","hentry","resize-featured-image"],"acf":[],"yoast_head":"<!-- This site is optimized with the Yoast SEO plugin v27.4 - https:\/\/yoast.com\/product\/yoast-seo-wordpress\/ -->\n<title>search - Viaja a Menorca<\/title>\n<meta name=\"robots\" content=\"noindex, nofollow\" \/>\n<meta property=\"og:locale\" content=\"fr_FR\" \/>\n<meta property=\"og:type\" content=\"article\" \/>\n<meta property=\"og:title\" content=\"search - Viaja a Menorca\" \/>\n<meta property=\"og:url\" content=\"https:\/\/www.viajamenorca.com\/fr\/activites\/search\/\" \/>\n<meta property=\"og:site_name\" content=\"Viaja a Menorca\" \/>\n<meta property=\"article:publisher\" content=\"https:\/\/www.facebook.com\/ViajaMenorca\/\" \/>\n<meta property=\"article:modified_time\" content=\"2026-02-12T02:15:13+00:00\" \/>\n<meta property=\"og:image\" content=\"https:\/\/www.viajamenorca.com\/wp-content\/uploads\/2024\/12\/banner_fotos.jpg\" \/>\n\t<meta property=\"og:image:width\" content=\"1085\" \/>\n\t<meta property=\"og:image:height\" content=\"543\" \/>\n\t<meta property=\"og:image:type\" content=\"image\/jpeg\" \/>\n<meta name=\"twitter:card\" content=\"summary_large_image\" \/>\n<meta name=\"twitter:site\" content=\"@ViajaMenorca\" \/>\n<script type=\"application\/ld+json\" class=\"yoast-schema-graph\">{\"@context\":\"https:\\\/\\\/schema.org\",\"@graph\":[{\"@type\":\"WebPage\",\"@id\":\"https:\\\/\\\/www.viajamenorca.com\\\/fr\\\/activites\\\/search\\\/\",\"url\":\"https:\\\/\\\/www.viajamenorca.com\\\/fr\\\/activites\\\/search\\\/\",\"name\":\"search - Viaja a Menorca\",\"isPartOf\":{\"@id\":\"https:\\\/\\\/www.viajamenorca.com\\\/fr\\\/#website\"},\"datePublished\":\"2023-03-02T23:52:24+00:00\",\"dateModified\":\"2026-02-12T02:15:13+00:00\",\"breadcrumb\":{\"@id\":\"https:\\\/\\\/www.viajamenorca.com\\\/fr\\\/activites\\\/search\\\/#breadcrumb\"},\"inLanguage\":\"fr-FR\",\"potentialAction\":[{\"@type\":\"ReadAction\",\"target\":[\"https:\\\/\\\/www.viajamenorca.com\\\/fr\\\/activites\\\/search\\\/\"]}]},{\"@type\":\"BreadcrumbList\",\"@id\":\"https:\\\/\\\/www.viajamenorca.com\\\/fr\\\/activites\\\/search\\\/#breadcrumb\",\"itemListElement\":[{\"@type\":\"ListItem\",\"position\":1,\"name\":\"Activit\u00e9s de loisirs\",\"item\":\"https:\\\/\\\/www.viajamenorca.com\\\/fr\\\/activites\\\/\"},{\"@type\":\"ListItem\",\"position\":2,\"name\":\"search\"}]},{\"@type\":\"WebSite\",\"@id\":\"https:\\\/\\\/www.viajamenorca.com\\\/fr\\\/#website\",\"url\":\"https:\\\/\\\/www.viajamenorca.com\\\/fr\\\/\",\"name\":\"Viaja a Menorca\",\"description\":\"Votre aventure minorquine commence ici !\",\"publisher\":{\"@id\":\"https:\\\/\\\/www.viajamenorca.com\\\/fr\\\/#organization\"},\"alternateName\":\"Gu\u00eda tur\u00edstica de Menorca\",\"potentialAction\":[{\"@type\":\"SearchAction\",\"target\":{\"@type\":\"EntryPoint\",\"urlTemplate\":\"https:\\\/\\\/www.viajamenorca.com\\\/fr\\\/?s={search_term_string}\"},\"query-input\":{\"@type\":\"PropertyValueSpecification\",\"valueRequired\":true,\"valueName\":\"search_term_string\"}}],\"inLanguage\":\"fr-FR\"},{\"@type\":\"Organization\",\"@id\":\"https:\\\/\\\/www.viajamenorca.com\\\/fr\\\/#organization\",\"name\":\"Viaja a Menorca - Gu\u00eda tur\u00edstica\",\"alternateName\":\"Viaja a Menorca\",\"url\":\"https:\\\/\\\/www.viajamenorca.com\\\/fr\\\/\",\"logo\":{\"@type\":\"ImageObject\",\"inLanguage\":\"fr-FR\",\"@id\":\"https:\\\/\\\/www.viajamenorca.com\\\/fr\\\/#\\\/schema\\\/logo\\\/image\\\/\",\"url\":\"https:\\\/\\\/www.viajamenorca.com\\\/wp-content\\\/uploads\\\/2021\\\/11\\\/viajamenorca.jpg\",\"contentUrl\":\"https:\\\/\\\/www.viajamenorca.com\\\/wp-content\\\/uploads\\\/2021\\\/11\\\/viajamenorca.jpg\",\"width\":714,\"height\":714,\"caption\":\"Viaja a Menorca - Gu\u00eda tur\u00edstica\"},\"image\":{\"@id\":\"https:\\\/\\\/www.viajamenorca.com\\\/fr\\\/#\\\/schema\\\/logo\\\/image\\\/\"},\"sameAs\":[\"https:\\\/\\\/www.facebook.com\\\/ViajaMenorca\\\/\",\"https:\\\/\\\/x.com\\\/ViajaMenorca\",\"https:\\\/\\\/www.instagram.com\\\/viaja_menorca\\\/?hl=es\",\"https:\\\/\\\/www.youtube.com\\\/channel\\\/UCWtpR3jxp79HeZ8zZfHLhXw\"]}]}<\/script>\n<!-- \/ Yoast SEO plugin. -->","yoast_head_json":{"title":"search - Viaja a Menorca","robots":{"index":"noindex","follow":"nofollow"},"og_locale":"fr_FR","og_type":"article","og_title":"search - Viaja a Menorca","og_url":"https:\/\/www.viajamenorca.com\/fr\/activites\/search\/","og_site_name":"Viaja a Menorca","article_publisher":"https:\/\/www.facebook.com\/ViajaMenorca\/","article_modified_time":"2026-02-12T02:15:13+00:00","og_image":[{"width":1085,"height":543,"url":"https:\/\/www.viajamenorca.com\/wp-content\/uploads\/2024\/12\/banner_fotos.jpg","type":"image\/jpeg"}],"twitter_card":"summary_large_image","twitter_site":"@ViajaMenorca","schema":{"@context":"https:\/\/schema.org","@graph":[{"@type":"WebPage","@id":"https:\/\/www.viajamenorca.com\/fr\/activites\/search\/","url":"https:\/\/www.viajamenorca.com\/fr\/activites\/search\/","name":"search - Viaja a Menorca","isPartOf":{"@id":"https:\/\/www.viajamenorca.com\/fr\/#website"},"datePublished":"2023-03-02T23:52:24+00:00","dateModified":"2026-02-12T02:15:13+00:00","breadcrumb":{"@id":"https:\/\/www.viajamenorca.com\/fr\/activites\/search\/#breadcrumb"},"inLanguage":"fr-FR","potentialAction":[{"@type":"ReadAction","target":["https:\/\/www.viajamenorca.com\/fr\/activites\/search\/"]}]},{"@type":"BreadcrumbList","@id":"https:\/\/www.viajamenorca.com\/fr\/activites\/search\/#breadcrumb","itemListElement":[{"@type":"ListItem","position":1,"name":"Activit\u00e9s de loisirs","item":"https:\/\/www.viajamenorca.com\/fr\/activites\/"},{"@type":"ListItem","position":2,"name":"search"}]},{"@type":"WebSite","@id":"https:\/\/www.viajamenorca.com\/fr\/#website","url":"https:\/\/www.viajamenorca.com\/fr\/","name":"Viaja a Menorca","description":"Votre aventure minorquine commence ici !","publisher":{"@id":"https:\/\/www.viajamenorca.com\/fr\/#organization"},"alternateName":"Gu\u00eda tur\u00edstica de Menorca","potentialAction":[{"@type":"SearchAction","target":{"@type":"EntryPoint","urlTemplate":"https:\/\/www.viajamenorca.com\/fr\/?s={search_term_string}"},"query-input":{"@type":"PropertyValueSpecification","valueRequired":true,"valueName":"search_term_string"}}],"inLanguage":"fr-FR"},{"@type":"Organization","@id":"https:\/\/www.viajamenorca.com\/fr\/#organization","name":"Viaja a Menorca - Gu\u00eda tur\u00edstica","alternateName":"Viaja a Menorca","url":"https:\/\/www.viajamenorca.com\/fr\/","logo":{"@type":"ImageObject","inLanguage":"fr-FR","@id":"https:\/\/www.viajamenorca.com\/fr\/#\/schema\/logo\/image\/","url":"https:\/\/www.viajamenorca.com\/wp-content\/uploads\/2021\/11\/viajamenorca.jpg","contentUrl":"https:\/\/www.viajamenorca.com\/wp-content\/uploads\/2021\/11\/viajamenorca.jpg","width":714,"height":714,"caption":"Viaja a Menorca - Gu\u00eda tur\u00edstica"},"image":{"@id":"https:\/\/www.viajamenorca.com\/fr\/#\/schema\/logo\/image\/"},"sameAs":["https:\/\/www.facebook.com\/ViajaMenorca\/","https:\/\/x.com\/ViajaMenorca","https:\/\/www.instagram.com\/viaja_menorca\/?hl=es","https:\/\/www.youtube.com\/channel\/UCWtpR3jxp79HeZ8zZfHLhXw"]}]}},"_links":{"self":[{"href":"https:\/\/www.viajamenorca.com\/fr\/wp-json\/wp\/v2\/pages\/54791","targetHints":{"allow":["GET"]}}],"collection":[{"href":"https:\/\/www.viajamenorca.com\/fr\/wp-json\/wp\/v2\/pages"}],"about":[{"href":"https:\/\/www.viajamenorca.com\/fr\/wp-json\/wp\/v2\/types\/page"}],"author":[{"embeddable":true,"href":"https:\/\/www.viajamenorca.com\/fr\/wp-json\/wp\/v2\/users\/1"}],"replies":[{"embeddable":true,"href":"https:\/\/www.viajamenorca.com\/fr\/wp-json\/wp\/v2\/comments?post=54791"}],"version-history":[{"count":1,"href":"https:\/\/www.viajamenorca.com\/fr\/wp-json\/wp\/v2\/pages\/54791\/revisions"}],"predecessor-version":[{"id":54792,"href":"https:\/\/www.viajamenorca.com\/fr\/wp-json\/wp\/v2\/pages\/54791\/revisions\/54792"}],"up":[{"embeddable":true,"href":"https:\/\/www.viajamenorca.com\/fr\/wp-json\/wp\/v2\/pages\/54769"}],"wp:attachment":[{"href":"https:\/\/www.viajamenorca.com\/fr\/wp-json\/wp\/v2\/media?parent=54791"}],"curies":[{"name":"wp","href":"https:\/\/api.w.org\/{rel}","templated":true}]}}