{"id":56239,"date":"2017-02-17T23:12:21","date_gmt":"2017-02-17T23:12:21","guid":{"rendered":"https:\/\/www.viajamenorca.com\/guide-touristique\/plages-et-criques\/cote-sud\/"},"modified":"2026-02-22T20:40:26","modified_gmt":"2026-02-22T20:40:26","slug":"cote-sud","status":"publish","type":"page","link":"https:\/\/www.viajamenorca.com\/fr\/guide-touristique\/plages-et-criques\/cote-sud\/","title":{"rendered":"C\u00f4te sud"},"content":{"rendered":"\n<div class=\"gb-element-887b02bf\">\n<div>\n<\/div>\n\n\n\n<div class=\"gb-element-b65ce310\">\n<div style=\"height:21px\" aria-hidden=\"true\" class=\"wp-block-spacer\"><\/div>\n\n\n<div  class=\"search-filter-base search-filter-field search-filter-field--id-2 search-filter-field--type-choice search-filter-field--input-type-select search-filter-style--id-1 search-filter-style--choice-select search-filter-field--width-75\"  data-search-filter-id=\"2\" ><\/div>\n\n\n\n<div style=\"height:5px\" aria-hidden=\"true\" class=\"wp-block-spacer\"><\/div>\n\n\n<div  class=\"search-filter-base search-filter-field search-filter-field--id-1 search-filter-field--type-choice search-filter-field--input-type-select search-filter-style--id-1 search-filter-style--choice-select search-filter-field--width-75\"  data-search-filter-id=\"1\" ><\/div>\n\n\n\n<div style=\"height:5px\" aria-hidden=\"true\" class=\"wp-block-spacer\"><\/div>\n\n\n<div  class=\"search-filter-base search-filter-field search-filter-field--id-3 search-filter-field--type-choice search-filter-field--input-type-select search-filter-style--id-1 search-filter-style--choice-select search-filter-field--width-75\"  data-search-filter-id=\"3\" ><\/div>\n\n\n\n<div style=\"height:25px\" aria-hidden=\"true\" class=\"wp-block-spacer\"><\/div>\n<\/div>\n<\/div>\n\n\n<h3><span style=\"font-size: 13pt;\">Quelques-unes des meilleures criques et plages de la c\u00f4te sud de Minorque &#8211; <strong><a href=\"https:\/\/www.viajamenorca.com\/fr\/guide-touristique\/plages-et-criques\/\">Guide des plages<\/a><\/strong>.<\/span><\/h3>\n\n\n<div class=\"gb-grid-wrapper gb-grid-wrapper-704b403b gb-query-loop-wrapper\">\n<div class=\"gb-grid-column gb-grid-column-69704bd6 gb-query-loop-item post-56928 post type-post status-publish format-standard has-post-thumbnail hentry category-cote-sud tag-anse-de-trebaluger tag-ferrerias tag-ferreries tag-galdana-cove tag-hotels tag-macarella tag-macarelleta tag-mitjana\"><div class=\"gb-container gb-container-69704bd6\">\n<figure class=\"gb-block-image gb-block-image-f1347a96\"><a href=\"https:\/\/www.viajamenorca.com\/fr\/guide-touristique\/plages-et-criques\/cote-sud\/plage-de-cala-galdana\/\"><img decoding=\"async\" width=\"1024\" height=\"616\" src=\"https:\/\/www.viajamenorca.com\/wp-content\/uploads\/2017\/02\/Cala_Galdana-4.jpg\" class=\"gb-image-f1347a96\" alt=\"\" srcset=\"https:\/\/www.viajamenorca.com\/wp-content\/uploads\/2017\/02\/Cala_Galdana-4.jpg 1024w, https:\/\/www.viajamenorca.com\/wp-content\/uploads\/2017\/02\/Cala_Galdana-4-300x180.jpg 300w, https:\/\/www.viajamenorca.com\/wp-content\/uploads\/2017\/02\/Cala_Galdana-4-768x462.jpg 768w, https:\/\/www.viajamenorca.com\/wp-content\/uploads\/2017\/02\/Cala_Galdana-4-110x66.jpg 110w, https:\/\/www.viajamenorca.com\/wp-content\/uploads\/2017\/02\/Cala_Galdana-4-420x253.jpg 420w, https:\/\/www.viajamenorca.com\/wp-content\/uploads\/2017\/02\/Cala_Galdana-4-715x430.jpg 715w\" sizes=\"(max-width: 1024px) 100vw, 1024px\" \/><\/a><\/figure>\n\n<h2 class=\"gb-headline gb-headline-9ed6fb2e gb-headline-text\"><a href=\"https:\/\/www.viajamenorca.com\/fr\/guide-touristique\/plages-et-criques\/cote-sud\/plage-de-cala-galdana\/\">Plage de Cala Galdana<\/a><\/h2>\n\n<div class=\"gb-headline gb-headline-5a6d9aa1 gb-headline-text\">Cala Galdana est situ\u00e9e \u00e0 sept kilom\u00e8tres de Ferrer\u00edas sur la c\u00f4te sud de Minorque. Il s&rsquo;agit d&rsquo;une crique spectaculaire en forme de coquillage, entour\u00e9e d&rsquo;une v\u00e9g\u00e9tation abondante, o\u00f9 les &#8230;<\/div>\n\n<a class=\"gb-button gb-button-c425dfc4 gb-button-text\" href=\"https:\/\/www.viajamenorca.com\/fr\/guide-touristique\/plages-et-criques\/cote-sud\/plage-de-cala-galdana\/\">LIRE LA SUITE&#8230;<\/a>\n\n\n<hr class=\"wp-block-separator has-text-color has-alpha-channel-opacity has-background\" style=\"background-color:#e1e1e1;color:#e1e1e1\"\/>\n\n<\/div><\/div>\n\n<div class=\"gb-grid-column gb-grid-column-69704bd6 gb-query-loop-item post-56890 post type-post status-publish format-standard has-post-thumbnail hentry category-cote-sud category-pavillon-bleu tag-alaior tag-appartement tag-cala-en-porter tag-cote-sud tag-hotels tag-plages\"><div class=\"gb-container gb-container-69704bd6\">\n<figure class=\"gb-block-image gb-block-image-f1347a96\"><a href=\"https:\/\/www.viajamenorca.com\/fr\/guide-touristique\/plages-et-criques\/cote-sud\/plage-de-cala-en-porter\/\"><img decoding=\"async\" width=\"1024\" height=\"576\" src=\"https:\/\/www.viajamenorca.com\/wp-content\/uploads\/2017\/02\/DSC_0474.jpg\" class=\"gb-image-f1347a96\" alt=\"\" srcset=\"https:\/\/www.viajamenorca.com\/wp-content\/uploads\/2017\/02\/DSC_0474.jpg 1024w, https:\/\/www.viajamenorca.com\/wp-content\/uploads\/2017\/02\/DSC_0474-300x169.jpg 300w, https:\/\/www.viajamenorca.com\/wp-content\/uploads\/2017\/02\/DSC_0474-768x432.jpg 768w, https:\/\/www.viajamenorca.com\/wp-content\/uploads\/2017\/02\/DSC_0474-110x62.jpg 110w, https:\/\/www.viajamenorca.com\/wp-content\/uploads\/2017\/02\/DSC_0474-420x236.jpg 420w, https:\/\/www.viajamenorca.com\/wp-content\/uploads\/2017\/02\/DSC_0474-764x430.jpg 764w\" sizes=\"(max-width: 1024px) 100vw, 1024px\" \/><\/a><\/figure>\n\n<h2 class=\"gb-headline gb-headline-9ed6fb2e gb-headline-text\"><a href=\"https:\/\/www.viajamenorca.com\/fr\/guide-touristique\/plages-et-criques\/cote-sud\/plage-de-cala-en-porter\/\">Plage de Cala en Porter<\/a><\/h2>\n\n<div class=\"gb-headline gb-headline-5a6d9aa1 gb-headline-text\">La plage de Cala en Porter est situ\u00e9e \u00e0 11 km au sud de la ville d&rsquo;Alaior sur la c\u00f4te sud de l&rsquo;\u00eele et est une destination touristique populaire pour &#8230;<\/div>\n\n<a class=\"gb-button gb-button-c425dfc4 gb-button-text\" href=\"https:\/\/www.viajamenorca.com\/fr\/guide-touristique\/plages-et-criques\/cote-sud\/plage-de-cala-en-porter\/\">LIRE LA SUITE&#8230;<\/a>\n\n\n<hr class=\"wp-block-separator has-text-color has-alpha-channel-opacity has-background\" style=\"background-color:#e1e1e1;color:#e1e1e1\"\/>\n\n<\/div><\/div>\n\n<div class=\"gb-grid-column gb-grid-column-69704bd6 gb-query-loop-item post-56061 post type-post status-publish format-standard has-post-thumbnail hentry category-cote-sud category-plages-vierges tag-citadelle tag-criques tag-lanse-macarella tag-macarelleta-cove tag-plages\"><div class=\"gb-container gb-container-69704bd6\">\n<figure class=\"gb-block-image gb-block-image-f1347a96\"><a href=\"https:\/\/www.viajamenorca.com\/fr\/guide-touristique\/plages-et-criques\/cote-sud\/macarelleta-cove\/\"><img decoding=\"async\" width=\"1024\" height=\"683\" src=\"https:\/\/www.viajamenorca.com\/wp-content\/uploads\/2017\/02\/IMG_0536.jpg\" class=\"gb-image-f1347a96\" alt=\"Crique de Macarelleta, Minorque\" srcset=\"https:\/\/www.viajamenorca.com\/wp-content\/uploads\/2017\/02\/IMG_0536.jpg 1024w, https:\/\/www.viajamenorca.com\/wp-content\/uploads\/2017\/02\/IMG_0536-300x200.jpg 300w, https:\/\/www.viajamenorca.com\/wp-content\/uploads\/2017\/02\/IMG_0536-768x512.jpg 768w, https:\/\/www.viajamenorca.com\/wp-content\/uploads\/2017\/02\/IMG_0536-110x73.jpg 110w, https:\/\/www.viajamenorca.com\/wp-content\/uploads\/2017\/02\/IMG_0536-420x280.jpg 420w, https:\/\/www.viajamenorca.com\/wp-content\/uploads\/2017\/02\/IMG_0536-645x430.jpg 645w\" sizes=\"(max-width: 1024px) 100vw, 1024px\" \/><\/a><\/figure>\n\n<h2 class=\"gb-headline gb-headline-9ed6fb2e gb-headline-text\"><a href=\"https:\/\/www.viajamenorca.com\/fr\/guide-touristique\/plages-et-criques\/cote-sud\/macarelleta-cove\/\">Cala Macarelleta<\/a><\/h2>\n\n<div class=\"gb-headline gb-headline-5a6d9aa1 gb-headline-text\">Cala Macarelleta se trouve \u00e0 14 km de Ciutadella sur la c\u00f4te sud de l&rsquo;\u00eele. C&rsquo;est l&rsquo;une des criques les plus c\u00e9l\u00e8bres et les plus photographi\u00e9es, elle figure dans tous &#8230;<\/div>\n\n<a class=\"gb-button gb-button-c425dfc4 gb-button-text\" href=\"https:\/\/www.viajamenorca.com\/fr\/guide-touristique\/plages-et-criques\/cote-sud\/macarelleta-cove\/\">LIRE LA SUITE&#8230;<\/a>\n\n\n<hr class=\"wp-block-separator has-text-color has-alpha-channel-opacity has-background\" style=\"background-color:#e1e1e1;color:#e1e1e1\"\/>\n\n<\/div><\/div>\n\n<div class=\"gb-grid-column gb-grid-column-69704bd6 gb-query-loop-item post-56831 post type-post status-publish format-standard has-post-thumbnail hentry category-cote-sud category-pavillon-bleu tag-alaior tag-appartement tag-colonie-talayotique tag-excursions tag-menorca tag-minorque tag-oiseaux tag-plage tag-plage-de-son-bou tag-son-bou tag-zone-humide\"><div class=\"gb-container gb-container-69704bd6\">\n<figure class=\"gb-block-image gb-block-image-f1347a96\"><a href=\"https:\/\/www.viajamenorca.com\/fr\/guide-touristique\/plages-et-criques\/cote-sud\/plage-de-son-bou\/\"><img decoding=\"async\" width=\"1024\" height=\"576\" src=\"https:\/\/www.viajamenorca.com\/wp-content\/uploads\/2017\/02\/DSC_1016.jpg\" class=\"gb-image-f1347a96\" alt=\"\" srcset=\"https:\/\/www.viajamenorca.com\/wp-content\/uploads\/2017\/02\/DSC_1016.jpg 1024w, https:\/\/www.viajamenorca.com\/wp-content\/uploads\/2017\/02\/DSC_1016-300x169.jpg 300w, https:\/\/www.viajamenorca.com\/wp-content\/uploads\/2017\/02\/DSC_1016-768x432.jpg 768w, https:\/\/www.viajamenorca.com\/wp-content\/uploads\/2017\/02\/DSC_1016-110x62.jpg 110w, https:\/\/www.viajamenorca.com\/wp-content\/uploads\/2017\/02\/DSC_1016-420x236.jpg 420w, https:\/\/www.viajamenorca.com\/wp-content\/uploads\/2017\/02\/DSC_1016-764x430.jpg 764w\" sizes=\"(max-width: 1024px) 100vw, 1024px\" \/><\/a><\/figure>\n\n<h2 class=\"gb-headline gb-headline-9ed6fb2e gb-headline-text\"><a href=\"https:\/\/www.viajamenorca.com\/fr\/guide-touristique\/plages-et-criques\/cote-sud\/plage-de-son-bou\/\">Plage de Son Bou<\/a><\/h2>\n\n<div class=\"gb-headline gb-headline-5a6d9aa1 gb-headline-text\">La plage de Son Bou se trouve \u00e0 environ neuf kilom\u00e8tres de Alaior sur la c\u00f4te sud de l&rsquo;\u00eele. C&rsquo;est la plus longue plage de Minorque avec une longueur de &#8230;<\/div>\n\n<a class=\"gb-button gb-button-c425dfc4 gb-button-text\" href=\"https:\/\/www.viajamenorca.com\/fr\/guide-touristique\/plages-et-criques\/cote-sud\/plage-de-son-bou\/\">LIRE LA SUITE&#8230;<\/a>\n\n\n<hr class=\"wp-block-separator has-text-color has-alpha-channel-opacity has-background\" style=\"background-color:#e1e1e1;color:#e1e1e1\"\/>\n\n<\/div><\/div>\n\n<div class=\"gb-grid-column gb-grid-column-69704bd6 gb-query-loop-item post-56961 post type-post status-publish format-standard has-post-thumbnail hentry category-cote-sud tag-appartement tag-es-migjorn-gran tag-hotels tag-plage-de-santo-tomas tag-st-thomas\"><div class=\"gb-container gb-container-69704bd6\">\n<figure class=\"gb-block-image gb-block-image-f1347a96\"><a href=\"https:\/\/www.viajamenorca.com\/fr\/guide-touristique\/plages-et-criques\/cote-sud\/plage-de-santo-tomas\/\"><img decoding=\"async\" width=\"505\" height=\"292\" src=\"https:\/\/www.viajamenorca.com\/wp-content\/uploads\/2019\/02\/santo-tomas.jpg\" class=\"gb-image-f1347a96\" alt=\"\" srcset=\"https:\/\/www.viajamenorca.com\/wp-content\/uploads\/2019\/02\/santo-tomas.jpg 505w, https:\/\/www.viajamenorca.com\/wp-content\/uploads\/2019\/02\/santo-tomas-300x173.jpg 300w, https:\/\/www.viajamenorca.com\/wp-content\/uploads\/2019\/02\/santo-tomas-110x64.jpg 110w, https:\/\/www.viajamenorca.com\/wp-content\/uploads\/2019\/02\/santo-tomas-420x243.jpg 420w\" sizes=\"(max-width: 505px) 100vw, 505px\" \/><\/a><\/figure>\n\n<h2 class=\"gb-headline gb-headline-9ed6fb2e gb-headline-text\"><a href=\"https:\/\/www.viajamenorca.com\/fr\/guide-touristique\/plages-et-criques\/cote-sud\/plage-de-santo-tomas\/\">Plage de Santo Tom\u00e1s<\/a><\/h2>\n\n<div class=\"gb-headline gb-headline-5a6d9aa1 gb-headline-text\">Il est situ\u00e9 dans la municipalit\u00e9 de Es Migjorn Gran, esur la c\u00f4te sud de Minorque. C&rsquo;est une plage de sable fin et blanc, avec des eaux calme turquoise, chaudes &#8230;<\/div>\n\n<a class=\"gb-button gb-button-c425dfc4 gb-button-text\" href=\"https:\/\/www.viajamenorca.com\/fr\/guide-touristique\/plages-et-criques\/cote-sud\/plage-de-santo-tomas\/\">LIRE LA SUITE&#8230;<\/a>\n\n\n<hr class=\"wp-block-separator has-text-color has-alpha-channel-opacity has-background\" style=\"background-color:#e1e1e1;color:#e1e1e1\"\/>\n\n<\/div><\/div>\n<\/div>\n","protected":false},"excerpt":{"rendered":"<p>Quelques-unes des meilleures criques et plages de la c\u00f4te sud de Minorque &#8211; Guide des plages.<\/p>\n","protected":false},"author":1,"featured_media":53224,"parent":53187,"menu_order":0,"comment_status":"closed","ping_status":"closed","template":"","meta":{"_acf_changed":false,"footnotes":""},"class_list":{"0":"post-56239","1":"page","2":"type-page","3":"status-publish","4":"has-post-thumbnail","6":"resize-featured-image"},"acf":[],"yoast_head":"<!-- This site is optimized with the Yoast SEO plugin v27.4 - https:\/\/yoast.com\/product\/yoast-seo-wordpress\/ -->\n<title>C\u00f4te sud de Minorque : Guide des meilleures plages et criques<\/title>\n<meta name=\"description\" content=\"\u26f1 Quelques-unes des meilleures criques et plages de la c\u00f4te sud de Minorque - Guide des plages et criques, nature, littoral, environnement\" \/>\n<meta name=\"robots\" content=\"index, follow, max-snippet:-1, max-image-preview:large, max-video-preview:-1\" \/>\n<link rel=\"canonical\" href=\"https:\/\/www.viajamenorca.com\/fr\/guide-touristique\/plages-et-criques\/cote-sud\/\" \/>\n<meta property=\"og:locale\" content=\"fr_FR\" \/>\n<meta property=\"og:type\" content=\"article\" \/>\n<meta property=\"og:title\" content=\"C\u00f4te sud de Minorque : Guide des meilleures plages et criques\" \/>\n<meta property=\"og:description\" content=\"\u26f1 Quelques-unes des meilleures criques et plages de la c\u00f4te sud de Minorque - Guide des plages et criques, nature, littoral, environnement\" \/>\n<meta property=\"og:url\" content=\"https:\/\/www.viajamenorca.com\/fr\/guide-touristique\/plages-et-criques\/cote-sud\/\" \/>\n<meta property=\"og:site_name\" content=\"Viaja a Menorca\" \/>\n<meta property=\"article:publisher\" content=\"https:\/\/www.facebook.com\/ViajaMenorca\/\" \/>\n<meta property=\"article:modified_time\" content=\"2026-02-22T20:40:26+00:00\" \/>\n<meta property=\"og:image\" content=\"https:\/\/www.viajamenorca.com\/wp-content\/uploads\/2019\/02\/0702-2019-1007606267923082575179-e1549552883509.jpeg\" \/>\n\t<meta property=\"og:image:width\" content=\"1536\" \/>\n\t<meta property=\"og:image:height\" content=\"1433\" \/>\n\t<meta property=\"og:image:type\" content=\"image\/jpeg\" \/>\n<meta name=\"twitter:card\" content=\"summary_large_image\" \/>\n<meta name=\"twitter:site\" content=\"@ViajaMenorca\" \/>\n<meta name=\"twitter:label1\" content=\"Dur\u00e9e de lecture estim\u00e9e\" \/>\n\t<meta name=\"twitter:data1\" content=\"1 minute\" \/>\n<script type=\"application\/ld+json\" class=\"yoast-schema-graph\">{\"@context\":\"https:\\\/\\\/schema.org\",\"@graph\":[{\"@type\":\"WebPage\",\"@id\":\"https:\\\/\\\/www.viajamenorca.com\\\/fr\\\/guide-touristique\\\/plages-et-criques\\\/cote-sud\\\/\",\"url\":\"https:\\\/\\\/www.viajamenorca.com\\\/fr\\\/guide-touristique\\\/plages-et-criques\\\/cote-sud\\\/\",\"name\":\"C\u00f4te sud de Minorque : Guide des meilleures plages et criques\",\"isPartOf\":{\"@id\":\"https:\\\/\\\/www.viajamenorca.com\\\/fr\\\/#website\"},\"primaryImageOfPage\":{\"@id\":\"https:\\\/\\\/www.viajamenorca.com\\\/fr\\\/guide-touristique\\\/plages-et-criques\\\/cote-sud\\\/#primaryimage\"},\"image\":{\"@id\":\"https:\\\/\\\/www.viajamenorca.com\\\/fr\\\/guide-touristique\\\/plages-et-criques\\\/cote-sud\\\/#primaryimage\"},\"thumbnailUrl\":\"https:\\\/\\\/www.viajamenorca.com\\\/wp-content\\\/uploads\\\/2019\\\/02\\\/0702-2019-1007606267923082575179-e1549552883509.jpeg\",\"datePublished\":\"2017-02-17T23:12:21+00:00\",\"dateModified\":\"2026-02-22T20:40:26+00:00\",\"description\":\"\u26f1 Quelques-unes des meilleures criques et plages de la c\u00f4te sud de Minorque - Guide des plages et criques, nature, littoral, environnement\",\"breadcrumb\":{\"@id\":\"https:\\\/\\\/www.viajamenorca.com\\\/fr\\\/guide-touristique\\\/plages-et-criques\\\/cote-sud\\\/#breadcrumb\"},\"inLanguage\":\"fr-FR\",\"potentialAction\":[{\"@type\":\"ReadAction\",\"target\":[\"https:\\\/\\\/www.viajamenorca.com\\\/fr\\\/guide-touristique\\\/plages-et-criques\\\/cote-sud\\\/\"]}]},{\"@type\":\"ImageObject\",\"inLanguage\":\"fr-FR\",\"@id\":\"https:\\\/\\\/www.viajamenorca.com\\\/fr\\\/guide-touristique\\\/plages-et-criques\\\/cote-sud\\\/#primaryimage\",\"url\":\"https:\\\/\\\/www.viajamenorca.com\\\/wp-content\\\/uploads\\\/2019\\\/02\\\/0702-2019-1007606267923082575179-e1549552883509.jpeg\",\"contentUrl\":\"https:\\\/\\\/www.viajamenorca.com\\\/wp-content\\\/uploads\\\/2019\\\/02\\\/0702-2019-1007606267923082575179-e1549552883509.jpeg\",\"width\":1536,\"height\":1433},{\"@type\":\"BreadcrumbList\",\"@id\":\"https:\\\/\\\/www.viajamenorca.com\\\/fr\\\/guide-touristique\\\/plages-et-criques\\\/cote-sud\\\/#breadcrumb\",\"itemListElement\":[{\"@type\":\"ListItem\",\"position\":1,\"name\":\"Guide touristique de Minorque 2026\",\"item\":\"https:\\\/\\\/www.viajamenorca.com\\\/fr\\\/guide-touristique\\\/\"},{\"@type\":\"ListItem\",\"position\":2,\"name\":\"Plages\",\"item\":\"https:\\\/\\\/www.viajamenorca.com\\\/fr\\\/guide-touristique\\\/plages-et-criques\\\/\"},{\"@type\":\"ListItem\",\"position\":3,\"name\":\"C\u00f4te sud\"}]},{\"@type\":\"WebSite\",\"@id\":\"https:\\\/\\\/www.viajamenorca.com\\\/fr\\\/#website\",\"url\":\"https:\\\/\\\/www.viajamenorca.com\\\/fr\\\/\",\"name\":\"Viaja a Menorca\",\"description\":\"Votre aventure minorquine commence ici !\",\"publisher\":{\"@id\":\"https:\\\/\\\/www.viajamenorca.com\\\/fr\\\/#organization\"},\"alternateName\":\"Gu\u00eda tur\u00edstica de Menorca\",\"potentialAction\":[{\"@type\":\"SearchAction\",\"target\":{\"@type\":\"EntryPoint\",\"urlTemplate\":\"https:\\\/\\\/www.viajamenorca.com\\\/fr\\\/?s={search_term_string}\"},\"query-input\":{\"@type\":\"PropertyValueSpecification\",\"valueRequired\":true,\"valueName\":\"search_term_string\"}}],\"inLanguage\":\"fr-FR\"},{\"@type\":\"Organization\",\"@id\":\"https:\\\/\\\/www.viajamenorca.com\\\/fr\\\/#organization\",\"name\":\"Viaja a Menorca - Gu\u00eda tur\u00edstica\",\"alternateName\":\"Viaja a Menorca\",\"url\":\"https:\\\/\\\/www.viajamenorca.com\\\/fr\\\/\",\"logo\":{\"@type\":\"ImageObject\",\"inLanguage\":\"fr-FR\",\"@id\":\"https:\\\/\\\/www.viajamenorca.com\\\/fr\\\/#\\\/schema\\\/logo\\\/image\\\/\",\"url\":\"https:\\\/\\\/www.viajamenorca.com\\\/wp-content\\\/uploads\\\/2021\\\/11\\\/viajamenorca.jpg\",\"contentUrl\":\"https:\\\/\\\/www.viajamenorca.com\\\/wp-content\\\/uploads\\\/2021\\\/11\\\/viajamenorca.jpg\",\"width\":714,\"height\":714,\"caption\":\"Viaja a Menorca - Gu\u00eda tur\u00edstica\"},\"image\":{\"@id\":\"https:\\\/\\\/www.viajamenorca.com\\\/fr\\\/#\\\/schema\\\/logo\\\/image\\\/\"},\"sameAs\":[\"https:\\\/\\\/www.facebook.com\\\/ViajaMenorca\\\/\",\"https:\\\/\\\/x.com\\\/ViajaMenorca\",\"https:\\\/\\\/www.instagram.com\\\/viaja_menorca\\\/?hl=es\",\"https:\\\/\\\/www.youtube.com\\\/channel\\\/UCWtpR3jxp79HeZ8zZfHLhXw\"]}]}<\/script>\n<!-- \/ Yoast SEO plugin. -->","yoast_head_json":{"title":"C\u00f4te sud de Minorque : Guide des meilleures plages et criques","description":"\u26f1 Quelques-unes des meilleures criques et plages de la c\u00f4te sud de Minorque - Guide des plages et criques, nature, littoral, environnement","robots":{"index":"index","follow":"follow","max-snippet":"max-snippet:-1","max-image-preview":"max-image-preview:large","max-video-preview":"max-video-preview:-1"},"canonical":"https:\/\/www.viajamenorca.com\/fr\/guide-touristique\/plages-et-criques\/cote-sud\/","og_locale":"fr_FR","og_type":"article","og_title":"C\u00f4te sud de Minorque : Guide des meilleures plages et criques","og_description":"\u26f1 Quelques-unes des meilleures criques et plages de la c\u00f4te sud de Minorque - Guide des plages et criques, nature, littoral, environnement","og_url":"https:\/\/www.viajamenorca.com\/fr\/guide-touristique\/plages-et-criques\/cote-sud\/","og_site_name":"Viaja a Menorca","article_publisher":"https:\/\/www.facebook.com\/ViajaMenorca\/","article_modified_time":"2026-02-22T20:40:26+00:00","og_image":[{"width":1536,"height":1433,"url":"https:\/\/www.viajamenorca.com\/wp-content\/uploads\/2019\/02\/0702-2019-1007606267923082575179-e1549552883509.jpeg","type":"image\/jpeg"}],"twitter_card":"summary_large_image","twitter_site":"@ViajaMenorca","twitter_misc":{"Dur\u00e9e de lecture estim\u00e9e":"1 minute"},"schema":{"@context":"https:\/\/schema.org","@graph":[{"@type":"WebPage","@id":"https:\/\/www.viajamenorca.com\/fr\/guide-touristique\/plages-et-criques\/cote-sud\/","url":"https:\/\/www.viajamenorca.com\/fr\/guide-touristique\/plages-et-criques\/cote-sud\/","name":"C\u00f4te sud de Minorque : Guide des meilleures plages et criques","isPartOf":{"@id":"https:\/\/www.viajamenorca.com\/fr\/#website"},"primaryImageOfPage":{"@id":"https:\/\/www.viajamenorca.com\/fr\/guide-touristique\/plages-et-criques\/cote-sud\/#primaryimage"},"image":{"@id":"https:\/\/www.viajamenorca.com\/fr\/guide-touristique\/plages-et-criques\/cote-sud\/#primaryimage"},"thumbnailUrl":"https:\/\/www.viajamenorca.com\/wp-content\/uploads\/2019\/02\/0702-2019-1007606267923082575179-e1549552883509.jpeg","datePublished":"2017-02-17T23:12:21+00:00","dateModified":"2026-02-22T20:40:26+00:00","description":"\u26f1 Quelques-unes des meilleures criques et plages de la c\u00f4te sud de Minorque - Guide des plages et criques, nature, littoral, environnement","breadcrumb":{"@id":"https:\/\/www.viajamenorca.com\/fr\/guide-touristique\/plages-et-criques\/cote-sud\/#breadcrumb"},"inLanguage":"fr-FR","potentialAction":[{"@type":"ReadAction","target":["https:\/\/www.viajamenorca.com\/fr\/guide-touristique\/plages-et-criques\/cote-sud\/"]}]},{"@type":"ImageObject","inLanguage":"fr-FR","@id":"https:\/\/www.viajamenorca.com\/fr\/guide-touristique\/plages-et-criques\/cote-sud\/#primaryimage","url":"https:\/\/www.viajamenorca.com\/wp-content\/uploads\/2019\/02\/0702-2019-1007606267923082575179-e1549552883509.jpeg","contentUrl":"https:\/\/www.viajamenorca.com\/wp-content\/uploads\/2019\/02\/0702-2019-1007606267923082575179-e1549552883509.jpeg","width":1536,"height":1433},{"@type":"BreadcrumbList","@id":"https:\/\/www.viajamenorca.com\/fr\/guide-touristique\/plages-et-criques\/cote-sud\/#breadcrumb","itemListElement":[{"@type":"ListItem","position":1,"name":"Guide touristique de Minorque 2026","item":"https:\/\/www.viajamenorca.com\/fr\/guide-touristique\/"},{"@type":"ListItem","position":2,"name":"Plages","item":"https:\/\/www.viajamenorca.com\/fr\/guide-touristique\/plages-et-criques\/"},{"@type":"ListItem","position":3,"name":"C\u00f4te sud"}]},{"@type":"WebSite","@id":"https:\/\/www.viajamenorca.com\/fr\/#website","url":"https:\/\/www.viajamenorca.com\/fr\/","name":"Viaja a Menorca","description":"Votre aventure minorquine commence ici !","publisher":{"@id":"https:\/\/www.viajamenorca.com\/fr\/#organization"},"alternateName":"Gu\u00eda tur\u00edstica de Menorca","potentialAction":[{"@type":"SearchAction","target":{"@type":"EntryPoint","urlTemplate":"https:\/\/www.viajamenorca.com\/fr\/?s={search_term_string}"},"query-input":{"@type":"PropertyValueSpecification","valueRequired":true,"valueName":"search_term_string"}}],"inLanguage":"fr-FR"},{"@type":"Organization","@id":"https:\/\/www.viajamenorca.com\/fr\/#organization","name":"Viaja a Menorca - Gu\u00eda tur\u00edstica","alternateName":"Viaja a Menorca","url":"https:\/\/www.viajamenorca.com\/fr\/","logo":{"@type":"ImageObject","inLanguage":"fr-FR","@id":"https:\/\/www.viajamenorca.com\/fr\/#\/schema\/logo\/image\/","url":"https:\/\/www.viajamenorca.com\/wp-content\/uploads\/2021\/11\/viajamenorca.jpg","contentUrl":"https:\/\/www.viajamenorca.com\/wp-content\/uploads\/2021\/11\/viajamenorca.jpg","width":714,"height":714,"caption":"Viaja a Menorca - Gu\u00eda tur\u00edstica"},"image":{"@id":"https:\/\/www.viajamenorca.com\/fr\/#\/schema\/logo\/image\/"},"sameAs":["https:\/\/www.facebook.com\/ViajaMenorca\/","https:\/\/x.com\/ViajaMenorca","https:\/\/www.instagram.com\/viaja_menorca\/?hl=es","https:\/\/www.youtube.com\/channel\/UCWtpR3jxp79HeZ8zZfHLhXw"]}]}},"_links":{"self":[{"href":"https:\/\/www.viajamenorca.com\/fr\/wp-json\/wp\/v2\/pages\/56239","targetHints":{"allow":["GET"]}}],"collection":[{"href":"https:\/\/www.viajamenorca.com\/fr\/wp-json\/wp\/v2\/pages"}],"about":[{"href":"https:\/\/www.viajamenorca.com\/fr\/wp-json\/wp\/v2\/types\/page"}],"author":[{"embeddable":true,"href":"https:\/\/www.viajamenorca.com\/fr\/wp-json\/wp\/v2\/users\/1"}],"replies":[{"embeddable":true,"href":"https:\/\/www.viajamenorca.com\/fr\/wp-json\/wp\/v2\/comments?post=56239"}],"version-history":[{"count":4,"href":"https:\/\/www.viajamenorca.com\/fr\/wp-json\/wp\/v2\/pages\/56239\/revisions"}],"predecessor-version":[{"id":59704,"href":"https:\/\/www.viajamenorca.com\/fr\/wp-json\/wp\/v2\/pages\/56239\/revisions\/59704"}],"up":[{"embeddable":true,"href":"https:\/\/www.viajamenorca.com\/fr\/wp-json\/wp\/v2\/pages\/53187"}],"wp:featuredmedia":[{"embeddable":true,"href":"https:\/\/www.viajamenorca.com\/fr\/wp-json\/wp\/v2\/media\/53224"}],"wp:attachment":[{"href":"https:\/\/www.viajamenorca.com\/fr\/wp-json\/wp\/v2\/media?parent=56239"}],"curies":[{"name":"wp","href":"https:\/\/api.w.org\/{rel}","templated":true}]}}