{"id":56245,"date":"2017-02-17T23:12:36","date_gmt":"2017-02-17T23:12:36","guid":{"rendered":"https:\/\/www.viajamenorca.com\/guide-touristique\/plages-et-criques\/cote-est\/"},"modified":"2026-02-22T20:31:55","modified_gmt":"2026-02-22T20:31:55","slug":"cote-est","status":"publish","type":"page","link":"https:\/\/www.viajamenorca.com\/fr\/guide-touristique\/plages-et-criques\/cote-est\/","title":{"rendered":"C\u00f4te Est"},"content":{"rendered":"\n<div class=\"gb-element-887b02bf\">\n<div>\n<\/div>\n\n\n\n<div class=\"gb-element-b65ce310\">\n<div style=\"height:21px\" aria-hidden=\"true\" class=\"wp-block-spacer\"><\/div>\n\n\n<div  class=\"search-filter-base search-filter-field search-filter-field--id-2 search-filter-field--type-choice search-filter-field--input-type-select search-filter-style--id-1 search-filter-style--choice-select search-filter-field--width-75\"  data-search-filter-id=\"2\" ><\/div>\n\n\n\n<div style=\"height:5px\" aria-hidden=\"true\" class=\"wp-block-spacer\"><\/div>\n\n\n<div  class=\"search-filter-base search-filter-field search-filter-field--id-1 search-filter-field--type-choice search-filter-field--input-type-select search-filter-style--id-1 search-filter-style--choice-select search-filter-field--width-75\"  data-search-filter-id=\"1\" ><\/div>\n\n\n\n<div style=\"height:5px\" aria-hidden=\"true\" class=\"wp-block-spacer\"><\/div>\n\n\n<div  class=\"search-filter-base search-filter-field search-filter-field--id-3 search-filter-field--type-choice search-filter-field--input-type-select search-filter-style--id-1 search-filter-style--choice-select search-filter-field--width-75\"  data-search-filter-id=\"3\" ><\/div>\n\n\n\n<div style=\"height:25px\" aria-hidden=\"true\" class=\"wp-block-spacer\"><\/div>\n<\/div>\n<\/div>\n\n\n<h3><span style=\"font-size: 13pt;\">\u26f1 Quelques-unes des meilleures criques et plages de la c\u00f4te est de Minorque &#8211; <strong><a href=\"https:\/\/www.viajamenorca.com\/fr\/guide-touristique\/plages-et-criques\/\">Guide des plages<\/a><\/strong><\/span><\/h3>\n\n\n<div class=\"gb-grid-wrapper gb-grid-wrapper-704b403b gb-query-loop-wrapper\">\n<div class=\"gb-grid-column gb-grid-column-69704bd6 gb-query-loop-item post-57144 post type-post status-publish format-standard has-post-thumbnail hentry category-cote-est category-pavillon-bleu tag-appartement tag-hotels tag-plage tag-plage-de-punta-prima tag-punta-prima tag-san-luis tag-st-lluis\"><div class=\"gb-container gb-container-69704bd6\">\n<figure class=\"gb-block-image gb-block-image-f1347a96\"><a href=\"https:\/\/www.viajamenorca.com\/fr\/guide-touristique\/plages-et-criques\/cote-est\/plage-de-punta-prima\/\"><img decoding=\"async\" width=\"1024\" height=\"576\" src=\"https:\/\/www.viajamenorca.com\/wp-content\/uploads\/2017\/02\/20160520_204459-e1540516107564.jpg\" class=\"gb-image-f1347a96\" alt=\"\" srcset=\"https:\/\/www.viajamenorca.com\/wp-content\/uploads\/2017\/02\/20160520_204459-e1540516107564.jpg 1024w, https:\/\/www.viajamenorca.com\/wp-content\/uploads\/2017\/02\/20160520_204459-e1540516107564-300x169.jpg 300w, https:\/\/www.viajamenorca.com\/wp-content\/uploads\/2017\/02\/20160520_204459-e1540516107564-768x432.jpg 768w, https:\/\/www.viajamenorca.com\/wp-content\/uploads\/2017\/02\/20160520_204459-e1540516107564-110x62.jpg 110w, https:\/\/www.viajamenorca.com\/wp-content\/uploads\/2017\/02\/20160520_204459-e1540516107564-420x236.jpg 420w, https:\/\/www.viajamenorca.com\/wp-content\/uploads\/2017\/02\/20160520_204459-e1540516107564-764x430.jpg 764w\" sizes=\"(max-width: 1024px) 100vw, 1024px\" \/><\/a><\/figure>\n\n<h2 class=\"gb-headline gb-headline-9ed6fb2e gb-headline-text\"><a href=\"https:\/\/www.viajamenorca.com\/fr\/guide-touristique\/plages-et-criques\/cote-est\/plage-de-punta-prima\/\">Plage de Punta Prima<\/a><\/h2>\n\n<div class=\"gb-headline gb-headline-5a6d9aa1 gb-headline-text\">Une excellente plage de sable blanc et fin, des eaux cristallines aux nuances de bleu turquoise. Situ\u00e9e \u00e0 la pointe sud-est de l&rsquo;\u00eele de Minorque, dans la commune de San &#8230;<\/div>\n\n<a class=\"gb-button gb-button-c425dfc4 gb-button-text\" href=\"https:\/\/www.viajamenorca.com\/fr\/guide-touristique\/plages-et-criques\/cote-est\/plage-de-punta-prima\/\">LIRE LA SUITE&#8230;<\/a>\n\n\n<hr class=\"wp-block-separator has-text-color has-alpha-channel-opacity has-background\" style=\"background-color:#e1e1e1;color:#e1e1e1\"\/>\n\n<\/div><\/div>\n\n<div class=\"gb-grid-column gb-grid-column-69704bd6 gb-query-loop-item post-57135 post type-post status-publish format-standard has-post-thumbnail hentry category-cote-est tag-anse-dalcaufar tag-anse-rafalet tag-la-crique tag-plage tag-san-luis tag-sant-lluis\"><div class=\"gb-container gb-container-69704bd6\">\n<figure class=\"gb-block-image gb-block-image-f1347a96\"><a href=\"https:\/\/www.viajamenorca.com\/fr\/guide-touristique\/plages-et-criques\/cote-est\/plage-de-cala-alcaufar\/\"><img decoding=\"async\" width=\"1967\" height=\"1150\" src=\"https:\/\/www.viajamenorca.com\/wp-content\/uploads\/2019\/02\/20190209_140154-e1549728981784.jpg\" class=\"gb-image-f1347a96\" alt=\"\" srcset=\"https:\/\/www.viajamenorca.com\/wp-content\/uploads\/2019\/02\/20190209_140154-e1549728981784.jpg 1967w, https:\/\/www.viajamenorca.com\/wp-content\/uploads\/2019\/02\/20190209_140154-e1549728981784-300x175.jpg 300w, https:\/\/www.viajamenorca.com\/wp-content\/uploads\/2019\/02\/20190209_140154-e1549728981784-768x449.jpg 768w, https:\/\/www.viajamenorca.com\/wp-content\/uploads\/2019\/02\/20190209_140154-e1549728981784-1024x599.jpg 1024w, https:\/\/www.viajamenorca.com\/wp-content\/uploads\/2019\/02\/20190209_140154-e1549728981784-110x64.jpg 110w, https:\/\/www.viajamenorca.com\/wp-content\/uploads\/2019\/02\/20190209_140154-e1549728981784-420x246.jpg 420w, https:\/\/www.viajamenorca.com\/wp-content\/uploads\/2019\/02\/20190209_140154-e1549728981784-735x430.jpg 735w\" sizes=\"(max-width: 1967px) 100vw, 1967px\" \/><\/a><\/figure>\n\n<h2 class=\"gb-headline gb-headline-9ed6fb2e gb-headline-text\"><a href=\"https:\/\/www.viajamenorca.com\/fr\/guide-touristique\/plages-et-criques\/cote-est\/plage-de-cala-alcaufar\/\">Plage de Cala Alcaufar<\/a><\/h2>\n\n<div class=\"gb-headline gb-headline-5a6d9aa1 gb-headline-text\">La plage de Cala Alcaufar est situ\u00e9e sur la c\u00f4te sud-est de Minorque, dans la municipalit\u00e9 de San Lluis. Cette petite crique aux eaux calmes est id\u00e9ale pour les familles. &#8230;<\/div>\n\n<a class=\"gb-button gb-button-c425dfc4 gb-button-text\" href=\"https:\/\/www.viajamenorca.com\/fr\/guide-touristique\/plages-et-criques\/cote-est\/plage-de-cala-alcaufar\/\">LIRE LA SUITE&#8230;<\/a>\n\n\n<hr class=\"wp-block-separator has-text-color has-alpha-channel-opacity has-background\" style=\"background-color:#e1e1e1;color:#e1e1e1\"\/>\n\n<\/div><\/div>\n\n<div class=\"gb-grid-column gb-grid-column-69704bd6 gb-query-loop-item post-56144 post type-post status-publish format-standard has-post-thumbnail hentry category-cote-est category-plages-vierges tag-anse-rafalet tag-cote-sud tag-plages-sant-lluis\"><div class=\"gb-container gb-container-69704bd6\">\n<figure class=\"gb-block-image gb-block-image-f1347a96\"><a href=\"https:\/\/www.viajamenorca.com\/fr\/guide-touristique\/plages-et-criques\/plages-vierges\/cala-rafalet\/\"><img decoding=\"async\" width=\"1080\" height=\"1440\" src=\"https:\/\/www.viajamenorca.com\/wp-content\/uploads\/2023\/02\/Cala-Rafalet-Jose-Lopez.jpg\" class=\"gb-image-f1347a96\" alt=\"\" srcset=\"https:\/\/www.viajamenorca.com\/wp-content\/uploads\/2023\/02\/Cala-Rafalet-Jose-Lopez.jpg 1080w, https:\/\/www.viajamenorca.com\/wp-content\/uploads\/2023\/02\/Cala-Rafalet-Jose-Lopez-263x350.jpg 263w, https:\/\/www.viajamenorca.com\/wp-content\/uploads\/2023\/02\/Cala-Rafalet-Jose-Lopez-768x1024.jpg 768w\" sizes=\"(max-width: 1080px) 100vw, 1080px\" \/><\/a><\/figure>\n\n<h2 class=\"gb-headline gb-headline-9ed6fb2e gb-headline-text\"><a href=\"https:\/\/www.viajamenorca.com\/fr\/guide-touristique\/plages-et-criques\/plages-vierges\/cala-rafalet\/\">Cala Rafalet<\/a><\/h2>\n\n<div class=\"gb-headline gb-headline-5a6d9aa1 gb-headline-text\">Cala Rafalet, une petite crique intacte situ\u00e9e dans la municipalit\u00e9 de Sant Llu\u00eds C&rsquo;est une oasis de paix et de beaut\u00e9 naturelle sur la c\u00f4te est. c\u00f4te est de Minorque. &#8230;<\/div>\n\n<a class=\"gb-button gb-button-c425dfc4 gb-button-text\" href=\"https:\/\/www.viajamenorca.com\/fr\/guide-touristique\/plages-et-criques\/plages-vierges\/cala-rafalet\/\">LIRE LA SUITE&#8230;<\/a>\n\n\n<hr class=\"wp-block-separator has-text-color has-alpha-channel-opacity has-background\" style=\"background-color:#e1e1e1;color:#e1e1e1\"\/>\n\n<\/div><\/div>\n\n<div class=\"gb-grid-column gb-grid-column-69704bd6 gb-query-loop-item post-57041 post type-post status-publish format-standard has-post-thumbnail hentry category-cote-est tag-albufera-des-grau tag-appartement tag-es-grau tag-guide-des-plages-et-des-criques tag-hotels tag-mahon tag-parc-naturel\"><div class=\"gb-container gb-container-69704bd6\">\n<figure class=\"gb-block-image gb-block-image-f1347a96\"><a href=\"https:\/\/www.viajamenorca.com\/fr\/guide-touristique\/plages-et-criques\/cote-est\/plage-des-grau\/\"><img decoding=\"async\" width=\"2560\" height=\"1125\" src=\"https:\/\/www.viajamenorca.com\/wp-content\/uploads\/2020\/02\/20190226_123705-scaled.jpg\" class=\"gb-image-f1347a96\" alt=\"Plages de Minorque\" srcset=\"https:\/\/www.viajamenorca.com\/wp-content\/uploads\/2020\/02\/20190226_123705-scaled.jpg 2560w, https:\/\/www.viajamenorca.com\/wp-content\/uploads\/2020\/02\/20190226_123705-300x132.jpg 300w, https:\/\/www.viajamenorca.com\/wp-content\/uploads\/2020\/02\/20190226_123705-1024x450.jpg 1024w, https:\/\/www.viajamenorca.com\/wp-content\/uploads\/2020\/02\/20190226_123705-768x337.jpg 768w, https:\/\/www.viajamenorca.com\/wp-content\/uploads\/2020\/02\/20190226_123705-1536x675.jpg 1536w, https:\/\/www.viajamenorca.com\/wp-content\/uploads\/2020\/02\/20190226_123705-2048x900.jpg 2048w, https:\/\/www.viajamenorca.com\/wp-content\/uploads\/2020\/02\/20190226_123705-110x48.jpg 110w, https:\/\/www.viajamenorca.com\/wp-content\/uploads\/2020\/02\/20190226_123705-420x185.jpg 420w, https:\/\/www.viajamenorca.com\/wp-content\/uploads\/2020\/02\/20190226_123705-770x338.jpg 770w\" sizes=\"(max-width: 2560px) 100vw, 2560px\" \/><\/a><\/figure>\n\n<h2 class=\"gb-headline gb-headline-9ed6fb2e gb-headline-text\"><a href=\"https:\/\/www.viajamenorca.com\/fr\/guide-touristique\/plages-et-criques\/cote-est\/plage-des-grau\/\">Plage d&rsquo;Es Grau<\/a><\/h2>\n\n<div class=\"gb-headline gb-headline-5a6d9aa1 gb-headline-text\">La plage d&rsquo;Es Grau est situ\u00e9e dans un petit village de p\u00eacheurs typiquement minor quin, sur la c\u00f4te nord-est de Minorque, dans la municipalit\u00e9 de Mah\u00f3n. Elle fait partie du &#8230;<\/div>\n\n<a class=\"gb-button gb-button-c425dfc4 gb-button-text\" href=\"https:\/\/www.viajamenorca.com\/fr\/guide-touristique\/plages-et-criques\/cote-est\/plage-des-grau\/\">LIRE LA SUITE&#8230;<\/a>\n\n\n<hr class=\"wp-block-separator has-text-color has-alpha-channel-opacity has-background\" style=\"background-color:#e1e1e1;color:#e1e1e1\"\/>\n\n<\/div><\/div>\n<\/div>\n","protected":false},"excerpt":{"rendered":"<p>\u26f1 Quelques-unes des meilleures criques et plages de la c\u00f4te est de Minorque &#8211; Guide des plages<\/p>\n","protected":false},"author":1,"featured_media":0,"parent":53187,"menu_order":0,"comment_status":"closed","ping_status":"closed","template":"","meta":{"_acf_changed":false,"footnotes":""},"class_list":["post-56245","page","type-page","status-publish"],"acf":[],"yoast_head":"<!-- This site is optimized with the Yoast SEO plugin v27.4 - https:\/\/yoast.com\/product\/yoast-seo-wordpress\/ -->\n<title>Meilleures plages et criques de la c\u00f4te est de Minorque : Guide<\/title>\n<meta name=\"description\" content=\"\u26f1 Quelques-unes des meilleures criques et plages situ\u00e9es sur la c\u00f4te est de l&#039;\u00eele de Minorque - Guide des plages et criques pr\u00e9serv\u00e9es\" \/>\n<meta name=\"robots\" content=\"index, follow, max-snippet:-1, max-image-preview:large, max-video-preview:-1\" \/>\n<link rel=\"canonical\" href=\"https:\/\/www.viajamenorca.com\/fr\/guide-touristique\/plages-et-criques\/cote-est\/\" \/>\n<meta property=\"og:locale\" content=\"fr_FR\" \/>\n<meta property=\"og:type\" content=\"article\" \/>\n<meta property=\"og:title\" content=\"Meilleures plages et criques de la c\u00f4te est de Minorque : Guide\" \/>\n<meta property=\"og:description\" content=\"\u26f1 Quelques-unes des meilleures criques et plages situ\u00e9es sur la c\u00f4te est de l&#039;\u00eele de Minorque - Guide des plages et criques pr\u00e9serv\u00e9es\" \/>\n<meta property=\"og:url\" content=\"https:\/\/www.viajamenorca.com\/fr\/guide-touristique\/plages-et-criques\/cote-est\/\" \/>\n<meta property=\"og:site_name\" content=\"Viaja a Menorca\" \/>\n<meta property=\"article:publisher\" content=\"https:\/\/www.facebook.com\/ViajaMenorca\/\" \/>\n<meta property=\"article:modified_time\" content=\"2026-02-22T20:31:55+00:00\" \/>\n<meta property=\"og:image\" content=\"https:\/\/www.viajamenorca.com\/wp-content\/uploads\/2017\/02\/20160520_204459-e1540516107564.jpg\" \/>\n\t<meta property=\"og:image:width\" content=\"1024\" \/>\n\t<meta property=\"og:image:height\" content=\"576\" \/>\n\t<meta property=\"og:image:type\" content=\"image\/jpeg\" \/>\n<meta name=\"twitter:card\" content=\"summary_large_image\" \/>\n<meta name=\"twitter:site\" content=\"@ViajaMenorca\" \/>\n<meta name=\"twitter:label1\" content=\"Dur\u00e9e de lecture estim\u00e9e\" \/>\n\t<meta name=\"twitter:data1\" content=\"1 minute\" \/>\n<script type=\"application\/ld+json\" class=\"yoast-schema-graph\">{\"@context\":\"https:\\\/\\\/schema.org\",\"@graph\":[{\"@type\":\"WebPage\",\"@id\":\"https:\\\/\\\/www.viajamenorca.com\\\/fr\\\/guide-touristique\\\/plages-et-criques\\\/cote-est\\\/\",\"url\":\"https:\\\/\\\/www.viajamenorca.com\\\/fr\\\/guide-touristique\\\/plages-et-criques\\\/cote-est\\\/\",\"name\":\"Meilleures plages et criques de la c\u00f4te est de Minorque : Guide\",\"isPartOf\":{\"@id\":\"https:\\\/\\\/www.viajamenorca.com\\\/fr\\\/#website\"},\"datePublished\":\"2017-02-17T23:12:36+00:00\",\"dateModified\":\"2026-02-22T20:31:55+00:00\",\"description\":\"\u26f1 Quelques-unes des meilleures criques et plages situ\u00e9es sur la c\u00f4te est de l'\u00eele de Minorque - Guide des plages et criques pr\u00e9serv\u00e9es\",\"breadcrumb\":{\"@id\":\"https:\\\/\\\/www.viajamenorca.com\\\/fr\\\/guide-touristique\\\/plages-et-criques\\\/cote-est\\\/#breadcrumb\"},\"inLanguage\":\"fr-FR\",\"potentialAction\":[{\"@type\":\"ReadAction\",\"target\":[\"https:\\\/\\\/www.viajamenorca.com\\\/fr\\\/guide-touristique\\\/plages-et-criques\\\/cote-est\\\/\"]}]},{\"@type\":\"BreadcrumbList\",\"@id\":\"https:\\\/\\\/www.viajamenorca.com\\\/fr\\\/guide-touristique\\\/plages-et-criques\\\/cote-est\\\/#breadcrumb\",\"itemListElement\":[{\"@type\":\"ListItem\",\"position\":1,\"name\":\"Guide touristique de Minorque 2026\",\"item\":\"https:\\\/\\\/www.viajamenorca.com\\\/fr\\\/guide-touristique\\\/\"},{\"@type\":\"ListItem\",\"position\":2,\"name\":\"Plages\",\"item\":\"https:\\\/\\\/www.viajamenorca.com\\\/fr\\\/guide-touristique\\\/plages-et-criques\\\/\"},{\"@type\":\"ListItem\",\"position\":3,\"name\":\"C\u00f4te Est\"}]},{\"@type\":\"WebSite\",\"@id\":\"https:\\\/\\\/www.viajamenorca.com\\\/fr\\\/#website\",\"url\":\"https:\\\/\\\/www.viajamenorca.com\\\/fr\\\/\",\"name\":\"Viaja a Menorca\",\"description\":\"Votre aventure minorquine commence ici !\",\"publisher\":{\"@id\":\"https:\\\/\\\/www.viajamenorca.com\\\/fr\\\/#organization\"},\"alternateName\":\"Gu\u00eda tur\u00edstica de Menorca\",\"potentialAction\":[{\"@type\":\"SearchAction\",\"target\":{\"@type\":\"EntryPoint\",\"urlTemplate\":\"https:\\\/\\\/www.viajamenorca.com\\\/fr\\\/?s={search_term_string}\"},\"query-input\":{\"@type\":\"PropertyValueSpecification\",\"valueRequired\":true,\"valueName\":\"search_term_string\"}}],\"inLanguage\":\"fr-FR\"},{\"@type\":\"Organization\",\"@id\":\"https:\\\/\\\/www.viajamenorca.com\\\/fr\\\/#organization\",\"name\":\"Viaja a Menorca - Gu\u00eda tur\u00edstica\",\"alternateName\":\"Viaja a Menorca\",\"url\":\"https:\\\/\\\/www.viajamenorca.com\\\/fr\\\/\",\"logo\":{\"@type\":\"ImageObject\",\"inLanguage\":\"fr-FR\",\"@id\":\"https:\\\/\\\/www.viajamenorca.com\\\/fr\\\/#\\\/schema\\\/logo\\\/image\\\/\",\"url\":\"https:\\\/\\\/www.viajamenorca.com\\\/wp-content\\\/uploads\\\/2021\\\/11\\\/viajamenorca.jpg\",\"contentUrl\":\"https:\\\/\\\/www.viajamenorca.com\\\/wp-content\\\/uploads\\\/2021\\\/11\\\/viajamenorca.jpg\",\"width\":714,\"height\":714,\"caption\":\"Viaja a Menorca - Gu\u00eda tur\u00edstica\"},\"image\":{\"@id\":\"https:\\\/\\\/www.viajamenorca.com\\\/fr\\\/#\\\/schema\\\/logo\\\/image\\\/\"},\"sameAs\":[\"https:\\\/\\\/www.facebook.com\\\/ViajaMenorca\\\/\",\"https:\\\/\\\/x.com\\\/ViajaMenorca\",\"https:\\\/\\\/www.instagram.com\\\/viaja_menorca\\\/?hl=es\",\"https:\\\/\\\/www.youtube.com\\\/channel\\\/UCWtpR3jxp79HeZ8zZfHLhXw\"]}]}<\/script>\n<!-- \/ Yoast SEO plugin. -->","yoast_head_json":{"title":"Meilleures plages et criques de la c\u00f4te est de Minorque : Guide","description":"\u26f1 Quelques-unes des meilleures criques et plages situ\u00e9es sur la c\u00f4te est de l'\u00eele de Minorque - Guide des plages et criques pr\u00e9serv\u00e9es","robots":{"index":"index","follow":"follow","max-snippet":"max-snippet:-1","max-image-preview":"max-image-preview:large","max-video-preview":"max-video-preview:-1"},"canonical":"https:\/\/www.viajamenorca.com\/fr\/guide-touristique\/plages-et-criques\/cote-est\/","og_locale":"fr_FR","og_type":"article","og_title":"Meilleures plages et criques de la c\u00f4te est de Minorque : Guide","og_description":"\u26f1 Quelques-unes des meilleures criques et plages situ\u00e9es sur la c\u00f4te est de l'\u00eele de Minorque - Guide des plages et criques pr\u00e9serv\u00e9es","og_url":"https:\/\/www.viajamenorca.com\/fr\/guide-touristique\/plages-et-criques\/cote-est\/","og_site_name":"Viaja a Menorca","article_publisher":"https:\/\/www.facebook.com\/ViajaMenorca\/","article_modified_time":"2026-02-22T20:31:55+00:00","og_image":[{"width":1024,"height":576,"url":"https:\/\/www.viajamenorca.com\/wp-content\/uploads\/2017\/02\/20160520_204459-e1540516107564.jpg","type":"image\/jpeg"}],"twitter_card":"summary_large_image","twitter_site":"@ViajaMenorca","twitter_misc":{"Dur\u00e9e de lecture estim\u00e9e":"1 minute"},"schema":{"@context":"https:\/\/schema.org","@graph":[{"@type":"WebPage","@id":"https:\/\/www.viajamenorca.com\/fr\/guide-touristique\/plages-et-criques\/cote-est\/","url":"https:\/\/www.viajamenorca.com\/fr\/guide-touristique\/plages-et-criques\/cote-est\/","name":"Meilleures plages et criques de la c\u00f4te est de Minorque : Guide","isPartOf":{"@id":"https:\/\/www.viajamenorca.com\/fr\/#website"},"datePublished":"2017-02-17T23:12:36+00:00","dateModified":"2026-02-22T20:31:55+00:00","description":"\u26f1 Quelques-unes des meilleures criques et plages situ\u00e9es sur la c\u00f4te est de l'\u00eele de Minorque - Guide des plages et criques pr\u00e9serv\u00e9es","breadcrumb":{"@id":"https:\/\/www.viajamenorca.com\/fr\/guide-touristique\/plages-et-criques\/cote-est\/#breadcrumb"},"inLanguage":"fr-FR","potentialAction":[{"@type":"ReadAction","target":["https:\/\/www.viajamenorca.com\/fr\/guide-touristique\/plages-et-criques\/cote-est\/"]}]},{"@type":"BreadcrumbList","@id":"https:\/\/www.viajamenorca.com\/fr\/guide-touristique\/plages-et-criques\/cote-est\/#breadcrumb","itemListElement":[{"@type":"ListItem","position":1,"name":"Guide touristique de Minorque 2026","item":"https:\/\/www.viajamenorca.com\/fr\/guide-touristique\/"},{"@type":"ListItem","position":2,"name":"Plages","item":"https:\/\/www.viajamenorca.com\/fr\/guide-touristique\/plages-et-criques\/"},{"@type":"ListItem","position":3,"name":"C\u00f4te Est"}]},{"@type":"WebSite","@id":"https:\/\/www.viajamenorca.com\/fr\/#website","url":"https:\/\/www.viajamenorca.com\/fr\/","name":"Viaja a Menorca","description":"Votre aventure minorquine commence ici !","publisher":{"@id":"https:\/\/www.viajamenorca.com\/fr\/#organization"},"alternateName":"Gu\u00eda tur\u00edstica de Menorca","potentialAction":[{"@type":"SearchAction","target":{"@type":"EntryPoint","urlTemplate":"https:\/\/www.viajamenorca.com\/fr\/?s={search_term_string}"},"query-input":{"@type":"PropertyValueSpecification","valueRequired":true,"valueName":"search_term_string"}}],"inLanguage":"fr-FR"},{"@type":"Organization","@id":"https:\/\/www.viajamenorca.com\/fr\/#organization","name":"Viaja a Menorca - Gu\u00eda tur\u00edstica","alternateName":"Viaja a Menorca","url":"https:\/\/www.viajamenorca.com\/fr\/","logo":{"@type":"ImageObject","inLanguage":"fr-FR","@id":"https:\/\/www.viajamenorca.com\/fr\/#\/schema\/logo\/image\/","url":"https:\/\/www.viajamenorca.com\/wp-content\/uploads\/2021\/11\/viajamenorca.jpg","contentUrl":"https:\/\/www.viajamenorca.com\/wp-content\/uploads\/2021\/11\/viajamenorca.jpg","width":714,"height":714,"caption":"Viaja a Menorca - Gu\u00eda tur\u00edstica"},"image":{"@id":"https:\/\/www.viajamenorca.com\/fr\/#\/schema\/logo\/image\/"},"sameAs":["https:\/\/www.facebook.com\/ViajaMenorca\/","https:\/\/x.com\/ViajaMenorca","https:\/\/www.instagram.com\/viaja_menorca\/?hl=es","https:\/\/www.youtube.com\/channel\/UCWtpR3jxp79HeZ8zZfHLhXw"]}]}},"_links":{"self":[{"href":"https:\/\/www.viajamenorca.com\/fr\/wp-json\/wp\/v2\/pages\/56245","targetHints":{"allow":["GET"]}}],"collection":[{"href":"https:\/\/www.viajamenorca.com\/fr\/wp-json\/wp\/v2\/pages"}],"about":[{"href":"https:\/\/www.viajamenorca.com\/fr\/wp-json\/wp\/v2\/types\/page"}],"author":[{"embeddable":true,"href":"https:\/\/www.viajamenorca.com\/fr\/wp-json\/wp\/v2\/users\/1"}],"replies":[{"embeddable":true,"href":"https:\/\/www.viajamenorca.com\/fr\/wp-json\/wp\/v2\/comments?post=56245"}],"version-history":[{"count":6,"href":"https:\/\/www.viajamenorca.com\/fr\/wp-json\/wp\/v2\/pages\/56245\/revisions"}],"predecessor-version":[{"id":59691,"href":"https:\/\/www.viajamenorca.com\/fr\/wp-json\/wp\/v2\/pages\/56245\/revisions\/59691"}],"up":[{"embeddable":true,"href":"https:\/\/www.viajamenorca.com\/fr\/wp-json\/wp\/v2\/pages\/53187"}],"wp:attachment":[{"href":"https:\/\/www.viajamenorca.com\/fr\/wp-json\/wp\/v2\/media?parent=56245"}],"curies":[{"name":"wp","href":"https:\/\/api.w.org\/{rel}","templated":true}]}}