{"id":56275,"date":"2017-02-17T23:12:51","date_gmt":"2017-02-17T23:12:51","guid":{"rendered":"https:\/\/www.viajamenorca.com\/guide-touristique\/plages-et-criques\/cote-ouest\/"},"modified":"2026-02-22T20:39:05","modified_gmt":"2026-02-22T20:39:05","slug":"cote-ouest","status":"publish","type":"page","link":"https:\/\/www.viajamenorca.com\/fr\/guide-touristique\/plages-et-criques\/cote-ouest\/","title":{"rendered":"C\u00f4te Ouest"},"content":{"rendered":"\n<div class=\"gb-element-887b02bf\">\n<div>\n<\/div>\n\n\n\n<div class=\"gb-element-b65ce310\">\n<div style=\"height:21px\" aria-hidden=\"true\" class=\"wp-block-spacer\"><\/div>\n\n\n<div  class=\"search-filter-base search-filter-field search-filter-field--id-2 search-filter-field--type-choice search-filter-field--input-type-select search-filter-style--id-1 search-filter-style--choice-select search-filter-field--width-75\"  data-search-filter-id=\"2\" ><\/div>\n\n\n\n<div style=\"height:5px\" aria-hidden=\"true\" class=\"wp-block-spacer\"><\/div>\n\n\n<div  class=\"search-filter-base search-filter-field search-filter-field--id-1 search-filter-field--type-choice search-filter-field--input-type-select search-filter-style--id-1 search-filter-style--choice-select search-filter-field--width-75\"  data-search-filter-id=\"1\" ><\/div>\n\n\n\n<div style=\"height:5px\" aria-hidden=\"true\" class=\"wp-block-spacer\"><\/div>\n\n\n<div  class=\"search-filter-base search-filter-field search-filter-field--id-3 search-filter-field--type-choice search-filter-field--input-type-select search-filter-style--id-1 search-filter-style--choice-select search-filter-field--width-75\"  data-search-filter-id=\"3\" ><\/div>\n\n\n\n<div style=\"height:25px\" aria-hidden=\"true\" class=\"wp-block-spacer\"><\/div>\n<\/div>\n<\/div>\n\n\n<h3><span style=\"font-size: 13pt;\">\u26f1 Plages et criques situ\u00e9es sur la c\u00f4te ouest de l&rsquo;\u00eele de Minorque, <strong><a href=\"https:\/\/www.viajamenorca.com\/fr\/guide-touristique\/villages\/ciutadella-citadelle\/\">Ciutadella<\/a><\/strong>. <a href=\"https:\/\/www.viajamenorca.com\/fr\/guide-touristique\/plages-et-criques\/\"><strong>Guide des plages<\/strong><\/a><\/span><\/h3>\n\n\n<div class=\"gb-grid-wrapper gb-grid-wrapper-704b403b gb-query-loop-wrapper\">\n<div class=\"gb-grid-column gb-grid-column-69704bd6 gb-query-loop-item post-56118 post type-post status-publish format-standard has-post-thumbnail hentry category-cote-ouest tag-calan-frocat tag-citadelle tag-ciutadella tag-dauphins tag-forcat-cove\"><div class=\"gb-container gb-container-69704bd6\">\n<figure class=\"gb-block-image gb-block-image-f1347a96\"><a href=\"https:\/\/www.viajamenorca.com\/fr\/guide-touristique\/plages-et-criques\/cote-ouest\/calan-forcat\/\"><img decoding=\"async\" width=\"1080\" height=\"1440\" src=\"https:\/\/www.viajamenorca.com\/wp-content\/uploads\/2023\/02\/Calan-Forcat-Jose-Lopez.jpg\" class=\"gb-image-f1347a96\" alt=\"\" srcset=\"https:\/\/www.viajamenorca.com\/wp-content\/uploads\/2023\/02\/Calan-Forcat-Jose-Lopez.jpg 1080w, https:\/\/www.viajamenorca.com\/wp-content\/uploads\/2023\/02\/Calan-Forcat-Jose-Lopez-263x350.jpg 263w, https:\/\/www.viajamenorca.com\/wp-content\/uploads\/2023\/02\/Calan-Forcat-Jose-Lopez-768x1024.jpg 768w\" sizes=\"(max-width: 1080px) 100vw, 1080px\" \/><\/a><\/figure>\n\n<h2 class=\"gb-headline gb-headline-9ed6fb2e gb-headline-text\"><a href=\"https:\/\/www.viajamenorca.com\/fr\/guide-touristique\/plages-et-criques\/cote-ouest\/calan-forcat\/\">Cala&rsquo;n Forcat<\/a><\/h2>\n\n<div class=\"gb-headline gb-headline-5a6d9aa1 gb-headline-text\">Cala&rsquo;n Forcat est une belle plage situ\u00e9e sur la c\u00f4te ouest de l&rsquo;Espagne. c\u00f4te ouest de l&rsquo;\u00eele, concr\u00e8tement dans l&rsquo;urbanisation de Los delfines, \u00e0 environ 5 km de Ciutadella. C&rsquo;est &#8230;<\/div>\n\n<a class=\"gb-button gb-button-c425dfc4 gb-button-text\" href=\"https:\/\/www.viajamenorca.com\/fr\/guide-touristique\/plages-et-criques\/cote-ouest\/calan-forcat\/\">LIRE LA SUITE&#8230;<\/a>\n\n\n<hr class=\"wp-block-separator has-text-color has-alpha-channel-opacity has-background\" style=\"background-color:#e1e1e1;color:#e1e1e1\"\/>\n\n<\/div><\/div>\n\n<div class=\"gb-grid-column gb-grid-column-69704bd6 gb-query-loop-item post-56830 post type-post status-publish format-standard has-post-thumbnail hentry category-cote-ouest tag-appartement tag-citadelle tag-ciudadela tag-ciutadella tag-hotels tag-lanse-de-blanes tag-plages-et-criques\"><div class=\"gb-container gb-container-69704bd6\">\n<figure class=\"gb-block-image gb-block-image-f1347a96\"><a href=\"https:\/\/www.viajamenorca.com\/fr\/guide-touristique\/plages-et-criques\/cote-ouest\/plage-de-cala-en-blanes\/\"><img decoding=\"async\" width=\"2560\" height=\"1178\" src=\"https:\/\/www.viajamenorca.com\/wp-content\/uploads\/2019\/02\/IMG_20230708_102142-1-scaled.jpg\" class=\"gb-image-f1347a96\" alt=\"\" srcset=\"https:\/\/www.viajamenorca.com\/wp-content\/uploads\/2019\/02\/IMG_20230708_102142-1-scaled.jpg 2560w, https:\/\/www.viajamenorca.com\/wp-content\/uploads\/2019\/02\/IMG_20230708_102142-1-350x161.jpg 350w, https:\/\/www.viajamenorca.com\/wp-content\/uploads\/2019\/02\/IMG_20230708_102142-1-1024x471.jpg 1024w, https:\/\/www.viajamenorca.com\/wp-content\/uploads\/2019\/02\/IMG_20230708_102142-1-768x353.jpg 768w, https:\/\/www.viajamenorca.com\/wp-content\/uploads\/2019\/02\/IMG_20230708_102142-1-1536x707.jpg 1536w, https:\/\/www.viajamenorca.com\/wp-content\/uploads\/2019\/02\/IMG_20230708_102142-1-2048x942.jpg 2048w\" sizes=\"(max-width: 2560px) 100vw, 2560px\" \/><\/a><\/figure>\n\n<h2 class=\"gb-headline gb-headline-9ed6fb2e gb-headline-text\"><a href=\"https:\/\/www.viajamenorca.com\/fr\/guide-touristique\/plages-et-criques\/cote-ouest\/plage-de-cala-en-blanes\/\">Plage de Cala en Blanes<\/a><\/h2>\n\n<div class=\"gb-headline gb-headline-5a6d9aa1 gb-headline-text\">Plage situ\u00e9e \u00e0 seulement 4,3 km de Ciutadella o\u00f9 le sable blanc et les eaux cristallines vous invitent \u00e0 profiter de la M\u00e9diterran\u00e9e dans un environnement naturel incomparable. Un paradis &#8230;<\/div>\n\n<a class=\"gb-button gb-button-c425dfc4 gb-button-text\" href=\"https:\/\/www.viajamenorca.com\/fr\/guide-touristique\/plages-et-criques\/cote-ouest\/plage-de-cala-en-blanes\/\">LIRE LA SUITE&#8230;<\/a>\n\n\n<hr class=\"wp-block-separator has-text-color has-alpha-channel-opacity has-background\" style=\"background-color:#e1e1e1;color:#e1e1e1\"\/>\n\n<\/div><\/div>\n\n<div class=\"gb-grid-column gb-grid-column-69704bd6 gb-query-loop-item post-57751 post type-post status-publish format-standard has-post-thumbnail hentry category-cote-ouest tag-appartement tag-calan-bosch-2 tag-citadelle tag-ciudadela tag-ciutadella tag-guide-des-plages-et-des-criques tag-hotels\"><div class=\"gb-container gb-container-69704bd6\">\n<figure class=\"gb-block-image gb-block-image-f1347a96\"><a href=\"https:\/\/www.viajamenorca.com\/fr\/guide-touristique\/plages-et-criques\/cote-ouest\/plage-de-calan-bosch\/\"><img decoding=\"async\" width=\"2560\" height=\"1472\" src=\"https:\/\/www.viajamenorca.com\/wp-content\/uploads\/2025\/03\/Cala-bosh-scaled.jpg\" class=\"gb-image-f1347a96\" alt=\"\" srcset=\"https:\/\/www.viajamenorca.com\/wp-content\/uploads\/2025\/03\/Cala-bosh-scaled.jpg 2560w, https:\/\/www.viajamenorca.com\/wp-content\/uploads\/2025\/03\/Cala-bosh-350x201.jpg 350w, https:\/\/www.viajamenorca.com\/wp-content\/uploads\/2025\/03\/Cala-bosh-1024x589.jpg 1024w, https:\/\/www.viajamenorca.com\/wp-content\/uploads\/2025\/03\/Cala-bosh-768x442.jpg 768w, https:\/\/www.viajamenorca.com\/wp-content\/uploads\/2025\/03\/Cala-bosh-1536x883.jpg 1536w, https:\/\/www.viajamenorca.com\/wp-content\/uploads\/2025\/03\/Cala-bosh-2048x1178.jpg 2048w\" sizes=\"(max-width: 2560px) 100vw, 2560px\" \/><\/a><\/figure>\n\n<h2 class=\"gb-headline gb-headline-9ed6fb2e gb-headline-text\"><a href=\"https:\/\/www.viajamenorca.com\/fr\/guide-touristique\/plages-et-criques\/cote-ouest\/plage-de-calan-bosch\/\">Plage de Cala&rsquo;n Bosch<\/a><\/h2>\n\n<div class=\"gb-headline gb-headline-5a6d9aa1 gb-headline-text\">Il s&rsquo;agit d&rsquo;une plage semi-urbaine situ\u00e9e sur la c\u00f4te ouest de l&rsquo;\u00eele, \u00e0 seulement 15 minutes en voiture de Ciutadella Elle se trouve dans une belle urbanisation dot\u00e9e de toutes &#8230;<\/div>\n\n<a class=\"gb-button gb-button-c425dfc4 gb-button-text\" href=\"https:\/\/www.viajamenorca.com\/fr\/guide-touristique\/plages-et-criques\/cote-ouest\/plage-de-calan-bosch\/\">LIRE LA SUITE&#8230;<\/a>\n\n\n<hr class=\"wp-block-separator has-text-color has-alpha-channel-opacity has-background\" style=\"background-color:#e1e1e1;color:#e1e1e1\"\/>\n\n<\/div><\/div>\n<\/div>\n","protected":false},"excerpt":{"rendered":"<p>\u26f1 Plages et criques situ\u00e9es sur la c\u00f4te ouest de l&rsquo;\u00eele de Minorque, Ciutadella. Guide des plages<\/p>\n","protected":false},"author":1,"featured_media":0,"parent":53187,"menu_order":0,"comment_status":"closed","ping_status":"closed","template":"","meta":{"_acf_changed":false,"footnotes":""},"class_list":["post-56275","page","type-page","status-publish"],"acf":[],"yoast_head":"<!-- This site is optimized with the Yoast SEO plugin v27.4 - https:\/\/yoast.com\/product\/yoast-seo-wordpress\/ -->\n<title>C\u00f4te ouest de Minorque : Guide des meilleures plages et criques<\/title>\n<meta name=\"description\" content=\"\u26f1 Plages et criques situ\u00e9es sur la c\u00f4te ouest, \u00eele de Minorque, Ciudadela. Guide des plages et criques de Minorque, environnement\" \/>\n<meta name=\"robots\" content=\"index, follow, max-snippet:-1, max-image-preview:large, max-video-preview:-1\" \/>\n<link rel=\"canonical\" href=\"https:\/\/www.viajamenorca.com\/fr\/guide-touristique\/plages-et-criques\/cote-ouest\/\" \/>\n<meta property=\"og:locale\" content=\"fr_FR\" \/>\n<meta property=\"og:type\" content=\"article\" \/>\n<meta property=\"og:title\" content=\"C\u00f4te ouest de Minorque : Guide des meilleures plages et criques\" \/>\n<meta property=\"og:description\" content=\"\u26f1 Plages et criques situ\u00e9es sur la c\u00f4te ouest, \u00eele de Minorque, Ciudadela. Guide des plages et criques de Minorque, environnement\" \/>\n<meta property=\"og:url\" content=\"https:\/\/www.viajamenorca.com\/fr\/guide-touristique\/plages-et-criques\/cote-ouest\/\" \/>\n<meta property=\"og:site_name\" content=\"Viaja a Menorca\" \/>\n<meta property=\"article:publisher\" content=\"https:\/\/www.facebook.com\/ViajaMenorca\/\" \/>\n<meta property=\"article:modified_time\" content=\"2026-02-22T20:39:05+00:00\" \/>\n<meta property=\"og:image\" content=\"https:\/\/www.viajamenorca.com\/wp-content\/uploads\/2019\/02\/20190207_120534.jpg\" \/>\n\t<meta property=\"og:image:width\" content=\"1187\" \/>\n\t<meta property=\"og:image:height\" content=\"981\" \/>\n\t<meta property=\"og:image:type\" content=\"image\/jpeg\" \/>\n<meta name=\"twitter:card\" content=\"summary_large_image\" \/>\n<meta name=\"twitter:site\" content=\"@ViajaMenorca\" \/>\n<meta name=\"twitter:label1\" content=\"Dur\u00e9e de lecture estim\u00e9e\" \/>\n\t<meta name=\"twitter:data1\" content=\"1 minute\" \/>\n<script type=\"application\/ld+json\" class=\"yoast-schema-graph\">{\"@context\":\"https:\\\/\\\/schema.org\",\"@graph\":[{\"@type\":\"WebPage\",\"@id\":\"https:\\\/\\\/www.viajamenorca.com\\\/fr\\\/guide-touristique\\\/plages-et-criques\\\/cote-ouest\\\/\",\"url\":\"https:\\\/\\\/www.viajamenorca.com\\\/fr\\\/guide-touristique\\\/plages-et-criques\\\/cote-ouest\\\/\",\"name\":\"C\u00f4te ouest de Minorque : Guide des meilleures plages et criques\",\"isPartOf\":{\"@id\":\"https:\\\/\\\/www.viajamenorca.com\\\/fr\\\/#website\"},\"datePublished\":\"2017-02-17T23:12:51+00:00\",\"dateModified\":\"2026-02-22T20:39:05+00:00\",\"description\":\"\u26f1 Plages et criques situ\u00e9es sur la c\u00f4te ouest, \u00eele de Minorque, Ciudadela. Guide des plages et criques de Minorque, environnement\",\"breadcrumb\":{\"@id\":\"https:\\\/\\\/www.viajamenorca.com\\\/fr\\\/guide-touristique\\\/plages-et-criques\\\/cote-ouest\\\/#breadcrumb\"},\"inLanguage\":\"fr-FR\",\"potentialAction\":[{\"@type\":\"ReadAction\",\"target\":[\"https:\\\/\\\/www.viajamenorca.com\\\/fr\\\/guide-touristique\\\/plages-et-criques\\\/cote-ouest\\\/\"]}]},{\"@type\":\"BreadcrumbList\",\"@id\":\"https:\\\/\\\/www.viajamenorca.com\\\/fr\\\/guide-touristique\\\/plages-et-criques\\\/cote-ouest\\\/#breadcrumb\",\"itemListElement\":[{\"@type\":\"ListItem\",\"position\":1,\"name\":\"Guide touristique de Minorque 2026\",\"item\":\"https:\\\/\\\/www.viajamenorca.com\\\/fr\\\/guide-touristique\\\/\"},{\"@type\":\"ListItem\",\"position\":2,\"name\":\"Plages\",\"item\":\"https:\\\/\\\/www.viajamenorca.com\\\/fr\\\/guide-touristique\\\/plages-et-criques\\\/\"},{\"@type\":\"ListItem\",\"position\":3,\"name\":\"C\u00f4te Ouest\"}]},{\"@type\":\"WebSite\",\"@id\":\"https:\\\/\\\/www.viajamenorca.com\\\/fr\\\/#website\",\"url\":\"https:\\\/\\\/www.viajamenorca.com\\\/fr\\\/\",\"name\":\"Viaja a Menorca\",\"description\":\"Votre aventure minorquine commence ici !\",\"publisher\":{\"@id\":\"https:\\\/\\\/www.viajamenorca.com\\\/fr\\\/#organization\"},\"alternateName\":\"Gu\u00eda tur\u00edstica de Menorca\",\"potentialAction\":[{\"@type\":\"SearchAction\",\"target\":{\"@type\":\"EntryPoint\",\"urlTemplate\":\"https:\\\/\\\/www.viajamenorca.com\\\/fr\\\/?s={search_term_string}\"},\"query-input\":{\"@type\":\"PropertyValueSpecification\",\"valueRequired\":true,\"valueName\":\"search_term_string\"}}],\"inLanguage\":\"fr-FR\"},{\"@type\":\"Organization\",\"@id\":\"https:\\\/\\\/www.viajamenorca.com\\\/fr\\\/#organization\",\"name\":\"Viaja a Menorca - Gu\u00eda tur\u00edstica\",\"alternateName\":\"Viaja a Menorca\",\"url\":\"https:\\\/\\\/www.viajamenorca.com\\\/fr\\\/\",\"logo\":{\"@type\":\"ImageObject\",\"inLanguage\":\"fr-FR\",\"@id\":\"https:\\\/\\\/www.viajamenorca.com\\\/fr\\\/#\\\/schema\\\/logo\\\/image\\\/\",\"url\":\"https:\\\/\\\/www.viajamenorca.com\\\/wp-content\\\/uploads\\\/2021\\\/11\\\/viajamenorca.jpg\",\"contentUrl\":\"https:\\\/\\\/www.viajamenorca.com\\\/wp-content\\\/uploads\\\/2021\\\/11\\\/viajamenorca.jpg\",\"width\":714,\"height\":714,\"caption\":\"Viaja a Menorca - Gu\u00eda tur\u00edstica\"},\"image\":{\"@id\":\"https:\\\/\\\/www.viajamenorca.com\\\/fr\\\/#\\\/schema\\\/logo\\\/image\\\/\"},\"sameAs\":[\"https:\\\/\\\/www.facebook.com\\\/ViajaMenorca\\\/\",\"https:\\\/\\\/x.com\\\/ViajaMenorca\",\"https:\\\/\\\/www.instagram.com\\\/viaja_menorca\\\/?hl=es\",\"https:\\\/\\\/www.youtube.com\\\/channel\\\/UCWtpR3jxp79HeZ8zZfHLhXw\"]}]}<\/script>\n<!-- \/ Yoast SEO plugin. -->","yoast_head_json":{"title":"C\u00f4te ouest de Minorque : Guide des meilleures plages et criques","description":"\u26f1 Plages et criques situ\u00e9es sur la c\u00f4te ouest, \u00eele de Minorque, Ciudadela. Guide des plages et criques de Minorque, environnement","robots":{"index":"index","follow":"follow","max-snippet":"max-snippet:-1","max-image-preview":"max-image-preview:large","max-video-preview":"max-video-preview:-1"},"canonical":"https:\/\/www.viajamenorca.com\/fr\/guide-touristique\/plages-et-criques\/cote-ouest\/","og_locale":"fr_FR","og_type":"article","og_title":"C\u00f4te ouest de Minorque : Guide des meilleures plages et criques","og_description":"\u26f1 Plages et criques situ\u00e9es sur la c\u00f4te ouest, \u00eele de Minorque, Ciudadela. Guide des plages et criques de Minorque, environnement","og_url":"https:\/\/www.viajamenorca.com\/fr\/guide-touristique\/plages-et-criques\/cote-ouest\/","og_site_name":"Viaja a Menorca","article_publisher":"https:\/\/www.facebook.com\/ViajaMenorca\/","article_modified_time":"2026-02-22T20:39:05+00:00","og_image":[{"width":1187,"height":981,"url":"https:\/\/www.viajamenorca.com\/wp-content\/uploads\/2019\/02\/20190207_120534.jpg","type":"image\/jpeg"}],"twitter_card":"summary_large_image","twitter_site":"@ViajaMenorca","twitter_misc":{"Dur\u00e9e de lecture estim\u00e9e":"1 minute"},"schema":{"@context":"https:\/\/schema.org","@graph":[{"@type":"WebPage","@id":"https:\/\/www.viajamenorca.com\/fr\/guide-touristique\/plages-et-criques\/cote-ouest\/","url":"https:\/\/www.viajamenorca.com\/fr\/guide-touristique\/plages-et-criques\/cote-ouest\/","name":"C\u00f4te ouest de Minorque : Guide des meilleures plages et criques","isPartOf":{"@id":"https:\/\/www.viajamenorca.com\/fr\/#website"},"datePublished":"2017-02-17T23:12:51+00:00","dateModified":"2026-02-22T20:39:05+00:00","description":"\u26f1 Plages et criques situ\u00e9es sur la c\u00f4te ouest, \u00eele de Minorque, Ciudadela. Guide des plages et criques de Minorque, environnement","breadcrumb":{"@id":"https:\/\/www.viajamenorca.com\/fr\/guide-touristique\/plages-et-criques\/cote-ouest\/#breadcrumb"},"inLanguage":"fr-FR","potentialAction":[{"@type":"ReadAction","target":["https:\/\/www.viajamenorca.com\/fr\/guide-touristique\/plages-et-criques\/cote-ouest\/"]}]},{"@type":"BreadcrumbList","@id":"https:\/\/www.viajamenorca.com\/fr\/guide-touristique\/plages-et-criques\/cote-ouest\/#breadcrumb","itemListElement":[{"@type":"ListItem","position":1,"name":"Guide touristique de Minorque 2026","item":"https:\/\/www.viajamenorca.com\/fr\/guide-touristique\/"},{"@type":"ListItem","position":2,"name":"Plages","item":"https:\/\/www.viajamenorca.com\/fr\/guide-touristique\/plages-et-criques\/"},{"@type":"ListItem","position":3,"name":"C\u00f4te Ouest"}]},{"@type":"WebSite","@id":"https:\/\/www.viajamenorca.com\/fr\/#website","url":"https:\/\/www.viajamenorca.com\/fr\/","name":"Viaja a Menorca","description":"Votre aventure minorquine commence ici !","publisher":{"@id":"https:\/\/www.viajamenorca.com\/fr\/#organization"},"alternateName":"Gu\u00eda tur\u00edstica de Menorca","potentialAction":[{"@type":"SearchAction","target":{"@type":"EntryPoint","urlTemplate":"https:\/\/www.viajamenorca.com\/fr\/?s={search_term_string}"},"query-input":{"@type":"PropertyValueSpecification","valueRequired":true,"valueName":"search_term_string"}}],"inLanguage":"fr-FR"},{"@type":"Organization","@id":"https:\/\/www.viajamenorca.com\/fr\/#organization","name":"Viaja a Menorca - Gu\u00eda tur\u00edstica","alternateName":"Viaja a Menorca","url":"https:\/\/www.viajamenorca.com\/fr\/","logo":{"@type":"ImageObject","inLanguage":"fr-FR","@id":"https:\/\/www.viajamenorca.com\/fr\/#\/schema\/logo\/image\/","url":"https:\/\/www.viajamenorca.com\/wp-content\/uploads\/2021\/11\/viajamenorca.jpg","contentUrl":"https:\/\/www.viajamenorca.com\/wp-content\/uploads\/2021\/11\/viajamenorca.jpg","width":714,"height":714,"caption":"Viaja a Menorca - Gu\u00eda tur\u00edstica"},"image":{"@id":"https:\/\/www.viajamenorca.com\/fr\/#\/schema\/logo\/image\/"},"sameAs":["https:\/\/www.facebook.com\/ViajaMenorca\/","https:\/\/x.com\/ViajaMenorca","https:\/\/www.instagram.com\/viaja_menorca\/?hl=es","https:\/\/www.youtube.com\/channel\/UCWtpR3jxp79HeZ8zZfHLhXw"]}]}},"_links":{"self":[{"href":"https:\/\/www.viajamenorca.com\/fr\/wp-json\/wp\/v2\/pages\/56275","targetHints":{"allow":["GET"]}}],"collection":[{"href":"https:\/\/www.viajamenorca.com\/fr\/wp-json\/wp\/v2\/pages"}],"about":[{"href":"https:\/\/www.viajamenorca.com\/fr\/wp-json\/wp\/v2\/types\/page"}],"author":[{"embeddable":true,"href":"https:\/\/www.viajamenorca.com\/fr\/wp-json\/wp\/v2\/users\/1"}],"replies":[{"embeddable":true,"href":"https:\/\/www.viajamenorca.com\/fr\/wp-json\/wp\/v2\/comments?post=56275"}],"version-history":[{"count":6,"href":"https:\/\/www.viajamenorca.com\/fr\/wp-json\/wp\/v2\/pages\/56275\/revisions"}],"predecessor-version":[{"id":59703,"href":"https:\/\/www.viajamenorca.com\/fr\/wp-json\/wp\/v2\/pages\/56275\/revisions\/59703"}],"up":[{"embeddable":true,"href":"https:\/\/www.viajamenorca.com\/fr\/wp-json\/wp\/v2\/pages\/53187"}],"wp:attachment":[{"href":"https:\/\/www.viajamenorca.com\/fr\/wp-json\/wp\/v2\/media?parent=56275"}],"curies":[{"name":"wp","href":"https:\/\/api.w.org\/{rel}","templated":true}]}}