{"id":57162,"date":"2019-02-22T17:58:30","date_gmt":"2019-02-22T17:58:30","guid":{"rendered":"https:\/\/www.viajamenorca.com\/guide-touristique\/photos-et-videos-de-minorque\/"},"modified":"2026-02-22T21:32:30","modified_gmt":"2026-02-22T21:32:30","slug":"photos-et-videos-de-minorque","status":"publish","type":"page","link":"https:\/\/www.viajamenorca.com\/fr\/guide-touristique\/photos-et-videos-de-minorque\/","title":{"rendered":"Photos et vid\u00e9os de Minorque"},"content":{"rendered":"<h3><span style=\"font-size: 14pt;\">Images et vid\u00e9os de quelques-unes des plus belles plages de l&rsquo;\u00eele, de ses paysages, de ses monuments, de son arch\u00e9ologie et de ses f\u00eates locales. Nous esp\u00e9rons qu&rsquo;elles vous plairont \ud83d\ude09 <\/span><\/h3>\n\n\n<div class=\"gb-grid-wrapper gb-grid-wrapper-bedb5b0c gb-query-loop-wrapper\">\n<div class=\"gb-grid-column gb-grid-column-18bcf01a gb-query-loop-item post-63570 post type-post status-publish format-standard has-post-thumbnail hentry category-guide-touristique category-photos-et-videos tag-es-mercadal tag-imagenes-panoramicas-2 tag-photos tag-plages\"><div class=\"gb-container gb-container-18bcf01a\">\n<figure class=\"gb-block-image gb-block-image-0317d7c1\"><a href=\"https:\/\/www.viajamenorca.com\/fr\/guide-touristique\/photos-et-videos\/imagenes-panoramicas\/\"><img decoding=\"async\" width=\"1404\" height=\"328\" src=\"https:\/\/www.viajamenorca.com\/wp-content\/uploads\/2019\/03\/pano-8.jpg\" class=\"gb-image-0317d7c1\" alt=\"\" srcset=\"https:\/\/www.viajamenorca.com\/wp-content\/uploads\/2019\/03\/pano-8.jpg 1404w, https:\/\/www.viajamenorca.com\/wp-content\/uploads\/2019\/03\/pano-8-300x70.jpg 300w, https:\/\/www.viajamenorca.com\/wp-content\/uploads\/2019\/03\/pano-8-768x179.jpg 768w, https:\/\/www.viajamenorca.com\/wp-content\/uploads\/2019\/03\/pano-8-1024x239.jpg 1024w, https:\/\/www.viajamenorca.com\/wp-content\/uploads\/2019\/03\/pano-8-110x26.jpg 110w, https:\/\/www.viajamenorca.com\/wp-content\/uploads\/2019\/03\/pano-8-420x98.jpg 420w, https:\/\/www.viajamenorca.com\/wp-content\/uploads\/2019\/03\/pano-8-770x180.jpg 770w\" sizes=\"(max-width: 1404px) 100vw, 1404px\" \/><\/a><\/figure>\n\n<h2 class=\"gb-headline gb-headline-73af1d53 gb-headline-text\"><a href=\"https:\/\/www.viajamenorca.com\/fr\/guide-touristique\/photos-et-videos\/imagenes-panoramicas\/\">Images panoramiques<\/a><\/h2>\n\n<div class=\"gb-headline gb-headline-1d8b1fe4 gb-headline-text\">Photos panoramiques de paysages, de plages, de villages, d&rsquo;\u00e9glises et de monuments arch\u00e9ologiques de Minorque<\/div>\n\n<a class=\"gb-button gb-button-043d5fc6 gb-button-text\" href=\"https:\/\/www.viajamenorca.com\/fr\/guide-touristique\/photos-et-videos\/imagenes-panoramicas\/\">LIRE LA SUITE&#8230;<\/a>\n<\/div><\/div>\n\n<div class=\"gb-grid-column gb-grid-column-18bcf01a gb-query-loop-item post-58227 post type-post status-publish format-standard has-post-thumbnail hentry category-guide-touristique category-photos-et-videos tag-es-mercada tag-les-partis tag-photos tag-photos-de-minorque tag-plages tag-projecteurs\"><div class=\"gb-container gb-container-18bcf01a\">\n<figure class=\"gb-block-image gb-block-image-0317d7c1\"><a href=\"https:\/\/www.viajamenorca.com\/fr\/guide-touristique\/photos-et-videos\/photos-de-minorque\/\"><img decoding=\"async\" width=\"281\" height=\"278\" src=\"https:\/\/www.viajamenorca.com\/wp-content\/uploads\/2019\/03\/Fotos-de-Menorca-Viaja-a-Menorca2.png\" class=\"gb-image-0317d7c1\" alt=\"\" srcset=\"https:\/\/www.viajamenorca.com\/wp-content\/uploads\/2019\/03\/Fotos-de-Menorca-Viaja-a-Menorca2.png 281w, https:\/\/www.viajamenorca.com\/wp-content\/uploads\/2019\/03\/Fotos-de-Menorca-Viaja-a-Menorca2-125x125.png 125w, https:\/\/www.viajamenorca.com\/wp-content\/uploads\/2019\/03\/Fotos-de-Menorca-Viaja-a-Menorca2-110x110.png 110w\" sizes=\"(max-width: 281px) 100vw, 281px\" \/><\/a><\/figure>\n\n<h2 class=\"gb-headline gb-headline-73af1d53 gb-headline-text\"><a href=\"https:\/\/www.viajamenorca.com\/fr\/guide-touristique\/photos-et-videos\/photos-de-minorque\/\">Photos de Minorque<\/a><\/h2>\n\n<div class=\"gb-headline gb-headline-1d8b1fe4 gb-headline-text\">Des photos de paysages, de plages, de nature, de villages, de couchers de soleil et de monuments arch\u00e9ologiques&#8230; Nous esp\u00e9rons qu&rsquo;elles vous plairont \ud83d\ude09 Photos de Minorque, \u00eeles Bal\u00e9ares<\/div>\n\n<a class=\"gb-button gb-button-043d5fc6 gb-button-text\" href=\"https:\/\/www.viajamenorca.com\/fr\/guide-touristique\/photos-et-videos\/photos-de-minorque\/\">LIRE LA SUITE&#8230;<\/a>\n<\/div><\/div>\n\n<div class=\"gb-grid-column gb-grid-column-18bcf01a gb-query-loop-item post-63568 post type-post status-publish format-standard has-post-thumbnail hentry category-guide-touristique category-page-daccueil-guide-touristique category-photos-et-videos tag-les-partis tag-monumentos tag-photos tag-plages tag-videos tag-videos-de-minorque\"><div class=\"gb-container gb-container-18bcf01a\">\n<figure class=\"gb-block-image gb-block-image-0317d7c1\"><a href=\"https:\/\/www.viajamenorca.com\/fr\/guide-touristique\/photos-et-videos\/videos-de-menorca\/\"><img decoding=\"async\" width=\"854\" height=\"570\" src=\"https:\/\/www.viajamenorca.com\/wp-content\/uploads\/2019\/03\/IMG_2488.jpg\" class=\"gb-image-0317d7c1\" alt=\"\" srcset=\"https:\/\/www.viajamenorca.com\/wp-content\/uploads\/2019\/03\/IMG_2488.jpg 854w, https:\/\/www.viajamenorca.com\/wp-content\/uploads\/2019\/03\/IMG_2488-300x200.jpg 300w, https:\/\/www.viajamenorca.com\/wp-content\/uploads\/2019\/03\/IMG_2488-768x513.jpg 768w, https:\/\/www.viajamenorca.com\/wp-content\/uploads\/2019\/03\/IMG_2488-110x73.jpg 110w, https:\/\/www.viajamenorca.com\/wp-content\/uploads\/2019\/03\/IMG_2488-420x280.jpg 420w, https:\/\/www.viajamenorca.com\/wp-content\/uploads\/2019\/03\/IMG_2488-644x430.jpg 644w\" sizes=\"(max-width: 854px) 100vw, 854px\" \/><\/a><\/figure>\n\n<h2 class=\"gb-headline gb-headline-73af1d53 gb-headline-text\"><a href=\"https:\/\/www.viajamenorca.com\/fr\/guide-touristique\/photos-et-videos\/videos-de-menorca\/\">Vid\u00e9os de Minorque<\/a><\/h2>\n\n<div class=\"gb-headline gb-headline-1d8b1fe4 gb-headline-text\">Vid\u00e9os de Minorque, avec des images de quelques-unes des meilleures plages et criques, f\u00eates patronales, monuments et lieux d&rsquo;int\u00e9r\u00eat \u00e0 visiter \u00e0 Minorque. Abonnez-vous \u00e0 notre cha\u00eene &#8211; Voir toutes &#8230;<\/div>\n\n<a class=\"gb-button gb-button-043d5fc6 gb-button-text\" href=\"https:\/\/www.viajamenorca.com\/fr\/guide-touristique\/photos-et-videos\/videos-de-menorca\/\">LIRE LA SUITE&#8230;<\/a>\n<\/div><\/div>\n\n<div class=\"gb-grid-column gb-grid-column-18bcf01a gb-query-loop-item post-63566 post type-post status-publish format-standard has-post-thumbnail hentry category-guide-touristique category-photos-et-videos tag-calendrier tag-fetes-minorque tag-fetes-patronales tag-les-partis tag-patronales tag-photo tag-san-bartomeu tag-san-jaime tag-san-juan tag-sant-antoni tag-sant-jaume tag-sant-llorenc tag-sant-lluis tag-sant-marti\"><div class=\"gb-container gb-container-18bcf01a\">\n<figure class=\"gb-block-image gb-block-image-0317d7c1\"><a href=\"https:\/\/www.viajamenorca.com\/fr\/guide-touristique\/photos-et-videos\/photos-fetes-patronales\/\"><img decoding=\"async\" width=\"415\" height=\"311\" src=\"https:\/\/www.viajamenorca.com\/wp-content\/uploads\/2010\/04\/77.jpg\" class=\"gb-image-0317d7c1\" alt=\"Festes de Mercadal\" srcset=\"https:\/\/www.viajamenorca.com\/wp-content\/uploads\/2010\/04\/77.jpg 415w, https:\/\/www.viajamenorca.com\/wp-content\/uploads\/2010\/04\/77-300x225.jpg 300w, https:\/\/www.viajamenorca.com\/wp-content\/uploads\/2010\/04\/77-110x82.jpg 110w\" sizes=\"(max-width: 415px) 100vw, 415px\" \/><\/a><\/figure>\n\n<h2 class=\"gb-headline gb-headline-73af1d53 gb-headline-text\"><a href=\"https:\/\/www.viajamenorca.com\/fr\/guide-touristique\/photos-et-videos\/photos-fetes-patronales\/\">Photos &#8211; F\u00eates patronales<\/a><\/h2>\n\n<div class=\"gb-headline gb-headline-1d8b1fe4 gb-headline-text\">Images des f\u00eates patronales de Minorque. Nous esp\u00e9rons qu&rsquo;elles vous plairont. Vous pouvez consulter le calendrier des f\u00eates de Minorque ici. Photos des f\u00eates \u00e0 Minorque<\/div>\n\n<a class=\"gb-button gb-button-043d5fc6 gb-button-text\" href=\"https:\/\/www.viajamenorca.com\/fr\/guide-touristique\/photos-et-videos\/photos-fetes-patronales\/\">LIRE LA SUITE&#8230;<\/a>\n<\/div><\/div>\n<\/div>\n","protected":false},"excerpt":{"rendered":"<p>Images et vid\u00e9os de quelques-unes des plus belles plages de l&rsquo;\u00eele, de ses paysages, de ses monuments, de son arch\u00e9ologie et de ses f\u00eates locales. Nous esp\u00e9rons qu&rsquo;elles vous plairont &#8230; <\/p>\n<p class=\"read-more-container\"><a title=\"Photos et vid\u00e9os de Minorque\" class=\"read-more button\" href=\"https:\/\/www.viajamenorca.com\/fr\/guide-touristique\/photos-et-videos-de-minorque\/#more-57162\" aria-label=\"En savoir plus sur Photos et vid\u00e9os de Minorque\">Lire plus<\/a><\/p>\n","protected":false},"author":1,"featured_media":57164,"parent":53609,"menu_order":15,"comment_status":"closed","ping_status":"closed","template":"","meta":{"_acf_changed":false,"footnotes":""},"class_list":{"0":"post-57162","1":"page","2":"type-page","3":"status-publish","4":"has-post-thumbnail","6":"resize-featured-image"},"acf":[],"yoast_head":"<!-- This site is optimized with the Yoast SEO plugin v27.4 - https:\/\/yoast.com\/product\/yoast-seo-wordpress\/ -->\n<title>Photos et vid\u00e9os de Minorque - Viaja a Menorca<\/title>\n<meta name=\"description\" content=\"Images de quelques-unes des plus belles plages de Minorque, de monuments, de paysages, d&#039;arch\u00e9ologie et de f\u00eates locales. Nous esp\u00e9rons\" \/>\n<meta name=\"robots\" content=\"index, follow, max-snippet:-1, max-image-preview:large, max-video-preview:-1\" \/>\n<link rel=\"canonical\" href=\"https:\/\/www.viajamenorca.com\/fr\/guide-touristique\/photos-et-videos-de-minorque\/\" \/>\n<meta property=\"og:locale\" content=\"fr_FR\" \/>\n<meta property=\"og:type\" content=\"article\" \/>\n<meta property=\"og:title\" content=\"Photos et vid\u00e9os de Minorque - Viaja a Menorca\" \/>\n<meta property=\"og:description\" content=\"Images de quelques-unes des plus belles plages de Minorque, de monuments, de paysages, d&#039;arch\u00e9ologie et de f\u00eates locales. Nous esp\u00e9rons\" \/>\n<meta property=\"og:url\" content=\"https:\/\/www.viajamenorca.com\/fr\/guide-touristique\/photos-et-videos-de-minorque\/\" \/>\n<meta property=\"og:site_name\" content=\"Viaja a Menorca\" \/>\n<meta property=\"article:publisher\" content=\"https:\/\/www.facebook.com\/ViajaMenorca\/\" \/>\n<meta property=\"article:modified_time\" content=\"2026-02-22T21:32:30+00:00\" \/>\n<meta property=\"og:image\" content=\"https:\/\/www.viajamenorca.com\/wp-content\/uploads\/2017\/02\/binibeca-9.jpg\" \/>\n\t<meta property=\"og:image:width\" content=\"1024\" \/>\n\t<meta property=\"og:image:height\" content=\"279\" \/>\n\t<meta property=\"og:image:type\" content=\"image\/jpeg\" \/>\n<meta name=\"twitter:card\" content=\"summary_large_image\" \/>\n<meta name=\"twitter:site\" content=\"@ViajaMenorca\" \/>\n<meta name=\"twitter:label1\" content=\"Dur\u00e9e de lecture estim\u00e9e\" \/>\n\t<meta name=\"twitter:data1\" content=\"1 minute\" \/>\n<script type=\"application\/ld+json\" class=\"yoast-schema-graph\">{\"@context\":\"https:\\\/\\\/schema.org\",\"@graph\":[{\"@type\":\"WebPage\",\"@id\":\"https:\\\/\\\/www.viajamenorca.com\\\/fr\\\/guide-touristique\\\/photos-et-videos-de-minorque\\\/\",\"url\":\"https:\\\/\\\/www.viajamenorca.com\\\/fr\\\/guide-touristique\\\/photos-et-videos-de-minorque\\\/\",\"name\":\"Photos et vid\u00e9os de Minorque - Viaja a Menorca\",\"isPartOf\":{\"@id\":\"https:\\\/\\\/www.viajamenorca.com\\\/fr\\\/#website\"},\"primaryImageOfPage\":{\"@id\":\"https:\\\/\\\/www.viajamenorca.com\\\/fr\\\/guide-touristique\\\/photos-et-videos-de-minorque\\\/#primaryimage\"},\"image\":{\"@id\":\"https:\\\/\\\/www.viajamenorca.com\\\/fr\\\/guide-touristique\\\/photos-et-videos-de-minorque\\\/#primaryimage\"},\"thumbnailUrl\":\"https:\\\/\\\/www.viajamenorca.com\\\/wp-content\\\/uploads\\\/2017\\\/02\\\/binibeca-9.jpg\",\"datePublished\":\"2019-02-22T17:58:30+00:00\",\"dateModified\":\"2026-02-22T21:32:30+00:00\",\"description\":\"Images de quelques-unes des plus belles plages de Minorque, de monuments, de paysages, d'arch\u00e9ologie et de f\u00eates locales. Nous esp\u00e9rons\",\"breadcrumb\":{\"@id\":\"https:\\\/\\\/www.viajamenorca.com\\\/fr\\\/guide-touristique\\\/photos-et-videos-de-minorque\\\/#breadcrumb\"},\"inLanguage\":\"fr-FR\",\"potentialAction\":[{\"@type\":\"ReadAction\",\"target\":[\"https:\\\/\\\/www.viajamenorca.com\\\/fr\\\/guide-touristique\\\/photos-et-videos-de-minorque\\\/\"]}]},{\"@type\":\"ImageObject\",\"inLanguage\":\"fr-FR\",\"@id\":\"https:\\\/\\\/www.viajamenorca.com\\\/fr\\\/guide-touristique\\\/photos-et-videos-de-minorque\\\/#primaryimage\",\"url\":\"https:\\\/\\\/www.viajamenorca.com\\\/wp-content\\\/uploads\\\/2017\\\/02\\\/binibeca-9.jpg\",\"contentUrl\":\"https:\\\/\\\/www.viajamenorca.com\\\/wp-content\\\/uploads\\\/2017\\\/02\\\/binibeca-9.jpg\",\"width\":1024,\"height\":279},{\"@type\":\"BreadcrumbList\",\"@id\":\"https:\\\/\\\/www.viajamenorca.com\\\/fr\\\/guide-touristique\\\/photos-et-videos-de-minorque\\\/#breadcrumb\",\"itemListElement\":[{\"@type\":\"ListItem\",\"position\":1,\"name\":\"Guide touristique de Minorque 2026\",\"item\":\"https:\\\/\\\/www.viajamenorca.com\\\/fr\\\/guide-touristique\\\/\"},{\"@type\":\"ListItem\",\"position\":2,\"name\":\"Photos et vid\u00e9os de Minorque\"}]},{\"@type\":\"WebSite\",\"@id\":\"https:\\\/\\\/www.viajamenorca.com\\\/fr\\\/#website\",\"url\":\"https:\\\/\\\/www.viajamenorca.com\\\/fr\\\/\",\"name\":\"Viaja a Menorca\",\"description\":\"Votre aventure minorquine commence ici !\",\"publisher\":{\"@id\":\"https:\\\/\\\/www.viajamenorca.com\\\/fr\\\/#organization\"},\"alternateName\":\"Gu\u00eda tur\u00edstica de Menorca\",\"potentialAction\":[{\"@type\":\"SearchAction\",\"target\":{\"@type\":\"EntryPoint\",\"urlTemplate\":\"https:\\\/\\\/www.viajamenorca.com\\\/fr\\\/?s={search_term_string}\"},\"query-input\":{\"@type\":\"PropertyValueSpecification\",\"valueRequired\":true,\"valueName\":\"search_term_string\"}}],\"inLanguage\":\"fr-FR\"},{\"@type\":\"Organization\",\"@id\":\"https:\\\/\\\/www.viajamenorca.com\\\/fr\\\/#organization\",\"name\":\"Viaja a Menorca - Gu\u00eda tur\u00edstica\",\"alternateName\":\"Viaja a Menorca\",\"url\":\"https:\\\/\\\/www.viajamenorca.com\\\/fr\\\/\",\"logo\":{\"@type\":\"ImageObject\",\"inLanguage\":\"fr-FR\",\"@id\":\"https:\\\/\\\/www.viajamenorca.com\\\/fr\\\/#\\\/schema\\\/logo\\\/image\\\/\",\"url\":\"https:\\\/\\\/www.viajamenorca.com\\\/wp-content\\\/uploads\\\/2021\\\/11\\\/viajamenorca.jpg\",\"contentUrl\":\"https:\\\/\\\/www.viajamenorca.com\\\/wp-content\\\/uploads\\\/2021\\\/11\\\/viajamenorca.jpg\",\"width\":714,\"height\":714,\"caption\":\"Viaja a Menorca - Gu\u00eda tur\u00edstica\"},\"image\":{\"@id\":\"https:\\\/\\\/www.viajamenorca.com\\\/fr\\\/#\\\/schema\\\/logo\\\/image\\\/\"},\"sameAs\":[\"https:\\\/\\\/www.facebook.com\\\/ViajaMenorca\\\/\",\"https:\\\/\\\/x.com\\\/ViajaMenorca\",\"https:\\\/\\\/www.instagram.com\\\/viaja_menorca\\\/?hl=es\",\"https:\\\/\\\/www.youtube.com\\\/channel\\\/UCWtpR3jxp79HeZ8zZfHLhXw\"]}]}<\/script>\n<!-- \/ Yoast SEO plugin. -->","yoast_head_json":{"title":"Photos et vid\u00e9os de Minorque - Viaja a Menorca","description":"Images de quelques-unes des plus belles plages de Minorque, de monuments, de paysages, d'arch\u00e9ologie et de f\u00eates locales. Nous esp\u00e9rons","robots":{"index":"index","follow":"follow","max-snippet":"max-snippet:-1","max-image-preview":"max-image-preview:large","max-video-preview":"max-video-preview:-1"},"canonical":"https:\/\/www.viajamenorca.com\/fr\/guide-touristique\/photos-et-videos-de-minorque\/","og_locale":"fr_FR","og_type":"article","og_title":"Photos et vid\u00e9os de Minorque - Viaja a Menorca","og_description":"Images de quelques-unes des plus belles plages de Minorque, de monuments, de paysages, d'arch\u00e9ologie et de f\u00eates locales. Nous esp\u00e9rons","og_url":"https:\/\/www.viajamenorca.com\/fr\/guide-touristique\/photos-et-videos-de-minorque\/","og_site_name":"Viaja a Menorca","article_publisher":"https:\/\/www.facebook.com\/ViajaMenorca\/","article_modified_time":"2026-02-22T21:32:30+00:00","og_image":[{"width":1024,"height":279,"url":"https:\/\/www.viajamenorca.com\/wp-content\/uploads\/2017\/02\/binibeca-9.jpg","type":"image\/jpeg"}],"twitter_card":"summary_large_image","twitter_site":"@ViajaMenorca","twitter_misc":{"Dur\u00e9e de lecture estim\u00e9e":"1 minute"},"schema":{"@context":"https:\/\/schema.org","@graph":[{"@type":"WebPage","@id":"https:\/\/www.viajamenorca.com\/fr\/guide-touristique\/photos-et-videos-de-minorque\/","url":"https:\/\/www.viajamenorca.com\/fr\/guide-touristique\/photos-et-videos-de-minorque\/","name":"Photos et vid\u00e9os de Minorque - Viaja a Menorca","isPartOf":{"@id":"https:\/\/www.viajamenorca.com\/fr\/#website"},"primaryImageOfPage":{"@id":"https:\/\/www.viajamenorca.com\/fr\/guide-touristique\/photos-et-videos-de-minorque\/#primaryimage"},"image":{"@id":"https:\/\/www.viajamenorca.com\/fr\/guide-touristique\/photos-et-videos-de-minorque\/#primaryimage"},"thumbnailUrl":"https:\/\/www.viajamenorca.com\/wp-content\/uploads\/2017\/02\/binibeca-9.jpg","datePublished":"2019-02-22T17:58:30+00:00","dateModified":"2026-02-22T21:32:30+00:00","description":"Images de quelques-unes des plus belles plages de Minorque, de monuments, de paysages, d'arch\u00e9ologie et de f\u00eates locales. Nous esp\u00e9rons","breadcrumb":{"@id":"https:\/\/www.viajamenorca.com\/fr\/guide-touristique\/photos-et-videos-de-minorque\/#breadcrumb"},"inLanguage":"fr-FR","potentialAction":[{"@type":"ReadAction","target":["https:\/\/www.viajamenorca.com\/fr\/guide-touristique\/photos-et-videos-de-minorque\/"]}]},{"@type":"ImageObject","inLanguage":"fr-FR","@id":"https:\/\/www.viajamenorca.com\/fr\/guide-touristique\/photos-et-videos-de-minorque\/#primaryimage","url":"https:\/\/www.viajamenorca.com\/wp-content\/uploads\/2017\/02\/binibeca-9.jpg","contentUrl":"https:\/\/www.viajamenorca.com\/wp-content\/uploads\/2017\/02\/binibeca-9.jpg","width":1024,"height":279},{"@type":"BreadcrumbList","@id":"https:\/\/www.viajamenorca.com\/fr\/guide-touristique\/photos-et-videos-de-minorque\/#breadcrumb","itemListElement":[{"@type":"ListItem","position":1,"name":"Guide touristique de Minorque 2026","item":"https:\/\/www.viajamenorca.com\/fr\/guide-touristique\/"},{"@type":"ListItem","position":2,"name":"Photos et vid\u00e9os de Minorque"}]},{"@type":"WebSite","@id":"https:\/\/www.viajamenorca.com\/fr\/#website","url":"https:\/\/www.viajamenorca.com\/fr\/","name":"Viaja a Menorca","description":"Votre aventure minorquine commence ici !","publisher":{"@id":"https:\/\/www.viajamenorca.com\/fr\/#organization"},"alternateName":"Gu\u00eda tur\u00edstica de Menorca","potentialAction":[{"@type":"SearchAction","target":{"@type":"EntryPoint","urlTemplate":"https:\/\/www.viajamenorca.com\/fr\/?s={search_term_string}"},"query-input":{"@type":"PropertyValueSpecification","valueRequired":true,"valueName":"search_term_string"}}],"inLanguage":"fr-FR"},{"@type":"Organization","@id":"https:\/\/www.viajamenorca.com\/fr\/#organization","name":"Viaja a Menorca - Gu\u00eda tur\u00edstica","alternateName":"Viaja a Menorca","url":"https:\/\/www.viajamenorca.com\/fr\/","logo":{"@type":"ImageObject","inLanguage":"fr-FR","@id":"https:\/\/www.viajamenorca.com\/fr\/#\/schema\/logo\/image\/","url":"https:\/\/www.viajamenorca.com\/wp-content\/uploads\/2021\/11\/viajamenorca.jpg","contentUrl":"https:\/\/www.viajamenorca.com\/wp-content\/uploads\/2021\/11\/viajamenorca.jpg","width":714,"height":714,"caption":"Viaja a Menorca - Gu\u00eda tur\u00edstica"},"image":{"@id":"https:\/\/www.viajamenorca.com\/fr\/#\/schema\/logo\/image\/"},"sameAs":["https:\/\/www.facebook.com\/ViajaMenorca\/","https:\/\/x.com\/ViajaMenorca","https:\/\/www.instagram.com\/viaja_menorca\/?hl=es","https:\/\/www.youtube.com\/channel\/UCWtpR3jxp79HeZ8zZfHLhXw"]}]}},"_links":{"self":[{"href":"https:\/\/www.viajamenorca.com\/fr\/wp-json\/wp\/v2\/pages\/57162","targetHints":{"allow":["GET"]}}],"collection":[{"href":"https:\/\/www.viajamenorca.com\/fr\/wp-json\/wp\/v2\/pages"}],"about":[{"href":"https:\/\/www.viajamenorca.com\/fr\/wp-json\/wp\/v2\/types\/page"}],"author":[{"embeddable":true,"href":"https:\/\/www.viajamenorca.com\/fr\/wp-json\/wp\/v2\/users\/1"}],"replies":[{"embeddable":true,"href":"https:\/\/www.viajamenorca.com\/fr\/wp-json\/wp\/v2\/comments?post=57162"}],"version-history":[{"count":4,"href":"https:\/\/www.viajamenorca.com\/fr\/wp-json\/wp\/v2\/pages\/57162\/revisions"}],"predecessor-version":[{"id":59769,"href":"https:\/\/www.viajamenorca.com\/fr\/wp-json\/wp\/v2\/pages\/57162\/revisions\/59769"}],"up":[{"embeddable":true,"href":"https:\/\/www.viajamenorca.com\/fr\/wp-json\/wp\/v2\/pages\/53609"}],"wp:featuredmedia":[{"embeddable":true,"href":"https:\/\/www.viajamenorca.com\/fr\/wp-json\/wp\/v2\/media\/57164"}],"wp:attachment":[{"href":"https:\/\/www.viajamenorca.com\/fr\/wp-json\/wp\/v2\/media?parent=57162"}],"curies":[{"name":"wp","href":"https:\/\/api.w.org\/{rel}","templated":true}]}}