{"id":58053,"date":"2019-01-03T17:21:06","date_gmt":"2019-01-03T17:21:06","guid":{"rendered":"https:\/\/www.viajamenorca.com\/guide-touristique\/plages-et-criques\/drapeau-bleu\/"},"modified":"2026-02-22T20:44:25","modified_gmt":"2026-02-22T20:44:25","slug":"drapeau-bleu","status":"publish","type":"page","link":"https:\/\/www.viajamenorca.com\/fr\/guide-touristique\/plages-et-criques\/drapeau-bleu\/","title":{"rendered":"Drapeau bleu"},"content":{"rendered":"<h3><span style=\"font-size: 14pt;\">Criques et plages avec <\/span><span style=\"font-size: 14pt;\"><img decoding=\"async\" class=\"alignnone wp-image-5390\" title=\"Plages et criques labellis\u00e9es Pavillon bleu \u00e0 Minorque\" src=\"https:\/\/www.viajamenorca.com\/wp-content\/uploads\/2017\/02\/ico_banderaazul.jpg\" alt=\"\" width=\"18\" height=\"18\"> <\/span><span style=\"font-size: 14pt;\"><strong>Pavillon Bleu 2025<\/strong>, d\u00e9couvrez les meilleures plages avec cette distinction de qualit\u00e9.<\/span><\/h3>\n\n\n<div class=\"gb-element-887b02bf\">\n<div>\n<h3><\/h3>\n<\/div>\n\n\n\n<div class=\"gb-element-b65ce310\">\n<div style=\"height:21px\" aria-hidden=\"true\" class=\"wp-block-spacer\"><\/div>\n\n\n<div  class=\"search-filter-base search-filter-field search-filter-field--id-2 search-filter-field--type-choice search-filter-field--input-type-select search-filter-style--id-1 search-filter-style--choice-select search-filter-field--width-75\"  data-search-filter-id=\"2\" ><\/div>\n\n\n\n<div style=\"height:5px\" aria-hidden=\"true\" class=\"wp-block-spacer\"><\/div>\n\n\n<div  class=\"search-filter-base search-filter-field search-filter-field--id-1 search-filter-field--type-choice search-filter-field--input-type-select search-filter-style--id-1 search-filter-style--choice-select search-filter-field--width-75\"  data-search-filter-id=\"1\" ><\/div>\n\n\n\n<div style=\"height:5px\" aria-hidden=\"true\" class=\"wp-block-spacer\"><\/div>\n\n\n<div  class=\"search-filter-base search-filter-field search-filter-field--id-3 search-filter-field--type-choice search-filter-field--input-type-select search-filter-style--id-1 search-filter-style--choice-select search-filter-field--width-75\"  data-search-filter-id=\"3\" ><\/div>\n\n\n\n<div style=\"height:25px\" aria-hidden=\"true\" class=\"wp-block-spacer\"><\/div>\n<\/div>\n<\/div>\n\n\n\n<div class=\"gb-grid-wrapper gb-grid-wrapper-bedb5b0c gb-query-loop-wrapper\">\n<div class=\"gb-grid-column gb-grid-column-18bcf01a gb-query-loop-item post-57144 post type-post status-publish format-standard has-post-thumbnail hentry category-cote-est category-pavillon-bleu tag-appartement tag-hotels tag-plage tag-plage-de-punta-prima tag-punta-prima tag-san-luis tag-st-lluis\"><div class=\"gb-container gb-container-18bcf01a\">\n<figure class=\"gb-block-image gb-block-image-0317d7c1\"><a href=\"https:\/\/www.viajamenorca.com\/fr\/guide-touristique\/plages-et-criques\/cote-est\/plage-de-punta-prima\/\"><img decoding=\"async\" width=\"1024\" height=\"576\" src=\"https:\/\/www.viajamenorca.com\/wp-content\/uploads\/2017\/02\/20160520_204459-e1540516107564.jpg\" class=\"gb-image-0317d7c1\" alt=\"\" srcset=\"https:\/\/www.viajamenorca.com\/wp-content\/uploads\/2017\/02\/20160520_204459-e1540516107564.jpg 1024w, https:\/\/www.viajamenorca.com\/wp-content\/uploads\/2017\/02\/20160520_204459-e1540516107564-300x169.jpg 300w, https:\/\/www.viajamenorca.com\/wp-content\/uploads\/2017\/02\/20160520_204459-e1540516107564-768x432.jpg 768w, https:\/\/www.viajamenorca.com\/wp-content\/uploads\/2017\/02\/20160520_204459-e1540516107564-110x62.jpg 110w, https:\/\/www.viajamenorca.com\/wp-content\/uploads\/2017\/02\/20160520_204459-e1540516107564-420x236.jpg 420w, https:\/\/www.viajamenorca.com\/wp-content\/uploads\/2017\/02\/20160520_204459-e1540516107564-764x430.jpg 764w\" sizes=\"(max-width: 1024px) 100vw, 1024px\" \/><\/a><\/figure>\n\n<h2 class=\"gb-headline gb-headline-73af1d53 gb-headline-text\"><a href=\"https:\/\/www.viajamenorca.com\/fr\/guide-touristique\/plages-et-criques\/cote-est\/plage-de-punta-prima\/\">Plage de Punta Prima<\/a><\/h2>\n\n<div class=\"gb-headline gb-headline-1d8b1fe4 gb-headline-text\">Une excellente plage de sable blanc et fin, des eaux cristallines aux nuances de bleu turquoise. Situ\u00e9e \u00e0 la pointe sud-est de l&rsquo;\u00eele de Minorque, dans la commune de San &#8230;<\/div>\n\n<a class=\"gb-button gb-button-043d5fc6 gb-button-text\" href=\"https:\/\/www.viajamenorca.com\/fr\/guide-touristique\/plages-et-criques\/cote-est\/plage-de-punta-prima\/\">LIRE LA SUITE&#8230;<\/a>\n<\/div><\/div>\n\n<div class=\"gb-grid-column gb-grid-column-18bcf01a gb-query-loop-item post-56890 post type-post status-publish format-standard has-post-thumbnail hentry category-cote-sud category-pavillon-bleu tag-alaior tag-appartement tag-cala-en-porter tag-cote-sud tag-hotels tag-plages\"><div class=\"gb-container gb-container-18bcf01a\">\n<figure class=\"gb-block-image gb-block-image-0317d7c1\"><a href=\"https:\/\/www.viajamenorca.com\/fr\/guide-touristique\/plages-et-criques\/cote-sud\/plage-de-cala-en-porter\/\"><img decoding=\"async\" width=\"1024\" height=\"576\" src=\"https:\/\/www.viajamenorca.com\/wp-content\/uploads\/2017\/02\/DSC_0474.jpg\" class=\"gb-image-0317d7c1\" alt=\"\" srcset=\"https:\/\/www.viajamenorca.com\/wp-content\/uploads\/2017\/02\/DSC_0474.jpg 1024w, https:\/\/www.viajamenorca.com\/wp-content\/uploads\/2017\/02\/DSC_0474-300x169.jpg 300w, https:\/\/www.viajamenorca.com\/wp-content\/uploads\/2017\/02\/DSC_0474-768x432.jpg 768w, https:\/\/www.viajamenorca.com\/wp-content\/uploads\/2017\/02\/DSC_0474-110x62.jpg 110w, https:\/\/www.viajamenorca.com\/wp-content\/uploads\/2017\/02\/DSC_0474-420x236.jpg 420w, https:\/\/www.viajamenorca.com\/wp-content\/uploads\/2017\/02\/DSC_0474-764x430.jpg 764w\" sizes=\"(max-width: 1024px) 100vw, 1024px\" \/><\/a><\/figure>\n\n<h2 class=\"gb-headline gb-headline-73af1d53 gb-headline-text\"><a href=\"https:\/\/www.viajamenorca.com\/fr\/guide-touristique\/plages-et-criques\/cote-sud\/plage-de-cala-en-porter\/\">Plage de Cala en Porter<\/a><\/h2>\n\n<div class=\"gb-headline gb-headline-1d8b1fe4 gb-headline-text\">La plage de Cala en Porter est situ\u00e9e \u00e0 11 km au sud de la ville d&rsquo;Alaior sur la c\u00f4te sud de l&rsquo;\u00eele et est une destination touristique populaire pour &#8230;<\/div>\n\n<a class=\"gb-button gb-button-043d5fc6 gb-button-text\" href=\"https:\/\/www.viajamenorca.com\/fr\/guide-touristique\/plages-et-criques\/cote-sud\/plage-de-cala-en-porter\/\">LIRE LA SUITE&#8230;<\/a>\n<\/div><\/div>\n\n<div class=\"gb-grid-column gb-grid-column-18bcf01a gb-query-loop-item post-56831 post type-post status-publish format-standard has-post-thumbnail hentry category-cote-sud category-pavillon-bleu tag-alaior tag-appartement tag-colonie-talayotique tag-excursions tag-menorca tag-minorque tag-oiseaux tag-plage tag-plage-de-son-bou tag-son-bou tag-zone-humide\"><div class=\"gb-container gb-container-18bcf01a\">\n<figure class=\"gb-block-image gb-block-image-0317d7c1\"><a href=\"https:\/\/www.viajamenorca.com\/fr\/guide-touristique\/plages-et-criques\/cote-sud\/plage-de-son-bou\/\"><img decoding=\"async\" width=\"1024\" height=\"576\" src=\"https:\/\/www.viajamenorca.com\/wp-content\/uploads\/2017\/02\/DSC_1016.jpg\" class=\"gb-image-0317d7c1\" alt=\"\" srcset=\"https:\/\/www.viajamenorca.com\/wp-content\/uploads\/2017\/02\/DSC_1016.jpg 1024w, https:\/\/www.viajamenorca.com\/wp-content\/uploads\/2017\/02\/DSC_1016-300x169.jpg 300w, https:\/\/www.viajamenorca.com\/wp-content\/uploads\/2017\/02\/DSC_1016-768x432.jpg 768w, https:\/\/www.viajamenorca.com\/wp-content\/uploads\/2017\/02\/DSC_1016-110x62.jpg 110w, https:\/\/www.viajamenorca.com\/wp-content\/uploads\/2017\/02\/DSC_1016-420x236.jpg 420w, https:\/\/www.viajamenorca.com\/wp-content\/uploads\/2017\/02\/DSC_1016-764x430.jpg 764w\" sizes=\"(max-width: 1024px) 100vw, 1024px\" \/><\/a><\/figure>\n\n<h2 class=\"gb-headline gb-headline-73af1d53 gb-headline-text\"><a href=\"https:\/\/www.viajamenorca.com\/fr\/guide-touristique\/plages-et-criques\/cote-sud\/plage-de-son-bou\/\">Plage de Son Bou<\/a><\/h2>\n\n<div class=\"gb-headline gb-headline-1d8b1fe4 gb-headline-text\">La plage de Son Bou se trouve \u00e0 environ neuf kilom\u00e8tres de Alaior sur la c\u00f4te sud de l&rsquo;\u00eele. C&rsquo;est la plus longue plage de Minorque avec une longueur de &#8230;<\/div>\n\n<a class=\"gb-button gb-button-043d5fc6 gb-button-text\" href=\"https:\/\/www.viajamenorca.com\/fr\/guide-touristique\/plages-et-criques\/cote-sud\/plage-de-son-bou\/\">LIRE LA SUITE&#8230;<\/a>\n<\/div><\/div>\n<\/div>\n\n\n<p>Les plages de Minorque avec le drapeau bleu 2025<\/p>\n<p><strong><a href=\"https:\/\/www.viajamenorca.com\/fr\/guide-touristique\/plages-et-criques\/cote-sud\/plage-de-cala-en-porter\/\">Cala en Porter<\/a>, <a href=\"https:\/\/www.viajamenorca.com\/fr\/guide-touristique\/plages-et-criques\/cote-sud\/plage-de-son-bou\/\">Son Bou<\/a>, <a href=\"https:\/\/www.viajamenorca.com\/guia-turistica\/playas-y-calas\/costa-este\/cala-binibeca-nou\/\">Binib\u00e8quer Nou <\/a><\/strong>et <strong><a href=\"https:\/\/www.viajamenorca.com\/fr\/guide-touristique\/plages-et-criques\/cote-est\/plage-de-punta-prima\/\">Punta Prima<\/a><\/strong>, ainsi que le <a href=\"https:\/\/www.viajamenorca.com\/fr\/guide-touristique\/villages\/ciutadella-citadelle\/\"><strong>port de Ciutadella<\/strong><\/a>.<\/p>","protected":false},"excerpt":{"rendered":"<p>Criques et plages avec Pavillon Bleu 2025, d\u00e9couvrez les meilleures plages avec cette distinction de qualit\u00e9. Les plages de Minorque avec le drapeau bleu 2025 Cala en Porter, Son Bou, &#8230; <\/p>\n<p class=\"read-more-container\"><a title=\"Drapeau bleu\" class=\"read-more button\" href=\"https:\/\/www.viajamenorca.com\/fr\/guide-touristique\/plages-et-criques\/drapeau-bleu\/#more-58053\" aria-label=\"En savoir plus sur Drapeau bleu\">Lire plus<\/a><\/p>\n","protected":false},"author":1,"featured_media":0,"parent":53187,"menu_order":0,"comment_status":"closed","ping_status":"closed","template":"","meta":{"_acf_changed":false,"footnotes":""},"class_list":["post-58053","page","type-page","status-publish"],"acf":[],"yoast_head":"<!-- This site is optimized with the Yoast SEO plugin v27.4 - https:\/\/yoast.com\/product\/yoast-seo-wordpress\/ -->\n<title>\u1405 Plages de Minorque avec title 2025 - Guide complet<\/title>\n<meta name=\"description\" content=\"Guide des criques et plages de Minorque avec Pavillon Bleu, d\u00e9couvrez les meilleures plages avec cette distinction de qualit\u00e9.\" \/>\n<meta name=\"robots\" content=\"index, follow, max-snippet:-1, max-image-preview:large, max-video-preview:-1\" \/>\n<link rel=\"canonical\" href=\"https:\/\/www.viajamenorca.com\/fr\/guide-touristique\/plages-et-criques\/drapeau-bleu\/\" \/>\n<meta property=\"og:locale\" content=\"fr_FR\" \/>\n<meta property=\"og:type\" content=\"article\" \/>\n<meta property=\"og:title\" content=\"Plages de Minorque arborant le drapeau bleu - Voyager \u00e0 Minorque\" \/>\n<meta property=\"og:description\" content=\"Guide des criques et plages de Minorque avec Pavillon Bleu 2019, d\u00e9couvrez les meilleures plages avec cette distinction de qualit\u00e9.\" \/>\n<meta property=\"og:url\" content=\"https:\/\/www.viajamenorca.com\/fr\/guide-touristique\/plages-et-criques\/drapeau-bleu\/\" \/>\n<meta property=\"og:site_name\" content=\"Viaja a Menorca\" \/>\n<meta property=\"article:publisher\" content=\"https:\/\/www.facebook.com\/ViajaMenorca\/\" \/>\n<meta property=\"article:modified_time\" content=\"2026-02-22T20:44:25+00:00\" \/>\n<meta property=\"og:image\" content=\"https:\/\/www.viajamenorca.com\/wp-content\/uploads\/2017\/02\/Cala_Galdana-4.jpg\" \/>\n\t<meta property=\"og:image:width\" content=\"1024\" \/>\n\t<meta property=\"og:image:height\" content=\"616\" \/>\n\t<meta property=\"og:image:type\" content=\"image\/jpeg\" \/>\n<meta name=\"twitter:card\" content=\"summary_large_image\" \/>\n<meta name=\"twitter:site\" content=\"@ViajaMenorca\" \/>\n<meta name=\"twitter:label1\" content=\"Dur\u00e9e de lecture estim\u00e9e\" \/>\n\t<meta name=\"twitter:data1\" content=\"1 minute\" \/>\n<script type=\"application\/ld+json\" class=\"yoast-schema-graph\">{\"@context\":\"https:\\\/\\\/schema.org\",\"@graph\":[{\"@type\":\"WebPage\",\"@id\":\"https:\\\/\\\/www.viajamenorca.com\\\/fr\\\/guide-touristique\\\/plages-et-criques\\\/drapeau-bleu\\\/\",\"url\":\"https:\\\/\\\/www.viajamenorca.com\\\/fr\\\/guide-touristique\\\/plages-et-criques\\\/drapeau-bleu\\\/\",\"name\":\"\u1405 Plages de Minorque avec title 2025 - Guide complet\",\"isPartOf\":{\"@id\":\"https:\\\/\\\/www.viajamenorca.com\\\/fr\\\/#website\"},\"primaryImageOfPage\":{\"@id\":\"https:\\\/\\\/www.viajamenorca.com\\\/fr\\\/guide-touristique\\\/plages-et-criques\\\/drapeau-bleu\\\/#primaryimage\"},\"image\":{\"@id\":\"https:\\\/\\\/www.viajamenorca.com\\\/fr\\\/guide-touristique\\\/plages-et-criques\\\/drapeau-bleu\\\/#primaryimage\"},\"thumbnailUrl\":\"https:\\\/\\\/www.viajamenorca.com\\\/wp-content\\\/uploads\\\/2017\\\/02\\\/ico_banderaazul.jpg\",\"datePublished\":\"2019-01-03T17:21:06+00:00\",\"dateModified\":\"2026-02-22T20:44:25+00:00\",\"description\":\"Guide des criques et plages de Minorque avec Pavillon Bleu, d\u00e9couvrez les meilleures plages avec cette distinction de qualit\u00e9.\",\"breadcrumb\":{\"@id\":\"https:\\\/\\\/www.viajamenorca.com\\\/fr\\\/guide-touristique\\\/plages-et-criques\\\/drapeau-bleu\\\/#breadcrumb\"},\"inLanguage\":\"fr-FR\",\"potentialAction\":[{\"@type\":\"ReadAction\",\"target\":[\"https:\\\/\\\/www.viajamenorca.com\\\/fr\\\/guide-touristique\\\/plages-et-criques\\\/drapeau-bleu\\\/\"]}]},{\"@type\":\"ImageObject\",\"inLanguage\":\"fr-FR\",\"@id\":\"https:\\\/\\\/www.viajamenorca.com\\\/fr\\\/guide-touristique\\\/plages-et-criques\\\/drapeau-bleu\\\/#primaryimage\",\"url\":\"https:\\\/\\\/www.viajamenorca.com\\\/wp-content\\\/uploads\\\/2017\\\/02\\\/ico_banderaazul.jpg\",\"contentUrl\":\"https:\\\/\\\/www.viajamenorca.com\\\/wp-content\\\/uploads\\\/2017\\\/02\\\/ico_banderaazul.jpg\"},{\"@type\":\"BreadcrumbList\",\"@id\":\"https:\\\/\\\/www.viajamenorca.com\\\/fr\\\/guide-touristique\\\/plages-et-criques\\\/drapeau-bleu\\\/#breadcrumb\",\"itemListElement\":[{\"@type\":\"ListItem\",\"position\":1,\"name\":\"Guide touristique de Minorque 2026\",\"item\":\"https:\\\/\\\/www.viajamenorca.com\\\/fr\\\/guide-touristique\\\/\"},{\"@type\":\"ListItem\",\"position\":2,\"name\":\"Plages\",\"item\":\"https:\\\/\\\/www.viajamenorca.com\\\/fr\\\/guide-touristique\\\/plages-et-criques\\\/\"},{\"@type\":\"ListItem\",\"position\":3,\"name\":\"Label de qualit\u00e9\"}]},{\"@type\":\"WebSite\",\"@id\":\"https:\\\/\\\/www.viajamenorca.com\\\/fr\\\/#website\",\"url\":\"https:\\\/\\\/www.viajamenorca.com\\\/fr\\\/\",\"name\":\"Viaja a Menorca\",\"description\":\"Votre aventure minorquine commence ici !\",\"publisher\":{\"@id\":\"https:\\\/\\\/www.viajamenorca.com\\\/fr\\\/#organization\"},\"alternateName\":\"Gu\u00eda tur\u00edstica de Menorca\",\"potentialAction\":[{\"@type\":\"SearchAction\",\"target\":{\"@type\":\"EntryPoint\",\"urlTemplate\":\"https:\\\/\\\/www.viajamenorca.com\\\/fr\\\/?s={search_term_string}\"},\"query-input\":{\"@type\":\"PropertyValueSpecification\",\"valueRequired\":true,\"valueName\":\"search_term_string\"}}],\"inLanguage\":\"fr-FR\"},{\"@type\":\"Organization\",\"@id\":\"https:\\\/\\\/www.viajamenorca.com\\\/fr\\\/#organization\",\"name\":\"Viaja a Menorca - Gu\u00eda tur\u00edstica\",\"alternateName\":\"Viaja a Menorca\",\"url\":\"https:\\\/\\\/www.viajamenorca.com\\\/fr\\\/\",\"logo\":{\"@type\":\"ImageObject\",\"inLanguage\":\"fr-FR\",\"@id\":\"https:\\\/\\\/www.viajamenorca.com\\\/fr\\\/#\\\/schema\\\/logo\\\/image\\\/\",\"url\":\"https:\\\/\\\/www.viajamenorca.com\\\/wp-content\\\/uploads\\\/2021\\\/11\\\/viajamenorca.jpg\",\"contentUrl\":\"https:\\\/\\\/www.viajamenorca.com\\\/wp-content\\\/uploads\\\/2021\\\/11\\\/viajamenorca.jpg\",\"width\":714,\"height\":714,\"caption\":\"Viaja a Menorca - Gu\u00eda tur\u00edstica\"},\"image\":{\"@id\":\"https:\\\/\\\/www.viajamenorca.com\\\/fr\\\/#\\\/schema\\\/logo\\\/image\\\/\"},\"sameAs\":[\"https:\\\/\\\/www.facebook.com\\\/ViajaMenorca\\\/\",\"https:\\\/\\\/x.com\\\/ViajaMenorca\",\"https:\\\/\\\/www.instagram.com\\\/viaja_menorca\\\/?hl=es\",\"https:\\\/\\\/www.youtube.com\\\/channel\\\/UCWtpR3jxp79HeZ8zZfHLhXw\"]}]}<\/script>\n<!-- \/ Yoast SEO plugin. -->","yoast_head_json":{"title":"\u1405 Plages de Minorque avec title 2025 - Guide complet","description":"Guide des criques et plages de Minorque avec Pavillon Bleu, d\u00e9couvrez les meilleures plages avec cette distinction de qualit\u00e9.","robots":{"index":"index","follow":"follow","max-snippet":"max-snippet:-1","max-image-preview":"max-image-preview:large","max-video-preview":"max-video-preview:-1"},"canonical":"https:\/\/www.viajamenorca.com\/fr\/guide-touristique\/plages-et-criques\/drapeau-bleu\/","og_locale":"fr_FR","og_type":"article","og_title":"Plages de Minorque arborant le drapeau bleu - Voyager \u00e0 Minorque","og_description":"Guide des criques et plages de Minorque avec Pavillon Bleu 2019, d\u00e9couvrez les meilleures plages avec cette distinction de qualit\u00e9.","og_url":"https:\/\/www.viajamenorca.com\/fr\/guide-touristique\/plages-et-criques\/drapeau-bleu\/","og_site_name":"Viaja a Menorca","article_publisher":"https:\/\/www.facebook.com\/ViajaMenorca\/","article_modified_time":"2026-02-22T20:44:25+00:00","og_image":[{"width":1024,"height":616,"url":"https:\/\/www.viajamenorca.com\/wp-content\/uploads\/2017\/02\/Cala_Galdana-4.jpg","type":"image\/jpeg"}],"twitter_card":"summary_large_image","twitter_site":"@ViajaMenorca","twitter_misc":{"Dur\u00e9e de lecture estim\u00e9e":"1 minute"},"schema":{"@context":"https:\/\/schema.org","@graph":[{"@type":"WebPage","@id":"https:\/\/www.viajamenorca.com\/fr\/guide-touristique\/plages-et-criques\/drapeau-bleu\/","url":"https:\/\/www.viajamenorca.com\/fr\/guide-touristique\/plages-et-criques\/drapeau-bleu\/","name":"\u1405 Plages de Minorque avec title 2025 - Guide complet","isPartOf":{"@id":"https:\/\/www.viajamenorca.com\/fr\/#website"},"primaryImageOfPage":{"@id":"https:\/\/www.viajamenorca.com\/fr\/guide-touristique\/plages-et-criques\/drapeau-bleu\/#primaryimage"},"image":{"@id":"https:\/\/www.viajamenorca.com\/fr\/guide-touristique\/plages-et-criques\/drapeau-bleu\/#primaryimage"},"thumbnailUrl":"https:\/\/www.viajamenorca.com\/wp-content\/uploads\/2017\/02\/ico_banderaazul.jpg","datePublished":"2019-01-03T17:21:06+00:00","dateModified":"2026-02-22T20:44:25+00:00","description":"Guide des criques et plages de Minorque avec Pavillon Bleu, d\u00e9couvrez les meilleures plages avec cette distinction de qualit\u00e9.","breadcrumb":{"@id":"https:\/\/www.viajamenorca.com\/fr\/guide-touristique\/plages-et-criques\/drapeau-bleu\/#breadcrumb"},"inLanguage":"fr-FR","potentialAction":[{"@type":"ReadAction","target":["https:\/\/www.viajamenorca.com\/fr\/guide-touristique\/plages-et-criques\/drapeau-bleu\/"]}]},{"@type":"ImageObject","inLanguage":"fr-FR","@id":"https:\/\/www.viajamenorca.com\/fr\/guide-touristique\/plages-et-criques\/drapeau-bleu\/#primaryimage","url":"https:\/\/www.viajamenorca.com\/wp-content\/uploads\/2017\/02\/ico_banderaazul.jpg","contentUrl":"https:\/\/www.viajamenorca.com\/wp-content\/uploads\/2017\/02\/ico_banderaazul.jpg"},{"@type":"BreadcrumbList","@id":"https:\/\/www.viajamenorca.com\/fr\/guide-touristique\/plages-et-criques\/drapeau-bleu\/#breadcrumb","itemListElement":[{"@type":"ListItem","position":1,"name":"Guide touristique de Minorque 2026","item":"https:\/\/www.viajamenorca.com\/fr\/guide-touristique\/"},{"@type":"ListItem","position":2,"name":"Plages","item":"https:\/\/www.viajamenorca.com\/fr\/guide-touristique\/plages-et-criques\/"},{"@type":"ListItem","position":3,"name":"Label de qualit\u00e9"}]},{"@type":"WebSite","@id":"https:\/\/www.viajamenorca.com\/fr\/#website","url":"https:\/\/www.viajamenorca.com\/fr\/","name":"Viaja a Menorca","description":"Votre aventure minorquine commence ici !","publisher":{"@id":"https:\/\/www.viajamenorca.com\/fr\/#organization"},"alternateName":"Gu\u00eda tur\u00edstica de Menorca","potentialAction":[{"@type":"SearchAction","target":{"@type":"EntryPoint","urlTemplate":"https:\/\/www.viajamenorca.com\/fr\/?s={search_term_string}"},"query-input":{"@type":"PropertyValueSpecification","valueRequired":true,"valueName":"search_term_string"}}],"inLanguage":"fr-FR"},{"@type":"Organization","@id":"https:\/\/www.viajamenorca.com\/fr\/#organization","name":"Viaja a Menorca - Gu\u00eda tur\u00edstica","alternateName":"Viaja a Menorca","url":"https:\/\/www.viajamenorca.com\/fr\/","logo":{"@type":"ImageObject","inLanguage":"fr-FR","@id":"https:\/\/www.viajamenorca.com\/fr\/#\/schema\/logo\/image\/","url":"https:\/\/www.viajamenorca.com\/wp-content\/uploads\/2021\/11\/viajamenorca.jpg","contentUrl":"https:\/\/www.viajamenorca.com\/wp-content\/uploads\/2021\/11\/viajamenorca.jpg","width":714,"height":714,"caption":"Viaja a Menorca - Gu\u00eda tur\u00edstica"},"image":{"@id":"https:\/\/www.viajamenorca.com\/fr\/#\/schema\/logo\/image\/"},"sameAs":["https:\/\/www.facebook.com\/ViajaMenorca\/","https:\/\/x.com\/ViajaMenorca","https:\/\/www.instagram.com\/viaja_menorca\/?hl=es","https:\/\/www.youtube.com\/channel\/UCWtpR3jxp79HeZ8zZfHLhXw"]}]}},"_links":{"self":[{"href":"https:\/\/www.viajamenorca.com\/fr\/wp-json\/wp\/v2\/pages\/58053","targetHints":{"allow":["GET"]}}],"collection":[{"href":"https:\/\/www.viajamenorca.com\/fr\/wp-json\/wp\/v2\/pages"}],"about":[{"href":"https:\/\/www.viajamenorca.com\/fr\/wp-json\/wp\/v2\/types\/page"}],"author":[{"embeddable":true,"href":"https:\/\/www.viajamenorca.com\/fr\/wp-json\/wp\/v2\/users\/1"}],"replies":[{"embeddable":true,"href":"https:\/\/www.viajamenorca.com\/fr\/wp-json\/wp\/v2\/comments?post=58053"}],"version-history":[{"count":4,"href":"https:\/\/www.viajamenorca.com\/fr\/wp-json\/wp\/v2\/pages\/58053\/revisions"}],"predecessor-version":[{"id":59706,"href":"https:\/\/www.viajamenorca.com\/fr\/wp-json\/wp\/v2\/pages\/58053\/revisions\/59706"}],"up":[{"embeddable":true,"href":"https:\/\/www.viajamenorca.com\/fr\/wp-json\/wp\/v2\/pages\/53187"}],"wp:attachment":[{"href":"https:\/\/www.viajamenorca.com\/fr\/wp-json\/wp\/v2\/media?parent=58053"}],"curies":[{"name":"wp","href":"https:\/\/api.w.org\/{rel}","templated":true}]}}