{"id":58059,"date":"2025-02-26T14:26:25","date_gmt":"2025-02-26T14:26:25","guid":{"rendered":"https:\/\/www.viajamenorca.com\/blog-magazine\/plus-darticles-sur-minorque\/"},"modified":"2026-02-22T21:30:09","modified_gmt":"2026-02-22T21:30:09","slug":"plus-darticles-sur-minorque","status":"publish","type":"page","link":"https:\/\/www.viajamenorca.com\/fr\/blog-magazine\/plus-darticles-sur-minorque\/","title":{"rendered":"Plus d&rsquo;articles sur Minorque"},"content":{"rendered":"\n<h3><span style=\"font-size: 13pt;\"><a href=\"https:\/\/www.viajamenorca.com\/fr\/blog-magazine\/\"><span class=\"page-numbers current\" aria-current=\"page\">1<\/span> <\/a>2 <a href=\"https:\/\/www.viajamenorca.com\/fr\/blog-magazine\/\">Pr\u00e9c\u00e9dent \u2190<\/a><\/span><\/h3>\n\n\n\n<div class=\"gb-grid-wrapper gb-grid-wrapper-bedb5b0c gb-query-loop-wrapper\"><\/div>\n\n\n\n<h3><span style=\"font-size: 13pt;\"><a href=\"https:\/\/www.viajamenorca.com\/fr\/blog-magazine\/\"><span class=\"page-numbers current\" aria-current=\"page\">1<\/span> <\/a>2 <a href=\"https:\/\/www.viajamenorca.com\/fr\/blog-magazine\/\">Pr\u00e9c\u00e9dent \u2190<\/a><\/span><\/h3>\n<hr \/>\n<p>D\u00e9couvrez <a href=\"https:\/\/www.viajamenorca.com\/fr\/blog-magazine\/\"><strong>plus d&rsquo;articles sur Minorque<\/strong><\/a>Notre magazine : plans, plages, gastronomie et conseils pour votre voyage. Explorez notre magazine et tombez amoureux de l&rsquo;\u00eele avec des guides, des recommandations et des curiosit\u00e9s pour profiter au maximum de votre s\u00e9jour. \ud83d\udc49 <a title=\"Blog | Magazine du tourisme\" href=\"https:\/\/www.viajamenorca.com\/fr\/blog-magazine\/\" rel=\"\"><strong>Blog | Magazine du tourisme \u00a0\u00bb <span class=\"breadcrumb_last\" aria-current=\"page\">\ud83d\udcf0<\/span><\/strong><\/a><\/p>\n","protected":false},"excerpt":{"rendered":"<p>1 2 Pr\u00e9c\u00e9dent \u2190 1 2 Pr\u00e9c\u00e9dent \u2190 D\u00e9couvrez plus d&rsquo;articles sur MinorqueNotre magazine : plans, plages, gastronomie et conseils pour votre voyage. Explorez notre magazine et tombez amoureux de &#8230; <\/p>\n<p class=\"read-more-container\"><a title=\"Plus d&rsquo;articles sur Minorque\" class=\"read-more button\" href=\"https:\/\/www.viajamenorca.com\/fr\/blog-magazine\/plus-darticles-sur-minorque\/#more-58059\" aria-label=\"En savoir plus sur Plus d&rsquo;articles sur Minorque\">Lire plus<\/a><\/p>\n","protected":false},"author":1,"featured_media":0,"parent":53292,"menu_order":0,"comment_status":"closed","ping_status":"closed","template":"","meta":{"_acf_changed":false,"footnotes":""},"class_list":["post-58059","page","type-page","status-publish"],"acf":[],"yoast_head":"<!-- This site is optimized with the Yoast SEO plugin v27.4 - https:\/\/yoast.com\/product\/yoast-seo-wordpress\/ -->\n<title>Plus d&#039;articles sur Minorque - Viaja a Menorca<\/title>\n<meta name=\"description\" content=\"D\u00e9couvrez d&#039;autres articles sur Minorque : plans, plages, gastronomie et conseils pour votre voyage. Explorez notre magazine et tombez amou\" \/>\n<meta name=\"robots\" content=\"index, follow, max-snippet:-1, max-image-preview:large, max-video-preview:-1\" \/>\n<link rel=\"canonical\" href=\"https:\/\/www.viajamenorca.com\/fr\/blog-magazine\/plus-darticles-sur-minorque\/\" \/>\n<meta property=\"og:locale\" content=\"fr_FR\" \/>\n<meta property=\"og:type\" content=\"article\" \/>\n<meta property=\"og:title\" content=\"Plus d&#039;articles sur Minorque - Viaja a Menorca\" \/>\n<meta property=\"og:description\" content=\"D\u00e9couvrez d&#039;autres articles sur Minorque : plans, plages, gastronomie et conseils pour votre voyage. Explorez notre magazine et tombez amou\" \/>\n<meta property=\"og:url\" content=\"https:\/\/www.viajamenorca.com\/fr\/blog-magazine\/plus-darticles-sur-minorque\/\" \/>\n<meta property=\"og:site_name\" content=\"Viaja a Menorca\" \/>\n<meta property=\"article:publisher\" content=\"https:\/\/www.facebook.com\/ViajaMenorca\/\" \/>\n<meta property=\"article:modified_time\" content=\"2026-02-22T21:30:09+00:00\" \/>\n<meta property=\"og:image\" content=\"https:\/\/www.viajamenorca.com\/wp-content\/uploads\/2024\/12\/banner_fotos.jpg\" \/>\n\t<meta property=\"og:image:width\" content=\"1085\" \/>\n\t<meta property=\"og:image:height\" content=\"543\" \/>\n\t<meta property=\"og:image:type\" content=\"image\/jpeg\" \/>\n<meta name=\"twitter:card\" content=\"summary_large_image\" \/>\n<meta name=\"twitter:site\" content=\"@ViajaMenorca\" \/>\n<meta name=\"twitter:label1\" content=\"Dur\u00e9e de lecture estim\u00e9e\" \/>\n\t<meta name=\"twitter:data1\" content=\"1 minute\" \/>\n<script type=\"application\/ld+json\" class=\"yoast-schema-graph\">{\"@context\":\"https:\\\/\\\/schema.org\",\"@graph\":[{\"@type\":\"WebPage\",\"@id\":\"https:\\\/\\\/www.viajamenorca.com\\\/fr\\\/blog-magazine\\\/plus-darticles-sur-minorque\\\/\",\"url\":\"https:\\\/\\\/www.viajamenorca.com\\\/fr\\\/blog-magazine\\\/plus-darticles-sur-minorque\\\/\",\"name\":\"Plus d'articles sur Minorque - Viaja a Menorca\",\"isPartOf\":{\"@id\":\"https:\\\/\\\/www.viajamenorca.com\\\/fr\\\/#website\"},\"datePublished\":\"2025-02-26T14:26:25+00:00\",\"dateModified\":\"2026-02-22T21:30:09+00:00\",\"description\":\"D\u00e9couvrez d'autres articles sur Minorque : plans, plages, gastronomie et conseils pour votre voyage. Explorez notre magazine et tombez amou\",\"breadcrumb\":{\"@id\":\"https:\\\/\\\/www.viajamenorca.com\\\/fr\\\/blog-magazine\\\/plus-darticles-sur-minorque\\\/#breadcrumb\"},\"inLanguage\":\"fr-FR\",\"potentialAction\":[{\"@type\":\"ReadAction\",\"target\":[\"https:\\\/\\\/www.viajamenorca.com\\\/fr\\\/blog-magazine\\\/plus-darticles-sur-minorque\\\/\"]}]},{\"@type\":\"BreadcrumbList\",\"@id\":\"https:\\\/\\\/www.viajamenorca.com\\\/fr\\\/blog-magazine\\\/plus-darticles-sur-minorque\\\/#breadcrumb\",\"itemListElement\":[{\"@type\":\"ListItem\",\"position\":1,\"name\":\"Blog | Magazine touristique \ud83d\udcf0\",\"item\":\"https:\\\/\\\/www.viajamenorca.com\\\/fr\\\/blog-magazine\\\/\"},{\"@type\":\"ListItem\",\"position\":2,\"name\":\"2\"}]},{\"@type\":\"WebSite\",\"@id\":\"https:\\\/\\\/www.viajamenorca.com\\\/fr\\\/#website\",\"url\":\"https:\\\/\\\/www.viajamenorca.com\\\/fr\\\/\",\"name\":\"Viaja a Menorca\",\"description\":\"Votre aventure minorquine commence ici !\",\"publisher\":{\"@id\":\"https:\\\/\\\/www.viajamenorca.com\\\/fr\\\/#organization\"},\"alternateName\":\"Gu\u00eda tur\u00edstica de Menorca\",\"potentialAction\":[{\"@type\":\"SearchAction\",\"target\":{\"@type\":\"EntryPoint\",\"urlTemplate\":\"https:\\\/\\\/www.viajamenorca.com\\\/fr\\\/?s={search_term_string}\"},\"query-input\":{\"@type\":\"PropertyValueSpecification\",\"valueRequired\":true,\"valueName\":\"search_term_string\"}}],\"inLanguage\":\"fr-FR\"},{\"@type\":\"Organization\",\"@id\":\"https:\\\/\\\/www.viajamenorca.com\\\/fr\\\/#organization\",\"name\":\"Viaja a Menorca - Gu\u00eda tur\u00edstica\",\"alternateName\":\"Viaja a Menorca\",\"url\":\"https:\\\/\\\/www.viajamenorca.com\\\/fr\\\/\",\"logo\":{\"@type\":\"ImageObject\",\"inLanguage\":\"fr-FR\",\"@id\":\"https:\\\/\\\/www.viajamenorca.com\\\/fr\\\/#\\\/schema\\\/logo\\\/image\\\/\",\"url\":\"https:\\\/\\\/www.viajamenorca.com\\\/wp-content\\\/uploads\\\/2021\\\/11\\\/viajamenorca.jpg\",\"contentUrl\":\"https:\\\/\\\/www.viajamenorca.com\\\/wp-content\\\/uploads\\\/2021\\\/11\\\/viajamenorca.jpg\",\"width\":714,\"height\":714,\"caption\":\"Viaja a Menorca - Gu\u00eda tur\u00edstica\"},\"image\":{\"@id\":\"https:\\\/\\\/www.viajamenorca.com\\\/fr\\\/#\\\/schema\\\/logo\\\/image\\\/\"},\"sameAs\":[\"https:\\\/\\\/www.facebook.com\\\/ViajaMenorca\\\/\",\"https:\\\/\\\/x.com\\\/ViajaMenorca\",\"https:\\\/\\\/www.instagram.com\\\/viaja_menorca\\\/?hl=es\",\"https:\\\/\\\/www.youtube.com\\\/channel\\\/UCWtpR3jxp79HeZ8zZfHLhXw\"]}]}<\/script>\n<!-- \/ Yoast SEO plugin. -->","yoast_head_json":{"title":"Plus d'articles sur Minorque - Viaja a Menorca","description":"D\u00e9couvrez d'autres articles sur Minorque : plans, plages, gastronomie et conseils pour votre voyage. Explorez notre magazine et tombez amou","robots":{"index":"index","follow":"follow","max-snippet":"max-snippet:-1","max-image-preview":"max-image-preview:large","max-video-preview":"max-video-preview:-1"},"canonical":"https:\/\/www.viajamenorca.com\/fr\/blog-magazine\/plus-darticles-sur-minorque\/","og_locale":"fr_FR","og_type":"article","og_title":"Plus d'articles sur Minorque - Viaja a Menorca","og_description":"D\u00e9couvrez d'autres articles sur Minorque : plans, plages, gastronomie et conseils pour votre voyage. Explorez notre magazine et tombez amou","og_url":"https:\/\/www.viajamenorca.com\/fr\/blog-magazine\/plus-darticles-sur-minorque\/","og_site_name":"Viaja a Menorca","article_publisher":"https:\/\/www.facebook.com\/ViajaMenorca\/","article_modified_time":"2026-02-22T21:30:09+00:00","og_image":[{"width":1085,"height":543,"url":"https:\/\/www.viajamenorca.com\/wp-content\/uploads\/2024\/12\/banner_fotos.jpg","type":"image\/jpeg"}],"twitter_card":"summary_large_image","twitter_site":"@ViajaMenorca","twitter_misc":{"Dur\u00e9e de lecture estim\u00e9e":"1 minute"},"schema":{"@context":"https:\/\/schema.org","@graph":[{"@type":"WebPage","@id":"https:\/\/www.viajamenorca.com\/fr\/blog-magazine\/plus-darticles-sur-minorque\/","url":"https:\/\/www.viajamenorca.com\/fr\/blog-magazine\/plus-darticles-sur-minorque\/","name":"Plus d'articles sur Minorque - Viaja a Menorca","isPartOf":{"@id":"https:\/\/www.viajamenorca.com\/fr\/#website"},"datePublished":"2025-02-26T14:26:25+00:00","dateModified":"2026-02-22T21:30:09+00:00","description":"D\u00e9couvrez d'autres articles sur Minorque : plans, plages, gastronomie et conseils pour votre voyage. Explorez notre magazine et tombez amou","breadcrumb":{"@id":"https:\/\/www.viajamenorca.com\/fr\/blog-magazine\/plus-darticles-sur-minorque\/#breadcrumb"},"inLanguage":"fr-FR","potentialAction":[{"@type":"ReadAction","target":["https:\/\/www.viajamenorca.com\/fr\/blog-magazine\/plus-darticles-sur-minorque\/"]}]},{"@type":"BreadcrumbList","@id":"https:\/\/www.viajamenorca.com\/fr\/blog-magazine\/plus-darticles-sur-minorque\/#breadcrumb","itemListElement":[{"@type":"ListItem","position":1,"name":"Blog | Magazine touristique \ud83d\udcf0","item":"https:\/\/www.viajamenorca.com\/fr\/blog-magazine\/"},{"@type":"ListItem","position":2,"name":"2"}]},{"@type":"WebSite","@id":"https:\/\/www.viajamenorca.com\/fr\/#website","url":"https:\/\/www.viajamenorca.com\/fr\/","name":"Viaja a Menorca","description":"Votre aventure minorquine commence ici !","publisher":{"@id":"https:\/\/www.viajamenorca.com\/fr\/#organization"},"alternateName":"Gu\u00eda tur\u00edstica de Menorca","potentialAction":[{"@type":"SearchAction","target":{"@type":"EntryPoint","urlTemplate":"https:\/\/www.viajamenorca.com\/fr\/?s={search_term_string}"},"query-input":{"@type":"PropertyValueSpecification","valueRequired":true,"valueName":"search_term_string"}}],"inLanguage":"fr-FR"},{"@type":"Organization","@id":"https:\/\/www.viajamenorca.com\/fr\/#organization","name":"Viaja a Menorca - Gu\u00eda tur\u00edstica","alternateName":"Viaja a Menorca","url":"https:\/\/www.viajamenorca.com\/fr\/","logo":{"@type":"ImageObject","inLanguage":"fr-FR","@id":"https:\/\/www.viajamenorca.com\/fr\/#\/schema\/logo\/image\/","url":"https:\/\/www.viajamenorca.com\/wp-content\/uploads\/2021\/11\/viajamenorca.jpg","contentUrl":"https:\/\/www.viajamenorca.com\/wp-content\/uploads\/2021\/11\/viajamenorca.jpg","width":714,"height":714,"caption":"Viaja a Menorca - Gu\u00eda tur\u00edstica"},"image":{"@id":"https:\/\/www.viajamenorca.com\/fr\/#\/schema\/logo\/image\/"},"sameAs":["https:\/\/www.facebook.com\/ViajaMenorca\/","https:\/\/x.com\/ViajaMenorca","https:\/\/www.instagram.com\/viaja_menorca\/?hl=es","https:\/\/www.youtube.com\/channel\/UCWtpR3jxp79HeZ8zZfHLhXw"]}]}},"_links":{"self":[{"href":"https:\/\/www.viajamenorca.com\/fr\/wp-json\/wp\/v2\/pages\/58059","targetHints":{"allow":["GET"]}}],"collection":[{"href":"https:\/\/www.viajamenorca.com\/fr\/wp-json\/wp\/v2\/pages"}],"about":[{"href":"https:\/\/www.viajamenorca.com\/fr\/wp-json\/wp\/v2\/types\/page"}],"author":[{"embeddable":true,"href":"https:\/\/www.viajamenorca.com\/fr\/wp-json\/wp\/v2\/users\/1"}],"replies":[{"embeddable":true,"href":"https:\/\/www.viajamenorca.com\/fr\/wp-json\/wp\/v2\/comments?post=58059"}],"version-history":[{"count":4,"href":"https:\/\/www.viajamenorca.com\/fr\/wp-json\/wp\/v2\/pages\/58059\/revisions"}],"predecessor-version":[{"id":59767,"href":"https:\/\/www.viajamenorca.com\/fr\/wp-json\/wp\/v2\/pages\/58059\/revisions\/59767"}],"up":[{"embeddable":true,"href":"https:\/\/www.viajamenorca.com\/fr\/wp-json\/wp\/v2\/pages\/53292"}],"wp:attachment":[{"href":"https:\/\/www.viajamenorca.com\/fr\/wp-json\/wp\/v2\/media?parent=58059"}],"curies":[{"name":"wp","href":"https:\/\/api.w.org\/{rel}","templated":true}]}}