{"id":59693,"date":"2017-02-17T23:12:02","date_gmt":"2017-02-17T23:12:02","guid":{"rendered":"https:\/\/www.viajamenorca.com\/guide-touristique\/plages-et-criques\/costa-norte\/"},"modified":"2026-02-22T20:36:20","modified_gmt":"2026-02-22T20:36:20","slug":"cote-nord","status":"publish","type":"page","link":"https:\/\/www.viajamenorca.com\/fr\/guide-touristique\/plages-et-criques\/cote-nord\/","title":{"rendered":"C\u00f4te Nord"},"content":{"rendered":"\n<div class=\"gb-element-887b02bf\">\n<div>\n<\/div>\n\n\n\n<div class=\"gb-element-b65ce310\">\n<div style=\"height:21px\" aria-hidden=\"true\" class=\"wp-block-spacer\"><\/div>\n\n\n<div  class=\"search-filter-base search-filter-field search-filter-field--id-2 search-filter-field--type-choice search-filter-field--input-type-select search-filter-style--id-1 search-filter-style--choice-select search-filter-field--width-75\"  data-search-filter-id=\"2\" ><\/div>\n\n\n\n<div style=\"height:5px\" aria-hidden=\"true\" class=\"wp-block-spacer\"><\/div>\n\n\n<div  class=\"search-filter-base search-filter-field search-filter-field--id-1 search-filter-field--type-choice search-filter-field--input-type-select search-filter-style--id-1 search-filter-style--choice-select search-filter-field--width-75\"  data-search-filter-id=\"1\" ><\/div>\n\n\n\n<div style=\"height:5px\" aria-hidden=\"true\" class=\"wp-block-spacer\"><\/div>\n\n\n<div  class=\"search-filter-base search-filter-field search-filter-field--id-3 search-filter-field--type-choice search-filter-field--input-type-select search-filter-style--id-1 search-filter-style--choice-select search-filter-field--width-75\"  data-search-filter-id=\"3\" ><\/div>\n\n\n\n<div style=\"height:25px\" aria-hidden=\"true\" class=\"wp-block-spacer\"><\/div>\n<\/div>\n<\/div>\n<p><span style=\"font-size: 14pt;\">Quelques-unes des meilleures criques et plages de la c\u00f4te nord de l&rsquo;\u00eele de Minorque.<\/span><\/p>\n\n<div class=\"gb-grid-wrapper gb-grid-wrapper-704b403b gb-query-loop-wrapper\">\n<div class=\"gb-grid-column gb-grid-column-69704bd6 gb-query-loop-item post-57750 post type-post status-publish format-standard has-post-thumbnail hentry category-cote-nord tag-appartement tag-arenal-den-castell tag-es-mercadal tag-guide-des-plages-et-des-criques tag-hotels tag-plages\"><div class=\"gb-container gb-container-69704bd6\">\n<figure class=\"gb-block-image gb-block-image-f1347a96\"><a href=\"https:\/\/www.viajamenorca.com\/fr\/guide-touristique\/plages-et-criques\/cote-nord\/plage-darenal-den-castell\/\"><img decoding=\"async\" width=\"2048\" height=\"945\" src=\"https:\/\/www.viajamenorca.com\/wp-content\/uploads\/2021\/11\/Menorca-7-1.jpg\" class=\"gb-image-f1347a96\" alt=\"\" srcset=\"https:\/\/www.viajamenorca.com\/wp-content\/uploads\/2021\/11\/Menorca-7-1.jpg 2048w, https:\/\/www.viajamenorca.com\/wp-content\/uploads\/2021\/11\/Menorca-7-1-350x161.jpg 350w, https:\/\/www.viajamenorca.com\/wp-content\/uploads\/2021\/11\/Menorca-7-1-1024x473.jpg 1024w, https:\/\/www.viajamenorca.com\/wp-content\/uploads\/2021\/11\/Menorca-7-1-768x354.jpg 768w, https:\/\/www.viajamenorca.com\/wp-content\/uploads\/2021\/11\/Menorca-7-1-1536x709.jpg 1536w\" sizes=\"(max-width: 2048px) 100vw, 2048px\" \/><\/a><\/figure>\n\n<h2 class=\"gb-headline gb-headline-9ed6fb2e gb-headline-text\"><a href=\"https:\/\/www.viajamenorca.com\/fr\/guide-touristique\/plages-et-criques\/cote-nord\/plage-darenal-den-castell\/\">Plage d&rsquo;Arenal d&rsquo;en Castell<\/a><\/h2>\n\n<div class=\"gb-headline gb-headline-5a6d9aa1 gb-headline-text\">Situ\u00e9 sur la c\u00f4te nord de l&rsquo;\u00eele, dans la municipalit\u00e9 de Es Mercadal la plage d&rsquo;Arenal d&rsquo;en Castell se trouve dans une urbanisation avec toutes sortes d&rsquo;\u00e9quipements et de services, &#8230;<\/div>\n\n<a class=\"gb-button gb-button-c425dfc4 gb-button-text\" href=\"https:\/\/www.viajamenorca.com\/fr\/guide-touristique\/plages-et-criques\/cote-nord\/plage-darenal-den-castell\/\">LIRE LA SUITE&#8230;<\/a>\n\n\n<hr class=\"wp-block-separator has-text-color has-alpha-channel-opacity has-background\" style=\"background-color:#e1e1e1;color:#e1e1e1\"\/>\n\n<\/div><\/div>\n\n<div class=\"gb-grid-column gb-grid-column-69704bd6 gb-query-loop-item post-56962 post type-post status-publish format-standard has-post-thumbnail hentry category-cote-nord tag-arenal-de-son-saura tag-es-mercadal tag-fornells tag-golf tag-guide-des-plages-et-des-criques tag-plage tag-restaurant tag-son-parc tag-terrain-de-golf\"><div class=\"gb-container gb-container-69704bd6\">\n<figure class=\"gb-block-image gb-block-image-f1347a96\"><a href=\"https:\/\/www.viajamenorca.com\/fr\/guide-touristique\/plages-et-criques\/cote-nord\/arenal-de-son-saura\/\"><img decoding=\"async\" width=\"2560\" height=\"1232\" src=\"https:\/\/www.viajamenorca.com\/wp-content\/uploads\/2019\/04\/Son_Saura_Son_Parc-1-scaled.jpg\" class=\"gb-image-f1347a96\" alt=\"\" srcset=\"https:\/\/www.viajamenorca.com\/wp-content\/uploads\/2019\/04\/Son_Saura_Son_Parc-1-scaled.jpg 2560w, https:\/\/www.viajamenorca.com\/wp-content\/uploads\/2019\/04\/Son_Saura_Son_Parc-1-350x168.jpg 350w, https:\/\/www.viajamenorca.com\/wp-content\/uploads\/2019\/04\/Son_Saura_Son_Parc-1-1024x493.jpg 1024w, https:\/\/www.viajamenorca.com\/wp-content\/uploads\/2019\/04\/Son_Saura_Son_Parc-1-768x370.jpg 768w, https:\/\/www.viajamenorca.com\/wp-content\/uploads\/2019\/04\/Son_Saura_Son_Parc-1-1536x739.jpg 1536w, https:\/\/www.viajamenorca.com\/wp-content\/uploads\/2019\/04\/Son_Saura_Son_Parc-1-2048x986.jpg 2048w\" sizes=\"(max-width: 2560px) 100vw, 2560px\" \/><\/a><\/figure>\n\n<h2 class=\"gb-headline gb-headline-9ed6fb2e gb-headline-text\"><a href=\"https:\/\/www.viajamenorca.com\/fr\/guide-touristique\/plages-et-criques\/cote-nord\/arenal-de-son-saura\/\">Arenal de Son Saura<\/a><\/h2>\n\n<div class=\"gb-headline gb-headline-5a6d9aa1 gb-headline-text\">Situ\u00e9 dans l&rsquo;urbanisation urbanisation de Son Parc (commune de Es Mercadal), sur la c\u00f4te nord de Minorque, la plage Arenal de Son Saura se distingue par son aspect carib\u00e9en. Il &#8230;<\/div>\n\n<a class=\"gb-button gb-button-c425dfc4 gb-button-text\" href=\"https:\/\/www.viajamenorca.com\/fr\/guide-touristique\/plages-et-criques\/cote-nord\/arenal-de-son-saura\/\">LIRE LA SUITE&#8230;<\/a>\n\n\n<hr class=\"wp-block-separator has-text-color has-alpha-channel-opacity has-background\" style=\"background-color:#e1e1e1;color:#e1e1e1\"\/>\n\n<\/div><\/div>\n\n<div class=\"gb-grid-column gb-grid-column-69704bd6 gb-query-loop-item post-56100 post type-post status-publish format-standard has-post-thumbnail hentry category-cote-nord category-plages-vierges tag-guide-des-plages-et-des-criques tag-phare-de-cavalleria tag-viola-cove\"><div class=\"gb-container gb-container-69704bd6\">\n<figure class=\"gb-block-image gb-block-image-f1347a96\"><a href=\"https:\/\/www.viajamenorca.com\/fr\/guide-touristique\/plages-et-criques\/cote-nord\/viola-cove\/\"><img decoding=\"async\" width=\"768\" height=\"308\" src=\"https:\/\/www.viajamenorca.com\/wp-content\/uploads\/2017\/01\/IMG_20161212_163007a-768x308.jpg\" class=\"gb-image-f1347a96\" alt=\"\" srcset=\"https:\/\/www.viajamenorca.com\/wp-content\/uploads\/2017\/01\/IMG_20161212_163007a-768x308.jpg 768w, https:\/\/www.viajamenorca.com\/wp-content\/uploads\/2017\/01\/IMG_20161212_163007a-768x308-300x120.jpg 300w\" sizes=\"(max-width: 768px) 100vw, 768px\" \/><\/a><\/figure>\n\n<h2 class=\"gb-headline gb-headline-9ed6fb2e gb-headline-text\"><a href=\"https:\/\/www.viajamenorca.com\/fr\/guide-touristique\/plages-et-criques\/cote-nord\/viola-cove\/\">Viola Cove<\/a><\/h2>\n\n<div class=\"gb-headline gb-headline-5a6d9aa1 gb-headline-text\">Une petite crique tr\u00e8s proche de la plage de la cavalleria plage, le port de Sa nitja et du phare de Cavalleria que vous pourrez visiter. Avec une atmosph\u00e8re paisible &#8230;<\/div>\n\n<a class=\"gb-button gb-button-c425dfc4 gb-button-text\" href=\"https:\/\/www.viajamenorca.com\/fr\/guide-touristique\/plages-et-criques\/cote-nord\/viola-cove\/\">LIRE LA SUITE&#8230;<\/a>\n\n\n<hr class=\"wp-block-separator has-text-color has-alpha-channel-opacity has-background\" style=\"background-color:#e1e1e1;color:#e1e1e1\"\/>\n\n<\/div><\/div>\n\n<div class=\"gb-grid-column gb-grid-column-69704bd6 gb-query-loop-item post-57807 post type-post status-publish format-standard has-post-thumbnail hentry category-cote-nord tag-anse-tirant tag-appartement tag-cote-nord tag-guide-des-plages-et-des-criques tag-hotels tag-kayak tag-plages-de-fornells tag-reservation tag-surf\"><div class=\"gb-container gb-container-69704bd6\">\n<figure class=\"gb-block-image gb-block-image-f1347a96\"><a href=\"https:\/\/www.viajamenorca.com\/fr\/guide-touristique\/plages-et-criques\/cote-nord\/cala-tirant\/\"><img decoding=\"async\" width=\"2560\" height=\"1155\" src=\"https:\/\/www.viajamenorca.com\/wp-content\/uploads\/2019\/02\/Cala-Tirant2-scaled.jpg\" class=\"gb-image-f1347a96\" alt=\"\" srcset=\"https:\/\/www.viajamenorca.com\/wp-content\/uploads\/2019\/02\/Cala-Tirant2-scaled.jpg 2560w, https:\/\/www.viajamenorca.com\/wp-content\/uploads\/2019\/02\/Cala-Tirant2-350x158.jpg 350w, https:\/\/www.viajamenorca.com\/wp-content\/uploads\/2019\/02\/Cala-Tirant2-1024x462.jpg 1024w, https:\/\/www.viajamenorca.com\/wp-content\/uploads\/2019\/02\/Cala-Tirant2-768x346.jpg 768w, https:\/\/www.viajamenorca.com\/wp-content\/uploads\/2019\/02\/Cala-Tirant2-1536x693.jpg 1536w, https:\/\/www.viajamenorca.com\/wp-content\/uploads\/2019\/02\/Cala-Tirant2-2048x924.jpg 2048w\" sizes=\"(max-width: 2560px) 100vw, 2560px\" \/><\/a><\/figure>\n\n<h2 class=\"gb-headline gb-headline-9ed6fb2e gb-headline-text\"><a href=\"https:\/\/www.viajamenorca.com\/fr\/guide-touristique\/plages-et-criques\/cote-nord\/cala-tirant\/\">Cala Tirant<\/a><\/h2>\n\n<div class=\"gb-headline gb-headline-5a6d9aa1 gb-headline-text\">Une belle plage aux eaux cristallines et au sable dor\u00e9. Elle est situ\u00e9e sur la c\u00f4te nord de Minorque et est accessible depuis l&rsquo;urbanisation de Playas de Fornells par la &#8230;<\/div>\n\n<a class=\"gb-button gb-button-c425dfc4 gb-button-text\" href=\"https:\/\/www.viajamenorca.com\/fr\/guide-touristique\/plages-et-criques\/cote-nord\/cala-tirant\/\">LIRE LA SUITE&#8230;<\/a>\n\n\n<hr class=\"wp-block-separator has-text-color has-alpha-channel-opacity has-background\" style=\"background-color:#e1e1e1;color:#e1e1e1\"\/>\n\n<\/div><\/div>\n<\/div>\n","protected":false},"excerpt":{"rendered":"<p>Quelques-unes des meilleures criques et plages de la c\u00f4te nord de l&rsquo;\u00eele de Minorque.<\/p>\n","protected":false},"author":1,"featured_media":53647,"parent":53187,"menu_order":0,"comment_status":"closed","ping_status":"closed","template":"","meta":{"_acf_changed":false,"footnotes":""},"class_list":{"0":"post-59693","1":"page","2":"type-page","3":"status-publish","4":"has-post-thumbnail","6":"resize-featured-image"},"acf":[],"yoast_head":"<!-- This site is optimized with the Yoast SEO plugin v27.4 - https:\/\/yoast.com\/product\/yoast-seo-wordpress\/ -->\n<title>C\u00f4te nord de Minorque : Guide des meilleures plages et criques<\/title>\n<meta name=\"description\" content=\"\u26f1 Quelques-unes des meilleures criques et plages situ\u00e9es sur la c\u00f4te nord de l&#039;\u00eele de Minorque, environnement, services, fiche technique.\" \/>\n<meta name=\"robots\" content=\"index, follow, max-snippet:-1, max-image-preview:large, max-video-preview:-1\" \/>\n<link rel=\"canonical\" href=\"https:\/\/www.viajamenorca.com\/fr\/guide-touristique\/plages-et-criques\/cote-nord\/\" \/>\n<meta property=\"og:locale\" content=\"fr_FR\" \/>\n<meta property=\"og:type\" content=\"article\" \/>\n<meta property=\"og:title\" content=\"C\u00f4te nord de Minorque : Guide des meilleures plages et criques\" \/>\n<meta property=\"og:description\" content=\"\u26f1 Quelques-unes des meilleures criques et plages situ\u00e9es sur la c\u00f4te nord de l&#039;\u00eele de Minorque, environnement, services, fiche technique.\" \/>\n<meta property=\"og:url\" content=\"https:\/\/www.viajamenorca.com\/fr\/guide-touristique\/plages-et-criques\/cote-nord\/\" \/>\n<meta property=\"og:site_name\" content=\"Viaja a Menorca\" \/>\n<meta property=\"article:publisher\" content=\"https:\/\/www.facebook.com\/ViajaMenorca\/\" \/>\n<meta property=\"article:modified_time\" content=\"2026-02-22T20:36:20+00:00\" \/>\n<meta property=\"og:image\" content=\"https:\/\/www.viajamenorca.com\/wp-content\/uploads\/2010\/04\/IMG_1622.jpg\" \/>\n\t<meta property=\"og:image:width\" content=\"340\" \/>\n\t<meta property=\"og:image:height\" content=\"512\" \/>\n\t<meta property=\"og:image:type\" content=\"image\/jpeg\" \/>\n<meta name=\"twitter:card\" content=\"summary_large_image\" \/>\n<meta name=\"twitter:site\" content=\"@ViajaMenorca\" \/>\n<meta name=\"twitter:label1\" content=\"Dur\u00e9e de lecture estim\u00e9e\" \/>\n\t<meta name=\"twitter:data1\" content=\"1 minute\" \/>\n<script type=\"application\/ld+json\" class=\"yoast-schema-graph\">{\"@context\":\"https:\\\/\\\/schema.org\",\"@graph\":[{\"@type\":\"WebPage\",\"@id\":\"https:\\\/\\\/www.viajamenorca.com\\\/fr\\\/guide-touristique\\\/plages-et-criques\\\/cote-nord\\\/\",\"url\":\"https:\\\/\\\/www.viajamenorca.com\\\/fr\\\/guide-touristique\\\/plages-et-criques\\\/cote-nord\\\/\",\"name\":\"C\u00f4te nord de Minorque : Guide des meilleures plages et criques\",\"isPartOf\":{\"@id\":\"https:\\\/\\\/www.viajamenorca.com\\\/fr\\\/#website\"},\"primaryImageOfPage\":{\"@id\":\"https:\\\/\\\/www.viajamenorca.com\\\/fr\\\/guide-touristique\\\/plages-et-criques\\\/cote-nord\\\/#primaryimage\"},\"image\":{\"@id\":\"https:\\\/\\\/www.viajamenorca.com\\\/fr\\\/guide-touristique\\\/plages-et-criques\\\/cote-nord\\\/#primaryimage\"},\"thumbnailUrl\":\"https:\\\/\\\/www.viajamenorca.com\\\/wp-content\\\/uploads\\\/2010\\\/04\\\/IMG_1622.jpg\",\"datePublished\":\"2017-02-17T23:12:02+00:00\",\"dateModified\":\"2026-02-22T20:36:20+00:00\",\"description\":\"\u26f1 Quelques-unes des meilleures criques et plages situ\u00e9es sur la c\u00f4te nord de l'\u00eele de Minorque, environnement, services, fiche technique.\",\"breadcrumb\":{\"@id\":\"https:\\\/\\\/www.viajamenorca.com\\\/fr\\\/guide-touristique\\\/plages-et-criques\\\/cote-nord\\\/#breadcrumb\"},\"inLanguage\":\"fr-FR\",\"potentialAction\":[{\"@type\":\"ReadAction\",\"target\":[\"https:\\\/\\\/www.viajamenorca.com\\\/fr\\\/guide-touristique\\\/plages-et-criques\\\/cote-nord\\\/\"]}]},{\"@type\":\"ImageObject\",\"inLanguage\":\"fr-FR\",\"@id\":\"https:\\\/\\\/www.viajamenorca.com\\\/fr\\\/guide-touristique\\\/plages-et-criques\\\/cote-nord\\\/#primaryimage\",\"url\":\"https:\\\/\\\/www.viajamenorca.com\\\/wp-content\\\/uploads\\\/2010\\\/04\\\/IMG_1622.jpg\",\"contentUrl\":\"https:\\\/\\\/www.viajamenorca.com\\\/wp-content\\\/uploads\\\/2010\\\/04\\\/IMG_1622.jpg\",\"width\":340,\"height\":512},{\"@type\":\"BreadcrumbList\",\"@id\":\"https:\\\/\\\/www.viajamenorca.com\\\/fr\\\/guide-touristique\\\/plages-et-criques\\\/cote-nord\\\/#breadcrumb\",\"itemListElement\":[{\"@type\":\"ListItem\",\"position\":1,\"name\":\"Guide touristique de Minorque 2026\",\"item\":\"https:\\\/\\\/www.viajamenorca.com\\\/fr\\\/guide-touristique\\\/\"},{\"@type\":\"ListItem\",\"position\":2,\"name\":\"Plages\",\"item\":\"https:\\\/\\\/www.viajamenorca.com\\\/fr\\\/guide-touristique\\\/plages-et-criques\\\/\"},{\"@type\":\"ListItem\",\"position\":3,\"name\":\"zones c\u00f4ti\u00e8res\"}]},{\"@type\":\"WebSite\",\"@id\":\"https:\\\/\\\/www.viajamenorca.com\\\/fr\\\/#website\",\"url\":\"https:\\\/\\\/www.viajamenorca.com\\\/fr\\\/\",\"name\":\"Viaja a Menorca\",\"description\":\"Votre aventure minorquine commence ici !\",\"publisher\":{\"@id\":\"https:\\\/\\\/www.viajamenorca.com\\\/fr\\\/#organization\"},\"alternateName\":\"Gu\u00eda tur\u00edstica de Menorca\",\"potentialAction\":[{\"@type\":\"SearchAction\",\"target\":{\"@type\":\"EntryPoint\",\"urlTemplate\":\"https:\\\/\\\/www.viajamenorca.com\\\/fr\\\/?s={search_term_string}\"},\"query-input\":{\"@type\":\"PropertyValueSpecification\",\"valueRequired\":true,\"valueName\":\"search_term_string\"}}],\"inLanguage\":\"fr-FR\"},{\"@type\":\"Organization\",\"@id\":\"https:\\\/\\\/www.viajamenorca.com\\\/fr\\\/#organization\",\"name\":\"Viaja a Menorca - Gu\u00eda tur\u00edstica\",\"alternateName\":\"Viaja a Menorca\",\"url\":\"https:\\\/\\\/www.viajamenorca.com\\\/fr\\\/\",\"logo\":{\"@type\":\"ImageObject\",\"inLanguage\":\"fr-FR\",\"@id\":\"https:\\\/\\\/www.viajamenorca.com\\\/fr\\\/#\\\/schema\\\/logo\\\/image\\\/\",\"url\":\"https:\\\/\\\/www.viajamenorca.com\\\/wp-content\\\/uploads\\\/2021\\\/11\\\/viajamenorca.jpg\",\"contentUrl\":\"https:\\\/\\\/www.viajamenorca.com\\\/wp-content\\\/uploads\\\/2021\\\/11\\\/viajamenorca.jpg\",\"width\":714,\"height\":714,\"caption\":\"Viaja a Menorca - Gu\u00eda tur\u00edstica\"},\"image\":{\"@id\":\"https:\\\/\\\/www.viajamenorca.com\\\/fr\\\/#\\\/schema\\\/logo\\\/image\\\/\"},\"sameAs\":[\"https:\\\/\\\/www.facebook.com\\\/ViajaMenorca\\\/\",\"https:\\\/\\\/x.com\\\/ViajaMenorca\",\"https:\\\/\\\/www.instagram.com\\\/viaja_menorca\\\/?hl=es\",\"https:\\\/\\\/www.youtube.com\\\/channel\\\/UCWtpR3jxp79HeZ8zZfHLhXw\"]}]}<\/script>\n<!-- \/ Yoast SEO plugin. -->","yoast_head_json":{"title":"C\u00f4te nord de Minorque : Guide des meilleures plages et criques","description":"\u26f1 Quelques-unes des meilleures criques et plages situ\u00e9es sur la c\u00f4te nord de l'\u00eele de Minorque, environnement, services, fiche technique.","robots":{"index":"index","follow":"follow","max-snippet":"max-snippet:-1","max-image-preview":"max-image-preview:large","max-video-preview":"max-video-preview:-1"},"canonical":"https:\/\/www.viajamenorca.com\/fr\/guide-touristique\/plages-et-criques\/cote-nord\/","og_locale":"fr_FR","og_type":"article","og_title":"C\u00f4te nord de Minorque : Guide des meilleures plages et criques","og_description":"\u26f1 Quelques-unes des meilleures criques et plages situ\u00e9es sur la c\u00f4te nord de l'\u00eele de Minorque, environnement, services, fiche technique.","og_url":"https:\/\/www.viajamenorca.com\/fr\/guide-touristique\/plages-et-criques\/cote-nord\/","og_site_name":"Viaja a Menorca","article_publisher":"https:\/\/www.facebook.com\/ViajaMenorca\/","article_modified_time":"2026-02-22T20:36:20+00:00","og_image":[{"width":340,"height":512,"url":"https:\/\/www.viajamenorca.com\/wp-content\/uploads\/2010\/04\/IMG_1622.jpg","type":"image\/jpeg"}],"twitter_card":"summary_large_image","twitter_site":"@ViajaMenorca","twitter_misc":{"Dur\u00e9e de lecture estim\u00e9e":"1 minute"},"schema":{"@context":"https:\/\/schema.org","@graph":[{"@type":"WebPage","@id":"https:\/\/www.viajamenorca.com\/fr\/guide-touristique\/plages-et-criques\/cote-nord\/","url":"https:\/\/www.viajamenorca.com\/fr\/guide-touristique\/plages-et-criques\/cote-nord\/","name":"C\u00f4te nord de Minorque : Guide des meilleures plages et criques","isPartOf":{"@id":"https:\/\/www.viajamenorca.com\/fr\/#website"},"primaryImageOfPage":{"@id":"https:\/\/www.viajamenorca.com\/fr\/guide-touristique\/plages-et-criques\/cote-nord\/#primaryimage"},"image":{"@id":"https:\/\/www.viajamenorca.com\/fr\/guide-touristique\/plages-et-criques\/cote-nord\/#primaryimage"},"thumbnailUrl":"https:\/\/www.viajamenorca.com\/wp-content\/uploads\/2010\/04\/IMG_1622.jpg","datePublished":"2017-02-17T23:12:02+00:00","dateModified":"2026-02-22T20:36:20+00:00","description":"\u26f1 Quelques-unes des meilleures criques et plages situ\u00e9es sur la c\u00f4te nord de l'\u00eele de Minorque, environnement, services, fiche technique.","breadcrumb":{"@id":"https:\/\/www.viajamenorca.com\/fr\/guide-touristique\/plages-et-criques\/cote-nord\/#breadcrumb"},"inLanguage":"fr-FR","potentialAction":[{"@type":"ReadAction","target":["https:\/\/www.viajamenorca.com\/fr\/guide-touristique\/plages-et-criques\/cote-nord\/"]}]},{"@type":"ImageObject","inLanguage":"fr-FR","@id":"https:\/\/www.viajamenorca.com\/fr\/guide-touristique\/plages-et-criques\/cote-nord\/#primaryimage","url":"https:\/\/www.viajamenorca.com\/wp-content\/uploads\/2010\/04\/IMG_1622.jpg","contentUrl":"https:\/\/www.viajamenorca.com\/wp-content\/uploads\/2010\/04\/IMG_1622.jpg","width":340,"height":512},{"@type":"BreadcrumbList","@id":"https:\/\/www.viajamenorca.com\/fr\/guide-touristique\/plages-et-criques\/cote-nord\/#breadcrumb","itemListElement":[{"@type":"ListItem","position":1,"name":"Guide touristique de Minorque 2026","item":"https:\/\/www.viajamenorca.com\/fr\/guide-touristique\/"},{"@type":"ListItem","position":2,"name":"Plages","item":"https:\/\/www.viajamenorca.com\/fr\/guide-touristique\/plages-et-criques\/"},{"@type":"ListItem","position":3,"name":"zones c\u00f4ti\u00e8res"}]},{"@type":"WebSite","@id":"https:\/\/www.viajamenorca.com\/fr\/#website","url":"https:\/\/www.viajamenorca.com\/fr\/","name":"Viaja a Menorca","description":"Votre aventure minorquine commence ici !","publisher":{"@id":"https:\/\/www.viajamenorca.com\/fr\/#organization"},"alternateName":"Gu\u00eda tur\u00edstica de Menorca","potentialAction":[{"@type":"SearchAction","target":{"@type":"EntryPoint","urlTemplate":"https:\/\/www.viajamenorca.com\/fr\/?s={search_term_string}"},"query-input":{"@type":"PropertyValueSpecification","valueRequired":true,"valueName":"search_term_string"}}],"inLanguage":"fr-FR"},{"@type":"Organization","@id":"https:\/\/www.viajamenorca.com\/fr\/#organization","name":"Viaja a Menorca - Gu\u00eda tur\u00edstica","alternateName":"Viaja a Menorca","url":"https:\/\/www.viajamenorca.com\/fr\/","logo":{"@type":"ImageObject","inLanguage":"fr-FR","@id":"https:\/\/www.viajamenorca.com\/fr\/#\/schema\/logo\/image\/","url":"https:\/\/www.viajamenorca.com\/wp-content\/uploads\/2021\/11\/viajamenorca.jpg","contentUrl":"https:\/\/www.viajamenorca.com\/wp-content\/uploads\/2021\/11\/viajamenorca.jpg","width":714,"height":714,"caption":"Viaja a Menorca - Gu\u00eda tur\u00edstica"},"image":{"@id":"https:\/\/www.viajamenorca.com\/fr\/#\/schema\/logo\/image\/"},"sameAs":["https:\/\/www.facebook.com\/ViajaMenorca\/","https:\/\/x.com\/ViajaMenorca","https:\/\/www.instagram.com\/viaja_menorca\/?hl=es","https:\/\/www.youtube.com\/channel\/UCWtpR3jxp79HeZ8zZfHLhXw"]}]}},"_links":{"self":[{"href":"https:\/\/www.viajamenorca.com\/fr\/wp-json\/wp\/v2\/pages\/59693","targetHints":{"allow":["GET"]}}],"collection":[{"href":"https:\/\/www.viajamenorca.com\/fr\/wp-json\/wp\/v2\/pages"}],"about":[{"href":"https:\/\/www.viajamenorca.com\/fr\/wp-json\/wp\/v2\/types\/page"}],"author":[{"embeddable":true,"href":"https:\/\/www.viajamenorca.com\/fr\/wp-json\/wp\/v2\/users\/1"}],"replies":[{"embeddable":true,"href":"https:\/\/www.viajamenorca.com\/fr\/wp-json\/wp\/v2\/comments?post=59693"}],"version-history":[{"count":4,"href":"https:\/\/www.viajamenorca.com\/fr\/wp-json\/wp\/v2\/pages\/59693\/revisions"}],"predecessor-version":[{"id":59698,"href":"https:\/\/www.viajamenorca.com\/fr\/wp-json\/wp\/v2\/pages\/59693\/revisions\/59698"}],"up":[{"embeddable":true,"href":"https:\/\/www.viajamenorca.com\/fr\/wp-json\/wp\/v2\/pages\/53187"}],"wp:featuredmedia":[{"embeddable":true,"href":"https:\/\/www.viajamenorca.com\/fr\/wp-json\/wp\/v2\/media\/53647"}],"wp:attachment":[{"href":"https:\/\/www.viajamenorca.com\/fr\/wp-json\/wp\/v2\/media?parent=59693"}],"curies":[{"name":"wp","href":"https:\/\/api.w.org\/{rel}","templated":true}]}}