{"id":61283,"date":"2026-02-28T01:04:31","date_gmt":"2026-02-28T01:04:31","guid":{"rendered":"https:\/\/www.viajamenorca.com\/contact\/aviso-legal\/cookie-policy\/"},"modified":"2026-03-04T23:41:09","modified_gmt":"2026-03-04T23:41:09","slug":"politique-de-cookies","status":"publish","type":"page","link":"https:\/\/www.viajamenorca.com\/fr\/contact\/mentions-legales\/politique-de-cookies\/","title":{"rendered":"Politique de cookies"},"content":{"rendered":"<p>Date d&rsquo;entr\u00e9e en vigueur: 28 f\u00e9vrier 2026<\/p>\n<h2>Que sont les cookies ?<\/h2>\n<p>Un cookie est un petit fichier texte stock\u00e9 dans votre navigateur lorsque vous visitez presque n&rsquo;importe quel site web. Son utilit\u00e9 est de permettre au site de m\u00e9moriser votre visite lors de votre prochaine navigation sur cette page. Les cookies stockent g\u00e9n\u00e9ralement des informations techniques, des pr\u00e9f\u00e9rences personnelles, la personnalisation du contenu, des statistiques d&rsquo;utilisation, des liens vers les r\u00e9seaux sociaux, l&rsquo;acc\u00e8s aux comptes utilisateurs, etc. L&rsquo;objectif du cookie est d&rsquo;adapter le contenu du site \u00e0 votre profil et \u00e0 vos besoins ; sans cookies, les services offerts par n&rsquo;importe quelle page seraient consid\u00e9rablement r\u00e9duits. Si vous souhaitez obtenir plus d&rsquo;informations sur ce que sont les cookies, ce qu&rsquo;ils stockent, comment les supprimer ou les d\u00e9sactiver, etc., <a href=\"https:\/\/www.viajamenorca.com\/fr\/contact\/mentions-legales\/politique-de-cookies\/informations-complementaires-cookies\/\">nous vous prions de consulter ce lien.<\/a><\/p>\n<h2>Cookies utilis\u00e9s sur ce site web<\/h2>\n<p>Conform\u00e9ment aux directives de l&rsquo;Agence Espagnole de Protection des Donn\u00e9es (AEPD), nous d\u00e9taillons ci-dessous l&rsquo;utilisation des cookies effectu\u00e9e par ce site afin de vous informer avec la plus grande pr\u00e9cision possible.<\/p>\n<p>Ce site web utilise les cookies internes (propres) suivants :<\/p>\n<ul>\n<li>Cookies de session : Ils permettent de garantir que les utilisateurs qui r\u00e9digent des commentaires sur le blog sont des humains et non des applications automatis\u00e9es. Cela permet de lutter contre le spam.<\/li>\n<\/ul>\n<p>Ce site web utilise les cookies tiers suivants :<\/p>\n<ul>\n<li>Google Analytics : Stocke des cookies pour \u00e9laborer des statistiques sur le trafic et le volume de visites de ce site. En utilisant ce site web, vous consentez au traitement de vos donn\u00e9es par Google. Par cons\u00e9quent, l&rsquo;exercice de tout droit \u00e0 cet \u00e9gard doit \u00eatre effectu\u00e9 en communiquant directement avec Google.<\/li>\n<li>R\u00e9seaux sociaux : Chaque r\u00e9seau social utilise ses propres cookies pour vous permettre de cliquer sur des boutons de type \u00ab J&rsquo;aime \u00bb ou \u00ab Partager \u00bb.<\/li>\n<\/ul>\n<h2><span dir=\"auto\">Comment utilisons-nous les cookies ?<\/span><\/h2>\n<p>Comme la plupart des services en ligne, notre site web utilise des cookies internes et tiers \u00e0 diverses fins. Les cookies internes sont principalement n\u00e9cessaires au bon fonctionnement du site web et ne collectent aucune donn\u00e9e personnelle.<\/p>\n<p>Les cookies tiers utilis\u00e9s sur notre site servent principalement \u00e0 comprendre le fonctionnement du site, la mani\u00e8re dont vous interagissez avec celui-ci, \u00e0 maintenir la s\u00e9curit\u00e9 de nos services, \u00e0 vous proposer des publicit\u00e9s pertinentes et, de mani\u00e8re g\u00e9n\u00e9rale, \u00e0 vous offrir une meilleure exp\u00e9rience utilisateur tout en acc\u00e9l\u00e9rant vos futures interactions avec notre site.<\/p>\n<p>[wcc_category_list]<\/p>\n<h2>G\u00e9rer les pr\u00e9f\u00e9rences de cookies<\/h2>\n<p>Vous pouvez modifier vos pr\u00e9f\u00e9rences en mati\u00e8re de cookies \u00e0 tout moment en cliquant sur le bouton [wcc_preference_button] .Cela vous permettra de revenir \u00e0 la banni\u00e8re de consentement aux cookies pour modifier vos r\u00e9glages ou retirer votre consentement imm\u00e9diatement.<\/p>\n<p>Par ailleurs, chaque navigateur propose diff\u00e9rentes m\u00e9thodes pour bloquer et supprimer les cookies utilis\u00e9s par les sites web. Vous pouvez modifier la configuration de votre navigateur pour bloquer ou supprimer les cookies. Vous trouverez ci-dessous les liens vers les documents d&rsquo;assistance sur la mani\u00e8re de g\u00e9rer et de supprimer les cookies pour les principaux navigateurs web:<\/p>\n<p>Chrome: <a href=\"https:\/\/support.google.com\/accounts\/answer\/32050\" target=\"_blank\" rel=\"nofollow noopener\"> https:\/\/support.google.com\/accounts\/answer\/32050<\/a><\/p>\n<p>Safari: <a href=\"https:\/\/support.apple.com\/en-in\/guide\/safari\/sfri11471\/mac\" target=\"_blank\" rel=\"nofollow noopener\">https:\/\/support.apple.com\/en-in\/guide\/safari\/sfri11471\/mac<\/a><\/p>\n<p>Firefox: <a href=\"https:\/\/support.mozilla.org\/en-US\/kb\/clear-cookies-and-site-data-firefox?redirectslug=delete-cookies-remove-info-websites-stored&amp;redirectlocale=en-US\" target=\"_blank\" rel=\"nofollow noopener\">https:\/\/support.mozilla.org\/en-US\/kb\/clear-cookies-and-site-data-firefox?redirectslug=delete-cookies-remove-info-websites-stored&amp;redirectlocale=en-US<\/a><\/p>\n<p>Microsoft Edge: <a href=\"https:\/\/support.microsoft.com\/en-us\/microsoft-edge\/delete-cookies-in-microsoft-edge-63947406-40ac-c3b8-57b9-2a946a29ae09\" target=\"_blank\" rel=\"nofollow noopener\"> Delete cookies in Microsoft Edge &#8211; Microsoft Support<\/a><\/p>\n<p>Si vous utilisez un autre navigateur web, veuillez consulter les documents d&rsquo;assistance officiels de celui-ci.<\/p>\n<h2>D\u00e9sactivation ou suppression des cookies<\/h2>\n<p>\u00c0 tout moment, vous pouvez exercer votre droit de d\u00e9sactivation ou de suppression des cookies de ce site web. Ces actions s&rsquo;effectuent de mani\u00e8re diff\u00e9rente selon le navigateur que vous utilisez. <a href=\"https:\/\/www.viajamenorca.com\/fr\/contact\/mentions-legales\/politique-de-cookies\/informations-complementaires-cookies\/\">Voici un guide rapide pour les navigateurs les plus populaires<\/a>.<\/p>\n<h2>Notes compl\u00e9mentaires<\/h2>\n<ul>\n<li>Ni ce site web, ni ses repr\u00e9sentants l\u00e9gaux ne sauraient \u00eatre tenus responsables du contenu ou de la v\u00e9racit\u00e9 des politiques de confidentialit\u00e9 des tiers mentionn\u00e9s dans cette politique de cookies.<\/li>\n<li>Les navigateurs web sont les outils charg\u00e9s de stocker les cookies ; c&rsquo;est donc depuis ces derniers que vous devez exercer votre droit de suppression ou de d\u00e9sactivation. Ni ce site web, ni ses repr\u00e9sentants l\u00e9gaux ne peuvent garantir la manipulation correcte ou incorrecte des cookies par lesdits navigateurs.<\/li>\n<li>Dans certains cas, il est n\u00e9cessaire d&rsquo;installer des cookies pour que le navigateur n&rsquo;oublie pas votre d\u00e9cision de non-acceptation de ceux-ci.<\/li>\n<li>Concernant les cookies de Google Analytics, cette soci\u00e9t\u00e9 stocke les cookies sur des serveurs situ\u00e9s aux \u00c9tats-Unis et s&rsquo;engage \u00e0 ne pas les partager avec des tiers, sauf si cela est n\u00e9cessaire au fonctionnement du syst\u00e8me ou si la loi l&rsquo;exige. Selon Google, votre adresse IP n&rsquo;est pas conserv\u00e9e. Google Inc. est une soci\u00e9t\u00e9 adh\u00e9rant \u00e0 l&rsquo;accord \u00ab Sph\u00e8re de s\u00e9curit\u00e9 \u00bb (Safe Harbor), garantissant que toutes les donn\u00e9es transf\u00e9r\u00e9es seront trait\u00e9es avec un niveau de protection conforme \u00e0 la r\u00e9glementation europ\u00e9enne. Vous pouvez consulter des informations d\u00e9taill\u00e9es \u00e0 ce sujet <a href=\"https:\/\/support.google.com\/analytics\/answer\/6004245\" target=\"_blank\" rel=\"nofollow noopener\">sur ce lien<\/a>. Si vous souhaitez des informations sur l&rsquo;utilisation des cookies par Google, <a href=\"https:\/\/developers.google.com\/analytics?hl=es\" target=\"_blank\" rel=\"nofollow noopener\">nous joignons \u00e9galement cet autre lien<\/a>.<\/li>\n<li>Pour toute question ou demande concernant cette politique de cookies, n&rsquo;h\u00e9sitez pas \u00e0 nous contacter via la section de contact.<\/li>\n<\/ul>\n","protected":false},"excerpt":{"rendered":"<p>Date d&rsquo;entr\u00e9e en vigueur: 28 f\u00e9vrier 2026 Que sont les cookies ? Un cookie est un petit fichier texte stock\u00e9 dans votre navigateur lorsque vous visitez presque n&rsquo;importe quel site &#8230; <\/p>\n<p class=\"read-more-container\"><a title=\"Politique de cookies\" class=\"read-more button\" href=\"https:\/\/www.viajamenorca.com\/fr\/contact\/mentions-legales\/politique-de-cookies\/#more-61283\" aria-label=\"En savoir plus sur Politique de cookies\">Lire plus<\/a><\/p>\n","protected":false},"author":1,"featured_media":0,"parent":61161,"menu_order":0,"comment_status":"closed","ping_status":"closed","template":"","meta":{"_acf_changed":false,"footnotes":""},"class_list":["post-61283","page","type-page","status-publish"],"acf":[],"yoast_head":"<!-- This site is optimized with the Yoast SEO plugin v27.4 - https:\/\/yoast.com\/product\/yoast-seo-wordpress\/ -->\n<title>Politique de cookies - Viaja a Menorca<\/title>\n<meta name=\"description\" content=\"Un cookie est un petit fichier texte stock\u00e9 dans votre navigateur lorsque vous visitez presque n&#039;importe quel site web. Son utilit\u00e9 est de\" \/>\n<meta name=\"robots\" content=\"noindex, nofollow\" \/>\n<meta property=\"og:locale\" content=\"fr_FR\" \/>\n<meta property=\"og:type\" content=\"article\" \/>\n<meta property=\"og:title\" content=\"Politique de cookies - Viaja a Menorca\" \/>\n<meta property=\"og:description\" content=\"Un cookie est un petit fichier texte stock\u00e9 dans votre navigateur lorsque vous visitez presque n&#039;importe quel site web. Son utilit\u00e9 est de\" \/>\n<meta property=\"og:url\" content=\"https:\/\/www.viajamenorca.com\/fr\/contact\/mentions-legales\/politique-de-cookies\/\" \/>\n<meta property=\"og:site_name\" content=\"Viaja a Menorca\" \/>\n<meta property=\"article:publisher\" content=\"https:\/\/www.facebook.com\/ViajaMenorca\/\" \/>\n<meta property=\"article:modified_time\" content=\"2026-03-04T23:41:09+00:00\" \/>\n<meta property=\"og:image\" content=\"https:\/\/www.viajamenorca.com\/wp-content\/uploads\/2024\/12\/banner_fotos.jpg\" \/>\n\t<meta property=\"og:image:width\" content=\"1085\" \/>\n\t<meta property=\"og:image:height\" content=\"543\" \/>\n\t<meta property=\"og:image:type\" content=\"image\/jpeg\" \/>\n<meta name=\"twitter:card\" content=\"summary_large_image\" \/>\n<meta name=\"twitter:site\" content=\"@ViajaMenorca\" \/>\n<meta name=\"twitter:label1\" content=\"Dur\u00e9e de lecture estim\u00e9e\" \/>\n\t<meta name=\"twitter:data1\" content=\"4 minutes\" \/>\n<script type=\"application\/ld+json\" class=\"yoast-schema-graph\">{\"@context\":\"https:\\\/\\\/schema.org\",\"@graph\":[{\"@type\":\"WebPage\",\"@id\":\"https:\\\/\\\/www.viajamenorca.com\\\/fr\\\/contact\\\/mentions-legales\\\/politique-de-cookies\\\/\",\"url\":\"https:\\\/\\\/www.viajamenorca.com\\\/fr\\\/contact\\\/mentions-legales\\\/politique-de-cookies\\\/\",\"name\":\"Politique de cookies - Viaja a Menorca\",\"isPartOf\":{\"@id\":\"https:\\\/\\\/www.viajamenorca.com\\\/fr\\\/#website\"},\"datePublished\":\"2026-02-28T01:04:31+00:00\",\"dateModified\":\"2026-03-04T23:41:09+00:00\",\"description\":\"Un cookie est un petit fichier texte stock\u00e9 dans votre navigateur lorsque vous visitez presque n'importe quel site web. Son utilit\u00e9 est de\",\"breadcrumb\":{\"@id\":\"https:\\\/\\\/www.viajamenorca.com\\\/fr\\\/contact\\\/mentions-legales\\\/politique-de-cookies\\\/#breadcrumb\"},\"inLanguage\":\"fr-FR\",\"potentialAction\":[{\"@type\":\"ReadAction\",\"target\":[\"https:\\\/\\\/www.viajamenorca.com\\\/fr\\\/contact\\\/mentions-legales\\\/politique-de-cookies\\\/\"]}]},{\"@type\":\"BreadcrumbList\",\"@id\":\"https:\\\/\\\/www.viajamenorca.com\\\/fr\\\/contact\\\/mentions-legales\\\/politique-de-cookies\\\/#breadcrumb\",\"itemListElement\":[{\"@type\":\"ListItem\",\"position\":1,\"name\":\"Contact\",\"item\":\"https:\\\/\\\/www.viajamenorca.com\\\/fr\\\/contact\\\/\"},{\"@type\":\"ListItem\",\"position\":2,\"name\":\"Mentions L\u00e9gales\",\"item\":\"https:\\\/\\\/www.viajamenorca.com\\\/fr\\\/contact\\\/mentions-legales\\\/\"},{\"@type\":\"ListItem\",\"position\":3,\"name\":\"Politique de cookies\"}]},{\"@type\":\"WebSite\",\"@id\":\"https:\\\/\\\/www.viajamenorca.com\\\/fr\\\/#website\",\"url\":\"https:\\\/\\\/www.viajamenorca.com\\\/fr\\\/\",\"name\":\"Viaja a Menorca\",\"description\":\"Votre aventure minorquine commence ici !\",\"publisher\":{\"@id\":\"https:\\\/\\\/www.viajamenorca.com\\\/fr\\\/#organization\"},\"alternateName\":\"Gu\u00eda tur\u00edstica de Menorca\",\"potentialAction\":[{\"@type\":\"SearchAction\",\"target\":{\"@type\":\"EntryPoint\",\"urlTemplate\":\"https:\\\/\\\/www.viajamenorca.com\\\/fr\\\/?s={search_term_string}\"},\"query-input\":{\"@type\":\"PropertyValueSpecification\",\"valueRequired\":true,\"valueName\":\"search_term_string\"}}],\"inLanguage\":\"fr-FR\"},{\"@type\":\"Organization\",\"@id\":\"https:\\\/\\\/www.viajamenorca.com\\\/fr\\\/#organization\",\"name\":\"Viaja a Menorca - Gu\u00eda tur\u00edstica\",\"alternateName\":\"Viaja a Menorca\",\"url\":\"https:\\\/\\\/www.viajamenorca.com\\\/fr\\\/\",\"logo\":{\"@type\":\"ImageObject\",\"inLanguage\":\"fr-FR\",\"@id\":\"https:\\\/\\\/www.viajamenorca.com\\\/fr\\\/#\\\/schema\\\/logo\\\/image\\\/\",\"url\":\"https:\\\/\\\/www.viajamenorca.com\\\/wp-content\\\/uploads\\\/2021\\\/11\\\/viajamenorca.jpg\",\"contentUrl\":\"https:\\\/\\\/www.viajamenorca.com\\\/wp-content\\\/uploads\\\/2021\\\/11\\\/viajamenorca.jpg\",\"width\":714,\"height\":714,\"caption\":\"Viaja a Menorca - Gu\u00eda tur\u00edstica\"},\"image\":{\"@id\":\"https:\\\/\\\/www.viajamenorca.com\\\/fr\\\/#\\\/schema\\\/logo\\\/image\\\/\"},\"sameAs\":[\"https:\\\/\\\/www.facebook.com\\\/ViajaMenorca\\\/\",\"https:\\\/\\\/x.com\\\/ViajaMenorca\",\"https:\\\/\\\/www.instagram.com\\\/viaja_menorca\\\/?hl=es\",\"https:\\\/\\\/www.youtube.com\\\/channel\\\/UCWtpR3jxp79HeZ8zZfHLhXw\"]}]}<\/script>\n<!-- \/ Yoast SEO plugin. -->","yoast_head_json":{"title":"Politique de cookies - Viaja a Menorca","description":"Un cookie est un petit fichier texte stock\u00e9 dans votre navigateur lorsque vous visitez presque n'importe quel site web. Son utilit\u00e9 est de","robots":{"index":"noindex","follow":"nofollow"},"og_locale":"fr_FR","og_type":"article","og_title":"Politique de cookies - Viaja a Menorca","og_description":"Un cookie est un petit fichier texte stock\u00e9 dans votre navigateur lorsque vous visitez presque n'importe quel site web. Son utilit\u00e9 est de","og_url":"https:\/\/www.viajamenorca.com\/fr\/contact\/mentions-legales\/politique-de-cookies\/","og_site_name":"Viaja a Menorca","article_publisher":"https:\/\/www.facebook.com\/ViajaMenorca\/","article_modified_time":"2026-03-04T23:41:09+00:00","og_image":[{"width":1085,"height":543,"url":"https:\/\/www.viajamenorca.com\/wp-content\/uploads\/2024\/12\/banner_fotos.jpg","type":"image\/jpeg"}],"twitter_card":"summary_large_image","twitter_site":"@ViajaMenorca","twitter_misc":{"Dur\u00e9e de lecture estim\u00e9e":"4 minutes"},"schema":{"@context":"https:\/\/schema.org","@graph":[{"@type":"WebPage","@id":"https:\/\/www.viajamenorca.com\/fr\/contact\/mentions-legales\/politique-de-cookies\/","url":"https:\/\/www.viajamenorca.com\/fr\/contact\/mentions-legales\/politique-de-cookies\/","name":"Politique de cookies - Viaja a Menorca","isPartOf":{"@id":"https:\/\/www.viajamenorca.com\/fr\/#website"},"datePublished":"2026-02-28T01:04:31+00:00","dateModified":"2026-03-04T23:41:09+00:00","description":"Un cookie est un petit fichier texte stock\u00e9 dans votre navigateur lorsque vous visitez presque n'importe quel site web. Son utilit\u00e9 est de","breadcrumb":{"@id":"https:\/\/www.viajamenorca.com\/fr\/contact\/mentions-legales\/politique-de-cookies\/#breadcrumb"},"inLanguage":"fr-FR","potentialAction":[{"@type":"ReadAction","target":["https:\/\/www.viajamenorca.com\/fr\/contact\/mentions-legales\/politique-de-cookies\/"]}]},{"@type":"BreadcrumbList","@id":"https:\/\/www.viajamenorca.com\/fr\/contact\/mentions-legales\/politique-de-cookies\/#breadcrumb","itemListElement":[{"@type":"ListItem","position":1,"name":"Contact","item":"https:\/\/www.viajamenorca.com\/fr\/contact\/"},{"@type":"ListItem","position":2,"name":"Mentions L\u00e9gales","item":"https:\/\/www.viajamenorca.com\/fr\/contact\/mentions-legales\/"},{"@type":"ListItem","position":3,"name":"Politique de cookies"}]},{"@type":"WebSite","@id":"https:\/\/www.viajamenorca.com\/fr\/#website","url":"https:\/\/www.viajamenorca.com\/fr\/","name":"Viaja a Menorca","description":"Votre aventure minorquine commence ici !","publisher":{"@id":"https:\/\/www.viajamenorca.com\/fr\/#organization"},"alternateName":"Gu\u00eda tur\u00edstica de Menorca","potentialAction":[{"@type":"SearchAction","target":{"@type":"EntryPoint","urlTemplate":"https:\/\/www.viajamenorca.com\/fr\/?s={search_term_string}"},"query-input":{"@type":"PropertyValueSpecification","valueRequired":true,"valueName":"search_term_string"}}],"inLanguage":"fr-FR"},{"@type":"Organization","@id":"https:\/\/www.viajamenorca.com\/fr\/#organization","name":"Viaja a Menorca - Gu\u00eda tur\u00edstica","alternateName":"Viaja a Menorca","url":"https:\/\/www.viajamenorca.com\/fr\/","logo":{"@type":"ImageObject","inLanguage":"fr-FR","@id":"https:\/\/www.viajamenorca.com\/fr\/#\/schema\/logo\/image\/","url":"https:\/\/www.viajamenorca.com\/wp-content\/uploads\/2021\/11\/viajamenorca.jpg","contentUrl":"https:\/\/www.viajamenorca.com\/wp-content\/uploads\/2021\/11\/viajamenorca.jpg","width":714,"height":714,"caption":"Viaja a Menorca - Gu\u00eda tur\u00edstica"},"image":{"@id":"https:\/\/www.viajamenorca.com\/fr\/#\/schema\/logo\/image\/"},"sameAs":["https:\/\/www.facebook.com\/ViajaMenorca\/","https:\/\/x.com\/ViajaMenorca","https:\/\/www.instagram.com\/viaja_menorca\/?hl=es","https:\/\/www.youtube.com\/channel\/UCWtpR3jxp79HeZ8zZfHLhXw"]}]}},"_links":{"self":[{"href":"https:\/\/www.viajamenorca.com\/fr\/wp-json\/wp\/v2\/pages\/61283","targetHints":{"allow":["GET"]}}],"collection":[{"href":"https:\/\/www.viajamenorca.com\/fr\/wp-json\/wp\/v2\/pages"}],"about":[{"href":"https:\/\/www.viajamenorca.com\/fr\/wp-json\/wp\/v2\/types\/page"}],"author":[{"embeddable":true,"href":"https:\/\/www.viajamenorca.com\/fr\/wp-json\/wp\/v2\/users\/1"}],"replies":[{"embeddable":true,"href":"https:\/\/www.viajamenorca.com\/fr\/wp-json\/wp\/v2\/comments?post=61283"}],"version-history":[{"count":8,"href":"https:\/\/www.viajamenorca.com\/fr\/wp-json\/wp\/v2\/pages\/61283\/revisions"}],"predecessor-version":[{"id":61787,"href":"https:\/\/www.viajamenorca.com\/fr\/wp-json\/wp\/v2\/pages\/61283\/revisions\/61787"}],"up":[{"embeddable":true,"href":"https:\/\/www.viajamenorca.com\/fr\/wp-json\/wp\/v2\/pages\/61161"}],"wp:attachment":[{"href":"https:\/\/www.viajamenorca.com\/fr\/wp-json\/wp\/v2\/media?parent=61283"}],"curies":[{"name":"wp","href":"https:\/\/api.w.org\/{rel}","templated":true}]}}