{"id":61779,"date":"2017-01-18T00:48:50","date_gmt":"2017-01-18T00:48:50","guid":{"rendered":"https:\/\/www.viajamenorca.com\/contact\/mentions-legales\/politique-de-cookies\/mas-informacion-sobre-las-cookies\/"},"modified":"2026-03-04T23:38:53","modified_gmt":"2026-03-04T23:38:53","slug":"informations-complementaires-cookies","status":"publish","type":"page","link":"https:\/\/www.viajamenorca.com\/fr\/contact\/mentions-legales\/politique-de-cookies\/informations-complementaires-cookies\/","title":{"rendered":"Informations compl\u00e9mentaires sur les cookies"},"content":{"rendered":"<h2>Qu&rsquo;est-ce qu&rsquo;un cookie ?<\/h2>\n<p>Un cookie est un fichier texte inoffensif stock\u00e9 dans votre navigateur lorsque vous visitez presque n&rsquo;importe quel site web. L&rsquo;utilit\u00e9 du cookie est de permettre au site de m\u00e9moriser votre visite lors de votre prochaine navigation sur cette page. Bien que beaucoup de gens l&rsquo;ignorent, les cookies sont utilis\u00e9s depuis 20 ans, lorsqu&rsquo;ils sont apparus avec les premiers navigateurs pour le World Wide Web.<\/p>\n<h2>Ce qu&rsquo;un cookie N&rsquo;EST PAS :<\/h2>\n<p>Ce n&rsquo;est ni un virus, ni un troyen, ni un ver, ni un spam, ni un logiciel espion (spyware), et il n&rsquo;ouvre pas de fen\u00eatres surgissantes (pop-up).<\/p>\n<h2>Quelles informations un cookie stocke-t-il ?<\/h2>\n<p>Les cookies ne stockent g\u00e9n\u00e9ralement pas d&rsquo;informations sensibles vous concernant, telles que des cartes de cr\u00e9dit ou des coordonn\u00e9es bancaires, des photographies, votre num\u00e9ro d&rsquo;identit\u00e9 ou des informations personnelles, etc. Les donn\u00e9es conserv\u00e9es sont de nature technique, des pr\u00e9f\u00e9rences personnelles, la personnalisation de contenus, etc.<\/p>\n<p>Le serveur web ne vous associe pas en tant que personne, mais associe votre navigateur web. En fait, si vous naviguez habituellement avec Internet Explorer et que vous essayez de naviguer sur le m\u00eame site avec Firefox ou Chrome, vous verrez que le site ne se rend pas compte que vous \u00eates la m\u00eame personne, car il identifie le navigateur et non l&rsquo;individu.<\/p>\n<h2>Quels types de cookies existent ?<\/h2>\n<ul>\n<li>Cookies techniques : Ce sont les plus \u00e9l\u00e9mentaires ; ils permettent, entre autres, de savoir quand la navigation est effectu\u00e9e par un humain ou par une application automatis\u00e9e, ou quand un utilisateur est anonyme ou enregistr\u00e9. T\u00e2ches essentielles au fonctionnement de tout site web dynamique.<\/li>\n<li>Cookies d&rsquo;analyse : Ils recueillent des informations sur le type de navigation effectu\u00e9e, les sections les plus utilis\u00e9es, les produits consult\u00e9s, le cr\u00e9neau horaire d&rsquo;utilisation, la langue, etc.<\/li>\n<li>Cookies publicitaires : Ils affichent de la publicit\u00e9 en fonction de votre navigation, de votre pays d&rsquo;origine, de votre langue, etc.<\/li>\n<\/ul>\n<h2>Que sont les cookies internes et les cookies tiers ?<\/h2>\n<p>Les cookies internes (propres) sont g\u00e9n\u00e9r\u00e9s par la page que vous visitez, et les cookies tiers sont g\u00e9n\u00e9r\u00e9s par des services ou prestataires externes tels que Facebook, Twitter, Google, etc.<\/p>\n<h2>Que se passe-t-il si je d\u00e9sactive les cookies ?<\/h2>\n<p>Pour vous aider \u00e0 comprendre l&rsquo;impact de la d\u00e9sactivation des cookies, voici quelques exemples :<\/p>\n<ul>\n<li>Vous ne pourrez pas partager de contenus de ce site sur Facebook, Twitter ou tout autre r\u00e9seau social.<\/li>\n<li>Le site ne pourra pas adapter les contenus \u00e0 vos pr\u00e9f\u00e9rences personnelles (comme c&rsquo;est le cas dans les boutiques en ligne).<\/li>\n<li>Vous ne pourrez pas acc\u00e9der \u00e0 l&rsquo;espace personnel du site, tel que \u00ab Mon compte \u00bb, \u00ab Mon profil \u00bb ou \u00ab Mes commandes \u00bb.<\/li>\n<li>Boutiques en ligne : Il vous sera impossible d&rsquo;effectuer des achats en ligne ; ils devront se faire par t\u00e9l\u00e9phone ou en visitant la boutique physique si elle existe.<\/li>\n<li>Il ne sera pas possible de personnaliser vos pr\u00e9f\u00e9rences g\u00e9ographiques (fuseau horaire, devise ou langue).<\/li>\n<li>Le site ne pourra pas effectuer d&rsquo;analyses web sur les visiteurs et le trafic, ce qui nuira \u00e0 sa comp\u00e9titivit\u00e9.<\/li>\n<li>Vous ne pourrez pas \u00e9crire sur le blog, t\u00e9l\u00e9charger des photos, publier des commentaires ou noter des contenus. Le site ne pourra pas non plus savoir si vous \u00eates un humain ou une application automatis\u00e9e publiant du spam.<\/li>\n<li>Il ne sera pas possible d&rsquo;afficher de la publicit\u00e9 cibl\u00e9e, ce qui r\u00e9duira les revenus publicitaires du site.<\/li>\n<li>Tous les r\u00e9seaux sociaux utilisent des cookies ; si vous les d\u00e9sactivez, vous ne pourrez en utiliser aucun.<\/li>\n<\/ul>\n<h2>Peut-on supprimer les cookies ?<\/h2>\n<p>Oui. Vous pouvez non seulement les supprimer, mais aussi les bloquer, de mani\u00e8re g\u00e9n\u00e9rale ou particuli\u00e8re pour un domaine sp\u00e9cifique. Pour supprimer les cookies d&rsquo;un site, vous devez vous rendre dans les param\u00e8tres de votre navigateur et rechercher ceux associ\u00e9s au domaine en question.<\/p>\n<h2>Configuration des cookies pour les navigateurs les plus populaires<\/h2>\n<p>Voici comment acc\u00e9der \u00e0 un cookie sp\u00e9cifique dans le navigateur Chrome (Note : ces \u00e9tapes peuvent varier selon la version) :<\/p>\n<ol>\n<li>Allez dans Param\u00e8tres ou Pr\u00e9f\u00e9rences via le menu Fichier ou en cliquant sur l&rsquo;ic\u00f4ne de personnalisation en haut \u00e0 droite.<\/li>\n<li>Cliquez sur Param\u00e8tres avanc\u00e9s.<\/li>\n<li>Allez dans Confidentialit\u00e9 et s\u00e9curit\u00e9, puis Param\u00e8tres des sites.<\/li>\n<li>S\u00e9lectionnez Cookies et donn\u00e9es de site.<\/li>\n<li>Saisissez le nom du domaine dans le champ de recherche pour trouver et supprimer les cookies correspondants.<\/li>\n<\/ol>\n<h2>Pour Internet Explorer :<\/h2>\n<ol>\n<li>Allez dans Outils, puis Options Internet.<\/li>\n<li>Cliquez sur l&rsquo;onglet Confidentialit\u00e9.<\/li>\n<li>D\u00e9placez le curseur pour r\u00e9gler le niveau de confidentialit\u00e9 souhait\u00e9.<\/li>\n<\/ol>\n<h2>Pour Firefox :<\/h2>\n<ol>\n<li>Allez dans Options ou Pr\u00e9f\u00e9rences.<\/li>\n<li>Cliquez sur Vie priv\u00e9e et s\u00e9curit\u00e9.<\/li>\n<li>Dans la section Historique, choisissez Utiliser les param\u00e8tres personnalis\u00e9s pour l&rsquo;historique.<\/li>\n<li>G\u00e9rez l&rsquo;option Accepter les cookies.<\/li>\n<\/ol>\n<h2>Pour Safari (OSX) :<\/h2>\n<ol>\n<li>Allez dans R\u00e9glages (ou Pr\u00e9f\u00e9rences), puis Confidentialit\u00e9.<\/li>\n<li>Utilisez l&rsquo;option Bloquer tous les cookies ou g\u00e9rez les donn\u00e9es du site.<\/li>\n<\/ol>\n<h2>Pour Safari (iOS) :<\/h2>\n<ol>\n<li>Allez dans R\u00e9glages, puis Safari.<\/li>\n<li>Allez dans Confidentialit\u00e9 et s\u00e9curit\u00e9 pour r\u00e9gler l&rsquo;option Bloquer tous les cookies.<\/li>\n<\/ol>\n<h2>Pour Android :<\/h2>\n<ul>\n<li>Lancez le navigateur, appuyez sur Menu, puis Param\u00e8tres.<\/li>\n<li>Allez dans Confidentialit\u00e9 et s\u00e9curit\u00e9 pour activer ou d\u00e9sactiver l&rsquo;option Accepter les cookies.<\/li>\n<\/ul>\n","protected":false},"excerpt":{"rendered":"<p>Qu&rsquo;est-ce qu&rsquo;un cookie ? Un cookie est un fichier texte inoffensif stock\u00e9 dans votre navigateur lorsque vous visitez presque n&rsquo;importe quel site web. L&rsquo;utilit\u00e9 du cookie est de permettre au &#8230; <\/p>\n<p class=\"read-more-container\"><a title=\"Informations compl\u00e9mentaires sur les cookies\" class=\"read-more button\" href=\"https:\/\/www.viajamenorca.com\/fr\/contact\/mentions-legales\/politique-de-cookies\/informations-complementaires-cookies\/#more-61779\" aria-label=\"En savoir plus sur Informations compl\u00e9mentaires sur les cookies\">Lire plus<\/a><\/p>\n","protected":false},"author":1,"featured_media":0,"parent":61283,"menu_order":1,"comment_status":"closed","ping_status":"closed","template":"","meta":{"_acf_changed":false,"footnotes":""},"class_list":["post-61779","page","type-page","status-publish"],"acf":[],"yoast_head":"<!-- This site is optimized with the Yoast SEO plugin v27.4 - https:\/\/yoast.com\/product\/yoast-seo-wordpress\/ -->\n<title>Informations compl\u00e9mentaires sur les cookies - Viaja a Menorca<\/title>\n<meta name=\"description\" content=\"Un cookie est un fichier texte inoffensif stock\u00e9 dans votre navigateur lorsque vous visitez presque n&#039;importe quel site web. L&#039;utilit\u00e9 du\" \/>\n<meta name=\"robots\" content=\"noindex, nofollow\" \/>\n<meta property=\"og:locale\" content=\"fr_FR\" \/>\n<meta property=\"og:type\" content=\"article\" \/>\n<meta property=\"og:title\" content=\"Informations compl\u00e9mentaires sur les cookies - Viaja a Menorca\" \/>\n<meta property=\"og:description\" content=\"Un cookie est un fichier texte inoffensif stock\u00e9 dans votre navigateur lorsque vous visitez presque n&#039;importe quel site web. L&#039;utilit\u00e9 du\" \/>\n<meta property=\"og:url\" content=\"https:\/\/www.viajamenorca.com\/fr\/contact\/mentions-legales\/politique-de-cookies\/informations-complementaires-cookies\/\" \/>\n<meta property=\"og:site_name\" content=\"Viaja a Menorca\" \/>\n<meta property=\"article:publisher\" content=\"https:\/\/www.facebook.com\/ViajaMenorca\/\" \/>\n<meta property=\"article:modified_time\" content=\"2026-03-04T23:38:53+00:00\" \/>\n<meta property=\"og:image\" content=\"https:\/\/www.viajamenorca.com\/wp-content\/uploads\/2024\/12\/banner_fotos.jpg\" \/>\n\t<meta property=\"og:image:width\" content=\"1085\" \/>\n\t<meta property=\"og:image:height\" content=\"543\" \/>\n\t<meta property=\"og:image:type\" content=\"image\/jpeg\" \/>\n<meta name=\"twitter:card\" content=\"summary_large_image\" \/>\n<meta name=\"twitter:site\" content=\"@ViajaMenorca\" \/>\n<meta name=\"twitter:label1\" content=\"Dur\u00e9e de lecture estim\u00e9e\" \/>\n\t<meta name=\"twitter:data1\" content=\"4 minutes\" \/>\n<script type=\"application\/ld+json\" class=\"yoast-schema-graph\">{\"@context\":\"https:\\\/\\\/schema.org\",\"@graph\":[{\"@type\":\"WebPage\",\"@id\":\"https:\\\/\\\/www.viajamenorca.com\\\/fr\\\/contact\\\/mentions-legales\\\/politique-de-cookies\\\/informations-complementaires-cookies\\\/\",\"url\":\"https:\\\/\\\/www.viajamenorca.com\\\/fr\\\/contact\\\/mentions-legales\\\/politique-de-cookies\\\/informations-complementaires-cookies\\\/\",\"name\":\"Informations compl\u00e9mentaires sur les cookies - Viaja a Menorca\",\"isPartOf\":{\"@id\":\"https:\\\/\\\/www.viajamenorca.com\\\/fr\\\/#website\"},\"datePublished\":\"2017-01-18T00:48:50+00:00\",\"dateModified\":\"2026-03-04T23:38:53+00:00\",\"description\":\"Un cookie est un fichier texte inoffensif stock\u00e9 dans votre navigateur lorsque vous visitez presque n'importe quel site web. L'utilit\u00e9 du\",\"breadcrumb\":{\"@id\":\"https:\\\/\\\/www.viajamenorca.com\\\/fr\\\/contact\\\/mentions-legales\\\/politique-de-cookies\\\/informations-complementaires-cookies\\\/#breadcrumb\"},\"inLanguage\":\"fr-FR\",\"potentialAction\":[{\"@type\":\"ReadAction\",\"target\":[\"https:\\\/\\\/www.viajamenorca.com\\\/fr\\\/contact\\\/mentions-legales\\\/politique-de-cookies\\\/informations-complementaires-cookies\\\/\"]}]},{\"@type\":\"BreadcrumbList\",\"@id\":\"https:\\\/\\\/www.viajamenorca.com\\\/fr\\\/contact\\\/mentions-legales\\\/politique-de-cookies\\\/informations-complementaires-cookies\\\/#breadcrumb\",\"itemListElement\":[{\"@type\":\"ListItem\",\"position\":1,\"name\":\"Contact\",\"item\":\"https:\\\/\\\/www.viajamenorca.com\\\/fr\\\/contact\\\/\"},{\"@type\":\"ListItem\",\"position\":2,\"name\":\"Mentions L\u00e9gales\",\"item\":\"https:\\\/\\\/www.viajamenorca.com\\\/fr\\\/contact\\\/mentions-legales\\\/\"},{\"@type\":\"ListItem\",\"position\":3,\"name\":\"Politique de cookies\",\"item\":\"https:\\\/\\\/www.viajamenorca.com\\\/fr\\\/contact\\\/mentions-legales\\\/politique-de-cookies\\\/\"},{\"@type\":\"ListItem\",\"position\":4,\"name\":\"Informations compl\u00e9mentaires sur les cookies\"}]},{\"@type\":\"WebSite\",\"@id\":\"https:\\\/\\\/www.viajamenorca.com\\\/fr\\\/#website\",\"url\":\"https:\\\/\\\/www.viajamenorca.com\\\/fr\\\/\",\"name\":\"Viaja a Menorca\",\"description\":\"Votre aventure minorquine commence ici !\",\"publisher\":{\"@id\":\"https:\\\/\\\/www.viajamenorca.com\\\/fr\\\/#organization\"},\"alternateName\":\"Gu\u00eda tur\u00edstica de Menorca\",\"potentialAction\":[{\"@type\":\"SearchAction\",\"target\":{\"@type\":\"EntryPoint\",\"urlTemplate\":\"https:\\\/\\\/www.viajamenorca.com\\\/fr\\\/?s={search_term_string}\"},\"query-input\":{\"@type\":\"PropertyValueSpecification\",\"valueRequired\":true,\"valueName\":\"search_term_string\"}}],\"inLanguage\":\"fr-FR\"},{\"@type\":\"Organization\",\"@id\":\"https:\\\/\\\/www.viajamenorca.com\\\/fr\\\/#organization\",\"name\":\"Viaja a Menorca - Gu\u00eda tur\u00edstica\",\"alternateName\":\"Viaja a Menorca\",\"url\":\"https:\\\/\\\/www.viajamenorca.com\\\/fr\\\/\",\"logo\":{\"@type\":\"ImageObject\",\"inLanguage\":\"fr-FR\",\"@id\":\"https:\\\/\\\/www.viajamenorca.com\\\/fr\\\/#\\\/schema\\\/logo\\\/image\\\/\",\"url\":\"https:\\\/\\\/www.viajamenorca.com\\\/wp-content\\\/uploads\\\/2021\\\/11\\\/viajamenorca.jpg\",\"contentUrl\":\"https:\\\/\\\/www.viajamenorca.com\\\/wp-content\\\/uploads\\\/2021\\\/11\\\/viajamenorca.jpg\",\"width\":714,\"height\":714,\"caption\":\"Viaja a Menorca - Gu\u00eda tur\u00edstica\"},\"image\":{\"@id\":\"https:\\\/\\\/www.viajamenorca.com\\\/fr\\\/#\\\/schema\\\/logo\\\/image\\\/\"},\"sameAs\":[\"https:\\\/\\\/www.facebook.com\\\/ViajaMenorca\\\/\",\"https:\\\/\\\/x.com\\\/ViajaMenorca\",\"https:\\\/\\\/www.instagram.com\\\/viaja_menorca\\\/?hl=es\",\"https:\\\/\\\/www.youtube.com\\\/channel\\\/UCWtpR3jxp79HeZ8zZfHLhXw\"]}]}<\/script>\n<!-- \/ Yoast SEO plugin. -->","yoast_head_json":{"title":"Informations compl\u00e9mentaires sur les cookies - Viaja a Menorca","description":"Un cookie est un fichier texte inoffensif stock\u00e9 dans votre navigateur lorsque vous visitez presque n'importe quel site web. L'utilit\u00e9 du","robots":{"index":"noindex","follow":"nofollow"},"og_locale":"fr_FR","og_type":"article","og_title":"Informations compl\u00e9mentaires sur les cookies - Viaja a Menorca","og_description":"Un cookie est un fichier texte inoffensif stock\u00e9 dans votre navigateur lorsque vous visitez presque n'importe quel site web. L'utilit\u00e9 du","og_url":"https:\/\/www.viajamenorca.com\/fr\/contact\/mentions-legales\/politique-de-cookies\/informations-complementaires-cookies\/","og_site_name":"Viaja a Menorca","article_publisher":"https:\/\/www.facebook.com\/ViajaMenorca\/","article_modified_time":"2026-03-04T23:38:53+00:00","og_image":[{"width":1085,"height":543,"url":"https:\/\/www.viajamenorca.com\/wp-content\/uploads\/2024\/12\/banner_fotos.jpg","type":"image\/jpeg"}],"twitter_card":"summary_large_image","twitter_site":"@ViajaMenorca","twitter_misc":{"Dur\u00e9e de lecture estim\u00e9e":"4 minutes"},"schema":{"@context":"https:\/\/schema.org","@graph":[{"@type":"WebPage","@id":"https:\/\/www.viajamenorca.com\/fr\/contact\/mentions-legales\/politique-de-cookies\/informations-complementaires-cookies\/","url":"https:\/\/www.viajamenorca.com\/fr\/contact\/mentions-legales\/politique-de-cookies\/informations-complementaires-cookies\/","name":"Informations compl\u00e9mentaires sur les cookies - Viaja a Menorca","isPartOf":{"@id":"https:\/\/www.viajamenorca.com\/fr\/#website"},"datePublished":"2017-01-18T00:48:50+00:00","dateModified":"2026-03-04T23:38:53+00:00","description":"Un cookie est un fichier texte inoffensif stock\u00e9 dans votre navigateur lorsque vous visitez presque n'importe quel site web. L'utilit\u00e9 du","breadcrumb":{"@id":"https:\/\/www.viajamenorca.com\/fr\/contact\/mentions-legales\/politique-de-cookies\/informations-complementaires-cookies\/#breadcrumb"},"inLanguage":"fr-FR","potentialAction":[{"@type":"ReadAction","target":["https:\/\/www.viajamenorca.com\/fr\/contact\/mentions-legales\/politique-de-cookies\/informations-complementaires-cookies\/"]}]},{"@type":"BreadcrumbList","@id":"https:\/\/www.viajamenorca.com\/fr\/contact\/mentions-legales\/politique-de-cookies\/informations-complementaires-cookies\/#breadcrumb","itemListElement":[{"@type":"ListItem","position":1,"name":"Contact","item":"https:\/\/www.viajamenorca.com\/fr\/contact\/"},{"@type":"ListItem","position":2,"name":"Mentions L\u00e9gales","item":"https:\/\/www.viajamenorca.com\/fr\/contact\/mentions-legales\/"},{"@type":"ListItem","position":3,"name":"Politique de cookies","item":"https:\/\/www.viajamenorca.com\/fr\/contact\/mentions-legales\/politique-de-cookies\/"},{"@type":"ListItem","position":4,"name":"Informations compl\u00e9mentaires sur les cookies"}]},{"@type":"WebSite","@id":"https:\/\/www.viajamenorca.com\/fr\/#website","url":"https:\/\/www.viajamenorca.com\/fr\/","name":"Viaja a Menorca","description":"Votre aventure minorquine commence ici !","publisher":{"@id":"https:\/\/www.viajamenorca.com\/fr\/#organization"},"alternateName":"Gu\u00eda tur\u00edstica de Menorca","potentialAction":[{"@type":"SearchAction","target":{"@type":"EntryPoint","urlTemplate":"https:\/\/www.viajamenorca.com\/fr\/?s={search_term_string}"},"query-input":{"@type":"PropertyValueSpecification","valueRequired":true,"valueName":"search_term_string"}}],"inLanguage":"fr-FR"},{"@type":"Organization","@id":"https:\/\/www.viajamenorca.com\/fr\/#organization","name":"Viaja a Menorca - Gu\u00eda tur\u00edstica","alternateName":"Viaja a Menorca","url":"https:\/\/www.viajamenorca.com\/fr\/","logo":{"@type":"ImageObject","inLanguage":"fr-FR","@id":"https:\/\/www.viajamenorca.com\/fr\/#\/schema\/logo\/image\/","url":"https:\/\/www.viajamenorca.com\/wp-content\/uploads\/2021\/11\/viajamenorca.jpg","contentUrl":"https:\/\/www.viajamenorca.com\/wp-content\/uploads\/2021\/11\/viajamenorca.jpg","width":714,"height":714,"caption":"Viaja a Menorca - Gu\u00eda tur\u00edstica"},"image":{"@id":"https:\/\/www.viajamenorca.com\/fr\/#\/schema\/logo\/image\/"},"sameAs":["https:\/\/www.facebook.com\/ViajaMenorca\/","https:\/\/x.com\/ViajaMenorca","https:\/\/www.instagram.com\/viaja_menorca\/?hl=es","https:\/\/www.youtube.com\/channel\/UCWtpR3jxp79HeZ8zZfHLhXw"]}]}},"_links":{"self":[{"href":"https:\/\/www.viajamenorca.com\/fr\/wp-json\/wp\/v2\/pages\/61779","targetHints":{"allow":["GET"]}}],"collection":[{"href":"https:\/\/www.viajamenorca.com\/fr\/wp-json\/wp\/v2\/pages"}],"about":[{"href":"https:\/\/www.viajamenorca.com\/fr\/wp-json\/wp\/v2\/types\/page"}],"author":[{"embeddable":true,"href":"https:\/\/www.viajamenorca.com\/fr\/wp-json\/wp\/v2\/users\/1"}],"replies":[{"embeddable":true,"href":"https:\/\/www.viajamenorca.com\/fr\/wp-json\/wp\/v2\/comments?post=61779"}],"version-history":[{"count":3,"href":"https:\/\/www.viajamenorca.com\/fr\/wp-json\/wp\/v2\/pages\/61779\/revisions"}],"predecessor-version":[{"id":61786,"href":"https:\/\/www.viajamenorca.com\/fr\/wp-json\/wp\/v2\/pages\/61779\/revisions\/61786"}],"up":[{"embeddable":true,"href":"https:\/\/www.viajamenorca.com\/fr\/wp-json\/wp\/v2\/pages\/61283"}],"wp:attachment":[{"href":"https:\/\/www.viajamenorca.com\/fr\/wp-json\/wp\/v2\/media?parent=61779"}],"curies":[{"name":"wp","href":"https:\/\/api.w.org\/{rel}","templated":true}]}}