{"id":63883,"date":"2023-02-27T00:15:39","date_gmt":"2023-02-27T00:15:39","guid":{"rendered":"https:\/\/www.viajamenorca.com\/colaboraciones\/"},"modified":"2026-03-16T05:07:44","modified_gmt":"2026-03-16T05:07:44","slug":"collaborations","status":"publish","type":"page","link":"https:\/\/www.viajamenorca.com\/fr\/collaborations\/","title":{"rendered":"Collaborations"},"content":{"rendered":"\n<h3><span style=\"font-size: 14pt;\"><span style=\"color: var(--contrast);\">Nous avons le plaisir de vous pr\u00e9senter <\/span><span style=\"color: var(--contrast);\">certains de nos amis et collaborateurs qui ont contribu\u00e9 par leurs pr\u00e9cieuses connaissances en <a href=\"https:\/\/www.viajamenorca.com\/fr\/guide-touristique\/a-propos-de-minorque\/histoire-de-minorque\/\"><strong>histoire<\/strong><\/a>, <a href=\"https:\/\/www.viajamenorca.com\/fr\/guide-touristique\/itineraires-et-circuits\/talayotique-minorque\/\"><strong>arch\u00e9ologie<\/strong><\/a> et photographie. Gr\u00e2ce \u00e0 eux, nous pouvons offrir \u00e0 nos visiteurs une exp\u00e9rience de plus en plus compl\u00e8te, unique et enrichissante lors de leur exploration de Minorque.<\/span><\/span><\/h3>\n\n\n\n<div class=\"gb-grid-wrapper gb-grid-wrapper-b94cc5fe gb-query-loop-wrapper\"><\/div>\n\n\n\n<p>Si vous pensez avoir quelque chose \u00e0 apporter et que vous souhaitez collaborer avec nous, ou si vous avez des suggestions, si vous voulez mettre \u00e0 jour une information, etc., n&rsquo;h\u00e9sitez pas \u00e0 nous contacter via notre <a href=\"https:\/\/www.viajamenorca.com\/fr\/contact\/\"><strong>formulaire de contact<\/strong><\/a>. Nous serons ravis de recevoir vos suggestions !<\/p>\n\n\n","protected":false},"excerpt":{"rendered":"<p>Nous avons le plaisir de vous pr\u00e9senter certains de nos amis et collaborateurs qui ont contribu\u00e9 par leurs pr\u00e9cieuses connaissances en histoire, arch\u00e9ologie et photographie. Gr\u00e2ce \u00e0 eux, nous pouvons &#8230; <\/p>\n<p class=\"read-more-container\"><a title=\"Collaborations\" class=\"read-more button\" href=\"https:\/\/www.viajamenorca.com\/fr\/collaborations\/#more-63883\" aria-label=\"En savoir plus sur Collaborations\">Lire plus<\/a><\/p>\n","protected":false},"author":1,"featured_media":63891,"parent":0,"menu_order":0,"comment_status":"closed","ping_status":"closed","template":"","meta":{"_acf_changed":false,"footnotes":""},"class_list":{"0":"post-63883","1":"page","2":"type-page","3":"status-publish","4":"has-post-thumbnail","6":"resize-featured-image"},"acf":[],"yoast_head":"<!-- This site is optimized with the Yoast SEO plugin v27.3 - https:\/\/yoast.com\/product\/yoast-seo-wordpress\/ -->\n<title>Collaborations - Viaja a Menorca<\/title>\n<meta name=\"description\" content=\"Nous sommes heureux de vous pr\u00e9senter quelques-uns de nos amis et collaborateurs qui ont apport\u00e9 leur pr\u00e9cieuse expertise en histoire, en\" \/>\n<meta name=\"robots\" content=\"index, follow, max-snippet:-1, max-image-preview:large, max-video-preview:-1\" \/>\n<link rel=\"canonical\" href=\"https:\/\/www.viajamenorca.com\/fr\/collaborations\/\" \/>\n<meta property=\"og:locale\" content=\"fr_FR\" \/>\n<meta property=\"og:type\" content=\"article\" \/>\n<meta property=\"og:title\" content=\"Collaborations - Viaja a Menorca\" \/>\n<meta property=\"og:description\" content=\"Nous sommes heureux de vous pr\u00e9senter quelques-uns de nos amis et collaborateurs qui ont apport\u00e9 leur pr\u00e9cieuse expertise en histoire, en\" \/>\n<meta property=\"og:url\" content=\"https:\/\/www.viajamenorca.com\/fr\/collaborations\/\" \/>\n<meta property=\"og:site_name\" content=\"Viaja a Menorca\" \/>\n<meta property=\"article:publisher\" content=\"https:\/\/www.facebook.com\/ViajaMenorca\/\" \/>\n<meta property=\"article:modified_time\" content=\"2026-03-16T05:07:44+00:00\" \/>\n<meta property=\"og:image\" content=\"https:\/\/www.viajamenorca.com\/wp-content\/uploads\/2023\/03\/colab.jpg\" \/>\n\t<meta property=\"og:image:width\" content=\"816\" \/>\n\t<meta property=\"og:image:height\" content=\"815\" \/>\n\t<meta property=\"og:image:type\" content=\"image\/jpeg\" \/>\n<meta name=\"twitter:card\" content=\"summary_large_image\" \/>\n<meta name=\"twitter:site\" content=\"@ViajaMenorca\" \/>\n<meta name=\"twitter:label1\" content=\"Dur\u00e9e de lecture estim\u00e9e\" \/>\n\t<meta name=\"twitter:data1\" content=\"1 minute\" \/>\n<script type=\"application\/ld+json\" class=\"yoast-schema-graph\">{\"@context\":\"https:\\\/\\\/schema.org\",\"@graph\":[{\"@type\":\"WebPage\",\"@id\":\"https:\\\/\\\/www.viajamenorca.com\\\/fr\\\/collaborations\\\/\",\"url\":\"https:\\\/\\\/www.viajamenorca.com\\\/fr\\\/collaborations\\\/\",\"name\":\"Collaborations - Viaja a Menorca\",\"isPartOf\":{\"@id\":\"https:\\\/\\\/www.viajamenorca.com\\\/fr\\\/#website\"},\"primaryImageOfPage\":{\"@id\":\"https:\\\/\\\/www.viajamenorca.com\\\/fr\\\/collaborations\\\/#primaryimage\"},\"image\":{\"@id\":\"https:\\\/\\\/www.viajamenorca.com\\\/fr\\\/collaborations\\\/#primaryimage\"},\"thumbnailUrl\":\"https:\\\/\\\/www.viajamenorca.com\\\/wp-content\\\/uploads\\\/2023\\\/03\\\/colab.jpg\",\"datePublished\":\"2023-02-27T00:15:39+00:00\",\"dateModified\":\"2026-03-16T05:07:44+00:00\",\"description\":\"Nous sommes heureux de vous pr\u00e9senter quelques-uns de nos amis et collaborateurs qui ont apport\u00e9 leur pr\u00e9cieuse expertise en histoire, en\",\"inLanguage\":\"fr-FR\",\"potentialAction\":[{\"@type\":\"ReadAction\",\"target\":[\"https:\\\/\\\/www.viajamenorca.com\\\/fr\\\/collaborations\\\/\"]}]},{\"@type\":\"ImageObject\",\"inLanguage\":\"fr-FR\",\"@id\":\"https:\\\/\\\/www.viajamenorca.com\\\/fr\\\/collaborations\\\/#primaryimage\",\"url\":\"https:\\\/\\\/www.viajamenorca.com\\\/wp-content\\\/uploads\\\/2023\\\/03\\\/colab.jpg\",\"contentUrl\":\"https:\\\/\\\/www.viajamenorca.com\\\/wp-content\\\/uploads\\\/2023\\\/03\\\/colab.jpg\",\"width\":816,\"height\":815},{\"@type\":\"WebSite\",\"@id\":\"https:\\\/\\\/www.viajamenorca.com\\\/fr\\\/#website\",\"url\":\"https:\\\/\\\/www.viajamenorca.com\\\/fr\\\/\",\"name\":\"Viaja a Menorca\",\"description\":\"Votre aventure minorquine commence ici !\",\"publisher\":{\"@id\":\"https:\\\/\\\/www.viajamenorca.com\\\/fr\\\/#organization\"},\"alternateName\":\"Gu\u00eda tur\u00edstica de Menorca\",\"potentialAction\":[{\"@type\":\"SearchAction\",\"target\":{\"@type\":\"EntryPoint\",\"urlTemplate\":\"https:\\\/\\\/www.viajamenorca.com\\\/fr\\\/?s={search_term_string}\"},\"query-input\":{\"@type\":\"PropertyValueSpecification\",\"valueRequired\":true,\"valueName\":\"search_term_string\"}}],\"inLanguage\":\"fr-FR\"},{\"@type\":\"Organization\",\"@id\":\"https:\\\/\\\/www.viajamenorca.com\\\/fr\\\/#organization\",\"name\":\"Viaja a Menorca - Gu\u00eda tur\u00edstica\",\"alternateName\":\"Viaja a Menorca\",\"url\":\"https:\\\/\\\/www.viajamenorca.com\\\/fr\\\/\",\"logo\":{\"@type\":\"ImageObject\",\"inLanguage\":\"fr-FR\",\"@id\":\"https:\\\/\\\/www.viajamenorca.com\\\/fr\\\/#\\\/schema\\\/logo\\\/image\\\/\",\"url\":\"https:\\\/\\\/www.viajamenorca.com\\\/wp-content\\\/uploads\\\/2021\\\/11\\\/viajamenorca.jpg\",\"contentUrl\":\"https:\\\/\\\/www.viajamenorca.com\\\/wp-content\\\/uploads\\\/2021\\\/11\\\/viajamenorca.jpg\",\"width\":714,\"height\":714,\"caption\":\"Viaja a Menorca - Gu\u00eda tur\u00edstica\"},\"image\":{\"@id\":\"https:\\\/\\\/www.viajamenorca.com\\\/fr\\\/#\\\/schema\\\/logo\\\/image\\\/\"},\"sameAs\":[\"https:\\\/\\\/www.facebook.com\\\/ViajaMenorca\\\/\",\"https:\\\/\\\/x.com\\\/ViajaMenorca\",\"https:\\\/\\\/www.instagram.com\\\/viaja_menorca\\\/?hl=es\",\"https:\\\/\\\/www.youtube.com\\\/channel\\\/UCWtpR3jxp79HeZ8zZfHLhXw\"]}]}<\/script>\n<!-- \/ Yoast SEO plugin. -->","yoast_head_json":{"title":"Collaborations - Viaja a Menorca","description":"Nous sommes heureux de vous pr\u00e9senter quelques-uns de nos amis et collaborateurs qui ont apport\u00e9 leur pr\u00e9cieuse expertise en histoire, en","robots":{"index":"index","follow":"follow","max-snippet":"max-snippet:-1","max-image-preview":"max-image-preview:large","max-video-preview":"max-video-preview:-1"},"canonical":"https:\/\/www.viajamenorca.com\/fr\/collaborations\/","og_locale":"fr_FR","og_type":"article","og_title":"Collaborations - Viaja a Menorca","og_description":"Nous sommes heureux de vous pr\u00e9senter quelques-uns de nos amis et collaborateurs qui ont apport\u00e9 leur pr\u00e9cieuse expertise en histoire, en","og_url":"https:\/\/www.viajamenorca.com\/fr\/collaborations\/","og_site_name":"Viaja a Menorca","article_publisher":"https:\/\/www.facebook.com\/ViajaMenorca\/","article_modified_time":"2026-03-16T05:07:44+00:00","og_image":[{"width":816,"height":815,"url":"https:\/\/www.viajamenorca.com\/wp-content\/uploads\/2023\/03\/colab.jpg","type":"image\/jpeg"}],"twitter_card":"summary_large_image","twitter_site":"@ViajaMenorca","twitter_misc":{"Dur\u00e9e de lecture estim\u00e9e":"1 minute"},"schema":{"@context":"https:\/\/schema.org","@graph":[{"@type":"WebPage","@id":"https:\/\/www.viajamenorca.com\/fr\/collaborations\/","url":"https:\/\/www.viajamenorca.com\/fr\/collaborations\/","name":"Collaborations - Viaja a Menorca","isPartOf":{"@id":"https:\/\/www.viajamenorca.com\/fr\/#website"},"primaryImageOfPage":{"@id":"https:\/\/www.viajamenorca.com\/fr\/collaborations\/#primaryimage"},"image":{"@id":"https:\/\/www.viajamenorca.com\/fr\/collaborations\/#primaryimage"},"thumbnailUrl":"https:\/\/www.viajamenorca.com\/wp-content\/uploads\/2023\/03\/colab.jpg","datePublished":"2023-02-27T00:15:39+00:00","dateModified":"2026-03-16T05:07:44+00:00","description":"Nous sommes heureux de vous pr\u00e9senter quelques-uns de nos amis et collaborateurs qui ont apport\u00e9 leur pr\u00e9cieuse expertise en histoire, en","inLanguage":"fr-FR","potentialAction":[{"@type":"ReadAction","target":["https:\/\/www.viajamenorca.com\/fr\/collaborations\/"]}]},{"@type":"ImageObject","inLanguage":"fr-FR","@id":"https:\/\/www.viajamenorca.com\/fr\/collaborations\/#primaryimage","url":"https:\/\/www.viajamenorca.com\/wp-content\/uploads\/2023\/03\/colab.jpg","contentUrl":"https:\/\/www.viajamenorca.com\/wp-content\/uploads\/2023\/03\/colab.jpg","width":816,"height":815},{"@type":"WebSite","@id":"https:\/\/www.viajamenorca.com\/fr\/#website","url":"https:\/\/www.viajamenorca.com\/fr\/","name":"Viaja a Menorca","description":"Votre aventure minorquine commence ici !","publisher":{"@id":"https:\/\/www.viajamenorca.com\/fr\/#organization"},"alternateName":"Gu\u00eda tur\u00edstica de Menorca","potentialAction":[{"@type":"SearchAction","target":{"@type":"EntryPoint","urlTemplate":"https:\/\/www.viajamenorca.com\/fr\/?s={search_term_string}"},"query-input":{"@type":"PropertyValueSpecification","valueRequired":true,"valueName":"search_term_string"}}],"inLanguage":"fr-FR"},{"@type":"Organization","@id":"https:\/\/www.viajamenorca.com\/fr\/#organization","name":"Viaja a Menorca - Gu\u00eda tur\u00edstica","alternateName":"Viaja a Menorca","url":"https:\/\/www.viajamenorca.com\/fr\/","logo":{"@type":"ImageObject","inLanguage":"fr-FR","@id":"https:\/\/www.viajamenorca.com\/fr\/#\/schema\/logo\/image\/","url":"https:\/\/www.viajamenorca.com\/wp-content\/uploads\/2021\/11\/viajamenorca.jpg","contentUrl":"https:\/\/www.viajamenorca.com\/wp-content\/uploads\/2021\/11\/viajamenorca.jpg","width":714,"height":714,"caption":"Viaja a Menorca - Gu\u00eda tur\u00edstica"},"image":{"@id":"https:\/\/www.viajamenorca.com\/fr\/#\/schema\/logo\/image\/"},"sameAs":["https:\/\/www.facebook.com\/ViajaMenorca\/","https:\/\/x.com\/ViajaMenorca","https:\/\/www.instagram.com\/viaja_menorca\/?hl=es","https:\/\/www.youtube.com\/channel\/UCWtpR3jxp79HeZ8zZfHLhXw"]}]}},"_links":{"self":[{"href":"https:\/\/www.viajamenorca.com\/fr\/wp-json\/wp\/v2\/pages\/63883","targetHints":{"allow":["GET"]}}],"collection":[{"href":"https:\/\/www.viajamenorca.com\/fr\/wp-json\/wp\/v2\/pages"}],"about":[{"href":"https:\/\/www.viajamenorca.com\/fr\/wp-json\/wp\/v2\/types\/page"}],"author":[{"embeddable":true,"href":"https:\/\/www.viajamenorca.com\/fr\/wp-json\/wp\/v2\/users\/1"}],"replies":[{"embeddable":true,"href":"https:\/\/www.viajamenorca.com\/fr\/wp-json\/wp\/v2\/comments?post=63883"}],"version-history":[{"count":2,"href":"https:\/\/www.viajamenorca.com\/fr\/wp-json\/wp\/v2\/pages\/63883\/revisions"}],"predecessor-version":[{"id":63897,"href":"https:\/\/www.viajamenorca.com\/fr\/wp-json\/wp\/v2\/pages\/63883\/revisions\/63897"}],"wp:featuredmedia":[{"embeddable":true,"href":"https:\/\/www.viajamenorca.com\/fr\/wp-json\/wp\/v2\/media\/63891"}],"wp:attachment":[{"href":"https:\/\/www.viajamenorca.com\/fr\/wp-json\/wp\/v2\/media?parent=63883"}],"curies":[{"name":"wp","href":"https:\/\/api.w.org\/{rel}","templated":true}]}}