{"id":63892,"date":"2019-05-08T17:54:22","date_gmt":"2019-05-08T17:54:22","guid":{"rendered":"https:\/\/www.viajamenorca.com\/guide-touristique\/plages-et-criques\/recomendaciones\/"},"modified":"2026-04-01T00:50:52","modified_gmt":"2026-04-01T00:50:52","slug":"conseils-et-recommandations","status":"publish","type":"page","link":"https:\/\/www.viajamenorca.com\/fr\/guide-touristique\/plages-et-criques\/conseils-et-recommandations\/","title":{"rendered":"Conseils et recommandations pour votre visite des plages et des criques"},"content":{"rendered":"<h3><span style=\"font-size: 15pt;\">Certaines des plages les plus populaires de Minorque incluent <a href=\"https:\/\/www.viajamenorca.com\/guia-turistica\/playas-y-calas\/costa-sur\/cala-en-turqueta\/\"><strong>Cala Turqueta<\/strong><\/a>, <strong><a href=\"https:\/\/www.viajamenorca.com\/guia-turistica\/playas-y-calas\/costa-sur\/cala-macarella\/\">Cala Macarella<\/a><\/strong>, <a href=\"https:\/\/www.viajamenorca.com\/guia-turistica\/playas-y-calas\/costa-sur\/cala-mitjana\/\"><strong>Cala Mitjana<\/strong><\/a> et <a href=\"https:\/\/www.viajamenorca.com\/guia-turistica\/playas-y-calas\/costa-norte\/cala-pregonda\/\"><strong>Cala Pregonda<\/strong><\/a>. Quel que soit votre choix, assurez-vous de suivre ces conseils pour profiter au maximum des <a href=\"https:\/\/www.viajamenorca.com\/fr\/guide-touristique\/plages-et-criques\/\"><strong>plages de Minorque<\/strong><\/a>.<\/span><\/h3>\n<h3 class=\"LC20lb MBeuO DKV0Md\"><\/h3>\n<h2><span style=\"font-size: 18pt;\">Conseils et recommandations pour profiter pleinement de la plage.<\/span><\/h2>\n<ol>\n<li>\n<p><strong>Faites des recherches :<\/strong> Il y a plus de <a href=\"https:\/\/www.viajamenorca.com\/fr\/guide-touristique\/plages-et-criques\/\"><strong>100 plages \u00e0 Minorque<\/strong><\/a>, il est donc important de se renseigner avant de d\u00e9cider o\u00f9 aller. Tenez compte des caract\u00e9ristiques que vous recherchez, comme la plage la plus proche de votre h\u00e9bergement, la meilleure pour les enfants ou la plus isol\u00e9e pour une ambiance plus calme.<\/p>\n<\/li>\n<li>\n<p><strong>Arrivez t\u00f4t :<\/strong> Les plages les plus populaires peuvent se remplir rapidement pendant l&rsquo;\u00e9t\u00e9, il est donc pr\u00e9f\u00e9rable d&rsquo;arriver t\u00f4t pour s&rsquo;assurer de trouver une place pour poser sa serviette.<\/p>\n<\/li>\n<li>\n<p><strong>Prot\u00e9gez votre peau :<\/strong> N&rsquo;oubliez pas d&rsquo;appliquer de la cr\u00e8me solaire et d&#8217;emporter avec vous un chapeau ou un parasol pour vous prot\u00e9ger du soleil, surtout aux heures centrales de la journ\u00e9e.<\/p>\n<\/li>\n<li>\n<p><strong>Apportez de l&rsquo;eau et de la nourriture :<\/strong> Beaucoup de plages n&rsquo;ont pas de services \u00e0 proximit\u00e9, il est donc important d&#8217;emporter suffisamment d&rsquo;eau et de nourriture pour toute la journ\u00e9e. Informez-vous avant de partir sur les services offerts sur la plage.<\/p>\n<\/li>\n<li>\n<p><strong>Explorez :<\/strong> Ne vous limitez pas \u00e0 une seule plage pendant votre voyage \u00e0 Minorque. Explorez diff\u00e9rentes plages pour d\u00e9couvrir celles que vous pr\u00e9f\u00e9rez. Nous vous recommandons de porter de bonnes chaussures si vous allez marcher d&rsquo;une plage \u00e0 l&rsquo;autre le long de la c\u00f4te et d&rsquo;avoir la batterie de votre t\u00e9l\u00e9phone bien charg\u00e9e.<\/p>\n<\/li>\n<li><strong>Transport en Bus :<\/strong> Pour acc\u00e9der \u00e0 certaines plages vierges comme Macarella ou Turqueta pendant la haute saison, il est n\u00e9cessaire de prendre un bus. Retrouvez plus de d\u00e9tails sur le <strong><a href=\"https:\/\/www.viajamenorca.com\/guia-turistica\/transportes\/autobuses\/#Autobuses_a_Macarella\">transport vers ces plages ici<\/a>.<\/strong><\/li>\n<\/ol>\n<h2><span style=\"font-size: 18pt;\">Le climat \u00e0 Minorque<\/span><\/h2>\n<p><span style=\"font-size: 12pt;\">La particularit\u00e9 du <a href=\"https:\/\/viajamenorca.com\/guia-turistica\/el-tiempo-en-menorca\/\"><strong>climat de Minorque<\/strong><\/a> rend conseill\u00e9, les jours o\u00f9 le vent du nord souffle fort, de s&rsquo;abriter sur les <strong><a href=\"https:\/\/viajamenorca.com\/guia-turistica\/playas-y-calas\/costa-sur\/\">plages du sud<\/a><\/strong>, en faisant particuli\u00e8rement attention aux courants qui se forment parfois au large s&rsquo;il est excessivement fort.<\/span><\/p>\n<h2><span style=\"font-size: 18pt;\">Signalisation de danger<\/span><\/h2>\n<p><span style=\"font-size: 12pt;\">Il est recommand\u00e9 de toujours suivre et respecter les indications que vous trouverez sur la majorit\u00e9 des plages, notamment la signalisation de danger indiqu\u00e9e par des drapeaux au bord de la plage. Suivez toujours les conseils et recommandations des sauveteurs.<\/span><a href=\"https:\/\/viajamenorca.com\/wp-content\/uploads\/2019\/02\/20190207_121857.jpg\"><img decoding=\"async\" class=\"aligncenter wp-image-7342\" title=\"Conseils et Recommandations - Signalisation de danger\" src=\"https:\/\/viajamenorca.com\/wp-content\/uploads\/2019\/02\/20190207_121857.jpg\" alt=\"Conseils et Recommandations\" width=\"770\" height=\"98\" \/><\/a><\/p>\n<h2><span style=\"font-size: 18pt;\">Habitats et biodiversit\u00e9<\/span><\/h2>\n<p><span style=\"font-size: 12pt;\">Certaines criques et plages de Minorque sont des espaces naturels prot\u00e9g\u00e9s, d\u00e9clar\u00e9s <a href=\"https:\/\/www.viajamenorca.com\/fr\/guide-touristique\/reserve-de-biosphere\/#Areas_Naturales_de_Especial_Interes\"><strong>Zone Naturelle d&rsquo;Int\u00e9r\u00eat Sp\u00e9cial<\/strong><\/a> et font partie du R\u00e9seau Natura 2000, tant pour la partie terrestre que maritime. <\/span><span style=\"font-size: 12pt;\">Vous pourrez y admirer une s\u00e9rie d&rsquo;habitats et d&rsquo;esp\u00e8ces de flore et de faune ; il est donc essentiel de respecter la r\u00e9glementation et de suivre les <a href=\"https:\/\/www.viajamenorca.com\/guia-turistica\/reserva-de-biosfera\/colabora-tu-tambien\/\"><strong>recommandations<\/strong> <\/a>pour minimiser notre impact sur la nature. <\/span><\/p>\n<p>Sur certaines plages, on peut <a href=\"https:\/\/www.viajamenorca.com\/revista\/guia-de-aves-de-menorca-y-donde-verlas\/\"><strong>observer diverses esp\u00e8ces d&rsquo;oiseaux<\/strong><\/a>, ce qui enrichit tant l&rsquo;exp\u00e9rience du visiteur que l&rsquo;\u00e9quilibre \u00e9cologique de l&rsquo;environnement, rendant la visite encore plus int\u00e9ressante.<\/p>\n<h2><span style=\"font-size: 18pt;\">Respecter l&rsquo;environnement<\/span><\/h2>\n<h3><span style=\"font-size: 14pt;\">Respectez l&rsquo;environnement : Les plages de Minorque sont un cadre magnifique, il est donc important de respecter le milieu naturel et de ne pas laisser de d\u00e9chets ni d&rsquo;endommager la vie marine.<\/span><\/h3>\n<p><span style=\"font-size: 14pt;\">Pour maintenir le bon \u00e9tat des espaces naturels, nous avons besoin de votre <strong><a href=\"https:\/\/viajamenorca.com\/guia-turistica\/reserva-de-biosfera\/colabora-tu-tambien\/\">collaboration.<\/a><\/strong><\/span><\/p>\n<p><span style=\"font-size: 12pt;\"><strong>&#8211;<\/strong> Gardez les <strong><a href=\"https:\/\/viajamenorca.com\/guia-turistica\/reserva-de-biosfera\/playas-limpias\/\">plages propres<\/a> :<\/strong> ne laissez pas de d\u00e9chets sur la plage et aux alentours.<\/span><\/p>\n<p><span style=\"font-size: 12pt;\"><strong>&#8211;<\/strong> Ne ramassez pas de sable de la plage.<\/span><\/p>\n<p><span style=\"font-size: 12pt;\"><strong>&#8211;<\/strong> Utilisez les toilettes publiques.<\/span><\/p>\n<p><span style=\"font-size: 12pt;\"><strong>&#8211;<\/strong> N&rsquo;allumez pas de feu.<\/span><\/p>\n<p><span style=\"font-size: 12pt;\"><strong>&#8211;<\/strong> Respectez les sentiers balis\u00e9s.<\/span><\/p>\n<p><span style=\"font-size: 12pt;\"><strong>&#8211;<\/strong> Ne mouillez pas l&rsquo;ancre sur les herbiers de posidonie.<\/span><\/p>\n<p><span style=\"font-size: 12pt;\"><strong>&#8211;<\/strong> Respectez la flore et la faune.<\/span><\/p>\n<p><span style=\"font-size: 12pt;\"><strong>&#8211;<\/strong> Rappelez-vous que les plages sont un \u00e9cosyst\u00e8me naturel fragile et prot\u00e9g\u00e9, <strong><a href=\"https:\/\/viajamenorca.com\/guia-turistica\/reserva-de-biosfera\/colabora-tu-tambien\/\">aidez-nous \u00e0 le conserver<\/a><\/strong>.<\/span><\/p>\n<p><span style=\"font-size: 12pt;\"><strong>&#8211; <a href=\"https:\/\/viajamenorca.com\/guia-turistica\/reserva-de-biosfera\/sabes-que-es-la-posidonia\/\">Savez-vous ce qu&rsquo;est la Posidonie ?<\/a><\/strong>.<\/span><\/p>\n<h2><span style=\"font-size: 18pt;\">Plages adapt\u00e9es aux personnes handicap\u00e9es<\/span><\/h2>\n<p>L&rsquo;\u00eele dispose de plusieurs plages adapt\u00e9es aux personnes handicap\u00e9es, offrant divers services et \u00e9quipements pour un s\u00e9jour sans soucis. Vous pouvez trouver plus d&rsquo;informations, conseils et recommandations via le lien suivant : <a href=\"https:\/\/www.viajamenorca.com\/fr\/blog-magazine\/voyager-avec-un-handicap\/#Playas_adaptadas\"><strong>Plages adapt\u00e9es<\/strong><\/a><\/p>\n<h2><span style=\"font-size: 18pt;\">Plages accessibles aux chiens<\/span><\/h2>\n<p><span style=\"font-size: 12pt;\">\u00c0 Minorque, il n&rsquo;est pas permis d&rsquo;aller \u00e0 la plage con les chiens durant les mois d&rsquo;\u00e9t\u00e9, bien que certaines municipalit\u00e9s en aient am\u00e9nag\u00e9 quelques-unes o\u00f9 nous pouvons nous baigner avec nos animaux de compagnie.<\/span> <a href=\"https:\/\/www.viajamenorca.com\/fr\/blog-magazine\/plages-ou-vous-pouvez-aller-avec-votre-chien-a-minorque\/\"><span style=\"font-size: 13pt;\"><span style=\"color: #1e73be;\"><span style=\"font-size: 17.3333px;\"><b>Plus<\/b><\/span><\/span> <strong>d&rsquo;informations ici<\/strong><\/span><\/a>.<\/p>\n<h2><span style=\"font-size: 18pt;\">Plages nudistes<\/span><\/h2>\n<p>Dans le lien suivant, nous vous pr\u00e9sentons quelques plages propices \u00e0 la pratique du nudisme, incluant \u00e9galement des conseils et recommandations sur ce mode de vie : <a href=\"https:\/\/www.viajamenorca.com\/fr\/guide-touristique\/plages-et-criques\/plages-nudistes\/\"><strong>Plages nudistes<\/strong><\/a>.<\/p>\n<hr \/>\n<div style=\"text-align: center;\"><script>function loadScript(url, callback){var script=document.createElement('script'); script.type='text\/javascript'; if (script.readyState){script.onreadystatechange=function(){if (script.readyState=='loaded' || script.readyState=='complete'){script.onreadystatechange=null; callback();}};}else{script.onload=function(){callback();};}script.src=url; document.getElementsByTagName('head')[0].appendChild(script);}loadScript('https:\/\/cdn2.civitatis.com\/js\/vendor\/iframeResizer.min.js', function(){iFrameResize({checkOrigin:false,initCallback:function(iframe){setTimeout(function(){var resizeEvent = window.document.createEvent('UIEvents'); resizeEvent.initUIEvent('resize', true, false, window, 0); iframe.dispatchEvent(resizeEvent);});}})})<\/script><iframe class=\"civitatis-iframe\" style=\"max-width: 100%;\" src=\"https:\/\/www.civitatis.com\/widget-activities\/?affiliated=99960&amp;display=cosy&amp;cant=6&amp;lang=fr&amp;currency=EUR&amp;zone=492&amp;transfer=1&amp;cmp=Widget_Menorca_ES&amp;width=100%&amp;hideButton=0&amp;centerContent=1&amp;typeSelection=all&amp;color=1d5a8f&amp;typography=Montserrat&amp;removeBackground=1&amp;showShadow=1&amp;roundedButtons=1\" width=\"100%\" frameborder=\"0\" data-maxwidth=\"100%\"><\/iframe><\/div>\n\n\n<p><span style=\"font-size: 12pt;\"><a style=\"font-size: 12pt; font-weight: bold;\" href=\"https:\/\/www.viajamenorca.com\/fr\/guide-touristique\/plages-et-criques\/\">Guide des plages et criques<\/a><b style=\"font-size: 12pt;\"> | <\/b><a style=\"font-size: 12pt; font-weight: bold;\" href=\"https:\/\/www.viajamenorca.com\/fr\/guide-touristique\/plages-et-criques\/cote-nord\/\">C\u00f4te Nord<\/a><b style=\"font-size: 12pt;\"> | <\/b><a style=\"font-size: 12pt; font-weight: bold;\" href=\"https:\/\/www.viajamenorca.com\/fr\/guide-touristique\/plages-et-criques\/cote-sud\/\">C\u00f4te Sud<\/a><b style=\"font-size: 12pt;\"> | <\/b><a style=\"font-size: 12pt; font-weight: bold;\" href=\"https:\/\/www.viajamenorca.com\/fr\/guide-touristique\/plages-et-criques\/cote-est\/\">C\u00f4te Est<\/a><b style=\"font-size: 12pt;\"> | <\/b><a style=\"font-size: 12pt; font-weight: bold;\" href=\"https:\/\/www.viajamenorca.com\/fr\/guide-touristique\/plages-et-criques\/cote-ouest\/\">C\u00f4te Ouest<\/a><b style=\"font-size: 12pt;\"> | <\/b><a style=\"font-size: 12pt; font-weight: bold;\" href=\"https:\/\/www.viajamenorca.com\/fr\/guide-touristique\/plages-et-criques\/plages-vierges\/\">Plages Vierges <\/a><b style=\"font-size: 12pt;\"> | <\/b><a style=\"font-size: 12pt; font-weight: bold;\" href=\"https:\/\/www.viajamenorca.com\/fr\/guide-touristique\/plages-et-criques\/drapeau-bleu\/\">Pavillon Bleu<\/a><\/span><\/p>\n","protected":false},"excerpt":{"rendered":"<p>Certaines des plages les plus populaires de Minorque incluent Cala Turqueta, Cala Macarella, Cala Mitjana et Cala Pregonda. Quel que soit votre choix, assurez-vous de suivre ces conseils pour profiter &#8230; <\/p>\n<p class=\"read-more-container\"><a title=\"Conseils et recommandations pour votre visite des plages et des criques\" class=\"read-more button\" href=\"https:\/\/www.viajamenorca.com\/fr\/guide-touristique\/plages-et-criques\/conseils-et-recommandations\/#more-63892\" aria-label=\"En savoir plus sur Conseils et recommandations pour votre visite des plages et des criques\">Lire plus<\/a><\/p>\n","protected":false},"author":1,"featured_media":58067,"parent":53187,"menu_order":0,"comment_status":"closed","ping_status":"closed","template":"","meta":{"_acf_changed":false,"footnotes":""},"class_list":{"0":"post-63892","1":"page","2":"type-page","3":"status-publish","4":"has-post-thumbnail","6":"resize-featured-image"},"acf":[],"yoast_head":"<!-- This site is optimized with the Yoast SEO plugin v27.5 - https:\/\/yoast.com\/product\/yoast-seo-wordpress\/ -->\n<title>Conseils pour votre visite des plages et criques de Menorca \ud83c\udfd6\ufe0f<\/title>\n<meta name=\"description\" content=\"Conseils et recommandations \u2600\ufe0f Le climat \u00e0 Minorque, &quot;l&#039;\u00eele du vent&quot; : un climat typiquement m\u00e9diterran\u00e9en avec des temp\u00e9ratures moyennes \ud83c\udf21\ufe0f\" \/>\n<meta name=\"robots\" content=\"index, follow, max-snippet:-1, max-image-preview:large, max-video-preview:-1\" \/>\n<link rel=\"canonical\" href=\"https:\/\/www.viajamenorca.com\/fr\/guide-touristique\/plages-et-criques\/conseils-et-recommandations\/\" \/>\n<meta property=\"og:locale\" content=\"fr_FR\" \/>\n<meta property=\"og:type\" content=\"article\" \/>\n<meta property=\"og:title\" content=\"Conseils pour votre visite des plages et criques de Menorca \ud83c\udfd6\ufe0f\" \/>\n<meta property=\"og:description\" content=\"Conseils et recommandations \u2600\ufe0f Le climat \u00e0 Minorque, &quot;l&#039;\u00eele du vent&quot; : un climat typiquement m\u00e9diterran\u00e9en avec des temp\u00e9ratures moyennes \ud83c\udf21\ufe0f\" \/>\n<meta property=\"og:url\" content=\"https:\/\/www.viajamenorca.com\/fr\/guide-touristique\/plages-et-criques\/conseils-et-recommandations\/\" \/>\n<meta property=\"og:site_name\" content=\"Viaja a Menorca\" \/>\n<meta property=\"article:publisher\" content=\"https:\/\/www.facebook.com\/ViajaMenorca\/\" \/>\n<meta property=\"article:modified_time\" content=\"2026-04-01T00:50:52+00:00\" \/>\n<meta property=\"og:image\" content=\"https:\/\/www.viajamenorca.com\/wp-content\/uploads\/2018\/10\/DSC_1053.jpg\" \/>\n\t<meta property=\"og:image:width\" content=\"4000\" \/>\n\t<meta property=\"og:image:height\" content=\"2250\" \/>\n\t<meta property=\"og:image:type\" content=\"image\/jpeg\" \/>\n<meta name=\"twitter:card\" content=\"summary_large_image\" \/>\n<meta name=\"twitter:site\" content=\"@ViajaMenorca\" \/>\n<meta name=\"twitter:label1\" content=\"Dur\u00e9e de lecture estim\u00e9e\" \/>\n\t<meta name=\"twitter:data1\" content=\"4 minutes\" \/>\n<script type=\"application\/ld+json\" class=\"yoast-schema-graph\">{\"@context\":\"https:\\\/\\\/schema.org\",\"@graph\":[{\"@type\":\"WebPage\",\"@id\":\"https:\\\/\\\/www.viajamenorca.com\\\/fr\\\/guide-touristique\\\/plages-et-criques\\\/conseils-et-recommandations\\\/\",\"url\":\"https:\\\/\\\/www.viajamenorca.com\\\/fr\\\/guide-touristique\\\/plages-et-criques\\\/conseils-et-recommandations\\\/\",\"name\":\"Conseils pour votre visite des plages et criques de Menorca \ud83c\udfd6\ufe0f\",\"isPartOf\":{\"@id\":\"https:\\\/\\\/www.viajamenorca.com\\\/fr\\\/#website\"},\"primaryImageOfPage\":{\"@id\":\"https:\\\/\\\/www.viajamenorca.com\\\/fr\\\/guide-touristique\\\/plages-et-criques\\\/conseils-et-recommandations\\\/#primaryimage\"},\"image\":{\"@id\":\"https:\\\/\\\/www.viajamenorca.com\\\/fr\\\/guide-touristique\\\/plages-et-criques\\\/conseils-et-recommandations\\\/#primaryimage\"},\"thumbnailUrl\":\"https:\\\/\\\/www.viajamenorca.com\\\/wp-content\\\/uploads\\\/2018\\\/10\\\/DSC_1053.jpg\",\"datePublished\":\"2019-05-08T17:54:22+00:00\",\"dateModified\":\"2026-04-01T00:50:52+00:00\",\"description\":\"Conseils et recommandations \u2600\ufe0f Le climat \u00e0 Minorque, \\\"l'\u00eele du vent\\\" : un climat typiquement m\u00e9diterran\u00e9en avec des temp\u00e9ratures moyennes \ud83c\udf21\ufe0f\",\"breadcrumb\":{\"@id\":\"https:\\\/\\\/www.viajamenorca.com\\\/fr\\\/guide-touristique\\\/plages-et-criques\\\/conseils-et-recommandations\\\/#breadcrumb\"},\"inLanguage\":\"fr-FR\",\"potentialAction\":[{\"@type\":\"ReadAction\",\"target\":[\"https:\\\/\\\/www.viajamenorca.com\\\/fr\\\/guide-touristique\\\/plages-et-criques\\\/conseils-et-recommandations\\\/\"]}]},{\"@type\":\"ImageObject\",\"inLanguage\":\"fr-FR\",\"@id\":\"https:\\\/\\\/www.viajamenorca.com\\\/fr\\\/guide-touristique\\\/plages-et-criques\\\/conseils-et-recommandations\\\/#primaryimage\",\"url\":\"https:\\\/\\\/www.viajamenorca.com\\\/wp-content\\\/uploads\\\/2018\\\/10\\\/DSC_1053.jpg\",\"contentUrl\":\"https:\\\/\\\/www.viajamenorca.com\\\/wp-content\\\/uploads\\\/2018\\\/10\\\/DSC_1053.jpg\",\"width\":4000,\"height\":2250,\"caption\":\"Menorca Talay\u00f3tica\"},{\"@type\":\"BreadcrumbList\",\"@id\":\"https:\\\/\\\/www.viajamenorca.com\\\/fr\\\/guide-touristique\\\/plages-et-criques\\\/conseils-et-recommandations\\\/#breadcrumb\",\"itemListElement\":[{\"@type\":\"ListItem\",\"position\":1,\"name\":\"Guide touristique de Minorque 2026\",\"item\":\"https:\\\/\\\/www.viajamenorca.com\\\/fr\\\/guide-touristique\\\/\"},{\"@type\":\"ListItem\",\"position\":2,\"name\":\"Plages\",\"item\":\"https:\\\/\\\/www.viajamenorca.com\\\/fr\\\/guide-touristique\\\/plages-et-criques\\\/\"},{\"@type\":\"ListItem\",\"position\":3,\"name\":\"\ud83c\udfd6\ufe0f\"}]},{\"@type\":\"WebSite\",\"@id\":\"https:\\\/\\\/www.viajamenorca.com\\\/fr\\\/#website\",\"url\":\"https:\\\/\\\/www.viajamenorca.com\\\/fr\\\/\",\"name\":\"Viaja a Menorca\",\"description\":\"Votre aventure minorquine commence ici !\",\"publisher\":{\"@id\":\"https:\\\/\\\/www.viajamenorca.com\\\/fr\\\/#organization\"},\"alternateName\":\"Gu\u00eda tur\u00edstica de Menorca\",\"potentialAction\":[{\"@type\":\"SearchAction\",\"target\":{\"@type\":\"EntryPoint\",\"urlTemplate\":\"https:\\\/\\\/www.viajamenorca.com\\\/fr\\\/?s={search_term_string}\"},\"query-input\":{\"@type\":\"PropertyValueSpecification\",\"valueRequired\":true,\"valueName\":\"search_term_string\"}}],\"inLanguage\":\"fr-FR\"},{\"@type\":\"Organization\",\"@id\":\"https:\\\/\\\/www.viajamenorca.com\\\/fr\\\/#organization\",\"name\":\"Viaja a Menorca - Gu\u00eda tur\u00edstica\",\"alternateName\":\"Viaja a Menorca\",\"url\":\"https:\\\/\\\/www.viajamenorca.com\\\/fr\\\/\",\"logo\":{\"@type\":\"ImageObject\",\"inLanguage\":\"fr-FR\",\"@id\":\"https:\\\/\\\/www.viajamenorca.com\\\/fr\\\/#\\\/schema\\\/logo\\\/image\\\/\",\"url\":\"https:\\\/\\\/www.viajamenorca.com\\\/wp-content\\\/uploads\\\/2021\\\/11\\\/viajamenorca.jpg\",\"contentUrl\":\"https:\\\/\\\/www.viajamenorca.com\\\/wp-content\\\/uploads\\\/2021\\\/11\\\/viajamenorca.jpg\",\"width\":714,\"height\":714,\"caption\":\"Viaja a Menorca - Gu\u00eda tur\u00edstica\"},\"image\":{\"@id\":\"https:\\\/\\\/www.viajamenorca.com\\\/fr\\\/#\\\/schema\\\/logo\\\/image\\\/\"},\"sameAs\":[\"https:\\\/\\\/www.facebook.com\\\/ViajaMenorca\\\/\",\"https:\\\/\\\/x.com\\\/ViajaMenorca\",\"https:\\\/\\\/www.instagram.com\\\/viaja_menorca\\\/?hl=es\",\"https:\\\/\\\/www.youtube.com\\\/channel\\\/UCWtpR3jxp79HeZ8zZfHLhXw\"]}]}<\/script>\n<!-- \/ Yoast SEO plugin. -->","yoast_head_json":{"title":"Conseils pour votre visite des plages et criques de Menorca \ud83c\udfd6\ufe0f","description":"Conseils et recommandations \u2600\ufe0f Le climat \u00e0 Minorque, \"l'\u00eele du vent\" : un climat typiquement m\u00e9diterran\u00e9en avec des temp\u00e9ratures moyennes \ud83c\udf21\ufe0f","robots":{"index":"index","follow":"follow","max-snippet":"max-snippet:-1","max-image-preview":"max-image-preview:large","max-video-preview":"max-video-preview:-1"},"canonical":"https:\/\/www.viajamenorca.com\/fr\/guide-touristique\/plages-et-criques\/conseils-et-recommandations\/","og_locale":"fr_FR","og_type":"article","og_title":"Conseils pour votre visite des plages et criques de Menorca \ud83c\udfd6\ufe0f","og_description":"Conseils et recommandations \u2600\ufe0f Le climat \u00e0 Minorque, \"l'\u00eele du vent\" : un climat typiquement m\u00e9diterran\u00e9en avec des temp\u00e9ratures moyennes \ud83c\udf21\ufe0f","og_url":"https:\/\/www.viajamenorca.com\/fr\/guide-touristique\/plages-et-criques\/conseils-et-recommandations\/","og_site_name":"Viaja a Menorca","article_publisher":"https:\/\/www.facebook.com\/ViajaMenorca\/","article_modified_time":"2026-04-01T00:50:52+00:00","og_image":[{"width":4000,"height":2250,"url":"https:\/\/www.viajamenorca.com\/wp-content\/uploads\/2018\/10\/DSC_1053.jpg","type":"image\/jpeg"}],"twitter_card":"summary_large_image","twitter_site":"@ViajaMenorca","twitter_misc":{"Dur\u00e9e de lecture estim\u00e9e":"4 minutes"},"schema":{"@context":"https:\/\/schema.org","@graph":[{"@type":"WebPage","@id":"https:\/\/www.viajamenorca.com\/fr\/guide-touristique\/plages-et-criques\/conseils-et-recommandations\/","url":"https:\/\/www.viajamenorca.com\/fr\/guide-touristique\/plages-et-criques\/conseils-et-recommandations\/","name":"Conseils pour votre visite des plages et criques de Menorca \ud83c\udfd6\ufe0f","isPartOf":{"@id":"https:\/\/www.viajamenorca.com\/fr\/#website"},"primaryImageOfPage":{"@id":"https:\/\/www.viajamenorca.com\/fr\/guide-touristique\/plages-et-criques\/conseils-et-recommandations\/#primaryimage"},"image":{"@id":"https:\/\/www.viajamenorca.com\/fr\/guide-touristique\/plages-et-criques\/conseils-et-recommandations\/#primaryimage"},"thumbnailUrl":"https:\/\/www.viajamenorca.com\/wp-content\/uploads\/2018\/10\/DSC_1053.jpg","datePublished":"2019-05-08T17:54:22+00:00","dateModified":"2026-04-01T00:50:52+00:00","description":"Conseils et recommandations \u2600\ufe0f Le climat \u00e0 Minorque, \"l'\u00eele du vent\" : un climat typiquement m\u00e9diterran\u00e9en avec des temp\u00e9ratures moyennes \ud83c\udf21\ufe0f","breadcrumb":{"@id":"https:\/\/www.viajamenorca.com\/fr\/guide-touristique\/plages-et-criques\/conseils-et-recommandations\/#breadcrumb"},"inLanguage":"fr-FR","potentialAction":[{"@type":"ReadAction","target":["https:\/\/www.viajamenorca.com\/fr\/guide-touristique\/plages-et-criques\/conseils-et-recommandations\/"]}]},{"@type":"ImageObject","inLanguage":"fr-FR","@id":"https:\/\/www.viajamenorca.com\/fr\/guide-touristique\/plages-et-criques\/conseils-et-recommandations\/#primaryimage","url":"https:\/\/www.viajamenorca.com\/wp-content\/uploads\/2018\/10\/DSC_1053.jpg","contentUrl":"https:\/\/www.viajamenorca.com\/wp-content\/uploads\/2018\/10\/DSC_1053.jpg","width":4000,"height":2250,"caption":"Menorca Talay\u00f3tica"},{"@type":"BreadcrumbList","@id":"https:\/\/www.viajamenorca.com\/fr\/guide-touristique\/plages-et-criques\/conseils-et-recommandations\/#breadcrumb","itemListElement":[{"@type":"ListItem","position":1,"name":"Guide touristique de Minorque 2026","item":"https:\/\/www.viajamenorca.com\/fr\/guide-touristique\/"},{"@type":"ListItem","position":2,"name":"Plages","item":"https:\/\/www.viajamenorca.com\/fr\/guide-touristique\/plages-et-criques\/"},{"@type":"ListItem","position":3,"name":"\ud83c\udfd6\ufe0f"}]},{"@type":"WebSite","@id":"https:\/\/www.viajamenorca.com\/fr\/#website","url":"https:\/\/www.viajamenorca.com\/fr\/","name":"Viaja a Menorca","description":"Votre aventure minorquine commence ici !","publisher":{"@id":"https:\/\/www.viajamenorca.com\/fr\/#organization"},"alternateName":"Gu\u00eda tur\u00edstica de Menorca","potentialAction":[{"@type":"SearchAction","target":{"@type":"EntryPoint","urlTemplate":"https:\/\/www.viajamenorca.com\/fr\/?s={search_term_string}"},"query-input":{"@type":"PropertyValueSpecification","valueRequired":true,"valueName":"search_term_string"}}],"inLanguage":"fr-FR"},{"@type":"Organization","@id":"https:\/\/www.viajamenorca.com\/fr\/#organization","name":"Viaja a Menorca - Gu\u00eda tur\u00edstica","alternateName":"Viaja a Menorca","url":"https:\/\/www.viajamenorca.com\/fr\/","logo":{"@type":"ImageObject","inLanguage":"fr-FR","@id":"https:\/\/www.viajamenorca.com\/fr\/#\/schema\/logo\/image\/","url":"https:\/\/www.viajamenorca.com\/wp-content\/uploads\/2021\/11\/viajamenorca.jpg","contentUrl":"https:\/\/www.viajamenorca.com\/wp-content\/uploads\/2021\/11\/viajamenorca.jpg","width":714,"height":714,"caption":"Viaja a Menorca - Gu\u00eda tur\u00edstica"},"image":{"@id":"https:\/\/www.viajamenorca.com\/fr\/#\/schema\/logo\/image\/"},"sameAs":["https:\/\/www.facebook.com\/ViajaMenorca\/","https:\/\/x.com\/ViajaMenorca","https:\/\/www.instagram.com\/viaja_menorca\/?hl=es","https:\/\/www.youtube.com\/channel\/UCWtpR3jxp79HeZ8zZfHLhXw"]}]}},"_links":{"self":[{"href":"https:\/\/www.viajamenorca.com\/fr\/wp-json\/wp\/v2\/pages\/63892","targetHints":{"allow":["GET"]}}],"collection":[{"href":"https:\/\/www.viajamenorca.com\/fr\/wp-json\/wp\/v2\/pages"}],"about":[{"href":"https:\/\/www.viajamenorca.com\/fr\/wp-json\/wp\/v2\/types\/page"}],"author":[{"embeddable":true,"href":"https:\/\/www.viajamenorca.com\/fr\/wp-json\/wp\/v2\/users\/1"}],"replies":[{"embeddable":true,"href":"https:\/\/www.viajamenorca.com\/fr\/wp-json\/wp\/v2\/comments?post=63892"}],"version-history":[{"count":7,"href":"https:\/\/www.viajamenorca.com\/fr\/wp-json\/wp\/v2\/pages\/63892\/revisions"}],"predecessor-version":[{"id":64401,"href":"https:\/\/www.viajamenorca.com\/fr\/wp-json\/wp\/v2\/pages\/63892\/revisions\/64401"}],"up":[{"embeddable":true,"href":"https:\/\/www.viajamenorca.com\/fr\/wp-json\/wp\/v2\/pages\/53187"}],"wp:featuredmedia":[{"embeddable":true,"href":"https:\/\/www.viajamenorca.com\/fr\/wp-json\/wp\/v2\/media\/58067"}],"wp:attachment":[{"href":"https:\/\/www.viajamenorca.com\/fr\/wp-json\/wp\/v2\/media?parent=63892"}],"curies":[{"name":"wp","href":"https:\/\/api.w.org\/{rel}","templated":true}]}}