{"id":52848,"date":"2024-04-08T13:28:04","date_gmt":"2024-04-08T13:28:04","guid":{"rendered":"https:\/\/www.viajamenorca.com\/home-presentazione\/"},"modified":"2026-02-27T13:26:01","modified_gmt":"2026-02-27T13:26:01","slug":"home-presentazione","status":"publish","type":"page","link":"https:\/\/www.viajamenorca.com\/it\/","title":{"rendered":"Home &#8211; presentazione"},"content":{"rendered":"\n<div style=\"height:11px\" aria-hidden=\"true\" class=\"wp-block-spacer\"><\/div>\n\n\n<div class=\"gb-container gb-container-11978ff8\">\n\n<div class=\"wp-block-columns is-layout-flex wp-container-core-columns-is-layout-9d6595d7 wp-block-columns-is-layout-flex\">\n<div class=\"wp-block-column is-layout-flow wp-block-column-is-layout-flow\" style=\"flex-basis:750px\">\n<h1><span style=\"font-size: 18pt;\"><span style=\"color: #2b2a2a;\">Home \/ Presentazione<\/span><\/span><\/h1>\n<p id=\"tanto-si-vas-a-visitar-la-isla-o-resides-en-ella-no-te-pierdas-nuestra-guia-turistica-de-menorca-con-los-mejores-lugares-consejos-y-recomendaciones-para-descubrirla-a-fondo\"><span style=\"font-size: 13pt;\">Sia che tu abbia intenzione di visitare l&#8217;isola, sia che tu ci viva gi\u00e0, non puoi perderti la nostra <strong><a title=\"Minorca Guida Turistica 2026\" href=\"https:\/\/www.viajamenorca.com\/it\/guida-turistica\/\" rel=\"\">Guida turistica di Minorca 2026<\/a><\/strong>. <\/span><span style=\"font-size: 13pt;\">Questa guida completa include i migliori luoghi da visitare, oltre a informazioni, consigli e raccomandazioni che ti aiuteranno a scoprire l&#8217;isola in profondit\u00e0.<\/span><\/p>\n<\/div>\n\n\n\n<div class=\"wp-block-column is-layout-flow wp-block-column-is-layout-flow\" style=\"flex-basis:400px\">\n<h3><\/h3>\n<\/div>\n<\/div>\n\n<\/div>\n\n<h2><span style=\"font-size: 18pt;\">Pianifica le tue vacanze<\/span><\/h2>\n<p><span style=\"font-size: 12pt;\"><strong>Organizza le<\/strong> tue vacanze a Minorca: scopri tutto quello che quest&#8217;isola ha da offrire. Sul nostro sito puoi cercare informazioni ed effettuare prenotazioni di <a href=\"https:\/\/www.viajamenorca.com\/it\/guida-turistica\/trasporto\/voli\/\"><strong>aereo<\/strong><\/a>, <a href=\"https:\/\/www.viajamenorca.com\/it\/guida-turistica\/trasporto\/noleggio-auto\/\"><strong>noleggio auto<\/strong> <strong>di<\/strong> <strong>noleggio auto<\/strong><\/a>, <a href=\"https:\/\/www.viajamenorca.com\/it\/hotel-alloggi\/\"><strong>hotel<\/strong><\/a> e tutto ci\u00f2 che ti serve per pianificare il tuo soggiorno sull&#8217;isola. Troverai inoltre informazioni aggiornate sui migliori luoghi da visitare sull&#8217;isola, sugli itinerari pi\u00f9 spettacolari e sui percorsi pi\u00f9 popolari e interessanti. <a href=\"https:\/\/www.viajamenorca.com\/it\/attivita\/\" rel=\"nofollow\"><strong>e le cose pi\u00f9 interessanti<\/strong><\/a> le cose pi\u00f9 interessanti da fare. <\/span><\/p>\n<p><span style=\"font-size: 12pt;\">Ti consigliamo di utilizzare la nostra <a href=\"https:\/\/www.viajamenorca.com\/it\/guida-turistica\/\" rel=\"nofollow\"><strong>guida turistica<\/strong><\/a> per organizzare il tuo viaggio nel modo pi\u00f9 semplice e facile. <a href=\"https:\/\/www.viajamenorca.com\/it\/\"><strong>viajamenorca.com<\/strong><\/a> \u00e8 una guida locale creata da minorchini appassionati dell&#8217;isola. Qui troverai tutto ci\u00f2 di cui hai bisogno per goderti l&#8217;isola. Speriamo che ti piaccia; e non dimenticare di <strong><a href=\"https:\/\/www.viajamenorca.com\/it\/#I_social_media\">condividere e commentare \ud83d\ude09<\/a><\/strong>. <\/span><\/p>\n<h2><span style=\"font-size: 18pt;\">Esplora l&#8217;isola<\/span><\/h2>\n<p><span style=\"font-size: 12pt;\"><strong>Scopri<\/strong> i <strong><a href=\"https:\/\/www.viajamenorca.com\/it\/guida-turistica\/itinerari-e-percorsi\/\">percorsi e itinerari<\/a><\/strong> che abbiamo preparato per te, con le migliori <strong><a href=\"https:\/\/www.viajamenorca.com\/it\/guida-turistica\/spiagge-e-calette\/\">spiagge<\/a><\/strong>, <strong><a href=\"https:\/\/www.viajamenorca.com\/it\/guida-turistica\/spiagge-e-calette\/\">calette<\/a><\/strong>, <a href=\"https:\/\/www.viajamenorca.com\/it\/guida-turistica\/itinerari-e-percorsi\/percorso-dei-7-fari\/\"><strong>fari<\/strong><\/a>. Inoltre, esplora il percorso escursionistico del &#8220;<a href=\"https:\/\/viajamenorca.com\/guia-turistica\/rutas-e-itinerarios\/cami-de-cavalls\/\"><strong>cam\u00ed de cavalls<\/strong><\/a>&#8221; che percorre il perimetro dell&#8217;isola e offre viste panoramiche mozzafiato. <\/span><\/p>\n<h2><span style=\"font-size: 18pt;\">Storia e cultura<\/span><\/h2>\n<p><span style=\"font-size: 12pt;\"><strong style=\"font-size: 12pt;\">Conosci<\/strong> la sua <a style=\"font-size: 12pt;\" href=\"https:\/\/www.viajamenorca.com\/guia-turistica\/sobre-menorca\/un-poco-de-historia\/\"><strong>storia<\/strong><\/a>, <a style=\"font-size: 12pt;\" href=\"https:\/\/www.viajamenorca.com\/it\/guida-turistica\/itinerari-e-percorsi\/etnologia\/\"><strong>cultura<\/strong><\/a> e costumi attraverso i suoi <a style=\"font-size: 12pt;\" href=\"https:\/\/viajamenorca.com\/guia-turistica\/pueblos\/\"><strong>villaggi<\/strong><\/a>, <a style=\"font-size: 12pt;\" href=\"https:\/\/viajamenorca.com\/guia-turistica\/rutas-e-itinerarios\/itinerario-cultural\/museos\/\"><strong>musei<\/strong><\/a>, <strong><a href=\"https:\/\/viajamenorca.com\/guia-turistica\/rutas-e-itinerarios\/ruta-monumental\/\">monumenti<\/a><\/strong>, <a href=\"https:\/\/viajamenorca.com\/guia-turistica\/rutas-e-itinerarios\/menorca-talayotica\/\"><b>siti archeologici<\/b><\/a>. Inoltre, gode dei suoi <a style=\"font-size: 12pt;\" href=\"https:\/\/www.viajamenorca.com\/it\/guida-turistica\/festeggiamenti-del-santo-patrono\/calendario-delle-vacanze\/\"><strong>festival popolari<\/strong><\/a> y <a style=\"font-size: 12pt;\" href=\"https:\/\/www.viajamenorca.com\/it\/guida-turistica\/artigianato\/\"><strong>artigianato<\/strong><\/a> dell&#8217;isola, elementi fondamentali che ne costituiscono l&#8217;identit\u00e0. Sul nostro sito troverai informazioni dettagliate sulle citt\u00e0 pi\u00f9 importanti dell&#8217;isola, come ad esempio <a href=\"https:\/\/www.viajamenorca.com\/guia-turistica\/pueblos\/ciudadela\/\"><strong>Ciutadella<\/strong><\/a> o <a href=\"https:\/\/www.viajamenorca.com\/guia-turistica\/pueblos\/mahon\/\"><strong>Ma\u00f3,<\/strong><\/a> e sui pi\u00f9 importanti monumenti e siti archeologici, come la <a href=\"https:\/\/www.viajamenorca.com\/guia-turistica\/rutas-e-itinerarios\/menorca-talayotica\/naveta-des-tudons\/\"><strong>Naveta des Tudons<\/strong><\/a> o l&#8217;insediamento di <strong><a href=\"https:\/\/www.viajamenorca.com\/guia-turistica\/rutas-e-itinerarios\/menorca-talayotica\/trepuco\/\">Trepuc\u00f3<\/a><\/strong>.<\/span><\/p>\n<h2><span style=\"font-size: 18pt;\">Gastronomia<\/span><\/h2>\n<p><span style=\"font-size: 12pt;\"><strong>Goditi<\/strong> la fantastica <a href=\"https:\/\/www.viajamenorca.com\/it\/guida-turistica\/gastronomia\/\"><strong>gastronomia<\/strong><\/a> dell&#8217;isola e visita i migliori <a href=\"https:\/\/www.viajamenorca.com\/it\/cosa-fare-a-minorca\/dove-mangiare\/\"><strong>ristoranti<\/strong><\/a>. Inoltre, ti consigliamo di esplorare alcuni dei <a href=\"https:\/\/www.viajamenorca.com\/it\/cosa-fare-a-minorca\/fiere-e-mercati\/\"><strong>mercati e fiere locali<\/strong><\/a> mercati e fiere, dove potrai acquistare prodotti freschi e di qualit\u00e0. <\/span><\/p>\n<h2><span style=\"font-size: 18pt;\">Informazioni utili<\/span><\/h2>\n<p><span style=\"font-size: 12pt;\"><strong>Scopri<\/strong> le informazioni su <a href=\"https:\/\/viajamenorca.com\/guia-turistica\/el-tiempo-en-menorca\/\"><strong>il clima <\/strong><\/a>la <a href=\"https:\/\/viajamenorca.com\/guia-turistica\/reserva-de-biosfera\/\"><strong>riserva della biosfera <\/strong><\/a>il <a href=\"https:\/\/www.viajamenorca.com\/it\/guida-turistica\/trasporto\/\" rel=\"nofollow\"><strong>trasporto<\/strong><\/a>, <a href=\"https:\/\/www.viajamenorca.com\/it\/hotel-alloggi\/\"><strong>sistemazione<\/strong><\/a>, <strong><a href=\"https:\/\/www.viajamenorca.com\/it\/cosa-fare-a-minorca\/fiere-e-mercati\/calendario-delle-fiere\/\">fiere<\/a><\/strong>, <a href=\"https:\/\/www.viajamenorca.com\/it\/cosa-fare-a-minorca\/fiere-e-mercati\/calendario-dei-mercati-artigianali-e-agroalimentari\/\"><strong>mercati<\/strong><\/a>, <a href=\"https:\/\/www.viajamenorca.com\/it\/minorca-cosa-fare-a-minorca\/\"><strong>tempo libero<\/strong><\/a> e molto altro ancora. Ti consigliamo di consultare queste informazioni per pianificare il tuo soggiorno sull&#8217;isola con comodit\u00e0 e facilit\u00e0. <\/span><\/p>\n<p><span style=\"font-size: 12pt;\"><span style=\"line-height: 1.5;\"><span style=\"color: #339966;\"><strong>\u2714<\/strong><\/span> Include suggerimenti, consigli e raccomandazioni. <\/span><span style=\"line-height: 1.5;\"><span style=\"color: #339966;\"><strong>\u2714<\/strong><\/span> Contenuti costantemente aggiornati e rinnovati.<\/span><\/span><\/p>\n<h2><span style=\"font-size: 18pt;\">I social media<\/span><\/h2>\n<p><span style=\"font-size: 12pt;\"><strong>Unisciti al<\/strong> nostro gruppo Facebook: <a href=\"https:\/\/www.facebook.com\/groups\/menorca.isla.bonita\/\" target=\"_blank\" rel=\"nofollow noopener\"><strong>isla bonita<\/strong><\/a> per rimanere aggiornato su tutte le ultime novit\u00e0 dell&#8217;isola e condividere le tue esperienze con altri viaggiatori.<\/span><\/p>\n\n\n\n\n<hr \/>\n<h3><span style=\"color: #000000; font-size: 18pt;\"><a style=\"color: #000000;\" href=\"https:\/\/www.viajamenorca.com\/revista\/\" data-type=\"page\" data-id=\"8591\">Blog | Rivista di turismo<\/a><\/span><\/h3>\n\n\n\n<div class=\"gb-grid-wrapper gb-grid-wrapper-edc7b644 gb-query-loop-wrapper\">\n<div class=\"gb-grid-column gb-grid-column-98758c4c gb-query-loop-item post-69118 post type-post status-publish format-standard has-post-thumbnail hentry category-revista category-rivista category-descubrir-menorca category-programmi-e-guide tag-cosa-fare-a-giugno tag-giugno-a-minorca\"><div class=\"gb-container gb-container-98758c4c\">\n<figure class=\"gb-block-image gb-block-image-04ab8cc0\"><a href=\"https:\/\/www.viajamenorca.com\/it\/rivista\/cosa-fare-a-minorca-a-giugno\/\"><img decoding=\"async\" width=\"350\" height=\"231\" src=\"https:\/\/www.viajamenorca.com\/wp-content\/uploads\/2019\/04\/IMG_20220122_151531-350x231.jpg\" class=\"gb-image-04ab8cc0\" alt=\"\" srcset=\"https:\/\/www.viajamenorca.com\/wp-content\/uploads\/2019\/04\/IMG_20220122_151531-350x231.jpg 350w, https:\/\/www.viajamenorca.com\/wp-content\/uploads\/2019\/04\/IMG_20220122_151531-1024x677.jpg 1024w, https:\/\/www.viajamenorca.com\/wp-content\/uploads\/2019\/04\/IMG_20220122_151531-768x508.jpg 768w, https:\/\/www.viajamenorca.com\/wp-content\/uploads\/2019\/04\/IMG_20220122_151531-1536x1015.jpg 1536w, https:\/\/www.viajamenorca.com\/wp-content\/uploads\/2019\/04\/IMG_20220122_151531-2048x1354.jpg 2048w\" sizes=\"(max-width: 350px) 100vw, 350px\" \/><\/a><\/figure>\n\n<h3 class=\"gb-headline gb-headline-a0012ba2 gb-headline-text\"><a href=\"https:\/\/www.viajamenorca.com\/it\/rivista\/cosa-fare-a-minorca-a-giugno\/\">Cosa fare a giugno a Minorca<\/a><\/h3>\n<\/div><\/div>\n\n<div class=\"gb-grid-column gb-grid-column-98758c4c gb-query-loop-item post-52682 post type-post status-publish format-standard has-post-thumbnail hentry category-rivista category-spiagge-e-calette\"><div class=\"gb-container gb-container-98758c4c\">\n<figure class=\"gb-block-image gb-block-image-04ab8cc0\"><a href=\"https:\/\/www.viajamenorca.com\/it\/guida-turistica\/spiagge-e-calette\/spiagge-per-nudisti\/\"><img decoding=\"async\" width=\"300\" height=\"125\" src=\"https:\/\/www.viajamenorca.com\/wp-content\/uploads\/2019\/02\/20180507_154122-300x125.jpg\" class=\"gb-image-04ab8cc0\" alt=\"Cala Macarella\" srcset=\"https:\/\/www.viajamenorca.com\/wp-content\/uploads\/2019\/02\/20180507_154122-300x125.jpg 300w, https:\/\/www.viajamenorca.com\/wp-content\/uploads\/2019\/02\/20180507_154122-1024x428.jpg 1024w, https:\/\/www.viajamenorca.com\/wp-content\/uploads\/2019\/02\/20180507_154122-768x321.jpg 768w, https:\/\/www.viajamenorca.com\/wp-content\/uploads\/2019\/02\/20180507_154122-1536x642.jpg 1536w, https:\/\/www.viajamenorca.com\/wp-content\/uploads\/2019\/02\/20180507_154122-2048x855.jpg 2048w, https:\/\/www.viajamenorca.com\/wp-content\/uploads\/2019\/02\/20180507_154122-110x46.jpg 110w, https:\/\/www.viajamenorca.com\/wp-content\/uploads\/2019\/02\/20180507_154122-420x175.jpg 420w, https:\/\/www.viajamenorca.com\/wp-content\/uploads\/2019\/02\/20180507_154122-770x322.jpg 770w\" sizes=\"(max-width: 300px) 100vw, 300px\" \/><\/a><\/figure>\n\n<h3 class=\"gb-headline gb-headline-a0012ba2 gb-headline-text\"><a href=\"https:\/\/www.viajamenorca.com\/it\/guida-turistica\/spiagge-e-calette\/spiagge-per-nudisti\/\">Spiagge per nudisti<\/a><\/h3>\n<\/div><\/div>\n\n<div class=\"gb-grid-column gb-grid-column-98758c4c gb-query-loop-item post-69122 post type-post status-publish format-standard has-post-thumbnail hentry category-revista category-rivista category-descubrir-menorca category-programmi-e-guide tag-minorca-a-settembre tag-viaggiare-a-settembre\"><div class=\"gb-container gb-container-98758c4c\">\n<figure class=\"gb-block-image gb-block-image-04ab8cc0\"><a href=\"https:\/\/www.viajamenorca.com\/it\/rivista\/minorca-a-settembre\/\"><img decoding=\"async\" width=\"263\" height=\"350\" src=\"https:\/\/www.viajamenorca.com\/wp-content\/uploads\/2019\/01\/20210319_104951-263x350.jpg\" class=\"gb-image-04ab8cc0\" alt=\"\" srcset=\"https:\/\/www.viajamenorca.com\/wp-content\/uploads\/2019\/01\/20210319_104951-263x350.jpg 263w, https:\/\/www.viajamenorca.com\/wp-content\/uploads\/2019\/01\/20210319_104951-768x1024.jpg 768w, https:\/\/www.viajamenorca.com\/wp-content\/uploads\/2019\/01\/20210319_104951-1152x1536.jpg 1152w, https:\/\/www.viajamenorca.com\/wp-content\/uploads\/2019\/01\/20210319_104951-1536x2048.jpg 1536w, https:\/\/www.viajamenorca.com\/wp-content\/uploads\/2019\/01\/20210319_104951-scaled.jpg 1920w\" sizes=\"(max-width: 263px) 100vw, 263px\" \/><\/a><\/figure>\n\n<h3 class=\"gb-headline gb-headline-a0012ba2 gb-headline-text\"><a href=\"https:\/\/www.viajamenorca.com\/it\/rivista\/minorca-a-settembre\/\">Minorca a settembre<\/a><\/h3>\n<\/div><\/div>\n<\/div>\n\n\n","protected":false},"excerpt":{"rendered":"<p>Home \/ Presentazione Sia che tu abbia intenzione di visitare l&#8217;isola, sia che tu ci viva gi\u00e0, non puoi perderti la nostra Guida turistica di Minorca 2026. Questa guida completa &#8230; <\/p>\n<p class=\"read-more-container\"><a title=\"Home &#8211; presentazione\" class=\"read-more button\" href=\"https:\/\/www.viajamenorca.com\/it\/#more-52848\" aria-label=\"Per saperne di pi\u00f9 su Home &#8211; presentazione\">Leggi tutto<\/a><\/p>\n","protected":false},"author":1,"featured_media":52863,"parent":0,"menu_order":0,"comment_status":"closed","ping_status":"closed","template":"","meta":{"_acf_changed":false,"footnotes":""},"class_list":{"0":"post-52848","1":"page","2":"type-page","3":"status-publish","4":"has-post-thumbnail","6":"resize-featured-image"},"acf":[],"yoast_head":"<!-- This site is optimized with the Yoast SEO plugin v27.6 - https:\/\/yoast.com\/product\/yoast-seo-wordpress\/ -->\n<title>Minorca, Isole Baleari - Guida Turistica 2026 - Viaja a Menorca<\/title>\n<meta name=\"description\" content=\"Viaja a Menorca \u00e8 una guida locale dove troverai tutto ci\u00f2 che ti serve per goderti l&#039;isola. I posti migliori, consigli e raccomandazioni.\" \/>\n<meta name=\"robots\" content=\"index, follow, max-snippet:-1, max-image-preview:large, max-video-preview:-1\" \/>\n<link rel=\"canonical\" href=\"https:\/\/www.viajamenorca.com\/it\/\" \/>\n<meta property=\"og:locale\" content=\"it_IT\" \/>\n<meta property=\"og:type\" content=\"article\" \/>\n<meta property=\"og:title\" content=\"Minorca, Isole Baleari - Guida Turistica 2026 - Viaja a Menorca\" \/>\n<meta property=\"og:description\" content=\"Che tu stia visitando l&#039;isola o che ci viva, non perdere la nostra guida con i migliori luoghi, consigli e raccomandazioni per scoprirla a fondo.\" \/>\n<meta property=\"og:url\" content=\"https:\/\/www.viajamenorca.com\/it\/\" \/>\n<meta property=\"og:site_name\" content=\"Viaja a Menorca\" \/>\n<meta property=\"article:publisher\" content=\"https:\/\/www.facebook.com\/ViajaMenorca\/\" \/>\n<meta property=\"article:modified_time\" content=\"2026-02-27T13:26:01+00:00\" \/>\n<meta property=\"og:image\" content=\"https:\/\/viajamenorca.com\/wp-content\/uploads\/2019\/04\/viajamenorca-e1582577107116.jpg\" \/>\n<meta name=\"twitter:card\" content=\"summary_large_image\" \/>\n<meta name=\"twitter:description\" content=\"Che tu stia visitando l&#039;isola o che ci viva, non perdere la nostra guida con i migliori luoghi, consigli e raccomandazioni per scoprirla a fondo.\" \/>\n<meta name=\"twitter:image\" content=\"https:\/\/viajamenorca.com\/wp-content\/uploads\/2019\/04\/viajamenorca-e1582577107116.jpg\" \/>\n<meta name=\"twitter:site\" content=\"@ViajaMenorca\" \/>\n<meta name=\"twitter:label1\" content=\"Tempo di lettura stimato\" \/>\n\t<meta name=\"twitter:data1\" content=\"3 minuto\" \/>\n<script type=\"application\/ld+json\" class=\"yoast-schema-graph\">{\"@context\":\"https:\\\/\\\/schema.org\",\"@graph\":[{\"@type\":\"WebPage\",\"@id\":\"https:\\\/\\\/www.viajamenorca.com\\\/it\\\/\",\"url\":\"https:\\\/\\\/www.viajamenorca.com\\\/it\\\/\",\"name\":\"Minorca, Isole Baleari - Guida Turistica 2026 - Viaja a Menorca\",\"isPartOf\":{\"@id\":\"https:\\\/\\\/www.viajamenorca.com\\\/it\\\/#website\"},\"primaryImageOfPage\":{\"@id\":\"https:\\\/\\\/www.viajamenorca.com\\\/it\\\/#primaryimage\"},\"image\":{\"@id\":\"https:\\\/\\\/www.viajamenorca.com\\\/it\\\/#primaryimage\"},\"thumbnailUrl\":\"https:\\\/\\\/www.viajamenorca.com\\\/wp-content\\\/uploads\\\/2025\\\/02\\\/imagen_menorca.jpg\",\"datePublished\":\"2024-04-08T13:28:04+00:00\",\"dateModified\":\"2026-02-27T13:26:01+00:00\",\"description\":\"Viaja a Menorca \u00e8 una guida locale dove troverai tutto ci\u00f2 che ti serve per goderti l'isola. I posti migliori, consigli e raccomandazioni.\",\"inLanguage\":\"it-IT\",\"potentialAction\":[{\"@type\":\"ReadAction\",\"target\":[\"https:\\\/\\\/www.viajamenorca.com\\\/it\\\/\"]}]},{\"@type\":\"ImageObject\",\"inLanguage\":\"it-IT\",\"@id\":\"https:\\\/\\\/www.viajamenorca.com\\\/it\\\/#primaryimage\",\"url\":\"https:\\\/\\\/www.viajamenorca.com\\\/wp-content\\\/uploads\\\/2025\\\/02\\\/imagen_menorca.jpg\",\"contentUrl\":\"https:\\\/\\\/www.viajamenorca.com\\\/wp-content\\\/uploads\\\/2025\\\/02\\\/imagen_menorca.jpg\",\"width\":2080,\"height\":1600},{\"@type\":\"WebSite\",\"@id\":\"https:\\\/\\\/www.viajamenorca.com\\\/it\\\/#website\",\"url\":\"https:\\\/\\\/www.viajamenorca.com\\\/it\\\/\",\"name\":\"Viaja a Menorca\",\"description\":\"La tua avventura a Minorca inizia qui!\",\"publisher\":{\"@id\":\"https:\\\/\\\/www.viajamenorca.com\\\/it\\\/#organization\"},\"alternateName\":\"Gu\u00eda tur\u00edstica de Menorca\",\"potentialAction\":[{\"@type\":\"SearchAction\",\"target\":{\"@type\":\"EntryPoint\",\"urlTemplate\":\"https:\\\/\\\/www.viajamenorca.com\\\/it\\\/?s={search_term_string}\"},\"query-input\":{\"@type\":\"PropertyValueSpecification\",\"valueRequired\":true,\"valueName\":\"search_term_string\"}}],\"inLanguage\":\"it-IT\"},{\"@type\":\"Organization\",\"@id\":\"https:\\\/\\\/www.viajamenorca.com\\\/it\\\/#organization\",\"name\":\"Viaja a Menorca - Gu\u00eda tur\u00edstica\",\"alternateName\":\"Viaja a Menorca\",\"url\":\"https:\\\/\\\/www.viajamenorca.com\\\/it\\\/\",\"logo\":{\"@type\":\"ImageObject\",\"inLanguage\":\"it-IT\",\"@id\":\"https:\\\/\\\/www.viajamenorca.com\\\/it\\\/#\\\/schema\\\/logo\\\/image\\\/\",\"url\":\"https:\\\/\\\/www.viajamenorca.com\\\/wp-content\\\/uploads\\\/2021\\\/11\\\/viajamenorca.jpg\",\"contentUrl\":\"https:\\\/\\\/www.viajamenorca.com\\\/wp-content\\\/uploads\\\/2021\\\/11\\\/viajamenorca.jpg\",\"width\":714,\"height\":714,\"caption\":\"Viaja a Menorca - Gu\u00eda tur\u00edstica\"},\"image\":{\"@id\":\"https:\\\/\\\/www.viajamenorca.com\\\/it\\\/#\\\/schema\\\/logo\\\/image\\\/\"},\"sameAs\":[\"https:\\\/\\\/www.facebook.com\\\/ViajaMenorca\\\/\",\"https:\\\/\\\/x.com\\\/ViajaMenorca\",\"https:\\\/\\\/www.instagram.com\\\/viaja_menorca\\\/?hl=es\",\"https:\\\/\\\/www.youtube.com\\\/channel\\\/UCWtpR3jxp79HeZ8zZfHLhXw\"]}]}<\/script>\n<!-- \/ Yoast SEO plugin. -->","yoast_head_json":{"title":"Minorca, Isole Baleari - Guida Turistica 2026 - Viaja a Menorca","description":"Viaja a Menorca \u00e8 una guida locale dove troverai tutto ci\u00f2 che ti serve per goderti l'isola. I posti migliori, consigli e raccomandazioni.","robots":{"index":"index","follow":"follow","max-snippet":"max-snippet:-1","max-image-preview":"max-image-preview:large","max-video-preview":"max-video-preview:-1"},"canonical":"https:\/\/www.viajamenorca.com\/it\/","og_locale":"it_IT","og_type":"article","og_title":"Minorca, Isole Baleari - Guida Turistica 2026 - Viaja a Menorca","og_description":"Che tu stia visitando l'isola o che ci viva, non perdere la nostra guida con i migliori luoghi, consigli e raccomandazioni per scoprirla a fondo.","og_url":"https:\/\/www.viajamenorca.com\/it\/","og_site_name":"Viaja a Menorca","article_publisher":"https:\/\/www.facebook.com\/ViajaMenorca\/","article_modified_time":"2026-02-27T13:26:01+00:00","og_image":[{"url":"https:\/\/viajamenorca.com\/wp-content\/uploads\/2019\/04\/viajamenorca-e1582577107116.jpg","type":"","width":"","height":""}],"twitter_card":"summary_large_image","twitter_description":"Che tu stia visitando l'isola o che ci viva, non perdere la nostra guida con i migliori luoghi, consigli e raccomandazioni per scoprirla a fondo.","twitter_image":"https:\/\/viajamenorca.com\/wp-content\/uploads\/2019\/04\/viajamenorca-e1582577107116.jpg","twitter_site":"@ViajaMenorca","twitter_misc":{"Tempo di lettura stimato":"3 minuto"},"schema":{"@context":"https:\/\/schema.org","@graph":[{"@type":"WebPage","@id":"https:\/\/www.viajamenorca.com\/it\/","url":"https:\/\/www.viajamenorca.com\/it\/","name":"Minorca, Isole Baleari - Guida Turistica 2026 - Viaja a Menorca","isPartOf":{"@id":"https:\/\/www.viajamenorca.com\/it\/#website"},"primaryImageOfPage":{"@id":"https:\/\/www.viajamenorca.com\/it\/#primaryimage"},"image":{"@id":"https:\/\/www.viajamenorca.com\/it\/#primaryimage"},"thumbnailUrl":"https:\/\/www.viajamenorca.com\/wp-content\/uploads\/2025\/02\/imagen_menorca.jpg","datePublished":"2024-04-08T13:28:04+00:00","dateModified":"2026-02-27T13:26:01+00:00","description":"Viaja a Menorca \u00e8 una guida locale dove troverai tutto ci\u00f2 che ti serve per goderti l'isola. I posti migliori, consigli e raccomandazioni.","inLanguage":"it-IT","potentialAction":[{"@type":"ReadAction","target":["https:\/\/www.viajamenorca.com\/it\/"]}]},{"@type":"ImageObject","inLanguage":"it-IT","@id":"https:\/\/www.viajamenorca.com\/it\/#primaryimage","url":"https:\/\/www.viajamenorca.com\/wp-content\/uploads\/2025\/02\/imagen_menorca.jpg","contentUrl":"https:\/\/www.viajamenorca.com\/wp-content\/uploads\/2025\/02\/imagen_menorca.jpg","width":2080,"height":1600},{"@type":"WebSite","@id":"https:\/\/www.viajamenorca.com\/it\/#website","url":"https:\/\/www.viajamenorca.com\/it\/","name":"Viaja a Menorca","description":"La tua avventura a Minorca inizia qui!","publisher":{"@id":"https:\/\/www.viajamenorca.com\/it\/#organization"},"alternateName":"Gu\u00eda tur\u00edstica de Menorca","potentialAction":[{"@type":"SearchAction","target":{"@type":"EntryPoint","urlTemplate":"https:\/\/www.viajamenorca.com\/it\/?s={search_term_string}"},"query-input":{"@type":"PropertyValueSpecification","valueRequired":true,"valueName":"search_term_string"}}],"inLanguage":"it-IT"},{"@type":"Organization","@id":"https:\/\/www.viajamenorca.com\/it\/#organization","name":"Viaja a Menorca - Gu\u00eda tur\u00edstica","alternateName":"Viaja a Menorca","url":"https:\/\/www.viajamenorca.com\/it\/","logo":{"@type":"ImageObject","inLanguage":"it-IT","@id":"https:\/\/www.viajamenorca.com\/it\/#\/schema\/logo\/image\/","url":"https:\/\/www.viajamenorca.com\/wp-content\/uploads\/2021\/11\/viajamenorca.jpg","contentUrl":"https:\/\/www.viajamenorca.com\/wp-content\/uploads\/2021\/11\/viajamenorca.jpg","width":714,"height":714,"caption":"Viaja a Menorca - Gu\u00eda tur\u00edstica"},"image":{"@id":"https:\/\/www.viajamenorca.com\/it\/#\/schema\/logo\/image\/"},"sameAs":["https:\/\/www.facebook.com\/ViajaMenorca\/","https:\/\/x.com\/ViajaMenorca","https:\/\/www.instagram.com\/viaja_menorca\/?hl=es","https:\/\/www.youtube.com\/channel\/UCWtpR3jxp79HeZ8zZfHLhXw"]}]}},"_links":{"self":[{"href":"https:\/\/www.viajamenorca.com\/it\/wp-json\/wp\/v2\/pages\/52848","targetHints":{"allow":["GET"]}}],"collection":[{"href":"https:\/\/www.viajamenorca.com\/it\/wp-json\/wp\/v2\/pages"}],"about":[{"href":"https:\/\/www.viajamenorca.com\/it\/wp-json\/wp\/v2\/types\/page"}],"author":[{"embeddable":true,"href":"https:\/\/www.viajamenorca.com\/it\/wp-json\/wp\/v2\/users\/1"}],"replies":[{"embeddable":true,"href":"https:\/\/www.viajamenorca.com\/it\/wp-json\/wp\/v2\/comments?post=52848"}],"version-history":[{"count":3,"href":"https:\/\/www.viajamenorca.com\/it\/wp-json\/wp\/v2\/pages\/52848\/revisions"}],"predecessor-version":[{"id":61089,"href":"https:\/\/www.viajamenorca.com\/it\/wp-json\/wp\/v2\/pages\/52848\/revisions\/61089"}],"wp:featuredmedia":[{"embeddable":true,"href":"https:\/\/www.viajamenorca.com\/it\/wp-json\/wp\/v2\/media\/52863"}],"wp:attachment":[{"href":"https:\/\/www.viajamenorca.com\/it\/wp-json\/wp\/v2\/media?parent=52848"}],"curies":[{"name":"wp","href":"https:\/\/api.w.org\/{rel}","templated":true}]}}