{"id":53320,"date":"2018-11-01T21:00:48","date_gmt":"2018-11-01T21:00:48","guid":{"rendered":"https:\/\/www.viajamenorca.com\/trasporto\/"},"modified":"2026-04-01T00:48:48","modified_gmt":"2026-04-01T00:48:48","slug":"trasporto","status":"publish","type":"page","link":"https:\/\/www.viajamenorca.com\/it\/guida-turistica\/trasporto\/","title":{"rendered":"Trasporto"},"content":{"rendered":"\n<div style=\"height:10px\" aria-hidden=\"true\" class=\"wp-block-spacer\"><\/div>\n\n\n<h2><span style=\"font-size: 17pt;\">Guida ai trasporti e alla mobilit\u00e0<\/span><\/h2>\n<h3><span style=\"font-size: 14pt;\">Scopri Minorca senza preoccupazioni, con un&#8217;ampia variet\u00e0 di opzioni di trasporto per spostarti ed esplorare comodamente ogni angolo dell&#8217;isola.<\/span><\/h3>\n<h2><sub>Informazioni generali<\/sub><\/h2>\n<p>Le <strong><a href=\"https:\/\/www.viajamenorca.com\/guia-turistica\/transportes\/barcos-ferries\/\">porti<\/a> <\/strong>di <span style=\"font-size: 12pt;\"><a href=\"https:\/\/www.viajamenorca.com\/it\/guida-turistica\/villaggi\/mao-mahon\/\"><strong>Mah\u00f3n<\/strong><\/a> <\/span>y <span style=\"font-size: 12pt;\"><a href=\"https:\/\/www.viajamenorca.com\/it\/guida-turistica\/villaggi\/ciutadella-ciudadela\/\"><strong>Ciudadela<\/strong><\/a> <\/span>servono come punti di accesso chiave, ricevendo sia <a href=\"https:\/\/www.viajamenorca.com\/guia-turistica\/transportes\/barcos-ferries\/\"><strong>navi da crociera<\/strong> <\/a>e navi da carico, facilitando l&#8217;arrivo di passeggeri e merci.<\/p>\n<p>L&#8217;aeroporto di <span style=\"font-size: 12pt;\"><strong style=\"line-height: 1.5;\"><a href=\"https:\/\/viajamenorca.com\/guia-turistica\/transportes\/aeropuerto-de-menorca\/\">Minorca <\/a><\/strong><\/span>situato a Mah\u00f3n, \u00e8 la tua porta d&#8217;accesso al paradiso. Con voli nazionali e internazionali, offre un collegamento vitale con il resto del mondo.<\/p>\n<p>Per esplorare l&#8217;isola secondo i tuoi ritmi, puoi optare per un <a href=\"https:\/\/www.viajamenorca.com\/it\/guida-turistica\/trasporto\/taxi-tariffe-e-servizi\/\"><strong>taxi<\/strong><\/a>, <a href=\"https:\/\/www.viajamenorca.com\/it\/guida-turistica\/trasporto\/noleggio-auto\/\"><strong>noleggio auto<\/strong><\/a> y <a href=\"https:\/\/www.viajamenorca.com\/guia-turistica\/transportes\/traslados\/\"><strong>trasferimenti<\/strong><\/a>. I taxi offrono comodit\u00e0 e convenienza, mentre il noleggio auto ti d\u00e0 la libert\u00e0 di scoprire ogni angolo di questa meravigliosa isola. I trasferimenti sono un&#8217;altra opzione per spostarsi senza pensieri.<\/p>\n<p>Per chi preferisce il trasporto pubblico, c&#8217;\u00e8 una linea di autobus <span style=\"font-size: 12pt;\"><a style=\"line-height: 1.5;\" href=\"https:\/\/viajamenorca.com\/guia-turistica\/transportes\/autobuses\/\"><strong>autobus<\/strong><\/a> <\/span>che collega l&#8217;aeroporto con la stazione centrale di Mah\u00f3n, garantendo un accesso facile ed efficiente a tutte le citt\u00e0 e i villaggi. <span style=\"font-size: 12pt;\"><span style=\"line-height: 1.5;\"><strong><a href=\"https:\/\/www.viajamenorca.com\/it\/guida-turistica\/popolazioni\/\">citt\u00e0 e villaggi<\/a> <\/strong><\/span><\/span>dell&#8217;isola.<\/p>\n<h3><span style=\"font-size: 18pt;\">Esplora l&#8217;isola con facilit\u00e0<\/span><\/h3>\n\n\n<div class=\"gb-grid-wrapper gb-grid-wrapper-bedb5b0c gb-query-loop-wrapper\">\n<div class=\"gb-grid-column gb-grid-column-18bcf01a gb-query-loop-item post-55286 post type-post status-publish format-standard has-post-thumbnail hentry category-trasporto tag-aeropuerto-de-menorca tag-alquiler-de-coches-en-menorca tag-noleggio-auto tag-rent-a-car\"><div class=\"gb-container gb-container-18bcf01a\">\n<figure class=\"gb-block-image gb-block-image-0317d7c1\"><a href=\"https:\/\/www.viajamenorca.com\/it\/guida-turistica\/trasporto\/noleggio-auto\/\"><img decoding=\"async\" width=\"1200\" height=\"324\" src=\"https:\/\/www.viajamenorca.com\/wp-content\/uploads\/2017\/01\/alquilercoches.jpg\" class=\"gb-image-0317d7c1\" alt=\"\" srcset=\"https:\/\/www.viajamenorca.com\/wp-content\/uploads\/2017\/01\/alquilercoches.jpg 1200w, https:\/\/www.viajamenorca.com\/wp-content\/uploads\/2017\/01\/alquilercoches-300x81.jpg 300w, https:\/\/www.viajamenorca.com\/wp-content\/uploads\/2017\/01\/alquilercoches-768x207.jpg 768w, https:\/\/www.viajamenorca.com\/wp-content\/uploads\/2017\/01\/alquilercoches-1024x276.jpg 1024w, https:\/\/www.viajamenorca.com\/wp-content\/uploads\/2017\/01\/alquilercoches-110x30.jpg 110w, https:\/\/www.viajamenorca.com\/wp-content\/uploads\/2017\/01\/alquilercoches-420x113.jpg 420w, https:\/\/www.viajamenorca.com\/wp-content\/uploads\/2017\/01\/alquilercoches-770x208.jpg 770w\" sizes=\"(max-width: 1200px) 100vw, 1200px\" \/><\/a><\/figure>\n\n<h2 class=\"gb-headline gb-headline-73af1d53 gb-headline-text\"><a href=\"https:\/\/www.viajamenorca.com\/it\/guida-turistica\/trasporto\/noleggio-auto\/\">Noleggio auto<\/a><\/h2>\n\n<div class=\"gb-headline gb-headline-1d8b1fe4 gb-headline-text\">Uno dei modi migliori per esplorare l&#8217;isola \u00e8 noleggiare un&#8217;auto. In questo articolo, vi spieghiamo tutto quello che dovete sapere su come noleggiare un&#8217;auto a Minorca, inclusi consigli e raccomandazioni, &#8230;<\/div>\n\n<a class=\"gb-button gb-button-043d5fc6 gb-button-text\" href=\"https:\/\/www.viajamenorca.com\/it\/guida-turistica\/trasporto\/noleggio-auto\/\">LEGGI TUTTO&#8230;<\/a>\n<\/div><\/div>\n\n<div class=\"gb-grid-column gb-grid-column-18bcf01a gb-query-loop-item post-58570 post type-post status-publish format-standard has-post-thumbnail hentry category-trasporto tag-aeroporto-di-minorca tag-carte-dimbarco tag-check-in tag-low-cost tag-offerte-di-volo tag-voli-economici tag-voli-per-minorca\"><div class=\"gb-container gb-container-18bcf01a\">\n<figure class=\"gb-block-image gb-block-image-0317d7c1\"><a href=\"https:\/\/www.viajamenorca.com\/it\/guida-turistica\/trasporto\/voli\/\"><img decoding=\"async\" width=\"2016\" height=\"1152\" src=\"https:\/\/www.viajamenorca.com\/wp-content\/uploads\/2021\/05\/avion_volando.jpg\" class=\"gb-image-0317d7c1\" alt=\"\" srcset=\"https:\/\/www.viajamenorca.com\/wp-content\/uploads\/2021\/05\/avion_volando.jpg 2016w, https:\/\/www.viajamenorca.com\/wp-content\/uploads\/2021\/05\/avion_volando-350x200.jpg 350w, https:\/\/www.viajamenorca.com\/wp-content\/uploads\/2021\/05\/avion_volando-1024x585.jpg 1024w, https:\/\/www.viajamenorca.com\/wp-content\/uploads\/2021\/05\/avion_volando-768x439.jpg 768w, https:\/\/www.viajamenorca.com\/wp-content\/uploads\/2021\/05\/avion_volando-1536x878.jpg 1536w\" sizes=\"(max-width: 2016px) 100vw, 2016px\" \/><\/a><\/figure>\n\n<h2 class=\"gb-headline gb-headline-73af1d53 gb-headline-text\"><a href=\"https:\/\/www.viajamenorca.com\/it\/guida-turistica\/trasporto\/voli\/\">Voli<\/a><\/h2>\n\n<div class=\"gb-headline gb-headline-1d8b1fe4 gb-headline-text\">Guida completa per l&#8217;acquisto dei biglietti e la gestione dell&#8217;imbarco a Minorca Viaggiare a Minorca \u00e8 un&#8217;esperienza desiderata da molti. Tuttavia, la pianificazione del viaggio, inclusi l&#8217;acquisto dei biglietti aerei &#8230;<\/div>\n\n<a class=\"gb-button gb-button-043d5fc6 gb-button-text\" href=\"https:\/\/www.viajamenorca.com\/it\/guida-turistica\/trasporto\/voli\/\">LEGGI TUTTO&#8230;<\/a>\n<\/div><\/div>\n\n<div class=\"gb-grid-column gb-grid-column-18bcf01a gb-query-loop-item post-52784 post type-post status-publish format-standard has-post-thumbnail hentry category-trasporto tag-minorca tag-minorca-il-turismo-di-montagna tag-prezzi tag-servizi tag-tariffe tag-taxi-cittadella tag-taxi-mahon tag-taxi-mercadal\"><div class=\"gb-container gb-container-18bcf01a\">\n<figure class=\"gb-block-image gb-block-image-0317d7c1\"><a href=\"https:\/\/www.viajamenorca.com\/it\/guida-turistica\/trasporto\/taxi-tariffe-e-servizi\/\"><img decoding=\"async\" width=\"2560\" height=\"1325\" src=\"https:\/\/www.viajamenorca.com\/wp-content\/uploads\/2019\/03\/IMG_20230805_130740-scaled.jpg\" class=\"gb-image-0317d7c1\" alt=\"\" srcset=\"https:\/\/www.viajamenorca.com\/wp-content\/uploads\/2019\/03\/IMG_20230805_130740-scaled.jpg 2560w, https:\/\/www.viajamenorca.com\/wp-content\/uploads\/2019\/03\/IMG_20230805_130740-350x181.jpg 350w, https:\/\/www.viajamenorca.com\/wp-content\/uploads\/2019\/03\/IMG_20230805_130740-1024x530.jpg 1024w, https:\/\/www.viajamenorca.com\/wp-content\/uploads\/2019\/03\/IMG_20230805_130740-768x397.jpg 768w, https:\/\/www.viajamenorca.com\/wp-content\/uploads\/2019\/03\/IMG_20230805_130740-1536x795.jpg 1536w, https:\/\/www.viajamenorca.com\/wp-content\/uploads\/2019\/03\/IMG_20230805_130740-2048x1060.jpg 2048w\" sizes=\"(max-width: 2560px) 100vw, 2560px\" \/><\/a><\/figure>\n\n<h2 class=\"gb-headline gb-headline-73af1d53 gb-headline-text\"><a href=\"https:\/\/www.viajamenorca.com\/it\/guida-turistica\/trasporto\/taxi-tariffe-e-servizi\/\">Taxi: tariffe e servizi<\/a><\/h2>\n\n<div class=\"gb-headline gb-headline-1d8b1fe4 gb-headline-text\">Per i turisti e i visitatori che desiderano esplorare questa splendida isola, il servizio taxi \u00e8 l&#8217;opzione ideale per spostarsi. In questo articolo esploreremo il servizio di taxi a Minorca &#8230;<\/div>\n\n<a class=\"gb-button gb-button-043d5fc6 gb-button-text\" href=\"https:\/\/www.viajamenorca.com\/it\/guida-turistica\/trasporto\/taxi-tariffe-e-servizi\/\">LEGGI TUTTO&#8230;<\/a>\n<\/div><\/div>\n<\/div>\n\n\n\n<hr class=\"wp-block-separator has-alpha-channel-opacity\"\/>\n\n\n<h1 class=\"wp-block-post-title\">Trasporto<\/h1>\n\n\n","protected":false},"excerpt":{"rendered":"<p>Guida ai trasporti e alla mobilit\u00e0 Scopri Minorca senza preoccupazioni, con un&#8217;ampia variet\u00e0 di opzioni di trasporto per spostarti ed esplorare comodamente ogni angolo dell&#8217;isola. Informazioni generali Le porti di &#8230; <\/p>\n<p class=\"read-more-container\"><a title=\"Trasporto\" class=\"read-more button\" href=\"https:\/\/www.viajamenorca.com\/it\/guida-turistica\/trasporto\/#more-53320\" aria-label=\"Per saperne di pi\u00f9 su Trasporto\">Leggi tutto<\/a><\/p>\n","protected":false},"author":1,"featured_media":64377,"parent":53370,"menu_order":0,"comment_status":"closed","ping_status":"closed","template":"","meta":{"_acf_changed":false,"footnotes":""},"class_list":{"0":"post-53320","1":"page","2":"type-page","3":"status-publish","4":"has-post-thumbnail","6":"resize-featured-image"},"acf":[],"yoast_head":"<!-- This site is optimized with the Yoast SEO plugin v27.4 - https:\/\/yoast.com\/product\/yoast-seo-wordpress\/ -->\n<title>Guida ai trasporti - Viaja a Menorca<\/title>\n<meta name=\"description\" content=\"Guida ai trasporti a Minorca, taxi, autobus, barche, voli... Noleggia un&#039;auto a Minorca, gestisci la tua prenotazione online.\" \/>\n<meta name=\"robots\" content=\"index, follow, max-snippet:-1, max-image-preview:large, max-video-preview:-1\" \/>\n<link rel=\"canonical\" href=\"https:\/\/www.viajamenorca.com\/it\/guida-turistica\/trasporto\/\" \/>\n<meta property=\"og:locale\" content=\"it_IT\" \/>\n<meta property=\"og:type\" content=\"article\" \/>\n<meta property=\"og:title\" content=\"Guida ai trasporti - Viaja a Menorca\" \/>\n<meta property=\"og:description\" content=\"Guida ai trasporti a Minorca, taxi, autobus, barche, voli... Noleggia un&#039;auto a Minorca, gestisci la tua prenotazione online.\" \/>\n<meta property=\"og:url\" content=\"https:\/\/www.viajamenorca.com\/it\/guida-turistica\/trasporto\/\" \/>\n<meta property=\"og:site_name\" content=\"Viaja a Menorca\" \/>\n<meta property=\"article:publisher\" content=\"https:\/\/www.facebook.com\/ViajaMenorca\/\" \/>\n<meta property=\"article:modified_time\" content=\"2026-04-01T00:48:48+00:00\" \/>\n<meta property=\"og:image\" content=\"https:\/\/www.viajamenorca.com\/wp-content\/uploads\/2018\/11\/woman-410320_1280.jpg\" \/>\n\t<meta property=\"og:image:width\" content=\"1280\" \/>\n\t<meta property=\"og:image:height\" content=\"853\" \/>\n\t<meta property=\"og:image:type\" content=\"image\/jpeg\" \/>\n<meta name=\"twitter:card\" content=\"summary_large_image\" \/>\n<meta name=\"twitter:site\" content=\"@ViajaMenorca\" \/>\n<meta name=\"twitter:label1\" content=\"Tempo di lettura stimato\" \/>\n\t<meta name=\"twitter:data1\" content=\"1 minuto\" \/>\n<script type=\"application\/ld+json\" class=\"yoast-schema-graph\">{\"@context\":\"https:\\\/\\\/schema.org\",\"@graph\":[{\"@type\":\"WebPage\",\"@id\":\"https:\\\/\\\/www.viajamenorca.com\\\/it\\\/guida-turistica\\\/trasporto\\\/\",\"url\":\"https:\\\/\\\/www.viajamenorca.com\\\/it\\\/guida-turistica\\\/trasporto\\\/\",\"name\":\"Guida ai trasporti - Viaja a Menorca\",\"isPartOf\":{\"@id\":\"https:\\\/\\\/www.viajamenorca.com\\\/it\\\/#website\"},\"primaryImageOfPage\":{\"@id\":\"https:\\\/\\\/www.viajamenorca.com\\\/it\\\/guida-turistica\\\/trasporto\\\/#primaryimage\"},\"image\":{\"@id\":\"https:\\\/\\\/www.viajamenorca.com\\\/it\\\/guida-turistica\\\/trasporto\\\/#primaryimage\"},\"thumbnailUrl\":\"https:\\\/\\\/www.viajamenorca.com\\\/wp-content\\\/uploads\\\/2018\\\/11\\\/woman-410320_1280.jpg\",\"datePublished\":\"2018-11-01T21:00:48+00:00\",\"dateModified\":\"2026-04-01T00:48:48+00:00\",\"description\":\"Guida ai trasporti a Minorca, taxi, autobus, barche, voli... Noleggia un'auto a Minorca, gestisci la tua prenotazione online.\",\"breadcrumb\":{\"@id\":\"https:\\\/\\\/www.viajamenorca.com\\\/it\\\/guida-turistica\\\/trasporto\\\/#breadcrumb\"},\"inLanguage\":\"it-IT\",\"potentialAction\":[{\"@type\":\"ReadAction\",\"target\":[\"https:\\\/\\\/www.viajamenorca.com\\\/it\\\/guida-turistica\\\/trasporto\\\/\"]}]},{\"@type\":\"ImageObject\",\"inLanguage\":\"it-IT\",\"@id\":\"https:\\\/\\\/www.viajamenorca.com\\\/it\\\/guida-turistica\\\/trasporto\\\/#primaryimage\",\"url\":\"https:\\\/\\\/www.viajamenorca.com\\\/wp-content\\\/uploads\\\/2018\\\/11\\\/woman-410320_1280.jpg\",\"contentUrl\":\"https:\\\/\\\/www.viajamenorca.com\\\/wp-content\\\/uploads\\\/2018\\\/11\\\/woman-410320_1280.jpg\",\"width\":1280,\"height\":853},{\"@type\":\"BreadcrumbList\",\"@id\":\"https:\\\/\\\/www.viajamenorca.com\\\/it\\\/guida-turistica\\\/trasporto\\\/#breadcrumb\",\"itemListElement\":[{\"@type\":\"ListItem\",\"position\":1,\"name\":\"Minorca Guida Turistica 2026\",\"item\":\"https:\\\/\\\/www.viajamenorca.com\\\/it\\\/guida-turistica\\\/\"},{\"@type\":\"ListItem\",\"position\":2,\"name\":\"Trasporto\"}]},{\"@type\":\"WebSite\",\"@id\":\"https:\\\/\\\/www.viajamenorca.com\\\/it\\\/#website\",\"url\":\"https:\\\/\\\/www.viajamenorca.com\\\/it\\\/\",\"name\":\"Viaja a Menorca\",\"description\":\"La tua avventura a Minorca inizia qui!\",\"publisher\":{\"@id\":\"https:\\\/\\\/www.viajamenorca.com\\\/it\\\/#organization\"},\"alternateName\":\"Gu\u00eda tur\u00edstica de Menorca\",\"potentialAction\":[{\"@type\":\"SearchAction\",\"target\":{\"@type\":\"EntryPoint\",\"urlTemplate\":\"https:\\\/\\\/www.viajamenorca.com\\\/it\\\/?s={search_term_string}\"},\"query-input\":{\"@type\":\"PropertyValueSpecification\",\"valueRequired\":true,\"valueName\":\"search_term_string\"}}],\"inLanguage\":\"it-IT\"},{\"@type\":\"Organization\",\"@id\":\"https:\\\/\\\/www.viajamenorca.com\\\/it\\\/#organization\",\"name\":\"Viaja a Menorca - Gu\u00eda tur\u00edstica\",\"alternateName\":\"Viaja a Menorca\",\"url\":\"https:\\\/\\\/www.viajamenorca.com\\\/it\\\/\",\"logo\":{\"@type\":\"ImageObject\",\"inLanguage\":\"it-IT\",\"@id\":\"https:\\\/\\\/www.viajamenorca.com\\\/it\\\/#\\\/schema\\\/logo\\\/image\\\/\",\"url\":\"https:\\\/\\\/www.viajamenorca.com\\\/wp-content\\\/uploads\\\/2021\\\/11\\\/viajamenorca.jpg\",\"contentUrl\":\"https:\\\/\\\/www.viajamenorca.com\\\/wp-content\\\/uploads\\\/2021\\\/11\\\/viajamenorca.jpg\",\"width\":714,\"height\":714,\"caption\":\"Viaja a Menorca - Gu\u00eda tur\u00edstica\"},\"image\":{\"@id\":\"https:\\\/\\\/www.viajamenorca.com\\\/it\\\/#\\\/schema\\\/logo\\\/image\\\/\"},\"sameAs\":[\"https:\\\/\\\/www.facebook.com\\\/ViajaMenorca\\\/\",\"https:\\\/\\\/x.com\\\/ViajaMenorca\",\"https:\\\/\\\/www.instagram.com\\\/viaja_menorca\\\/?hl=es\",\"https:\\\/\\\/www.youtube.com\\\/channel\\\/UCWtpR3jxp79HeZ8zZfHLhXw\"]}]}<\/script>\n<!-- \/ Yoast SEO plugin. -->","yoast_head_json":{"title":"Guida ai trasporti - Viaja a Menorca","description":"Guida ai trasporti a Minorca, taxi, autobus, barche, voli... Noleggia un'auto a Minorca, gestisci la tua prenotazione online.","robots":{"index":"index","follow":"follow","max-snippet":"max-snippet:-1","max-image-preview":"max-image-preview:large","max-video-preview":"max-video-preview:-1"},"canonical":"https:\/\/www.viajamenorca.com\/it\/guida-turistica\/trasporto\/","og_locale":"it_IT","og_type":"article","og_title":"Guida ai trasporti - Viaja a Menorca","og_description":"Guida ai trasporti a Minorca, taxi, autobus, barche, voli... Noleggia un'auto a Minorca, gestisci la tua prenotazione online.","og_url":"https:\/\/www.viajamenorca.com\/it\/guida-turistica\/trasporto\/","og_site_name":"Viaja a Menorca","article_publisher":"https:\/\/www.facebook.com\/ViajaMenorca\/","article_modified_time":"2026-04-01T00:48:48+00:00","og_image":[{"width":1280,"height":853,"url":"https:\/\/www.viajamenorca.com\/wp-content\/uploads\/2018\/11\/woman-410320_1280.jpg","type":"image\/jpeg"}],"twitter_card":"summary_large_image","twitter_site":"@ViajaMenorca","twitter_misc":{"Tempo di lettura stimato":"1 minuto"},"schema":{"@context":"https:\/\/schema.org","@graph":[{"@type":"WebPage","@id":"https:\/\/www.viajamenorca.com\/it\/guida-turistica\/trasporto\/","url":"https:\/\/www.viajamenorca.com\/it\/guida-turistica\/trasporto\/","name":"Guida ai trasporti - Viaja a Menorca","isPartOf":{"@id":"https:\/\/www.viajamenorca.com\/it\/#website"},"primaryImageOfPage":{"@id":"https:\/\/www.viajamenorca.com\/it\/guida-turistica\/trasporto\/#primaryimage"},"image":{"@id":"https:\/\/www.viajamenorca.com\/it\/guida-turistica\/trasporto\/#primaryimage"},"thumbnailUrl":"https:\/\/www.viajamenorca.com\/wp-content\/uploads\/2018\/11\/woman-410320_1280.jpg","datePublished":"2018-11-01T21:00:48+00:00","dateModified":"2026-04-01T00:48:48+00:00","description":"Guida ai trasporti a Minorca, taxi, autobus, barche, voli... Noleggia un'auto a Minorca, gestisci la tua prenotazione online.","breadcrumb":{"@id":"https:\/\/www.viajamenorca.com\/it\/guida-turistica\/trasporto\/#breadcrumb"},"inLanguage":"it-IT","potentialAction":[{"@type":"ReadAction","target":["https:\/\/www.viajamenorca.com\/it\/guida-turistica\/trasporto\/"]}]},{"@type":"ImageObject","inLanguage":"it-IT","@id":"https:\/\/www.viajamenorca.com\/it\/guida-turistica\/trasporto\/#primaryimage","url":"https:\/\/www.viajamenorca.com\/wp-content\/uploads\/2018\/11\/woman-410320_1280.jpg","contentUrl":"https:\/\/www.viajamenorca.com\/wp-content\/uploads\/2018\/11\/woman-410320_1280.jpg","width":1280,"height":853},{"@type":"BreadcrumbList","@id":"https:\/\/www.viajamenorca.com\/it\/guida-turistica\/trasporto\/#breadcrumb","itemListElement":[{"@type":"ListItem","position":1,"name":"Minorca Guida Turistica 2026","item":"https:\/\/www.viajamenorca.com\/it\/guida-turistica\/"},{"@type":"ListItem","position":2,"name":"Trasporto"}]},{"@type":"WebSite","@id":"https:\/\/www.viajamenorca.com\/it\/#website","url":"https:\/\/www.viajamenorca.com\/it\/","name":"Viaja a Menorca","description":"La tua avventura a Minorca inizia qui!","publisher":{"@id":"https:\/\/www.viajamenorca.com\/it\/#organization"},"alternateName":"Gu\u00eda tur\u00edstica de Menorca","potentialAction":[{"@type":"SearchAction","target":{"@type":"EntryPoint","urlTemplate":"https:\/\/www.viajamenorca.com\/it\/?s={search_term_string}"},"query-input":{"@type":"PropertyValueSpecification","valueRequired":true,"valueName":"search_term_string"}}],"inLanguage":"it-IT"},{"@type":"Organization","@id":"https:\/\/www.viajamenorca.com\/it\/#organization","name":"Viaja a Menorca - Gu\u00eda tur\u00edstica","alternateName":"Viaja a Menorca","url":"https:\/\/www.viajamenorca.com\/it\/","logo":{"@type":"ImageObject","inLanguage":"it-IT","@id":"https:\/\/www.viajamenorca.com\/it\/#\/schema\/logo\/image\/","url":"https:\/\/www.viajamenorca.com\/wp-content\/uploads\/2021\/11\/viajamenorca.jpg","contentUrl":"https:\/\/www.viajamenorca.com\/wp-content\/uploads\/2021\/11\/viajamenorca.jpg","width":714,"height":714,"caption":"Viaja a Menorca - Gu\u00eda tur\u00edstica"},"image":{"@id":"https:\/\/www.viajamenorca.com\/it\/#\/schema\/logo\/image\/"},"sameAs":["https:\/\/www.facebook.com\/ViajaMenorca\/","https:\/\/x.com\/ViajaMenorca","https:\/\/www.instagram.com\/viaja_menorca\/?hl=es","https:\/\/www.youtube.com\/channel\/UCWtpR3jxp79HeZ8zZfHLhXw"]}]}},"_links":{"self":[{"href":"https:\/\/www.viajamenorca.com\/it\/wp-json\/wp\/v2\/pages\/53320","targetHints":{"allow":["GET"]}}],"collection":[{"href":"https:\/\/www.viajamenorca.com\/it\/wp-json\/wp\/v2\/pages"}],"about":[{"href":"https:\/\/www.viajamenorca.com\/it\/wp-json\/wp\/v2\/types\/page"}],"author":[{"embeddable":true,"href":"https:\/\/www.viajamenorca.com\/it\/wp-json\/wp\/v2\/users\/1"}],"replies":[{"embeddable":true,"href":"https:\/\/www.viajamenorca.com\/it\/wp-json\/wp\/v2\/comments?post=53320"}],"version-history":[{"count":4,"href":"https:\/\/www.viajamenorca.com\/it\/wp-json\/wp\/v2\/pages\/53320\/revisions"}],"predecessor-version":[{"id":61103,"href":"https:\/\/www.viajamenorca.com\/it\/wp-json\/wp\/v2\/pages\/53320\/revisions\/61103"}],"up":[{"embeddable":true,"href":"https:\/\/www.viajamenorca.com\/it\/wp-json\/wp\/v2\/pages\/53370"}],"wp:featuredmedia":[{"embeddable":true,"href":"https:\/\/www.viajamenorca.com\/it\/wp-json\/wp\/v2\/media\/64377"}],"wp:attachment":[{"href":"https:\/\/www.viajamenorca.com\/it\/wp-json\/wp\/v2\/media?parent=53320"}],"curies":[{"name":"wp","href":"https:\/\/api.w.org\/{rel}","templated":true}]}}