{"id":54537,"date":"2017-01-18T00:48:50","date_gmt":"2017-01-18T00:48:50","guid":{"rendered":"https:\/\/www.viajamenorca.com\/maggiori-informazioni-sui-cookie\/"},"modified":"2026-02-28T02:33:38","modified_gmt":"2026-02-28T02:33:38","slug":"maggiori-informazioni-sui-cookie","status":"publish","type":"page","link":"https:\/\/www.viajamenorca.com\/it\/contatti\/avviso-legale\/politica-sui-cookie\/maggiori-informazioni-sui-cookie\/","title":{"rendered":"Maggiori informazioni sui cookie"},"content":{"rendered":"<h2>Che cos&#8217;\u00e8 un cookie?<\/h2>\n<p>Un cookie \u00e8 un file di testo innocuo che viene memorizzato nel browser quando si visita quasi tutte le pagine web. L&#8217;utilit\u00e0 del cookie \u00e8 che il sito web \u00e8 in grado di ricordare la visita quando si torna a navigare su quella pagina. Anche se molti non lo sanno, i cookie vengono utilizzati da 20 anni, da quando sono apparsi i primi browser per il World Wide Web.<\/p>\n<h2>Cosa NON \u00e8 un cookie?<\/h2>\n<p>Non \u00e8 un virus, n\u00e9 un trojan, n\u00e9 un worm, n\u00e9 spam, n\u00e9 spyware, n\u00e9 apre finestre pop-up.<\/p>\n<h2>Quali informazioni memorizza un cookie?<\/h2>\n<p>I cookie non memorizzano solitamente informazioni sensibili sull&#8217;utente, quali dati relativi a carte di credito o conti bancari, fotografie, carta d&#8217;identit\u00e0 o informazioni personali, ecc. I dati memorizzati sono di natura tecnica, riguardano preferenze personali, personalizzazione dei contenuti, ecc.<\/p>\n<p>Il server web non associa te come persona, ma il tuo browser web. Infatti, se navighi abitualmente con Internet Explorer e provi a navigare sullo stesso sito web con Firefox o Chrome, vedrai che il sito web non si accorge che sei la stessa persona perch\u00e9 in realt\u00e0 associa il browser, non la persona.<\/p>\n<h2>Quali tipi di cookie esistono?<\/h2>\n<ul>\n<li>Cookie tecnici: sono i pi\u00f9 elementari e consentono, tra le altre cose, di sapere quando sta navigando un essere umano o un&#8217;applicazione automatizzata, quando naviga un utente anonimo e uno registrato, compiti fondamentali per il funzionamento di qualsiasi sito web dinamico.<\/li>\n<li>Cookie di analisi: raccolgono informazioni sul tipo di navigazione che stai effettuando, le sezioni che utilizzi maggiormente, i prodotti consultati, la fascia oraria di utilizzo, la lingua, ecc.<\/li>\n<li>Cookie pubblicitari: mostrano pubblicit\u00e0 in base alla navigazione dell&#8217;utente, al suo paese di provenienza, alla lingua, ecc.<\/li>\n<\/ul>\n<h2>Cosa sono i cookie propri e quelli di terze parti?<\/h2>\n<p>I cookie propri sono quelli generati dalla pagina che stai visitando, mentre quelli di terze parti sono quelli generati da servizi o fornitori esterni come Facebook, Twitter, Google, ecc.<\/p>\n<h2><em>Cosa succede se disattivo i cookie?<\/em><\/h2>\n<p>Per comprendere la portata che pu\u00f2 avere la disattivazione dei cookie, vi mostriamo alcuni esempi:<\/p>\n<ul>\n<li>Non sar\u00e0 possibile condividere i contenuti di tale sito web su Facebook, Twitter o qualsiasi altro social network.<\/li>\n<li>Il sito web non sar\u00e0 in grado di adattare i contenuti alle tue preferenze personali, come spesso accade nei negozi online.<\/li>\n<li>Non potr\u00e0 accedere all&#8217;area personale di tale sito web, come ad esempio Il mio account, Il mio profilo o I miei ordini.<\/li>\n<li>Negozi online: non sar\u00e0 possibile effettuare acquisti online, ma solo per telefono o recandosi fisicamente in negozio, se disponibile.<\/li>\n<li>Non sar\u00e0 possibile personalizzare le preferenze geografiche quali fuso orario, valuta o lingua.<\/li>\n<li>Il sito web non potr\u00e0 effettuare analisi web sui visitatori e sul traffico sul web, il che render\u00e0 difficile la competitivit\u00e0 del sito stesso.<\/li>\n<li>Non potr\u00e0 scrivere sul blog, caricare foto, pubblicare commenti, valutare o assegnare punteggi ai contenuti. Il sito web non sar\u00e0 inoltre in grado di distinguere se lei \u00e8 un essere umano o un&#8217;applicazione automatizzata che pubblica spam.<\/li>\n<li>Non sar\u00e0 possibile mostrare pubblicit\u00e0 settoriale, il che ridurr\u00e0 gli introiti pubblicitari del sito web.<\/li>\n<li>Tutti i social network utilizzano i cookie; se li disattivi, non potrai utilizzare alcun social network.<\/li>\n<\/ul>\n<h2>\u00c8 possibile eliminare i cookie?<\/h2>\n<p>S\u00ec. Non solo eliminare, ma anche bloccare, in modo generale o specifico per un determinato dominio.<\/p>\n<p>Per eliminare i cookie di un sito web, \u00e8 necessario accedere alle impostazioni del browser, cercare quelli associati al dominio in questione e procedere alla loro eliminazione.<\/p>\n<h2 id=\"navegadores\">Configurazione dei cookie per i browser pi\u00f9 diffusi<\/h2>\n<p>Di seguito ti indichiamo come accedere a un determinato cookie del browser Chrome. Nota: questi passaggi possono variare a seconda della versione del browser:<\/p>\n<ol>\n<li>Vai su Impostazioni o Preferenze tramite il menu File oppure cliccando sull&#8217;icona di personalizzazione che appare in alto a destra.<\/li>\n<li>Vedrai diverse sezioni, clicca sull&#8217;opzione Mostra opzioni avanzate.<\/li>\n<li>Vai su Privacy, Impostazioni contenuti.<\/li>\n<li>Seleziona Tutti i cookie e i dati dei siti.<\/li>\n<li>Verr\u00e0 visualizzato un elenco con tutti i cookie ordinati per dominio. Per facilitare la ricerca dei cookie di un determinato dominio, inserisci l&#8217;indirizzo parzialmente o completamente nel campo Cerca cookie.<\/li>\n<li>Dopo aver applicato questo filtro, sullo schermo appariranno una o pi\u00f9 righe con i cookie del sito web richiesto. Ora basta selezionarli e premere la X per procedere alla loro eliminazione.<\/li>\n<\/ol>\n<p>Per accedere alle impostazioni dei cookie del browser Internet Explorer, segui questi passaggi (possono variare a seconda della versione del browser):<\/p>\n<ol>\n<li>Vai su Strumenti, Opzioni Internet<\/li>\n<li>Clicca su Privacy.<\/li>\n<li>Sposta il cursore fino a impostare il livello di privacy desiderato.<\/li>\n<\/ol>\n<p>Per accedere alle impostazioni dei cookie del browser Firefox, segui questi passaggi (possono variare a seconda della versione del browser):<\/p>\n<ol>\n<li>Vai su Opzioni o Preferenze a seconda del tuo sistema operativo.<\/li>\n<li>Clicca su Privacy.<\/li>\n<li>In Cronologia, seleziona Usa impostazioni personalizzate per la cronologia.<\/li>\n<li>Ora vedrai l&#8217;opzione Accetta cookie, che puoi attivare o disattivare in base alle tue preferenze.<\/li>\n<\/ol>\n<p>Per accedere alle impostazioni dei cookie del browser Safari per OSX, segui questi passaggi (possono variare a seconda della versione del browser):<\/p>\n<ol>\n<li>Vai su Preferenze, poi Privacy.<\/li>\n<li>In questa sezione vedrai l&#8217;opzione Blocca cookie, che ti consentir\u00e0 di impostare il tipo di blocco che desideri effettuare.<\/li>\n<\/ol>\n<p>Per accedere alle impostazioni dei cookie del browser Safari per iOS, segui questi passaggi (possono variare a seconda della versione del browser):<\/p>\n<ol>\n<li>Vai su Impostazioni, poi Safari.<\/li>\n<li>Vai su Privacy e sicurezza, vedrai l&#8217;opzione Blocca cookie per impostare il tipo di blocco che desideri effettuare.<\/li>\n<\/ol>\n<p>Per accedere alle impostazioni dei cookie del browser per dispositivi Android, segui questi passaggi (possono variare a seconda della versione del browser):<\/p>\n<ol>\n<li>Avvia il browser e premi il tasto Menu, quindi Impostazioni.<\/li>\n<li>Vai su Sicurezza e privacy, vedrai l&#8217;opzione Accetta cookie per attivare o disattivare la casella.<\/li>\n<\/ol>\n<p>Per accedere alle impostazioni dei cookie del browser per dispositivi Windows Phone, segui questi passaggi (possono variare a seconda della versione del browser):<\/p>\n<ol>\n<li>Apri Internet Explorer, poi Altro, poi Impostazioni<\/li>\n<li>Ora puoi attivare o disattivare la casella Consenti cookie.<\/li>\n<\/ol>\n","protected":false},"excerpt":{"rendered":"<p>Che cos&#8217;\u00e8 un cookie? Un cookie \u00e8 un file di testo innocuo che viene memorizzato nel browser quando si visita quasi tutte le pagine web. L&#8217;utilit\u00e0 del cookie \u00e8 che &#8230; <\/p>\n<p class=\"read-more-container\"><a title=\"Maggiori informazioni sui cookie\" class=\"read-more button\" href=\"https:\/\/www.viajamenorca.com\/it\/contatti\/avviso-legale\/politica-sui-cookie\/maggiori-informazioni-sui-cookie\/#more-54537\" aria-label=\"Per saperne di pi\u00f9 su Maggiori informazioni sui cookie\">Leggi tutto<\/a><\/p>\n","protected":false},"author":1,"featured_media":0,"parent":61284,"menu_order":1,"comment_status":"closed","ping_status":"closed","template":"","meta":{"_acf_changed":false,"footnotes":""},"class_list":["post-54537","page","type-page","status-publish"],"acf":[],"yoast_head":"<!-- This site is optimized with the Yoast SEO plugin v27.4 - https:\/\/yoast.com\/product\/yoast-seo-wordpress\/ -->\n<title>Maggiori informazioni sui cookie - Viaja a Menorca<\/title>\n<meta name=\"description\" content=\"Maggiori informazioni sui cookie\" \/>\n<meta name=\"robots\" content=\"noindex, follow\" \/>\n<meta property=\"og:locale\" content=\"it_IT\" \/>\n<meta property=\"og:type\" content=\"article\" \/>\n<meta property=\"og:title\" content=\"Maggiori informazioni sui cookie - Viaja a Menorca\" \/>\n<meta property=\"og:description\" content=\"Maggiori informazioni sui cookie\" \/>\n<meta property=\"og:url\" content=\"https:\/\/www.viajamenorca.com\/it\/contatti\/avviso-legale\/politica-sui-cookie\/maggiori-informazioni-sui-cookie\/\" \/>\n<meta property=\"og:site_name\" content=\"Viaja a Menorca\" \/>\n<meta property=\"article:publisher\" content=\"https:\/\/www.facebook.com\/ViajaMenorca\/\" \/>\n<meta property=\"article:modified_time\" content=\"2026-02-28T02:33:38+00:00\" \/>\n<meta property=\"og:image\" content=\"https:\/\/www.viajamenorca.com\/wp-content\/uploads\/2024\/12\/banner_fotos.jpg\" \/>\n\t<meta property=\"og:image:width\" content=\"1085\" \/>\n\t<meta property=\"og:image:height\" content=\"543\" \/>\n\t<meta property=\"og:image:type\" content=\"image\/jpeg\" \/>\n<meta name=\"twitter:card\" content=\"summary_large_image\" \/>\n<meta name=\"twitter:site\" content=\"@ViajaMenorca\" \/>\n<meta name=\"twitter:label1\" content=\"Tempo di lettura stimato\" \/>\n\t<meta name=\"twitter:data1\" content=\"5 minuto\" \/>\n<script type=\"application\/ld+json\" class=\"yoast-schema-graph\">{\"@context\":\"https:\\\/\\\/schema.org\",\"@graph\":[{\"@type\":\"WebPage\",\"@id\":\"https:\\\/\\\/www.viajamenorca.com\\\/it\\\/contatti\\\/avviso-legale\\\/politica-sui-cookie\\\/maggiori-informazioni-sui-cookie\\\/\",\"url\":\"https:\\\/\\\/www.viajamenorca.com\\\/it\\\/contatti\\\/avviso-legale\\\/politica-sui-cookie\\\/maggiori-informazioni-sui-cookie\\\/\",\"name\":\"Maggiori informazioni sui cookie - Viaja a Menorca\",\"isPartOf\":{\"@id\":\"https:\\\/\\\/www.viajamenorca.com\\\/it\\\/#website\"},\"datePublished\":\"2017-01-18T00:48:50+00:00\",\"dateModified\":\"2026-02-28T02:33:38+00:00\",\"description\":\"Maggiori informazioni sui cookie\",\"breadcrumb\":{\"@id\":\"https:\\\/\\\/www.viajamenorca.com\\\/it\\\/contatti\\\/avviso-legale\\\/politica-sui-cookie\\\/maggiori-informazioni-sui-cookie\\\/#breadcrumb\"},\"inLanguage\":\"it-IT\",\"potentialAction\":[{\"@type\":\"ReadAction\",\"target\":[\"https:\\\/\\\/www.viajamenorca.com\\\/it\\\/contatti\\\/avviso-legale\\\/politica-sui-cookie\\\/maggiori-informazioni-sui-cookie\\\/\"]}]},{\"@type\":\"BreadcrumbList\",\"@id\":\"https:\\\/\\\/www.viajamenorca.com\\\/it\\\/contatti\\\/avviso-legale\\\/politica-sui-cookie\\\/maggiori-informazioni-sui-cookie\\\/#breadcrumb\",\"itemListElement\":[{\"@type\":\"ListItem\",\"position\":1,\"name\":\"Contatto\",\"item\":\"https:\\\/\\\/www.viajamenorca.com\\\/it\\\/contatti\\\/\"},{\"@type\":\"ListItem\",\"position\":2,\"name\":\"Avviso leg\",\"item\":\"https:\\\/\\\/www.viajamenorca.com\\\/it\\\/contatti\\\/avviso-legale\\\/\"},{\"@type\":\"ListItem\",\"position\":3,\"name\":\"Politica sui cookie\",\"item\":\"https:\\\/\\\/www.viajamenorca.com\\\/it\\\/contatti\\\/avviso-legale\\\/politica-sui-cookie\\\/\"},{\"@type\":\"ListItem\",\"position\":4,\"name\":\"Maggiori informazioni sui cookie\"}]},{\"@type\":\"WebSite\",\"@id\":\"https:\\\/\\\/www.viajamenorca.com\\\/it\\\/#website\",\"url\":\"https:\\\/\\\/www.viajamenorca.com\\\/it\\\/\",\"name\":\"Viaja a Menorca\",\"description\":\"La tua avventura a Minorca inizia qui!\",\"publisher\":{\"@id\":\"https:\\\/\\\/www.viajamenorca.com\\\/it\\\/#organization\"},\"alternateName\":\"Gu\u00eda tur\u00edstica de Menorca\",\"potentialAction\":[{\"@type\":\"SearchAction\",\"target\":{\"@type\":\"EntryPoint\",\"urlTemplate\":\"https:\\\/\\\/www.viajamenorca.com\\\/it\\\/?s={search_term_string}\"},\"query-input\":{\"@type\":\"PropertyValueSpecification\",\"valueRequired\":true,\"valueName\":\"search_term_string\"}}],\"inLanguage\":\"it-IT\"},{\"@type\":\"Organization\",\"@id\":\"https:\\\/\\\/www.viajamenorca.com\\\/it\\\/#organization\",\"name\":\"Viaja a Menorca - Gu\u00eda tur\u00edstica\",\"alternateName\":\"Viaja a Menorca\",\"url\":\"https:\\\/\\\/www.viajamenorca.com\\\/it\\\/\",\"logo\":{\"@type\":\"ImageObject\",\"inLanguage\":\"it-IT\",\"@id\":\"https:\\\/\\\/www.viajamenorca.com\\\/it\\\/#\\\/schema\\\/logo\\\/image\\\/\",\"url\":\"https:\\\/\\\/www.viajamenorca.com\\\/wp-content\\\/uploads\\\/2021\\\/11\\\/viajamenorca.jpg\",\"contentUrl\":\"https:\\\/\\\/www.viajamenorca.com\\\/wp-content\\\/uploads\\\/2021\\\/11\\\/viajamenorca.jpg\",\"width\":714,\"height\":714,\"caption\":\"Viaja a Menorca - Gu\u00eda tur\u00edstica\"},\"image\":{\"@id\":\"https:\\\/\\\/www.viajamenorca.com\\\/it\\\/#\\\/schema\\\/logo\\\/image\\\/\"},\"sameAs\":[\"https:\\\/\\\/www.facebook.com\\\/ViajaMenorca\\\/\",\"https:\\\/\\\/x.com\\\/ViajaMenorca\",\"https:\\\/\\\/www.instagram.com\\\/viaja_menorca\\\/?hl=es\",\"https:\\\/\\\/www.youtube.com\\\/channel\\\/UCWtpR3jxp79HeZ8zZfHLhXw\"]}]}<\/script>\n<!-- \/ Yoast SEO plugin. -->","yoast_head_json":{"title":"Maggiori informazioni sui cookie - Viaja a Menorca","description":"Maggiori informazioni sui cookie","robots":{"index":"noindex","follow":"follow"},"og_locale":"it_IT","og_type":"article","og_title":"Maggiori informazioni sui cookie - Viaja a Menorca","og_description":"Maggiori informazioni sui cookie","og_url":"https:\/\/www.viajamenorca.com\/it\/contatti\/avviso-legale\/politica-sui-cookie\/maggiori-informazioni-sui-cookie\/","og_site_name":"Viaja a Menorca","article_publisher":"https:\/\/www.facebook.com\/ViajaMenorca\/","article_modified_time":"2026-02-28T02:33:38+00:00","og_image":[{"width":1085,"height":543,"url":"https:\/\/www.viajamenorca.com\/wp-content\/uploads\/2024\/12\/banner_fotos.jpg","type":"image\/jpeg"}],"twitter_card":"summary_large_image","twitter_site":"@ViajaMenorca","twitter_misc":{"Tempo di lettura stimato":"5 minuto"},"schema":{"@context":"https:\/\/schema.org","@graph":[{"@type":"WebPage","@id":"https:\/\/www.viajamenorca.com\/it\/contatti\/avviso-legale\/politica-sui-cookie\/maggiori-informazioni-sui-cookie\/","url":"https:\/\/www.viajamenorca.com\/it\/contatti\/avviso-legale\/politica-sui-cookie\/maggiori-informazioni-sui-cookie\/","name":"Maggiori informazioni sui cookie - Viaja a Menorca","isPartOf":{"@id":"https:\/\/www.viajamenorca.com\/it\/#website"},"datePublished":"2017-01-18T00:48:50+00:00","dateModified":"2026-02-28T02:33:38+00:00","description":"Maggiori informazioni sui cookie","breadcrumb":{"@id":"https:\/\/www.viajamenorca.com\/it\/contatti\/avviso-legale\/politica-sui-cookie\/maggiori-informazioni-sui-cookie\/#breadcrumb"},"inLanguage":"it-IT","potentialAction":[{"@type":"ReadAction","target":["https:\/\/www.viajamenorca.com\/it\/contatti\/avviso-legale\/politica-sui-cookie\/maggiori-informazioni-sui-cookie\/"]}]},{"@type":"BreadcrumbList","@id":"https:\/\/www.viajamenorca.com\/it\/contatti\/avviso-legale\/politica-sui-cookie\/maggiori-informazioni-sui-cookie\/#breadcrumb","itemListElement":[{"@type":"ListItem","position":1,"name":"Contatto","item":"https:\/\/www.viajamenorca.com\/it\/contatti\/"},{"@type":"ListItem","position":2,"name":"Avviso leg","item":"https:\/\/www.viajamenorca.com\/it\/contatti\/avviso-legale\/"},{"@type":"ListItem","position":3,"name":"Politica sui cookie","item":"https:\/\/www.viajamenorca.com\/it\/contatti\/avviso-legale\/politica-sui-cookie\/"},{"@type":"ListItem","position":4,"name":"Maggiori informazioni sui cookie"}]},{"@type":"WebSite","@id":"https:\/\/www.viajamenorca.com\/it\/#website","url":"https:\/\/www.viajamenorca.com\/it\/","name":"Viaja a Menorca","description":"La tua avventura a Minorca inizia qui!","publisher":{"@id":"https:\/\/www.viajamenorca.com\/it\/#organization"},"alternateName":"Gu\u00eda tur\u00edstica de Menorca","potentialAction":[{"@type":"SearchAction","target":{"@type":"EntryPoint","urlTemplate":"https:\/\/www.viajamenorca.com\/it\/?s={search_term_string}"},"query-input":{"@type":"PropertyValueSpecification","valueRequired":true,"valueName":"search_term_string"}}],"inLanguage":"it-IT"},{"@type":"Organization","@id":"https:\/\/www.viajamenorca.com\/it\/#organization","name":"Viaja a Menorca - Gu\u00eda tur\u00edstica","alternateName":"Viaja a Menorca","url":"https:\/\/www.viajamenorca.com\/it\/","logo":{"@type":"ImageObject","inLanguage":"it-IT","@id":"https:\/\/www.viajamenorca.com\/it\/#\/schema\/logo\/image\/","url":"https:\/\/www.viajamenorca.com\/wp-content\/uploads\/2021\/11\/viajamenorca.jpg","contentUrl":"https:\/\/www.viajamenorca.com\/wp-content\/uploads\/2021\/11\/viajamenorca.jpg","width":714,"height":714,"caption":"Viaja a Menorca - Gu\u00eda tur\u00edstica"},"image":{"@id":"https:\/\/www.viajamenorca.com\/it\/#\/schema\/logo\/image\/"},"sameAs":["https:\/\/www.facebook.com\/ViajaMenorca\/","https:\/\/x.com\/ViajaMenorca","https:\/\/www.instagram.com\/viaja_menorca\/?hl=es","https:\/\/www.youtube.com\/channel\/UCWtpR3jxp79HeZ8zZfHLhXw"]}]}},"_links":{"self":[{"href":"https:\/\/www.viajamenorca.com\/it\/wp-json\/wp\/v2\/pages\/54537","targetHints":{"allow":["GET"]}}],"collection":[{"href":"https:\/\/www.viajamenorca.com\/it\/wp-json\/wp\/v2\/pages"}],"about":[{"href":"https:\/\/www.viajamenorca.com\/it\/wp-json\/wp\/v2\/types\/page"}],"author":[{"embeddable":true,"href":"https:\/\/www.viajamenorca.com\/it\/wp-json\/wp\/v2\/users\/1"}],"replies":[{"embeddable":true,"href":"https:\/\/www.viajamenorca.com\/it\/wp-json\/wp\/v2\/comments?post=54537"}],"version-history":[{"count":3,"href":"https:\/\/www.viajamenorca.com\/it\/wp-json\/wp\/v2\/pages\/54537\/revisions"}],"predecessor-version":[{"id":61180,"href":"https:\/\/www.viajamenorca.com\/it\/wp-json\/wp\/v2\/pages\/54537\/revisions\/61180"}],"up":[{"embeddable":true,"href":"https:\/\/www.viajamenorca.com\/it\/wp-json\/wp\/v2\/pages\/61284"}],"wp:attachment":[{"href":"https:\/\/www.viajamenorca.com\/it\/wp-json\/wp\/v2\/media?parent=54537"}],"curies":[{"name":"wp","href":"https:\/\/api.w.org\/{rel}","templated":true}]}}