{"id":56238,"date":"2017-02-17T23:12:36","date_gmt":"2017-02-17T23:12:36","guid":{"rendered":"https:\/\/www.viajamenorca.com\/guida-turistica\/spiagge-e-calette\/costa-orientale\/"},"modified":"2026-02-27T13:54:28","modified_gmt":"2026-02-27T13:54:28","slug":"costa-est","status":"publish","type":"page","link":"https:\/\/www.viajamenorca.com\/it\/guida-turistica\/spiagge-e-calette\/costa-est\/","title":{"rendered":"Costa Est"},"content":{"rendered":"\n<div class=\"gb-element-887b02bf\">\n<div>\n<\/div>\n\n\n\n<div class=\"gb-element-b65ce310\">\n<div style=\"height:21px\" aria-hidden=\"true\" class=\"wp-block-spacer\"><\/div>\n\n\n<div  class=\"search-filter-base search-filter-field search-filter-field--id-2 search-filter-field--type-choice search-filter-field--input-type-select search-filter-style--id-1 search-filter-style--choice-select search-filter-field--width-75\"  data-search-filter-id=\"2\" ><\/div>\n\n\n\n<div style=\"height:5px\" aria-hidden=\"true\" class=\"wp-block-spacer\"><\/div>\n\n\n<div  class=\"search-filter-base search-filter-field search-filter-field--id-1 search-filter-field--type-choice search-filter-field--input-type-select search-filter-style--id-1 search-filter-style--choice-select search-filter-field--width-75\"  data-search-filter-id=\"1\" ><\/div>\n\n\n\n<div style=\"height:5px\" aria-hidden=\"true\" class=\"wp-block-spacer\"><\/div>\n\n\n<div  class=\"search-filter-base search-filter-field search-filter-field--id-3 search-filter-field--type-choice search-filter-field--input-type-select search-filter-style--id-1 search-filter-style--choice-select search-filter-field--width-75\"  data-search-filter-id=\"3\" ><\/div>\n\n\n\n<div style=\"height:25px\" aria-hidden=\"true\" class=\"wp-block-spacer\"><\/div>\n<\/div>\n<\/div>\n\n\n<h3><span style=\"font-size: 13pt;\">Alcune delle migliori insenature e spiagge della costa orientale di Minorca <strong><a href=\"https:\/\/www.viajamenorca.com\/it\/guida-turistica\/spiagge-e-calette\/\">Guida alle spiagge<\/a><\/strong><\/span><\/h3>\n\n\n<div class=\"gb-grid-wrapper gb-grid-wrapper-704b403b gb-query-loop-wrapper\">\n<div class=\"gb-grid-column gb-grid-column-69704bd6 gb-query-loop-item post-55908 post type-post status-publish format-standard has-post-thumbnail hentry category-costa-est tag-apartamentos tag-guia-de-playas-y-calas tag-hoteles tag-salgar tag-san-luis tag-sant-lluis tag-urbanizaciones\"><div class=\"gb-container gb-container-69704bd6\">\n<figure class=\"gb-block-image gb-block-image-f1347a96\"><a href=\"https:\/\/www.viajamenorca.com\/it\/guida-turistica\/spiagge-e-calette\/costa-est\/salgar\/\"><img decoding=\"async\" width=\"1882\" height=\"1204\" src=\"https:\/\/www.viajamenorca.com\/wp-content\/uploads\/2019\/02\/20190209_142701-e1549729572241.jpg\" class=\"gb-image-f1347a96\" alt=\"\" srcset=\"https:\/\/www.viajamenorca.com\/wp-content\/uploads\/2019\/02\/20190209_142701-e1549729572241.jpg 1882w, https:\/\/www.viajamenorca.com\/wp-content\/uploads\/2019\/02\/20190209_142701-e1549729572241-300x192.jpg 300w, https:\/\/www.viajamenorca.com\/wp-content\/uploads\/2019\/02\/20190209_142701-e1549729572241-768x491.jpg 768w, https:\/\/www.viajamenorca.com\/wp-content\/uploads\/2019\/02\/20190209_142701-e1549729572241-1024x655.jpg 1024w, https:\/\/www.viajamenorca.com\/wp-content\/uploads\/2019\/02\/20190209_142701-e1549729572241-110x70.jpg 110w, https:\/\/www.viajamenorca.com\/wp-content\/uploads\/2019\/02\/20190209_142701-e1549729572241-420x269.jpg 420w, https:\/\/www.viajamenorca.com\/wp-content\/uploads\/2019\/02\/20190209_142701-e1549729572241-672x430.jpg 672w\" sizes=\"(max-width: 1882px) 100vw, 1882px\" \/><\/a><\/figure>\n\n<h2 class=\"gb-headline gb-headline-9ed6fb2e gb-headline-text\"><a href=\"https:\/\/www.viajamenorca.com\/it\/guida-turistica\/spiagge-e-calette\/costa-est\/salgar\/\">Spiaggia urbana di S&#8217;Algar<\/a><\/h2>\n\n<div class=\"gb-headline gb-headline-5a6d9aa1 gb-headline-text\">S\u2019Algar \u00e8 una spiaggia urbana situata in una splendida urbanizzazione che offre un&#8217;ampia variet\u00e0 di servizi e comfort. Grazie alla sua posizione privilegiata, questa spiaggia \u00e8 il luogo ideale per &#8230;<\/div>\n\n<a class=\"gb-button gb-button-c425dfc4 gb-button-text\" href=\"https:\/\/www.viajamenorca.com\/it\/guida-turistica\/spiagge-e-calette\/costa-est\/salgar\/\">LEGGI TUTTO&#8230;<\/a>\n\n\n<hr class=\"wp-block-separator has-text-color has-alpha-channel-opacity has-background\" style=\"background-color:#e1e1e1;color:#e1e1e1\"\/>\n\n<\/div><\/div>\n\n<div class=\"gb-grid-column gb-grid-column-69704bd6 gb-query-loop-item post-57137 post type-post status-publish format-standard has-post-thumbnail hentry category-bandiera-blu category-costa-est tag-apartamentos tag-hoteles tag-punta-prima tag-san-lluis tag-san-luis tag-spiaggia tag-spiaggia-di-punta-prima\"><div class=\"gb-container gb-container-69704bd6\">\n<figure class=\"gb-block-image gb-block-image-f1347a96\"><a href=\"https:\/\/www.viajamenorca.com\/it\/guida-turistica\/spiagge-e-calette\/costa-est\/spiaggia-di-punta-prima\/\"><img decoding=\"async\" width=\"1024\" height=\"576\" src=\"https:\/\/www.viajamenorca.com\/wp-content\/uploads\/2017\/02\/20160520_204459-e1540516107564.jpg\" class=\"gb-image-f1347a96\" alt=\"\" srcset=\"https:\/\/www.viajamenorca.com\/wp-content\/uploads\/2017\/02\/20160520_204459-e1540516107564.jpg 1024w, https:\/\/www.viajamenorca.com\/wp-content\/uploads\/2017\/02\/20160520_204459-e1540516107564-300x169.jpg 300w, https:\/\/www.viajamenorca.com\/wp-content\/uploads\/2017\/02\/20160520_204459-e1540516107564-768x432.jpg 768w, https:\/\/www.viajamenorca.com\/wp-content\/uploads\/2017\/02\/20160520_204459-e1540516107564-110x62.jpg 110w, https:\/\/www.viajamenorca.com\/wp-content\/uploads\/2017\/02\/20160520_204459-e1540516107564-420x236.jpg 420w, https:\/\/www.viajamenorca.com\/wp-content\/uploads\/2017\/02\/20160520_204459-e1540516107564-764x430.jpg 764w\" sizes=\"(max-width: 1024px) 100vw, 1024px\" \/><\/a><\/figure>\n\n<h2 class=\"gb-headline gb-headline-9ed6fb2e gb-headline-text\"><a href=\"https:\/\/www.viajamenorca.com\/it\/guida-turistica\/spiagge-e-calette\/costa-est\/spiaggia-di-punta-prima\/\">Spiaggia di Punta Prima<\/a><\/h2>\n\n<div class=\"gb-headline gb-headline-5a6d9aa1 gb-headline-text\">Un&#8217;eccellente spiaggia di sabbia bianca e fine, dalle acque cristalline con sfumature di blu turchese. Situata sulla punta sud-orientale dell&#8217;isola di Minorca, nel comune di San Luis ed \u00e8 stata &#8230;<\/div>\n\n<a class=\"gb-button gb-button-c425dfc4 gb-button-text\" href=\"https:\/\/www.viajamenorca.com\/it\/guida-turistica\/spiagge-e-calette\/costa-est\/spiaggia-di-punta-prima\/\">LEGGI TUTTO&#8230;<\/a>\n\n\n<hr class=\"wp-block-separator has-text-color has-alpha-channel-opacity has-background\" style=\"background-color:#e1e1e1;color:#e1e1e1\"\/>\n\n<\/div><\/div>\n\n<div class=\"gb-grid-column gb-grid-column-69704bd6 gb-query-loop-item post-57092 post type-post status-publish format-standard has-post-thumbnail hentry category-costa-est tag-baia-di-alcaufar tag-cala tag-cala-rafalet tag-san-luis tag-sant-lluis tag-spiaggia\"><div class=\"gb-container gb-container-69704bd6\">\n<figure class=\"gb-block-image gb-block-image-f1347a96\"><a href=\"https:\/\/www.viajamenorca.com\/it\/guida-turistica\/spiagge-e-calette\/costa-est\/spiaggia-di-cala-alcaufar\/\"><img decoding=\"async\" width=\"1967\" height=\"1150\" src=\"https:\/\/www.viajamenorca.com\/wp-content\/uploads\/2019\/02\/20190209_140154-e1549728981784.jpg\" class=\"gb-image-f1347a96\" alt=\"\" srcset=\"https:\/\/www.viajamenorca.com\/wp-content\/uploads\/2019\/02\/20190209_140154-e1549728981784.jpg 1967w, https:\/\/www.viajamenorca.com\/wp-content\/uploads\/2019\/02\/20190209_140154-e1549728981784-300x175.jpg 300w, https:\/\/www.viajamenorca.com\/wp-content\/uploads\/2019\/02\/20190209_140154-e1549728981784-768x449.jpg 768w, https:\/\/www.viajamenorca.com\/wp-content\/uploads\/2019\/02\/20190209_140154-e1549728981784-1024x599.jpg 1024w, https:\/\/www.viajamenorca.com\/wp-content\/uploads\/2019\/02\/20190209_140154-e1549728981784-110x64.jpg 110w, https:\/\/www.viajamenorca.com\/wp-content\/uploads\/2019\/02\/20190209_140154-e1549728981784-420x246.jpg 420w, https:\/\/www.viajamenorca.com\/wp-content\/uploads\/2019\/02\/20190209_140154-e1549728981784-735x430.jpg 735w\" sizes=\"(max-width: 1967px) 100vw, 1967px\" \/><\/a><\/figure>\n\n<h2 class=\"gb-headline gb-headline-9ed6fb2e gb-headline-text\"><a href=\"https:\/\/www.viajamenorca.com\/it\/guida-turistica\/spiagge-e-calette\/costa-est\/spiaggia-di-cala-alcaufar\/\">Spiaggia di Cala Alcaufar<\/a><\/h2>\n\n<div class=\"gb-headline gb-headline-5a6d9aa1 gb-headline-text\">La spiaggia di Cala Alcaufar si trova sulla costa sud-orientale di Minorca, nel comune di San Lluis. Questa piccola cala dalle acque calme \u00e8 ideale per le famiglie. Puoi cogliere &#8230;<\/div>\n\n<a class=\"gb-button gb-button-c425dfc4 gb-button-text\" href=\"https:\/\/www.viajamenorca.com\/it\/guida-turistica\/spiagge-e-calette\/costa-est\/spiaggia-di-cala-alcaufar\/\">LEGGI TUTTO&#8230;<\/a>\n\n\n<hr class=\"wp-block-separator has-text-color has-alpha-channel-opacity has-background\" style=\"background-color:#e1e1e1;color:#e1e1e1\"\/>\n\n<\/div><\/div>\n\n<div class=\"gb-grid-column gb-grid-column-69704bd6 gb-query-loop-item post-54853 post type-post status-publish format-standard has-post-thumbnail hentry category-costa-est category-spiagge-incontaminate tag-cala-rafalet tag-costa-sud tag-spiagge-sant-lluis\"><div class=\"gb-container gb-container-69704bd6\">\n<figure class=\"gb-block-image gb-block-image-f1347a96\"><a href=\"https:\/\/www.viajamenorca.com\/it\/guida-turistica\/spiagge-e-calette\/spiagge-incontaminate\/cala-rafalet\/\"><img decoding=\"async\" width=\"1080\" height=\"1440\" src=\"https:\/\/www.viajamenorca.com\/wp-content\/uploads\/2023\/02\/Cala-Rafalet-Jose-Lopez.jpg\" class=\"gb-image-f1347a96\" alt=\"\" srcset=\"https:\/\/www.viajamenorca.com\/wp-content\/uploads\/2023\/02\/Cala-Rafalet-Jose-Lopez.jpg 1080w, https:\/\/www.viajamenorca.com\/wp-content\/uploads\/2023\/02\/Cala-Rafalet-Jose-Lopez-263x350.jpg 263w, https:\/\/www.viajamenorca.com\/wp-content\/uploads\/2023\/02\/Cala-Rafalet-Jose-Lopez-768x1024.jpg 768w\" sizes=\"(max-width: 1080px) 100vw, 1080px\" \/><\/a><\/figure>\n\n<h2 class=\"gb-headline gb-headline-9ed6fb2e gb-headline-text\"><a href=\"https:\/\/www.viajamenorca.com\/it\/guida-turistica\/spiagge-e-calette\/spiagge-incontaminate\/cala-rafalet\/\">Cala Rafalet<\/a><\/h2>\n\n<div class=\"gb-headline gb-headline-5a6d9aa1 gb-headline-text\">Cala Rafalet, una piccola caletta incontaminata situata nel comune di Sant Llu\u00eds, si erge come un&#8217;oasi di pace e bellezza naturale sulla costa este di Minorca. Lontana dalla folla e &#8230;<\/div>\n\n<a class=\"gb-button gb-button-c425dfc4 gb-button-text\" href=\"https:\/\/www.viajamenorca.com\/it\/guida-turistica\/spiagge-e-calette\/spiagge-incontaminate\/cala-rafalet\/\">LEGGI TUTTO&#8230;<\/a>\n\n\n<hr class=\"wp-block-separator has-text-color has-alpha-channel-opacity has-background\" style=\"background-color:#e1e1e1;color:#e1e1e1\"\/>\n\n<\/div><\/div>\n\n<div class=\"gb-grid-column gb-grid-column-69704bd6 gb-query-loop-item post-56989 post type-post status-publish format-standard has-post-thumbnail hentry category-costa-est tag-albufera-des-grau tag-apartamentos tag-es-grau tag-guia-de-playas-y-calas tag-hoteles tag-mahon tag-parco-naturale\"><div class=\"gb-container gb-container-69704bd6\">\n<figure class=\"gb-block-image gb-block-image-f1347a96\"><a href=\"https:\/\/www.viajamenorca.com\/it\/guida-turistica\/spiagge-e-calette\/costa-est\/spiaggia-di-es-grau\/\"><img decoding=\"async\" width=\"2560\" height=\"1125\" src=\"https:\/\/www.viajamenorca.com\/wp-content\/uploads\/2020\/02\/20190226_123705-scaled.jpg\" class=\"gb-image-f1347a96\" alt=\"Spiagge di Minorca\" srcset=\"https:\/\/www.viajamenorca.com\/wp-content\/uploads\/2020\/02\/20190226_123705-scaled.jpg 2560w, https:\/\/www.viajamenorca.com\/wp-content\/uploads\/2020\/02\/20190226_123705-300x132.jpg 300w, https:\/\/www.viajamenorca.com\/wp-content\/uploads\/2020\/02\/20190226_123705-1024x450.jpg 1024w, https:\/\/www.viajamenorca.com\/wp-content\/uploads\/2020\/02\/20190226_123705-768x337.jpg 768w, https:\/\/www.viajamenorca.com\/wp-content\/uploads\/2020\/02\/20190226_123705-1536x675.jpg 1536w, https:\/\/www.viajamenorca.com\/wp-content\/uploads\/2020\/02\/20190226_123705-2048x900.jpg 2048w, https:\/\/www.viajamenorca.com\/wp-content\/uploads\/2020\/02\/20190226_123705-110x48.jpg 110w, https:\/\/www.viajamenorca.com\/wp-content\/uploads\/2020\/02\/20190226_123705-420x185.jpg 420w, https:\/\/www.viajamenorca.com\/wp-content\/uploads\/2020\/02\/20190226_123705-770x338.jpg 770w\" sizes=\"(max-width: 2560px) 100vw, 2560px\" \/><\/a><\/figure>\n\n<h2 class=\"gb-headline gb-headline-9ed6fb2e gb-headline-text\"><a href=\"https:\/\/www.viajamenorca.com\/it\/guida-turistica\/spiagge-e-calette\/costa-est\/spiaggia-di-es-grau\/\">Spiaggia di Es Grau<\/a><\/h2>\n\n<div class=\"gb-headline gb-headline-5a6d9aa1 gb-headline-text\">La spiaggia di Es Grau si trova in un piccolo e tipico villaggio di pescatori minorchini, sulla costa nord-orientale di Minorca, nel comune di Mah\u00f3n. Fa parte del Parco Naturale &#8230;<\/div>\n\n<a class=\"gb-button gb-button-c425dfc4 gb-button-text\" href=\"https:\/\/www.viajamenorca.com\/it\/guida-turistica\/spiagge-e-calette\/costa-est\/spiaggia-di-es-grau\/\">LEGGI TUTTO&#8230;<\/a>\n\n\n<hr class=\"wp-block-separator has-text-color has-alpha-channel-opacity has-background\" style=\"background-color:#e1e1e1;color:#e1e1e1\"\/>\n\n<\/div><\/div>\n<\/div>\n","protected":false},"excerpt":{"rendered":"<p>Alcune delle migliori insenature e spiagge della costa orientale di Minorca Guida alle spiagge<\/p>\n","protected":false},"author":1,"featured_media":0,"parent":54065,"menu_order":0,"comment_status":"closed","ping_status":"closed","template":"","meta":{"_acf_changed":false,"footnotes":""},"class_list":["post-56238","page","type-page","status-publish"],"acf":[],"yoast_head":"<!-- This site is optimized with the Yoast SEO plugin v27.4 - https:\/\/yoast.com\/product\/yoast-seo-wordpress\/ -->\n<title>Le migliori spiagge e calette della costa orientale di Minorca: guida<\/title>\n<meta name=\"description\" content=\"\u26f1 Alcune delle migliori cale e spiagge situate sulla costa orientale dell&#039;isola di Minorca - Guida alle spiagge e alle cale, incontaminate, bandiera blu\" \/>\n<meta name=\"robots\" content=\"index, follow, max-snippet:-1, max-image-preview:large, max-video-preview:-1\" \/>\n<link rel=\"canonical\" href=\"https:\/\/www.viajamenorca.com\/it\/guida-turistica\/spiagge-e-calette\/costa-est\/\" \/>\n<meta property=\"og:locale\" content=\"it_IT\" \/>\n<meta property=\"og:type\" content=\"article\" \/>\n<meta property=\"og:title\" content=\"Le migliori spiagge e calette della costa orientale di Minorca: guida\" \/>\n<meta property=\"og:description\" content=\"\u26f1 Alcune delle migliori cale e spiagge situate sulla costa orientale dell&#039;isola di Minorca - Guida alle spiagge e alle cale, incontaminate, bandiera blu\" \/>\n<meta property=\"og:url\" content=\"https:\/\/www.viajamenorca.com\/it\/guida-turistica\/spiagge-e-calette\/costa-est\/\" \/>\n<meta property=\"og:site_name\" content=\"Viaja a Menorca\" \/>\n<meta property=\"article:publisher\" content=\"https:\/\/www.facebook.com\/ViajaMenorca\/\" \/>\n<meta property=\"article:modified_time\" content=\"2026-02-27T13:54:28+00:00\" \/>\n<meta property=\"og:image\" content=\"https:\/\/www.viajamenorca.com\/wp-content\/uploads\/2017\/02\/20160520_204459-e1540516107564.jpg\" \/>\n\t<meta property=\"og:image:width\" content=\"1024\" \/>\n\t<meta property=\"og:image:height\" content=\"576\" \/>\n\t<meta property=\"og:image:type\" content=\"image\/jpeg\" \/>\n<meta name=\"twitter:card\" content=\"summary_large_image\" \/>\n<meta name=\"twitter:site\" content=\"@ViajaMenorca\" \/>\n<meta name=\"twitter:label1\" content=\"Tempo di lettura stimato\" \/>\n\t<meta name=\"twitter:data1\" content=\"1 minuto\" \/>\n<script type=\"application\/ld+json\" class=\"yoast-schema-graph\">{\"@context\":\"https:\\\/\\\/schema.org\",\"@graph\":[{\"@type\":\"WebPage\",\"@id\":\"https:\\\/\\\/www.viajamenorca.com\\\/it\\\/guida-turistica\\\/spiagge-e-calette\\\/costa-est\\\/\",\"url\":\"https:\\\/\\\/www.viajamenorca.com\\\/it\\\/guida-turistica\\\/spiagge-e-calette\\\/costa-est\\\/\",\"name\":\"Le migliori spiagge e calette della costa orientale di Minorca: guida\",\"isPartOf\":{\"@id\":\"https:\\\/\\\/www.viajamenorca.com\\\/it\\\/#website\"},\"datePublished\":\"2017-02-17T23:12:36+00:00\",\"dateModified\":\"2026-02-27T13:54:28+00:00\",\"description\":\"\u26f1 Alcune delle migliori cale e spiagge situate sulla costa orientale dell'isola di Minorca - Guida alle spiagge e alle cale, incontaminate, bandiera blu\",\"breadcrumb\":{\"@id\":\"https:\\\/\\\/www.viajamenorca.com\\\/it\\\/guida-turistica\\\/spiagge-e-calette\\\/costa-est\\\/#breadcrumb\"},\"inLanguage\":\"it-IT\",\"potentialAction\":[{\"@type\":\"ReadAction\",\"target\":[\"https:\\\/\\\/www.viajamenorca.com\\\/it\\\/guida-turistica\\\/spiagge-e-calette\\\/costa-est\\\/\"]}]},{\"@type\":\"BreadcrumbList\",\"@id\":\"https:\\\/\\\/www.viajamenorca.com\\\/it\\\/guida-turistica\\\/spiagge-e-calette\\\/costa-est\\\/#breadcrumb\",\"itemListElement\":[{\"@type\":\"ListItem\",\"position\":1,\"name\":\"Minorca Guida Turistica 2026\",\"item\":\"https:\\\/\\\/www.viajamenorca.com\\\/it\\\/guida-turistica\\\/\"},{\"@type\":\"ListItem\",\"position\":2,\"name\":\"Spiagge\",\"item\":\"https:\\\/\\\/www.viajamenorca.com\\\/it\\\/guida-turistica\\\/spiagge-e-calette\\\/\"},{\"@type\":\"ListItem\",\"position\":3,\"name\":\"Costa Est\"}]},{\"@type\":\"WebSite\",\"@id\":\"https:\\\/\\\/www.viajamenorca.com\\\/it\\\/#website\",\"url\":\"https:\\\/\\\/www.viajamenorca.com\\\/it\\\/\",\"name\":\"Viaja a Menorca\",\"description\":\"La tua avventura a Minorca inizia qui!\",\"publisher\":{\"@id\":\"https:\\\/\\\/www.viajamenorca.com\\\/it\\\/#organization\"},\"alternateName\":\"Gu\u00eda tur\u00edstica de Menorca\",\"potentialAction\":[{\"@type\":\"SearchAction\",\"target\":{\"@type\":\"EntryPoint\",\"urlTemplate\":\"https:\\\/\\\/www.viajamenorca.com\\\/it\\\/?s={search_term_string}\"},\"query-input\":{\"@type\":\"PropertyValueSpecification\",\"valueRequired\":true,\"valueName\":\"search_term_string\"}}],\"inLanguage\":\"it-IT\"},{\"@type\":\"Organization\",\"@id\":\"https:\\\/\\\/www.viajamenorca.com\\\/it\\\/#organization\",\"name\":\"Viaja a Menorca - Gu\u00eda tur\u00edstica\",\"alternateName\":\"Viaja a Menorca\",\"url\":\"https:\\\/\\\/www.viajamenorca.com\\\/it\\\/\",\"logo\":{\"@type\":\"ImageObject\",\"inLanguage\":\"it-IT\",\"@id\":\"https:\\\/\\\/www.viajamenorca.com\\\/it\\\/#\\\/schema\\\/logo\\\/image\\\/\",\"url\":\"https:\\\/\\\/www.viajamenorca.com\\\/wp-content\\\/uploads\\\/2021\\\/11\\\/viajamenorca.jpg\",\"contentUrl\":\"https:\\\/\\\/www.viajamenorca.com\\\/wp-content\\\/uploads\\\/2021\\\/11\\\/viajamenorca.jpg\",\"width\":714,\"height\":714,\"caption\":\"Viaja a Menorca - Gu\u00eda tur\u00edstica\"},\"image\":{\"@id\":\"https:\\\/\\\/www.viajamenorca.com\\\/it\\\/#\\\/schema\\\/logo\\\/image\\\/\"},\"sameAs\":[\"https:\\\/\\\/www.facebook.com\\\/ViajaMenorca\\\/\",\"https:\\\/\\\/x.com\\\/ViajaMenorca\",\"https:\\\/\\\/www.instagram.com\\\/viaja_menorca\\\/?hl=es\",\"https:\\\/\\\/www.youtube.com\\\/channel\\\/UCWtpR3jxp79HeZ8zZfHLhXw\"]}]}<\/script>\n<!-- \/ Yoast SEO plugin. -->","yoast_head_json":{"title":"Le migliori spiagge e calette della costa orientale di Minorca: guida","description":"\u26f1 Alcune delle migliori cale e spiagge situate sulla costa orientale dell'isola di Minorca - Guida alle spiagge e alle cale, incontaminate, bandiera blu","robots":{"index":"index","follow":"follow","max-snippet":"max-snippet:-1","max-image-preview":"max-image-preview:large","max-video-preview":"max-video-preview:-1"},"canonical":"https:\/\/www.viajamenorca.com\/it\/guida-turistica\/spiagge-e-calette\/costa-est\/","og_locale":"it_IT","og_type":"article","og_title":"Le migliori spiagge e calette della costa orientale di Minorca: guida","og_description":"\u26f1 Alcune delle migliori cale e spiagge situate sulla costa orientale dell'isola di Minorca - Guida alle spiagge e alle cale, incontaminate, bandiera blu","og_url":"https:\/\/www.viajamenorca.com\/it\/guida-turistica\/spiagge-e-calette\/costa-est\/","og_site_name":"Viaja a Menorca","article_publisher":"https:\/\/www.facebook.com\/ViajaMenorca\/","article_modified_time":"2026-02-27T13:54:28+00:00","og_image":[{"width":1024,"height":576,"url":"https:\/\/www.viajamenorca.com\/wp-content\/uploads\/2017\/02\/20160520_204459-e1540516107564.jpg","type":"image\/jpeg"}],"twitter_card":"summary_large_image","twitter_site":"@ViajaMenorca","twitter_misc":{"Tempo di lettura stimato":"1 minuto"},"schema":{"@context":"https:\/\/schema.org","@graph":[{"@type":"WebPage","@id":"https:\/\/www.viajamenorca.com\/it\/guida-turistica\/spiagge-e-calette\/costa-est\/","url":"https:\/\/www.viajamenorca.com\/it\/guida-turistica\/spiagge-e-calette\/costa-est\/","name":"Le migliori spiagge e calette della costa orientale di Minorca: guida","isPartOf":{"@id":"https:\/\/www.viajamenorca.com\/it\/#website"},"datePublished":"2017-02-17T23:12:36+00:00","dateModified":"2026-02-27T13:54:28+00:00","description":"\u26f1 Alcune delle migliori cale e spiagge situate sulla costa orientale dell'isola di Minorca - Guida alle spiagge e alle cale, incontaminate, bandiera blu","breadcrumb":{"@id":"https:\/\/www.viajamenorca.com\/it\/guida-turistica\/spiagge-e-calette\/costa-est\/#breadcrumb"},"inLanguage":"it-IT","potentialAction":[{"@type":"ReadAction","target":["https:\/\/www.viajamenorca.com\/it\/guida-turistica\/spiagge-e-calette\/costa-est\/"]}]},{"@type":"BreadcrumbList","@id":"https:\/\/www.viajamenorca.com\/it\/guida-turistica\/spiagge-e-calette\/costa-est\/#breadcrumb","itemListElement":[{"@type":"ListItem","position":1,"name":"Minorca Guida Turistica 2026","item":"https:\/\/www.viajamenorca.com\/it\/guida-turistica\/"},{"@type":"ListItem","position":2,"name":"Spiagge","item":"https:\/\/www.viajamenorca.com\/it\/guida-turistica\/spiagge-e-calette\/"},{"@type":"ListItem","position":3,"name":"Costa Est"}]},{"@type":"WebSite","@id":"https:\/\/www.viajamenorca.com\/it\/#website","url":"https:\/\/www.viajamenorca.com\/it\/","name":"Viaja a Menorca","description":"La tua avventura a Minorca inizia qui!","publisher":{"@id":"https:\/\/www.viajamenorca.com\/it\/#organization"},"alternateName":"Gu\u00eda tur\u00edstica de Menorca","potentialAction":[{"@type":"SearchAction","target":{"@type":"EntryPoint","urlTemplate":"https:\/\/www.viajamenorca.com\/it\/?s={search_term_string}"},"query-input":{"@type":"PropertyValueSpecification","valueRequired":true,"valueName":"search_term_string"}}],"inLanguage":"it-IT"},{"@type":"Organization","@id":"https:\/\/www.viajamenorca.com\/it\/#organization","name":"Viaja a Menorca - Gu\u00eda tur\u00edstica","alternateName":"Viaja a Menorca","url":"https:\/\/www.viajamenorca.com\/it\/","logo":{"@type":"ImageObject","inLanguage":"it-IT","@id":"https:\/\/www.viajamenorca.com\/it\/#\/schema\/logo\/image\/","url":"https:\/\/www.viajamenorca.com\/wp-content\/uploads\/2021\/11\/viajamenorca.jpg","contentUrl":"https:\/\/www.viajamenorca.com\/wp-content\/uploads\/2021\/11\/viajamenorca.jpg","width":714,"height":714,"caption":"Viaja a Menorca - Gu\u00eda tur\u00edstica"},"image":{"@id":"https:\/\/www.viajamenorca.com\/it\/#\/schema\/logo\/image\/"},"sameAs":["https:\/\/www.facebook.com\/ViajaMenorca\/","https:\/\/x.com\/ViajaMenorca","https:\/\/www.instagram.com\/viaja_menorca\/?hl=es","https:\/\/www.youtube.com\/channel\/UCWtpR3jxp79HeZ8zZfHLhXw"]}]}},"_links":{"self":[{"href":"https:\/\/www.viajamenorca.com\/it\/wp-json\/wp\/v2\/pages\/56238","targetHints":{"allow":["GET"]}}],"collection":[{"href":"https:\/\/www.viajamenorca.com\/it\/wp-json\/wp\/v2\/pages"}],"about":[{"href":"https:\/\/www.viajamenorca.com\/it\/wp-json\/wp\/v2\/types\/page"}],"author":[{"embeddable":true,"href":"https:\/\/www.viajamenorca.com\/it\/wp-json\/wp\/v2\/users\/1"}],"replies":[{"embeddable":true,"href":"https:\/\/www.viajamenorca.com\/it\/wp-json\/wp\/v2\/comments?post=56238"}],"version-history":[{"count":5,"href":"https:\/\/www.viajamenorca.com\/it\/wp-json\/wp\/v2\/pages\/56238\/revisions"}],"predecessor-version":[{"id":61114,"href":"https:\/\/www.viajamenorca.com\/it\/wp-json\/wp\/v2\/pages\/56238\/revisions\/61114"}],"up":[{"embeddable":true,"href":"https:\/\/www.viajamenorca.com\/it\/wp-json\/wp\/v2\/pages\/54065"}],"wp:attachment":[{"href":"https:\/\/www.viajamenorca.com\/it\/wp-json\/wp\/v2\/media?parent=56238"}],"curies":[{"name":"wp","href":"https:\/\/api.w.org\/{rel}","templated":true}]}}