{"id":56623,"date":"2019-02-02T01:29:15","date_gmt":"2019-02-02T01:29:15","guid":{"rendered":"https:\/\/www.viajamenorca.com\/guida-turistica\/spiagge-e-calette\/spiagge-vergini\/"},"modified":"2026-02-27T13:55:32","modified_gmt":"2026-02-27T13:55:32","slug":"spiagge-vergini","status":"publish","type":"page","link":"https:\/\/www.viajamenorca.com\/it\/guida-turistica\/spiagge-e-calette\/spiagge-vergini\/","title":{"rendered":"Spiagge vergini"},"content":{"rendered":"<h3><span style=\"font-size: 14pt; font-family: georgia, palatino, serif; color: #333333;\">Qui ti presentiamo alcune delle pi\u00f9 belle calette e spiagge vergini e paradisiache dell&#8217;isola di Minorca. Sono rimaste intatte nel tempo, resistendo al boom urbano degli ultimi decenni. <\/span><\/h3>\n\n\n<div class=\"gb-element-887b02bf\">\n<div>\n<\/div>\n\n\n\n<div class=\"gb-element-b65ce310\">\n<div style=\"height:21px\" aria-hidden=\"true\" class=\"wp-block-spacer\"><\/div>\n\n\n<div  class=\"search-filter-base search-filter-field search-filter-field--id-2 search-filter-field--type-choice search-filter-field--input-type-select search-filter-style--id-1 search-filter-style--choice-select search-filter-field--width-75\"  data-search-filter-id=\"2\" ><\/div>\n\n\n\n<div style=\"height:5px\" aria-hidden=\"true\" class=\"wp-block-spacer\"><\/div>\n\n\n<div  class=\"search-filter-base search-filter-field search-filter-field--id-1 search-filter-field--type-choice search-filter-field--input-type-select search-filter-style--id-1 search-filter-style--choice-select search-filter-field--width-75\"  data-search-filter-id=\"1\" ><\/div>\n\n\n\n<div style=\"height:5px\" aria-hidden=\"true\" class=\"wp-block-spacer\"><\/div>\n\n\n<div  class=\"search-filter-base search-filter-field search-filter-field--id-3 search-filter-field--type-choice search-filter-field--input-type-select search-filter-style--id-1 search-filter-style--choice-select search-filter-field--width-75\"  data-search-filter-id=\"3\" ><\/div>\n\n\n\n<div style=\"height:25px\" aria-hidden=\"true\" class=\"wp-block-spacer\"><\/div>\n<\/div>\n<\/div>\n\n\n\n<div class=\"gb-grid-wrapper gb-grid-wrapper-704b403b gb-query-loop-wrapper\">\n<div class=\"gb-grid-column gb-grid-column-69704bd6 gb-query-loop-item post-54853 post type-post status-publish format-standard has-post-thumbnail hentry category-costa-est category-spiagge-incontaminate tag-cala-rafalet tag-costa-sud tag-spiagge-sant-lluis\"><div class=\"gb-container gb-container-69704bd6\">\n<figure class=\"gb-block-image gb-block-image-f1347a96\"><a href=\"https:\/\/www.viajamenorca.com\/it\/guida-turistica\/spiagge-e-calette\/spiagge-incontaminate\/cala-rafalet\/\"><img decoding=\"async\" width=\"1080\" height=\"1440\" src=\"https:\/\/www.viajamenorca.com\/wp-content\/uploads\/2023\/02\/Cala-Rafalet-Jose-Lopez.jpg\" class=\"gb-image-f1347a96\" alt=\"\" srcset=\"https:\/\/www.viajamenorca.com\/wp-content\/uploads\/2023\/02\/Cala-Rafalet-Jose-Lopez.jpg 1080w, https:\/\/www.viajamenorca.com\/wp-content\/uploads\/2023\/02\/Cala-Rafalet-Jose-Lopez-263x350.jpg 263w, https:\/\/www.viajamenorca.com\/wp-content\/uploads\/2023\/02\/Cala-Rafalet-Jose-Lopez-768x1024.jpg 768w\" sizes=\"(max-width: 1080px) 100vw, 1080px\" \/><\/a><\/figure>\n\n<h2 class=\"gb-headline gb-headline-9ed6fb2e gb-headline-text\"><a href=\"https:\/\/www.viajamenorca.com\/it\/guida-turistica\/spiagge-e-calette\/spiagge-incontaminate\/cala-rafalet\/\">Cala Rafalet<\/a><\/h2>\n\n<div class=\"gb-headline gb-headline-5a6d9aa1 gb-headline-text\">Cala Rafalet, una piccola caletta incontaminata situata nel comune di Sant Llu\u00eds, si erge come un&#8217;oasi di pace e bellezza naturale sulla costa este di Minorca. Lontana dalla folla e &#8230;<\/div>\n\n<a class=\"gb-button gb-button-c425dfc4 gb-button-text\" href=\"https:\/\/www.viajamenorca.com\/it\/guida-turistica\/spiagge-e-calette\/spiagge-incontaminate\/cala-rafalet\/\">LEGGI TUTTO&#8230;<\/a>\n\n\n<hr class=\"wp-block-separator has-text-color has-alpha-channel-opacity has-background\" style=\"background-color:#e1e1e1;color:#e1e1e1\"\/>\n\n<\/div><\/div>\n\n<div class=\"gb-grid-column gb-grid-column-69704bd6 gb-query-loop-item post-55966 post type-post status-publish format-standard has-post-thumbnail hentry category-costa-nord category-spiagge-incontaminate tag-costa-norte tag-mongofre tag-playa-de-mongofre tag-playas-virgenes tag-spiagge\"><div class=\"gb-container gb-container-69704bd6\">\n<figure class=\"gb-block-image gb-block-image-f1347a96\"><a href=\"https:\/\/www.viajamenorca.com\/it\/guida-turistica\/spiagge-e-calette\/costa-nord\/sarenal-den-mongofre-es-savinar\/\"><img decoding=\"async\" width=\"2048\" height=\"1536\" src=\"https:\/\/www.viajamenorca.com\/wp-content\/uploads\/2022\/05\/mongofra.jpg\" class=\"gb-image-f1347a96\" alt=\"\" srcset=\"https:\/\/www.viajamenorca.com\/wp-content\/uploads\/2022\/05\/mongofra.jpg 2048w, https:\/\/www.viajamenorca.com\/wp-content\/uploads\/2022\/05\/mongofra-350x263.jpg 350w, https:\/\/www.viajamenorca.com\/wp-content\/uploads\/2022\/05\/mongofra-1024x768.jpg 1024w, https:\/\/www.viajamenorca.com\/wp-content\/uploads\/2022\/05\/mongofra-768x576.jpg 768w, https:\/\/www.viajamenorca.com\/wp-content\/uploads\/2022\/05\/mongofra-1536x1152.jpg 1536w\" sizes=\"(max-width: 2048px) 100vw, 2048px\" \/><\/a><\/figure>\n\n<h2 class=\"gb-headline gb-headline-9ed6fb2e gb-headline-text\"><a href=\"https:\/\/www.viajamenorca.com\/it\/guida-turistica\/spiagge-e-calette\/costa-nord\/sarenal-den-mongofre-es-savinar\/\">S&#8217;Arenal d&#8217;en Mongofre \/ Es Savinar<\/a><\/h2>\n\n<div class=\"gb-headline gb-headline-5a6d9aa1 gb-headline-text\">Questa spiaggia paradisiaca e di difficile accesso \u00e8 uno dei segreti meglio custoditi dell&#8217;isola. Si tratta di una delle spiagge pi\u00f9 belle ed esclusive che si possano trovare. Per raggiungere &#8230;<\/div>\n\n<a class=\"gb-button gb-button-c425dfc4 gb-button-text\" href=\"https:\/\/www.viajamenorca.com\/it\/guida-turistica\/spiagge-e-calette\/costa-nord\/sarenal-den-mongofre-es-savinar\/\">LEGGI TUTTO&#8230;<\/a>\n\n\n<hr class=\"wp-block-separator has-text-color has-alpha-channel-opacity has-background\" style=\"background-color:#e1e1e1;color:#e1e1e1\"\/>\n\n<\/div><\/div>\n\n<div class=\"gb-grid-column gb-grid-column-69704bd6 gb-query-loop-item post-55970 post type-post status-publish format-standard has-post-thumbnail hentry category-costa-sud category-spiagge-incontaminate tag-cala-galdana tag-cala-mitjana tag-ferrerias tag-ferreries tag-spiagge\"><div class=\"gb-container gb-container-69704bd6\">\n<figure class=\"gb-block-image gb-block-image-f1347a96\"><a href=\"https:\/\/www.viajamenorca.com\/it\/guida-turistica\/spiagge-e-calette\/costa-sud\/cala-mitjana\/\"><img decoding=\"async\" width=\"1390\" height=\"433\" src=\"https:\/\/www.viajamenorca.com\/wp-content\/uploads\/2019\/03\/pano-59.jpg\" class=\"gb-image-f1347a96\" alt=\"\" srcset=\"https:\/\/www.viajamenorca.com\/wp-content\/uploads\/2019\/03\/pano-59.jpg 1390w, https:\/\/www.viajamenorca.com\/wp-content\/uploads\/2019\/03\/pano-59-300x93.jpg 300w, https:\/\/www.viajamenorca.com\/wp-content\/uploads\/2019\/03\/pano-59-768x239.jpg 768w, https:\/\/www.viajamenorca.com\/wp-content\/uploads\/2019\/03\/pano-59-1024x319.jpg 1024w, https:\/\/www.viajamenorca.com\/wp-content\/uploads\/2019\/03\/pano-59-110x34.jpg 110w, https:\/\/www.viajamenorca.com\/wp-content\/uploads\/2019\/03\/pano-59-420x131.jpg 420w, https:\/\/www.viajamenorca.com\/wp-content\/uploads\/2019\/03\/pano-59-770x240.jpg 770w\" sizes=\"(max-width: 1390px) 100vw, 1390px\" \/><\/a><\/figure>\n\n<h2 class=\"gb-headline gb-headline-9ed6fb2e gb-headline-text\"><a href=\"https:\/\/www.viajamenorca.com\/it\/guida-turistica\/spiagge-e-calette\/costa-sud\/cala-mitjana\/\">Cala Mitjana<\/a><\/h2>\n\n<div class=\"gb-headline gb-headline-5a6d9aa1 gb-headline-text\">Cala Mitjana est\u00e1 situada a tan solo 7,5 kil\u00f3metros de Ferrer\u00edas sulla costa sud dell&#8217;isola di Minorca, ed \u00e8 vicinissima alla popolare zona turistica di Cala Santa Galdana. Una cala &#8230;<\/div>\n\n<a class=\"gb-button gb-button-c425dfc4 gb-button-text\" href=\"https:\/\/www.viajamenorca.com\/it\/guida-turistica\/spiagge-e-calette\/costa-sud\/cala-mitjana\/\">LEGGI TUTTO&#8230;<\/a>\n\n\n<hr class=\"wp-block-separator has-text-color has-alpha-channel-opacity has-background\" style=\"background-color:#e1e1e1;color:#e1e1e1\"\/>\n\n<\/div><\/div>\n\n<div class=\"gb-grid-column gb-grid-column-69704bd6 gb-query-loop-item post-56052 post type-post status-publish format-standard has-post-thumbnail hentry category-costa-sud category-spiagge-incontaminate tag-cala-macarella tag-cala-macarelleta tag-cittadella tag-insenature tag-spiagge\"><div class=\"gb-container gb-container-69704bd6\">\n<figure class=\"gb-block-image gb-block-image-f1347a96\"><a href=\"https:\/\/www.viajamenorca.com\/it\/guida-turistica\/spiagge-e-calette\/costa-sud\/cala-macarelleta\/\"><img decoding=\"async\" width=\"1024\" height=\"683\" src=\"https:\/\/www.viajamenorca.com\/wp-content\/uploads\/2017\/02\/IMG_0536.jpg\" class=\"gb-image-f1347a96\" alt=\"Minorca, Cala di Macarelleta\" srcset=\"https:\/\/www.viajamenorca.com\/wp-content\/uploads\/2017\/02\/IMG_0536.jpg 1024w, https:\/\/www.viajamenorca.com\/wp-content\/uploads\/2017\/02\/IMG_0536-300x200.jpg 300w, https:\/\/www.viajamenorca.com\/wp-content\/uploads\/2017\/02\/IMG_0536-768x512.jpg 768w, https:\/\/www.viajamenorca.com\/wp-content\/uploads\/2017\/02\/IMG_0536-110x73.jpg 110w, https:\/\/www.viajamenorca.com\/wp-content\/uploads\/2017\/02\/IMG_0536-420x280.jpg 420w, https:\/\/www.viajamenorca.com\/wp-content\/uploads\/2017\/02\/IMG_0536-645x430.jpg 645w\" sizes=\"(max-width: 1024px) 100vw, 1024px\" \/><\/a><\/figure>\n\n<h2 class=\"gb-headline gb-headline-9ed6fb2e gb-headline-text\"><a href=\"https:\/\/www.viajamenorca.com\/it\/guida-turistica\/spiagge-e-calette\/costa-sud\/cala-macarelleta\/\">Cala Macarelleta<\/a><\/h2>\n\n<div class=\"gb-headline gb-headline-5a6d9aa1 gb-headline-text\">Cala Macarelleta dista 14 km da Ciutadella sulla costa sud dell&#8217;isola. \u00c8 una delle calette pi\u00f9 famose e fotografate, compare in tutte le guide e cartoline di Minorca. Un paradiso &#8230;<\/div>\n\n<a class=\"gb-button gb-button-c425dfc4 gb-button-text\" href=\"https:\/\/www.viajamenorca.com\/it\/guida-turistica\/spiagge-e-calette\/costa-sud\/cala-macarelleta\/\">LEGGI TUTTO&#8230;<\/a>\n\n\n<hr class=\"wp-block-separator has-text-color has-alpha-channel-opacity has-background\" style=\"background-color:#e1e1e1;color:#e1e1e1\"\/>\n\n<\/div><\/div>\n\n<div class=\"gb-grid-column gb-grid-column-69704bd6 gb-query-loop-item post-56095 post type-post status-publish format-standard has-post-thumbnail hentry category-costa-nord category-spiagge-incontaminate tag-cavalleria-faro tag-guia-de-playas-y-calas tag-viola-cove\"><div class=\"gb-container gb-container-69704bd6\">\n<figure class=\"gb-block-image gb-block-image-f1347a96\"><a href=\"https:\/\/www.viajamenorca.com\/it\/guida-turistica\/spiagge-e-calette\/costa-nord\/viola-cove\/\"><img decoding=\"async\" width=\"768\" height=\"308\" src=\"https:\/\/www.viajamenorca.com\/wp-content\/uploads\/2017\/01\/IMG_20161212_163007a-768x308.jpg\" class=\"gb-image-f1347a96\" alt=\"\" srcset=\"https:\/\/www.viajamenorca.com\/wp-content\/uploads\/2017\/01\/IMG_20161212_163007a-768x308.jpg 768w, https:\/\/www.viajamenorca.com\/wp-content\/uploads\/2017\/01\/IMG_20161212_163007a-768x308-300x120.jpg 300w\" sizes=\"(max-width: 768px) 100vw, 768px\" \/><\/a><\/figure>\n\n<h2 class=\"gb-headline gb-headline-9ed6fb2e gb-headline-text\"><a href=\"https:\/\/www.viajamenorca.com\/it\/guida-turistica\/spiagge-e-calette\/costa-nord\/viola-cove\/\">Viola Cove<\/a><\/h2>\n\n<div class=\"gb-headline gb-headline-5a6d9aa1 gb-headline-text\">Una piccola cala molto vicina alla spiaggia della cavalleria spiaggia, il porto di Sa nitja e al faro di Cavalleria che puoi cogliere l&#8217;occasione di visitare. Con un&#8217;atmosfera tranquilla e &#8230;<\/div>\n\n<a class=\"gb-button gb-button-c425dfc4 gb-button-text\" href=\"https:\/\/www.viajamenorca.com\/it\/guida-turistica\/spiagge-e-calette\/costa-nord\/viola-cove\/\">LEGGI TUTTO&#8230;<\/a>\n\n\n<hr class=\"wp-block-separator has-text-color has-alpha-channel-opacity has-background\" style=\"background-color:#e1e1e1;color:#e1e1e1\"\/>\n\n<\/div><\/div>\n<\/div>\n\n\n<h3><span style=\"font-size: 14pt;\">Minorca, spiagge incontaminate<\/span><\/h3>","protected":false},"excerpt":{"rendered":"<p>Qui ti presentiamo alcune delle pi\u00f9 belle calette e spiagge vergini e paradisiache dell&#8217;isola di Minorca. Sono rimaste intatte nel tempo, resistendo al boom urbano degli ultimi decenni. Minorca, spiagge &#8230; <\/p>\n<p class=\"read-more-container\"><a title=\"Spiagge vergini\" class=\"read-more button\" href=\"https:\/\/www.viajamenorca.com\/it\/guida-turistica\/spiagge-e-calette\/spiagge-vergini\/#more-56623\" aria-label=\"Per saperne di pi\u00f9 su Spiagge vergini\">Leggi tutto<\/a><\/p>\n","protected":false},"author":1,"featured_media":54080,"parent":54065,"menu_order":0,"comment_status":"closed","ping_status":"closed","template":"","meta":{"_acf_changed":false,"footnotes":""},"class_list":{"0":"post-56623","1":"page","2":"type-page","3":"status-publish","4":"has-post-thumbnail","6":"resize-featured-image"},"acf":[],"yoast_head":"<!-- This site is optimized with the Yoast SEO plugin v27.4 - https:\/\/yoast.com\/product\/yoast-seo-wordpress\/ -->\n<title>Le migliori spiagge incontaminate di Minorca: Guida completa<\/title>\n<meta name=\"description\" content=\"Alcune delle migliori calette e spiagge incontaminate dell&#039;isola di Minorca, che sono rimaste intatte nel corso degli anni, resistendo al boom\" \/>\n<meta name=\"robots\" content=\"index, follow, max-snippet:-1, max-image-preview:large, max-video-preview:-1\" \/>\n<link rel=\"canonical\" href=\"https:\/\/www.viajamenorca.com\/it\/guida-turistica\/spiagge-e-calette\/spiagge-vergini\/\" \/>\n<meta property=\"og:locale\" content=\"it_IT\" \/>\n<meta property=\"og:type\" content=\"article\" \/>\n<meta property=\"og:title\" content=\"Le migliori spiagge incontaminate di Minorca: Guida completa\" \/>\n<meta property=\"og:description\" content=\"Alcune delle migliori calette e spiagge incontaminate dell&#039;isola di Minorca, che sono rimaste intatte nel corso degli anni, resistendo al boom\" \/>\n<meta property=\"og:url\" content=\"https:\/\/www.viajamenorca.com\/it\/guida-turistica\/spiagge-e-calette\/spiagge-vergini\/\" \/>\n<meta property=\"og:site_name\" content=\"Viaja a Menorca\" \/>\n<meta property=\"article:publisher\" content=\"https:\/\/www.facebook.com\/ViajaMenorca\/\" \/>\n<meta property=\"article:modified_time\" content=\"2026-02-27T13:55:32+00:00\" \/>\n<meta property=\"og:image\" content=\"https:\/\/www.viajamenorca.com\/wp-content\/uploads\/2017\/01\/DSC_0431.jpg\" \/>\n\t<meta property=\"og:image:width\" content=\"1024\" \/>\n\t<meta property=\"og:image:height\" content=\"576\" \/>\n\t<meta property=\"og:image:type\" content=\"image\/jpeg\" \/>\n<meta name=\"twitter:card\" content=\"summary_large_image\" \/>\n<meta name=\"twitter:site\" content=\"@ViajaMenorca\" \/>\n<meta name=\"twitter:label1\" content=\"Tempo di lettura stimato\" \/>\n\t<meta name=\"twitter:data1\" content=\"1 minuto\" \/>\n<script type=\"application\/ld+json\" class=\"yoast-schema-graph\">{\"@context\":\"https:\\\/\\\/schema.org\",\"@graph\":[{\"@type\":\"WebPage\",\"@id\":\"https:\\\/\\\/www.viajamenorca.com\\\/it\\\/guida-turistica\\\/spiagge-e-calette\\\/spiagge-vergini\\\/\",\"url\":\"https:\\\/\\\/www.viajamenorca.com\\\/it\\\/guida-turistica\\\/spiagge-e-calette\\\/spiagge-vergini\\\/\",\"name\":\"Le migliori spiagge incontaminate di Minorca: Guida completa\",\"isPartOf\":{\"@id\":\"https:\\\/\\\/www.viajamenorca.com\\\/it\\\/#website\"},\"primaryImageOfPage\":{\"@id\":\"https:\\\/\\\/www.viajamenorca.com\\\/it\\\/guida-turistica\\\/spiagge-e-calette\\\/spiagge-vergini\\\/#primaryimage\"},\"image\":{\"@id\":\"https:\\\/\\\/www.viajamenorca.com\\\/it\\\/guida-turistica\\\/spiagge-e-calette\\\/spiagge-vergini\\\/#primaryimage\"},\"thumbnailUrl\":\"https:\\\/\\\/www.viajamenorca.com\\\/wp-content\\\/uploads\\\/2017\\\/01\\\/DSC_0431.jpg\",\"datePublished\":\"2019-02-02T01:29:15+00:00\",\"dateModified\":\"2026-02-27T13:55:32+00:00\",\"description\":\"Alcune delle migliori calette e spiagge incontaminate dell'isola di Minorca, che sono rimaste intatte nel corso degli anni, resistendo al boom\",\"breadcrumb\":{\"@id\":\"https:\\\/\\\/www.viajamenorca.com\\\/it\\\/guida-turistica\\\/spiagge-e-calette\\\/spiagge-vergini\\\/#breadcrumb\"},\"inLanguage\":\"it-IT\",\"potentialAction\":[{\"@type\":\"ReadAction\",\"target\":[\"https:\\\/\\\/www.viajamenorca.com\\\/it\\\/guida-turistica\\\/spiagge-e-calette\\\/spiagge-vergini\\\/\"]}]},{\"@type\":\"ImageObject\",\"inLanguage\":\"it-IT\",\"@id\":\"https:\\\/\\\/www.viajamenorca.com\\\/it\\\/guida-turistica\\\/spiagge-e-calette\\\/spiagge-vergini\\\/#primaryimage\",\"url\":\"https:\\\/\\\/www.viajamenorca.com\\\/wp-content\\\/uploads\\\/2017\\\/01\\\/DSC_0431.jpg\",\"contentUrl\":\"https:\\\/\\\/www.viajamenorca.com\\\/wp-content\\\/uploads\\\/2017\\\/01\\\/DSC_0431.jpg\",\"width\":1024,\"height\":576},{\"@type\":\"BreadcrumbList\",\"@id\":\"https:\\\/\\\/www.viajamenorca.com\\\/it\\\/guida-turistica\\\/spiagge-e-calette\\\/spiagge-vergini\\\/#breadcrumb\",\"itemListElement\":[{\"@type\":\"ListItem\",\"position\":1,\"name\":\"Minorca Guida Turistica 2026\",\"item\":\"https:\\\/\\\/www.viajamenorca.com\\\/it\\\/guida-turistica\\\/\"},{\"@type\":\"ListItem\",\"position\":2,\"name\":\"Spiagge\",\"item\":\"https:\\\/\\\/www.viajamenorca.com\\\/it\\\/guida-turistica\\\/spiagge-e-calette\\\/\"},{\"@type\":\"ListItem\",\"position\":3,\"name\":\"Spiagge vergini\"}]},{\"@type\":\"WebSite\",\"@id\":\"https:\\\/\\\/www.viajamenorca.com\\\/it\\\/#website\",\"url\":\"https:\\\/\\\/www.viajamenorca.com\\\/it\\\/\",\"name\":\"Viaja a Menorca\",\"description\":\"La tua avventura a Minorca inizia qui!\",\"publisher\":{\"@id\":\"https:\\\/\\\/www.viajamenorca.com\\\/it\\\/#organization\"},\"alternateName\":\"Gu\u00eda tur\u00edstica de Menorca\",\"potentialAction\":[{\"@type\":\"SearchAction\",\"target\":{\"@type\":\"EntryPoint\",\"urlTemplate\":\"https:\\\/\\\/www.viajamenorca.com\\\/it\\\/?s={search_term_string}\"},\"query-input\":{\"@type\":\"PropertyValueSpecification\",\"valueRequired\":true,\"valueName\":\"search_term_string\"}}],\"inLanguage\":\"it-IT\"},{\"@type\":\"Organization\",\"@id\":\"https:\\\/\\\/www.viajamenorca.com\\\/it\\\/#organization\",\"name\":\"Viaja a Menorca - Gu\u00eda tur\u00edstica\",\"alternateName\":\"Viaja a Menorca\",\"url\":\"https:\\\/\\\/www.viajamenorca.com\\\/it\\\/\",\"logo\":{\"@type\":\"ImageObject\",\"inLanguage\":\"it-IT\",\"@id\":\"https:\\\/\\\/www.viajamenorca.com\\\/it\\\/#\\\/schema\\\/logo\\\/image\\\/\",\"url\":\"https:\\\/\\\/www.viajamenorca.com\\\/wp-content\\\/uploads\\\/2021\\\/11\\\/viajamenorca.jpg\",\"contentUrl\":\"https:\\\/\\\/www.viajamenorca.com\\\/wp-content\\\/uploads\\\/2021\\\/11\\\/viajamenorca.jpg\",\"width\":714,\"height\":714,\"caption\":\"Viaja a Menorca - Gu\u00eda tur\u00edstica\"},\"image\":{\"@id\":\"https:\\\/\\\/www.viajamenorca.com\\\/it\\\/#\\\/schema\\\/logo\\\/image\\\/\"},\"sameAs\":[\"https:\\\/\\\/www.facebook.com\\\/ViajaMenorca\\\/\",\"https:\\\/\\\/x.com\\\/ViajaMenorca\",\"https:\\\/\\\/www.instagram.com\\\/viaja_menorca\\\/?hl=es\",\"https:\\\/\\\/www.youtube.com\\\/channel\\\/UCWtpR3jxp79HeZ8zZfHLhXw\"]}]}<\/script>\n<!-- \/ Yoast SEO plugin. -->","yoast_head_json":{"title":"Le migliori spiagge incontaminate di Minorca: Guida completa","description":"Alcune delle migliori calette e spiagge incontaminate dell'isola di Minorca, che sono rimaste intatte nel corso degli anni, resistendo al boom","robots":{"index":"index","follow":"follow","max-snippet":"max-snippet:-1","max-image-preview":"max-image-preview:large","max-video-preview":"max-video-preview:-1"},"canonical":"https:\/\/www.viajamenorca.com\/it\/guida-turistica\/spiagge-e-calette\/spiagge-vergini\/","og_locale":"it_IT","og_type":"article","og_title":"Le migliori spiagge incontaminate di Minorca: Guida completa","og_description":"Alcune delle migliori calette e spiagge incontaminate dell'isola di Minorca, che sono rimaste intatte nel corso degli anni, resistendo al boom","og_url":"https:\/\/www.viajamenorca.com\/it\/guida-turistica\/spiagge-e-calette\/spiagge-vergini\/","og_site_name":"Viaja a Menorca","article_publisher":"https:\/\/www.facebook.com\/ViajaMenorca\/","article_modified_time":"2026-02-27T13:55:32+00:00","og_image":[{"width":1024,"height":576,"url":"https:\/\/www.viajamenorca.com\/wp-content\/uploads\/2017\/01\/DSC_0431.jpg","type":"image\/jpeg"}],"twitter_card":"summary_large_image","twitter_site":"@ViajaMenorca","twitter_misc":{"Tempo di lettura stimato":"1 minuto"},"schema":{"@context":"https:\/\/schema.org","@graph":[{"@type":"WebPage","@id":"https:\/\/www.viajamenorca.com\/it\/guida-turistica\/spiagge-e-calette\/spiagge-vergini\/","url":"https:\/\/www.viajamenorca.com\/it\/guida-turistica\/spiagge-e-calette\/spiagge-vergini\/","name":"Le migliori spiagge incontaminate di Minorca: Guida completa","isPartOf":{"@id":"https:\/\/www.viajamenorca.com\/it\/#website"},"primaryImageOfPage":{"@id":"https:\/\/www.viajamenorca.com\/it\/guida-turistica\/spiagge-e-calette\/spiagge-vergini\/#primaryimage"},"image":{"@id":"https:\/\/www.viajamenorca.com\/it\/guida-turistica\/spiagge-e-calette\/spiagge-vergini\/#primaryimage"},"thumbnailUrl":"https:\/\/www.viajamenorca.com\/wp-content\/uploads\/2017\/01\/DSC_0431.jpg","datePublished":"2019-02-02T01:29:15+00:00","dateModified":"2026-02-27T13:55:32+00:00","description":"Alcune delle migliori calette e spiagge incontaminate dell'isola di Minorca, che sono rimaste intatte nel corso degli anni, resistendo al boom","breadcrumb":{"@id":"https:\/\/www.viajamenorca.com\/it\/guida-turistica\/spiagge-e-calette\/spiagge-vergini\/#breadcrumb"},"inLanguage":"it-IT","potentialAction":[{"@type":"ReadAction","target":["https:\/\/www.viajamenorca.com\/it\/guida-turistica\/spiagge-e-calette\/spiagge-vergini\/"]}]},{"@type":"ImageObject","inLanguage":"it-IT","@id":"https:\/\/www.viajamenorca.com\/it\/guida-turistica\/spiagge-e-calette\/spiagge-vergini\/#primaryimage","url":"https:\/\/www.viajamenorca.com\/wp-content\/uploads\/2017\/01\/DSC_0431.jpg","contentUrl":"https:\/\/www.viajamenorca.com\/wp-content\/uploads\/2017\/01\/DSC_0431.jpg","width":1024,"height":576},{"@type":"BreadcrumbList","@id":"https:\/\/www.viajamenorca.com\/it\/guida-turistica\/spiagge-e-calette\/spiagge-vergini\/#breadcrumb","itemListElement":[{"@type":"ListItem","position":1,"name":"Minorca Guida Turistica 2026","item":"https:\/\/www.viajamenorca.com\/it\/guida-turistica\/"},{"@type":"ListItem","position":2,"name":"Spiagge","item":"https:\/\/www.viajamenorca.com\/it\/guida-turistica\/spiagge-e-calette\/"},{"@type":"ListItem","position":3,"name":"Spiagge vergini"}]},{"@type":"WebSite","@id":"https:\/\/www.viajamenorca.com\/it\/#website","url":"https:\/\/www.viajamenorca.com\/it\/","name":"Viaja a Menorca","description":"La tua avventura a Minorca inizia qui!","publisher":{"@id":"https:\/\/www.viajamenorca.com\/it\/#organization"},"alternateName":"Gu\u00eda tur\u00edstica de Menorca","potentialAction":[{"@type":"SearchAction","target":{"@type":"EntryPoint","urlTemplate":"https:\/\/www.viajamenorca.com\/it\/?s={search_term_string}"},"query-input":{"@type":"PropertyValueSpecification","valueRequired":true,"valueName":"search_term_string"}}],"inLanguage":"it-IT"},{"@type":"Organization","@id":"https:\/\/www.viajamenorca.com\/it\/#organization","name":"Viaja a Menorca - Gu\u00eda tur\u00edstica","alternateName":"Viaja a Menorca","url":"https:\/\/www.viajamenorca.com\/it\/","logo":{"@type":"ImageObject","inLanguage":"it-IT","@id":"https:\/\/www.viajamenorca.com\/it\/#\/schema\/logo\/image\/","url":"https:\/\/www.viajamenorca.com\/wp-content\/uploads\/2021\/11\/viajamenorca.jpg","contentUrl":"https:\/\/www.viajamenorca.com\/wp-content\/uploads\/2021\/11\/viajamenorca.jpg","width":714,"height":714,"caption":"Viaja a Menorca - Gu\u00eda tur\u00edstica"},"image":{"@id":"https:\/\/www.viajamenorca.com\/it\/#\/schema\/logo\/image\/"},"sameAs":["https:\/\/www.facebook.com\/ViajaMenorca\/","https:\/\/x.com\/ViajaMenorca","https:\/\/www.instagram.com\/viaja_menorca\/?hl=es","https:\/\/www.youtube.com\/channel\/UCWtpR3jxp79HeZ8zZfHLhXw"]}]}},"_links":{"self":[{"href":"https:\/\/www.viajamenorca.com\/it\/wp-json\/wp\/v2\/pages\/56623","targetHints":{"allow":["GET"]}}],"collection":[{"href":"https:\/\/www.viajamenorca.com\/it\/wp-json\/wp\/v2\/pages"}],"about":[{"href":"https:\/\/www.viajamenorca.com\/it\/wp-json\/wp\/v2\/types\/page"}],"author":[{"embeddable":true,"href":"https:\/\/www.viajamenorca.com\/it\/wp-json\/wp\/v2\/users\/1"}],"replies":[{"embeddable":true,"href":"https:\/\/www.viajamenorca.com\/it\/wp-json\/wp\/v2\/comments?post=56623"}],"version-history":[{"count":4,"href":"https:\/\/www.viajamenorca.com\/it\/wp-json\/wp\/v2\/pages\/56623\/revisions"}],"predecessor-version":[{"id":61115,"href":"https:\/\/www.viajamenorca.com\/it\/wp-json\/wp\/v2\/pages\/56623\/revisions\/61115"}],"up":[{"embeddable":true,"href":"https:\/\/www.viajamenorca.com\/it\/wp-json\/wp\/v2\/pages\/54065"}],"wp:featuredmedia":[{"embeddable":true,"href":"https:\/\/www.viajamenorca.com\/it\/wp-json\/wp\/v2\/media\/54080"}],"wp:attachment":[{"href":"https:\/\/www.viajamenorca.com\/it\/wp-json\/wp\/v2\/media?parent=56623"}],"curies":[{"name":"wp","href":"https:\/\/api.w.org\/{rel}","templated":true}]}}