{"id":58448,"date":"2025-02-26T14:26:25","date_gmt":"2025-02-26T14:26:25","guid":{"rendered":"https:\/\/www.viajamenorca.com\/rivista\/minorca\/"},"modified":"2026-02-27T14:09:40","modified_gmt":"2026-02-27T14:09:40","slug":"altri-articoli","status":"publish","type":"page","link":"https:\/\/www.viajamenorca.com\/it\/rivista\/altri-articoli\/","title":{"rendered":"M\u00e1s art\u00edculos sobre Menorca"},"content":{"rendered":"\n<h3><span style=\"font-size: 13pt;\"><a href=\"https:\/\/www.viajamenorca.com\/it\/rivista\/\"><span class=\"page-numbers current\" aria-current=\"page\">1<\/span> <\/a>2 <a href=\"https:\/\/www.viajamenorca.com\/it\/rivista\/\">Precedente \u2190<\/a><\/span><\/h3>\n\n\n\n<div class=\"gb-grid-wrapper gb-grid-wrapper-bedb5b0c gb-query-loop-wrapper\"><\/div>\n\n\n\n<h3><span style=\"font-size: 13pt;\"><a href=\"https:\/\/www.viajamenorca.com\/it\/rivista\/\"><span class=\"page-numbers current\" aria-current=\"page\">1<\/span> <\/a>2 <a href=\"https:\/\/www.viajamenorca.com\/it\/rivista\/\">Precedente \u2190<\/a><\/span><\/h3>\n<hr \/>\n<p>Scoprire <a href=\"https:\/\/www.viajamenorca.com\/it\/rivista\/\"><strong>altri articoli su Minorca<\/strong><\/a>La nostra rivista: programmi, spiagge, gastronomia e consigli per il tuo viaggio. Esplora la nostra rivista e innamorati dell&#8217;isola con guide, consigli e curiosit\u00e0 per vivere al meglio il tuo soggiorno. \ud83d\udc49 <a title=\"Blog | Rivista di turismo\" href=\"https:\/\/www.viajamenorca.com\/it\/rivista\/\" rel=\"\"><strong>Blog | Rivista di turismo &#8221; <span class=\"breadcrumb_last\" aria-current=\"page\">\ud83d\udcf0<\/span><\/strong><\/a><\/p>\n","protected":false},"excerpt":{"rendered":"<p>1 2 Precedente \u2190 1 2 Precedente \u2190 Scoprire altri articoli su MinorcaLa nostra rivista: programmi, spiagge, gastronomia e consigli per il tuo viaggio. Esplora la nostra rivista e innamorati &#8230; <\/p>\n<p class=\"read-more-container\"><a title=\"M\u00e1s art\u00edculos sobre Menorca\" class=\"read-more button\" href=\"https:\/\/www.viajamenorca.com\/it\/rivista\/altri-articoli\/#more-58448\" aria-label=\"Per saperne di pi\u00f9 su M\u00e1s art\u00edculos sobre Menorca\">Leggi tutto<\/a><\/p>\n","protected":false},"author":1,"featured_media":53278,"parent":53265,"menu_order":0,"comment_status":"closed","ping_status":"closed","template":"","meta":{"_acf_changed":false,"footnotes":""},"class_list":{"0":"post-58448","1":"page","2":"type-page","3":"status-publish","4":"has-post-thumbnail","6":"resize-featured-image"},"acf":[],"yoast_head":"<!-- This site is optimized with the Yoast SEO plugin v27.4 - https:\/\/yoast.com\/product\/yoast-seo-wordpress\/ -->\n<title>M\u00e1s art\u00edculos sobre Menorca - Viaja a Menorca<\/title>\n<meta name=\"description\" content=\"Scopri altri articoli su Minorca: programmi, spiagge, gastronomia e consigli per il tuo viaggio. Esplora la nostra rivista e innamorati dell\" \/>\n<meta name=\"robots\" content=\"index, follow, max-snippet:-1, max-image-preview:large, max-video-preview:-1\" \/>\n<link rel=\"canonical\" href=\"https:\/\/www.viajamenorca.com\/it\/rivista\/altri-articoli\/\" \/>\n<meta property=\"og:locale\" content=\"it_IT\" \/>\n<meta property=\"og:type\" content=\"article\" \/>\n<meta property=\"og:title\" content=\"M\u00e1s art\u00edculos sobre Menorca - Viaja a Menorca\" \/>\n<meta property=\"og:description\" content=\"Scopri altri articoli su Minorca: programmi, spiagge, gastronomia e consigli per il tuo viaggio. Esplora la nostra rivista e innamorati dell\" \/>\n<meta property=\"og:url\" content=\"https:\/\/www.viajamenorca.com\/it\/rivista\/altri-articoli\/\" \/>\n<meta property=\"og:site_name\" content=\"Viaja a Menorca\" \/>\n<meta property=\"article:publisher\" content=\"https:\/\/www.facebook.com\/ViajaMenorca\/\" \/>\n<meta property=\"article:modified_time\" content=\"2026-02-27T14:09:40+00:00\" \/>\n<meta property=\"og:image\" content=\"https:\/\/www.viajamenorca.com\/wp-content\/uploads\/2025\/02\/revista_menorca.jpg\" \/>\n\t<meta property=\"og:image:width\" content=\"1485\" \/>\n\t<meta property=\"og:image:height\" content=\"1080\" \/>\n\t<meta property=\"og:image:type\" content=\"image\/jpeg\" \/>\n<meta name=\"twitter:card\" content=\"summary_large_image\" \/>\n<meta name=\"twitter:site\" content=\"@ViajaMenorca\" \/>\n<meta name=\"twitter:label1\" content=\"Tempo di lettura stimato\" \/>\n\t<meta name=\"twitter:data1\" content=\"1 minuto\" \/>\n<script type=\"application\/ld+json\" class=\"yoast-schema-graph\">{\"@context\":\"https:\\\/\\\/schema.org\",\"@graph\":[{\"@type\":\"WebPage\",\"@id\":\"https:\\\/\\\/www.viajamenorca.com\\\/it\\\/rivista\\\/altri-articoli\\\/\",\"url\":\"https:\\\/\\\/www.viajamenorca.com\\\/it\\\/rivista\\\/altri-articoli\\\/\",\"name\":\"M\u00e1s art\u00edculos sobre Menorca - Viaja a Menorca\",\"isPartOf\":{\"@id\":\"https:\\\/\\\/www.viajamenorca.com\\\/it\\\/#website\"},\"primaryImageOfPage\":{\"@id\":\"https:\\\/\\\/www.viajamenorca.com\\\/it\\\/rivista\\\/altri-articoli\\\/#primaryimage\"},\"image\":{\"@id\":\"https:\\\/\\\/www.viajamenorca.com\\\/it\\\/rivista\\\/altri-articoli\\\/#primaryimage\"},\"thumbnailUrl\":\"https:\\\/\\\/www.viajamenorca.com\\\/wp-content\\\/uploads\\\/2025\\\/02\\\/revista_menorca.jpg\",\"datePublished\":\"2025-02-26T14:26:25+00:00\",\"dateModified\":\"2026-02-27T14:09:40+00:00\",\"description\":\"Scopri altri articoli su Minorca: programmi, spiagge, gastronomia e consigli per il tuo viaggio. Esplora la nostra rivista e innamorati dell\",\"breadcrumb\":{\"@id\":\"https:\\\/\\\/www.viajamenorca.com\\\/it\\\/rivista\\\/altri-articoli\\\/#breadcrumb\"},\"inLanguage\":\"it-IT\",\"potentialAction\":[{\"@type\":\"ReadAction\",\"target\":[\"https:\\\/\\\/www.viajamenorca.com\\\/it\\\/rivista\\\/altri-articoli\\\/\"]}]},{\"@type\":\"ImageObject\",\"inLanguage\":\"it-IT\",\"@id\":\"https:\\\/\\\/www.viajamenorca.com\\\/it\\\/rivista\\\/altri-articoli\\\/#primaryimage\",\"url\":\"https:\\\/\\\/www.viajamenorca.com\\\/wp-content\\\/uploads\\\/2025\\\/02\\\/revista_menorca.jpg\",\"contentUrl\":\"https:\\\/\\\/www.viajamenorca.com\\\/wp-content\\\/uploads\\\/2025\\\/02\\\/revista_menorca.jpg\",\"width\":1485,\"height\":1080},{\"@type\":\"BreadcrumbList\",\"@id\":\"https:\\\/\\\/www.viajamenorca.com\\\/it\\\/rivista\\\/altri-articoli\\\/#breadcrumb\",\"itemListElement\":[{\"@type\":\"ListItem\",\"position\":1,\"name\":\"Blog | Rivista turistica \ud83d\udcf0\",\"item\":\"https:\\\/\\\/www.viajamenorca.com\\\/it\\\/rivista\\\/\"},{\"@type\":\"ListItem\",\"position\":2,\"name\":\"2\"}]},{\"@type\":\"WebSite\",\"@id\":\"https:\\\/\\\/www.viajamenorca.com\\\/it\\\/#website\",\"url\":\"https:\\\/\\\/www.viajamenorca.com\\\/it\\\/\",\"name\":\"Viaja a Menorca\",\"description\":\"La tua avventura a Minorca inizia qui!\",\"publisher\":{\"@id\":\"https:\\\/\\\/www.viajamenorca.com\\\/it\\\/#organization\"},\"alternateName\":\"Gu\u00eda tur\u00edstica de Menorca\",\"potentialAction\":[{\"@type\":\"SearchAction\",\"target\":{\"@type\":\"EntryPoint\",\"urlTemplate\":\"https:\\\/\\\/www.viajamenorca.com\\\/it\\\/?s={search_term_string}\"},\"query-input\":{\"@type\":\"PropertyValueSpecification\",\"valueRequired\":true,\"valueName\":\"search_term_string\"}}],\"inLanguage\":\"it-IT\"},{\"@type\":\"Organization\",\"@id\":\"https:\\\/\\\/www.viajamenorca.com\\\/it\\\/#organization\",\"name\":\"Viaja a Menorca - Gu\u00eda tur\u00edstica\",\"alternateName\":\"Viaja a Menorca\",\"url\":\"https:\\\/\\\/www.viajamenorca.com\\\/it\\\/\",\"logo\":{\"@type\":\"ImageObject\",\"inLanguage\":\"it-IT\",\"@id\":\"https:\\\/\\\/www.viajamenorca.com\\\/it\\\/#\\\/schema\\\/logo\\\/image\\\/\",\"url\":\"https:\\\/\\\/www.viajamenorca.com\\\/wp-content\\\/uploads\\\/2021\\\/11\\\/viajamenorca.jpg\",\"contentUrl\":\"https:\\\/\\\/www.viajamenorca.com\\\/wp-content\\\/uploads\\\/2021\\\/11\\\/viajamenorca.jpg\",\"width\":714,\"height\":714,\"caption\":\"Viaja a Menorca - Gu\u00eda tur\u00edstica\"},\"image\":{\"@id\":\"https:\\\/\\\/www.viajamenorca.com\\\/it\\\/#\\\/schema\\\/logo\\\/image\\\/\"},\"sameAs\":[\"https:\\\/\\\/www.facebook.com\\\/ViajaMenorca\\\/\",\"https:\\\/\\\/x.com\\\/ViajaMenorca\",\"https:\\\/\\\/www.instagram.com\\\/viaja_menorca\\\/?hl=es\",\"https:\\\/\\\/www.youtube.com\\\/channel\\\/UCWtpR3jxp79HeZ8zZfHLhXw\"]}]}<\/script>\n<!-- \/ Yoast SEO plugin. -->","yoast_head_json":{"title":"M\u00e1s art\u00edculos sobre Menorca - Viaja a Menorca","description":"Scopri altri articoli su Minorca: programmi, spiagge, gastronomia e consigli per il tuo viaggio. Esplora la nostra rivista e innamorati dell","robots":{"index":"index","follow":"follow","max-snippet":"max-snippet:-1","max-image-preview":"max-image-preview:large","max-video-preview":"max-video-preview:-1"},"canonical":"https:\/\/www.viajamenorca.com\/it\/rivista\/altri-articoli\/","og_locale":"it_IT","og_type":"article","og_title":"M\u00e1s art\u00edculos sobre Menorca - Viaja a Menorca","og_description":"Scopri altri articoli su Minorca: programmi, spiagge, gastronomia e consigli per il tuo viaggio. Esplora la nostra rivista e innamorati dell","og_url":"https:\/\/www.viajamenorca.com\/it\/rivista\/altri-articoli\/","og_site_name":"Viaja a Menorca","article_publisher":"https:\/\/www.facebook.com\/ViajaMenorca\/","article_modified_time":"2026-02-27T14:09:40+00:00","og_image":[{"width":1485,"height":1080,"url":"https:\/\/www.viajamenorca.com\/wp-content\/uploads\/2025\/02\/revista_menorca.jpg","type":"image\/jpeg"}],"twitter_card":"summary_large_image","twitter_site":"@ViajaMenorca","twitter_misc":{"Tempo di lettura stimato":"1 minuto"},"schema":{"@context":"https:\/\/schema.org","@graph":[{"@type":"WebPage","@id":"https:\/\/www.viajamenorca.com\/it\/rivista\/altri-articoli\/","url":"https:\/\/www.viajamenorca.com\/it\/rivista\/altri-articoli\/","name":"M\u00e1s art\u00edculos sobre Menorca - Viaja a Menorca","isPartOf":{"@id":"https:\/\/www.viajamenorca.com\/it\/#website"},"primaryImageOfPage":{"@id":"https:\/\/www.viajamenorca.com\/it\/rivista\/altri-articoli\/#primaryimage"},"image":{"@id":"https:\/\/www.viajamenorca.com\/it\/rivista\/altri-articoli\/#primaryimage"},"thumbnailUrl":"https:\/\/www.viajamenorca.com\/wp-content\/uploads\/2025\/02\/revista_menorca.jpg","datePublished":"2025-02-26T14:26:25+00:00","dateModified":"2026-02-27T14:09:40+00:00","description":"Scopri altri articoli su Minorca: programmi, spiagge, gastronomia e consigli per il tuo viaggio. Esplora la nostra rivista e innamorati dell","breadcrumb":{"@id":"https:\/\/www.viajamenorca.com\/it\/rivista\/altri-articoli\/#breadcrumb"},"inLanguage":"it-IT","potentialAction":[{"@type":"ReadAction","target":["https:\/\/www.viajamenorca.com\/it\/rivista\/altri-articoli\/"]}]},{"@type":"ImageObject","inLanguage":"it-IT","@id":"https:\/\/www.viajamenorca.com\/it\/rivista\/altri-articoli\/#primaryimage","url":"https:\/\/www.viajamenorca.com\/wp-content\/uploads\/2025\/02\/revista_menorca.jpg","contentUrl":"https:\/\/www.viajamenorca.com\/wp-content\/uploads\/2025\/02\/revista_menorca.jpg","width":1485,"height":1080},{"@type":"BreadcrumbList","@id":"https:\/\/www.viajamenorca.com\/it\/rivista\/altri-articoli\/#breadcrumb","itemListElement":[{"@type":"ListItem","position":1,"name":"Blog | Rivista turistica \ud83d\udcf0","item":"https:\/\/www.viajamenorca.com\/it\/rivista\/"},{"@type":"ListItem","position":2,"name":"2"}]},{"@type":"WebSite","@id":"https:\/\/www.viajamenorca.com\/it\/#website","url":"https:\/\/www.viajamenorca.com\/it\/","name":"Viaja a Menorca","description":"La tua avventura a Minorca inizia qui!","publisher":{"@id":"https:\/\/www.viajamenorca.com\/it\/#organization"},"alternateName":"Gu\u00eda tur\u00edstica de Menorca","potentialAction":[{"@type":"SearchAction","target":{"@type":"EntryPoint","urlTemplate":"https:\/\/www.viajamenorca.com\/it\/?s={search_term_string}"},"query-input":{"@type":"PropertyValueSpecification","valueRequired":true,"valueName":"search_term_string"}}],"inLanguage":"it-IT"},{"@type":"Organization","@id":"https:\/\/www.viajamenorca.com\/it\/#organization","name":"Viaja a Menorca - Gu\u00eda tur\u00edstica","alternateName":"Viaja a Menorca","url":"https:\/\/www.viajamenorca.com\/it\/","logo":{"@type":"ImageObject","inLanguage":"it-IT","@id":"https:\/\/www.viajamenorca.com\/it\/#\/schema\/logo\/image\/","url":"https:\/\/www.viajamenorca.com\/wp-content\/uploads\/2021\/11\/viajamenorca.jpg","contentUrl":"https:\/\/www.viajamenorca.com\/wp-content\/uploads\/2021\/11\/viajamenorca.jpg","width":714,"height":714,"caption":"Viaja a Menorca - Gu\u00eda tur\u00edstica"},"image":{"@id":"https:\/\/www.viajamenorca.com\/it\/#\/schema\/logo\/image\/"},"sameAs":["https:\/\/www.facebook.com\/ViajaMenorca\/","https:\/\/x.com\/ViajaMenorca","https:\/\/www.instagram.com\/viaja_menorca\/?hl=es","https:\/\/www.youtube.com\/channel\/UCWtpR3jxp79HeZ8zZfHLhXw"]}]}},"_links":{"self":[{"href":"https:\/\/www.viajamenorca.com\/it\/wp-json\/wp\/v2\/pages\/58448","targetHints":{"allow":["GET"]}}],"collection":[{"href":"https:\/\/www.viajamenorca.com\/it\/wp-json\/wp\/v2\/pages"}],"about":[{"href":"https:\/\/www.viajamenorca.com\/it\/wp-json\/wp\/v2\/types\/page"}],"author":[{"embeddable":true,"href":"https:\/\/www.viajamenorca.com\/it\/wp-json\/wp\/v2\/users\/1"}],"replies":[{"embeddable":true,"href":"https:\/\/www.viajamenorca.com\/it\/wp-json\/wp\/v2\/comments?post=58448"}],"version-history":[{"count":4,"href":"https:\/\/www.viajamenorca.com\/it\/wp-json\/wp\/v2\/pages\/58448\/revisions"}],"predecessor-version":[{"id":61142,"href":"https:\/\/www.viajamenorca.com\/it\/wp-json\/wp\/v2\/pages\/58448\/revisions\/61142"}],"up":[{"embeddable":true,"href":"https:\/\/www.viajamenorca.com\/it\/wp-json\/wp\/v2\/pages\/53265"}],"wp:featuredmedia":[{"embeddable":true,"href":"https:\/\/www.viajamenorca.com\/it\/wp-json\/wp\/v2\/media\/53278"}],"wp:attachment":[{"href":"https:\/\/www.viajamenorca.com\/it\/wp-json\/wp\/v2\/media?parent=58448"}],"curies":[{"name":"wp","href":"https:\/\/api.w.org\/{rel}","templated":true}]}}