{"id":61284,"date":"2026-02-28T01:04:31","date_gmt":"2026-02-28T01:04:31","guid":{"rendered":"https:\/\/www.viajamenorca.com\/contatti\/avviso-legale\/cookie-policy\/"},"modified":"2026-02-28T02:59:15","modified_gmt":"2026-02-28T02:59:15","slug":"politica-sui-cookie","status":"publish","type":"page","link":"https:\/\/www.viajamenorca.com\/it\/contatti\/avviso-legale\/politica-sui-cookie\/","title":{"rendered":"Politica sui cookie"},"content":{"rendered":"<p>Data di entrata in vigore: 28 febbraio 2026<\/p>\n<h2>Cosa sono i cookie?<\/h2>\n<p>Un cookie \u00e8 un piccolo file di testo che viene memorizzato nel browser dell&#8217;utente quando visita quasi tutte le pagine web. La sua utilit\u00e0 \u00e8 quella di consentire al sito web di ricordare la visita dell&#8217;utente quando torna a navigare su quella pagina. I cookie memorizzano solitamente informazioni di carattere tecnico, preferenze personali, personalizzazione dei contenuti, statistiche di utilizzo, collegamenti ai social network, accesso agli account utente, ecc. Lo scopo dei cookie \u00e8 quello di adattare il contenuto del sito web al tuo profilo e alle tue esigenze; senza cookie, i servizi offerti da qualsiasi pagina sarebbero notevolmente ridotti. Se desideri ulteriori informazioni su cosa sono i cookie, cosa memorizzano, come eliminarli, disattivarli, ecc., <a href=\"https:\/\/www.viajamenorca.com\/it\/contatti\/avviso-legale\/politica-sui-cookie\/maggiori-informazioni-sui-cookie\/\">ti preghiamo di consultare questo link<\/a>.<\/p>\n<h2>Cookie utilizzati in questo sito web<\/h2>\n<p>In conformit\u00e0 con le linee guida dell&#8217;Agenzia spagnola per la protezione dei dati, procediamo a descrivere in dettaglio l&#8217;uso dei cookie da parte di questo sito web al fine di fornire informazioni il pi\u00f9 accurate possibile.<\/p>\n<p>Questo sito web utilizza i seguenti cookie propri:<\/p>\n<ul>\n<li>Cookie di sessione, per garantire che gli utenti che scrivono commenti sul blog siano esseri umani e non applicazioni automatizzate. In questo modo si combatte lo spam.<\/li>\n<\/ul>\n<p>Questo sito web utilizza i seguenti cookie di terze parti:<\/p>\n<ul>\n<li>Google Analytics: memorizza i cookie per elaborare statistiche sul traffico e sul volume delle visite di questo sito web. Utilizzando questo sito web, acconsenti al trattamento delle informazioni che ti riguardano da parte di Google. Pertanto, l&#8217;esercizio di qualsiasi diritto in tal senso dovr\u00e0 essere comunicato direttamente a Google.<\/li>\n<li>Social network: ogni social network utilizza i propri cookie per consentirti di cliccare sui pulsanti \u201cMi piace\u201d o \u201cCondividi\u201d.<\/li>\n<\/ul>\n<h2><span dir=\"auto\">Come utilizziamo i cookie?<br \/><\/span><\/h2>\n<p>Come la maggior parte dei servizi online, il nostro sito web utilizza cookie propri e di terze parti per diversi scopi. I cookie propri sono necessari principalmente per il corretto funzionamento del sito web e non raccolgono dati personali.<\/p>\n<p>I cookie di terze parti utilizzati nel nostro sito web servono principalmente a comprendere il funzionamento del sito web, come interagisci con esso, a mantenere sicuri i nostri servizi, a offrirti annunci pubblicitari pertinenti e, in generale, a offrirti una migliore esperienza utente e ad aiutarti ad accelerare le tue future interazioni con il nostro sito web.<\/p>\n<p>[wcc_category_list]<\/p>\n<h2>Gestisci le preferenze dei cookie<\/h2>\n<p>\u00c8 possibile modificare le preferenze relative ai cookie in qualsiasi momento cliccando sul pulsante [wcc_preference_button] . Ci\u00f2 consentir\u00e0 di tornare al banner di consenso ai cookie e modificare le preferenze o revocare immediatamente il consenso. Inoltre, ogni browser offre diversi metodi per bloccare ed eliminare i cookie utilizzati dai siti web. \u00c8 possibile modificare le impostazioni del browser per bloccare o eliminare i cookie. Di seguito troverai i link ai documenti di supporto su come gestire ed eliminare i cookie dai principali browser web.<\/p>\n<p>Chrome: <a href=\"https:\/\/support.google.com\/accounts\/answer\/32050\" target=\"_blank\" rel=\"nofollow noopener\"> https:\/\/support.google.com\/accounts\/answer\/32050<\/a><\/p>\n<p>Safari: <a href=\"https:\/\/support.apple.com\/en-in\/guide\/safari\/sfri11471\/mac\" target=\"_blank\" rel=\"nofollow noopener\">https:\/\/support.apple.com\/en-in\/guide\/safari\/sfri11471\/mac<\/a><\/p>\n<p>Firefox: <a href=\"https:\/\/support.mozilla.org\/en-US\/kb\/clear-cookies-and-site-data-firefox?redirectslug=delete-cookies-remove-info-websites-stored&amp;redirectlocale=en-US\" target=\"_blank\" rel=\"nofollow noopener\">https:\/\/support.mozilla.org\/en-US\/kb\/clear-cookies-and-site-data-firefox?redirectslug=delete-cookies-remove-info-websites-stored&amp;redirectlocale=en-US<\/a><\/p>\n<p>Microsoft Edge: <a href=\"https:\/\/support.microsoft.com\/en-us\/microsoft-edge\/delete-cookies-in-microsoft-edge-63947406-40ac-c3b8-57b9-2a946a29ae09\" target=\"_blank\" rel=\"nofollow noopener\"> Delete cookies in Microsoft Edge &#8211; Microsoft Support<\/a><\/p>\n<p>Se utilizzi un altro browser web, consulta la documentazione di supporto ufficiale del tuo browser.<\/p>\n<h2>Disattivazione o eliminazione dei cookie<\/h2>\n<p>In qualsiasi momento potrai esercitare il tuo diritto di disattivare o eliminare i cookie da questo sito web. Queste azioni vengono eseguite in modo diverso a seconda del browser che stai utilizzando. <a href=\"https:\/\/www.viajamenorca.com\/it\/contatti\/avviso-legale\/politica-sui-cookie\/maggiori-informazioni-sui-cookie\/\">Ecco una guida rapida per i browser pi\u00f9 diffusi<\/a>.<\/p>\n<h2>Note aggiuntive<\/h2>\n<ul>\n<li>N\u00e9 questo sito web n\u00e9 i suoi rappresentanti legali sono responsabili del contenuto o della veridicit\u00e0 delle politiche sulla privacy che potrebbero avere i terzi menzionati nella presente informativa sui cookie.<\/li>\n<li>I browser web sono gli strumenti incaricati di memorizzare i cookie e da qui \u00e8 possibile esercitare il proprio diritto di eliminarli o disattivarli. N\u00e9 questo sito web n\u00e9 i suoi rappresentanti legali possono garantire la corretta o errata gestione dei cookie da parte dei suddetti browser.<\/li>\n<li>In alcuni casi \u00e8 necessario installare i cookie affinch\u00e9 il browser non dimentichi la tua decisione di non accettarli.<\/li>\n<li>Nel caso dei cookie di Google Analytics, questa azienda memorizza i cookie su server situati negli Stati Uniti e si impegna a non condividerli con terzi, tranne nei casi in cui ci\u00f2 sia necessario per il funzionamento del sistema o quando la legge lo richieda. Secondo Google, non viene memorizzato l&#8217;indirizzo IP dell&#8217;utente. Google Inc. \u00e8 una societ\u00e0 aderente all&#8217;Accordo Safe Harbor che garantisce che tutti i dati trasferiti saranno trattati con un livello di protezione conforme alla normativa europea. \u00c8 possibile consultare informazioni dettagliate al riguardo a <a href=\"https:\/\/support.google.com\/analytics\/answer\/6004245\" target=\"_blank\" rel=\"nofollow noopener\">questo link<\/a>. Se desiderate informazioni sull&#8217;uso che Google fa dei cookie, vi <a href=\"https:\/\/developers.google.com\/analytics?hl=es\" target=\"_blank\" rel=\"nofollow noopener\">alleghiamo questo altro link<\/a>.<\/li>\n<li>Per qualsiasi domanda o dubbio riguardo alla presente politica sui cookie, non esitate a contattarci tramite la sezione contatti.<\/li>\n<\/ul>\n\n","protected":false},"excerpt":{"rendered":"<p>Data di entrata in vigore: 28 febbraio 2026 Cosa sono i cookie? Un cookie \u00e8 un piccolo file di testo che viene memorizzato nel browser dell&#8217;utente quando visita quasi tutte &#8230; <\/p>\n<p class=\"read-more-container\"><a title=\"Politica sui cookie\" class=\"read-more button\" href=\"https:\/\/www.viajamenorca.com\/it\/contatti\/avviso-legale\/politica-sui-cookie\/#more-61284\" aria-label=\"Per saperne di pi\u00f9 su Politica sui cookie\">Leggi tutto<\/a><\/p>\n","protected":false},"author":1,"featured_media":0,"parent":61163,"menu_order":0,"comment_status":"closed","ping_status":"closed","template":"","meta":{"_acf_changed":false,"footnotes":""},"class_list":["post-61284","page","type-page","status-publish"],"acf":[],"yoast_head":"<!-- This site is optimized with the Yoast SEO plugin v27.4 - https:\/\/yoast.com\/product\/yoast-seo-wordpress\/ -->\n<title>Politica sui cookie - Viaja a Menorca<\/title>\n<meta name=\"description\" content=\"Un cookie \u00e8 un piccolo file di testo che viene memorizzato nel browser dell&#039;utente quando visita quasi tutte le pagine web. La sua utilit\u00e0 \u00e8\" \/>\n<meta name=\"robots\" content=\"noindex, nofollow\" \/>\n<meta property=\"og:locale\" content=\"it_IT\" \/>\n<meta property=\"og:type\" content=\"article\" \/>\n<meta property=\"og:title\" content=\"Politica sui cookie - Viaja a Menorca\" \/>\n<meta property=\"og:description\" content=\"Un cookie \u00e8 un piccolo file di testo che viene memorizzato nel browser dell&#039;utente quando visita quasi tutte le pagine web. La sua utilit\u00e0 \u00e8\" \/>\n<meta property=\"og:url\" content=\"https:\/\/www.viajamenorca.com\/it\/contatti\/avviso-legale\/politica-sui-cookie\/\" \/>\n<meta property=\"og:site_name\" content=\"Viaja a Menorca\" \/>\n<meta property=\"article:publisher\" content=\"https:\/\/www.facebook.com\/ViajaMenorca\/\" \/>\n<meta property=\"article:modified_time\" content=\"2026-02-28T02:59:15+00:00\" \/>\n<meta property=\"og:image\" content=\"https:\/\/www.viajamenorca.com\/wp-content\/uploads\/2024\/12\/banner_fotos.jpg\" \/>\n\t<meta property=\"og:image:width\" content=\"1085\" \/>\n\t<meta property=\"og:image:height\" content=\"543\" \/>\n\t<meta property=\"og:image:type\" content=\"image\/jpeg\" \/>\n<meta name=\"twitter:card\" content=\"summary_large_image\" \/>\n<meta name=\"twitter:site\" content=\"@ViajaMenorca\" \/>\n<meta name=\"twitter:label1\" content=\"Tempo di lettura stimato\" \/>\n\t<meta name=\"twitter:data1\" content=\"4 minuto\" \/>\n<script type=\"application\/ld+json\" class=\"yoast-schema-graph\">{\"@context\":\"https:\\\/\\\/schema.org\",\"@graph\":[{\"@type\":\"WebPage\",\"@id\":\"https:\\\/\\\/www.viajamenorca.com\\\/it\\\/contatti\\\/avviso-legale\\\/politica-sui-cookie\\\/\",\"url\":\"https:\\\/\\\/www.viajamenorca.com\\\/it\\\/contatti\\\/avviso-legale\\\/politica-sui-cookie\\\/\",\"name\":\"Politica sui cookie - Viaja a Menorca\",\"isPartOf\":{\"@id\":\"https:\\\/\\\/www.viajamenorca.com\\\/it\\\/#website\"},\"datePublished\":\"2026-02-28T01:04:31+00:00\",\"dateModified\":\"2026-02-28T02:59:15+00:00\",\"description\":\"Un cookie \u00e8 un piccolo file di testo che viene memorizzato nel browser dell'utente quando visita quasi tutte le pagine web. La sua utilit\u00e0 \u00e8\",\"breadcrumb\":{\"@id\":\"https:\\\/\\\/www.viajamenorca.com\\\/it\\\/contatti\\\/avviso-legale\\\/politica-sui-cookie\\\/#breadcrumb\"},\"inLanguage\":\"it-IT\",\"potentialAction\":[{\"@type\":\"ReadAction\",\"target\":[\"https:\\\/\\\/www.viajamenorca.com\\\/it\\\/contatti\\\/avviso-legale\\\/politica-sui-cookie\\\/\"]}]},{\"@type\":\"BreadcrumbList\",\"@id\":\"https:\\\/\\\/www.viajamenorca.com\\\/it\\\/contatti\\\/avviso-legale\\\/politica-sui-cookie\\\/#breadcrumb\",\"itemListElement\":[{\"@type\":\"ListItem\",\"position\":1,\"name\":\"Contatto\",\"item\":\"https:\\\/\\\/www.viajamenorca.com\\\/it\\\/contatti\\\/\"},{\"@type\":\"ListItem\",\"position\":2,\"name\":\"Avviso leg\",\"item\":\"https:\\\/\\\/www.viajamenorca.com\\\/it\\\/contatti\\\/avviso-legale\\\/\"},{\"@type\":\"ListItem\",\"position\":3,\"name\":\"Politica sui cookie\"}]},{\"@type\":\"WebSite\",\"@id\":\"https:\\\/\\\/www.viajamenorca.com\\\/it\\\/#website\",\"url\":\"https:\\\/\\\/www.viajamenorca.com\\\/it\\\/\",\"name\":\"Viaja a Menorca\",\"description\":\"La tua avventura a Minorca inizia qui!\",\"publisher\":{\"@id\":\"https:\\\/\\\/www.viajamenorca.com\\\/it\\\/#organization\"},\"alternateName\":\"Gu\u00eda tur\u00edstica de Menorca\",\"potentialAction\":[{\"@type\":\"SearchAction\",\"target\":{\"@type\":\"EntryPoint\",\"urlTemplate\":\"https:\\\/\\\/www.viajamenorca.com\\\/it\\\/?s={search_term_string}\"},\"query-input\":{\"@type\":\"PropertyValueSpecification\",\"valueRequired\":true,\"valueName\":\"search_term_string\"}}],\"inLanguage\":\"it-IT\"},{\"@type\":\"Organization\",\"@id\":\"https:\\\/\\\/www.viajamenorca.com\\\/it\\\/#organization\",\"name\":\"Viaja a Menorca - Gu\u00eda tur\u00edstica\",\"alternateName\":\"Viaja a Menorca\",\"url\":\"https:\\\/\\\/www.viajamenorca.com\\\/it\\\/\",\"logo\":{\"@type\":\"ImageObject\",\"inLanguage\":\"it-IT\",\"@id\":\"https:\\\/\\\/www.viajamenorca.com\\\/it\\\/#\\\/schema\\\/logo\\\/image\\\/\",\"url\":\"https:\\\/\\\/www.viajamenorca.com\\\/wp-content\\\/uploads\\\/2021\\\/11\\\/viajamenorca.jpg\",\"contentUrl\":\"https:\\\/\\\/www.viajamenorca.com\\\/wp-content\\\/uploads\\\/2021\\\/11\\\/viajamenorca.jpg\",\"width\":714,\"height\":714,\"caption\":\"Viaja a Menorca - Gu\u00eda tur\u00edstica\"},\"image\":{\"@id\":\"https:\\\/\\\/www.viajamenorca.com\\\/it\\\/#\\\/schema\\\/logo\\\/image\\\/\"},\"sameAs\":[\"https:\\\/\\\/www.facebook.com\\\/ViajaMenorca\\\/\",\"https:\\\/\\\/x.com\\\/ViajaMenorca\",\"https:\\\/\\\/www.instagram.com\\\/viaja_menorca\\\/?hl=es\",\"https:\\\/\\\/www.youtube.com\\\/channel\\\/UCWtpR3jxp79HeZ8zZfHLhXw\"]}]}<\/script>\n<!-- \/ Yoast SEO plugin. -->","yoast_head_json":{"title":"Politica sui cookie - Viaja a Menorca","description":"Un cookie \u00e8 un piccolo file di testo che viene memorizzato nel browser dell'utente quando visita quasi tutte le pagine web. La sua utilit\u00e0 \u00e8","robots":{"index":"noindex","follow":"nofollow"},"og_locale":"it_IT","og_type":"article","og_title":"Politica sui cookie - Viaja a Menorca","og_description":"Un cookie \u00e8 un piccolo file di testo che viene memorizzato nel browser dell'utente quando visita quasi tutte le pagine web. La sua utilit\u00e0 \u00e8","og_url":"https:\/\/www.viajamenorca.com\/it\/contatti\/avviso-legale\/politica-sui-cookie\/","og_site_name":"Viaja a Menorca","article_publisher":"https:\/\/www.facebook.com\/ViajaMenorca\/","article_modified_time":"2026-02-28T02:59:15+00:00","og_image":[{"width":1085,"height":543,"url":"https:\/\/www.viajamenorca.com\/wp-content\/uploads\/2024\/12\/banner_fotos.jpg","type":"image\/jpeg"}],"twitter_card":"summary_large_image","twitter_site":"@ViajaMenorca","twitter_misc":{"Tempo di lettura stimato":"4 minuto"},"schema":{"@context":"https:\/\/schema.org","@graph":[{"@type":"WebPage","@id":"https:\/\/www.viajamenorca.com\/it\/contatti\/avviso-legale\/politica-sui-cookie\/","url":"https:\/\/www.viajamenorca.com\/it\/contatti\/avviso-legale\/politica-sui-cookie\/","name":"Politica sui cookie - Viaja a Menorca","isPartOf":{"@id":"https:\/\/www.viajamenorca.com\/it\/#website"},"datePublished":"2026-02-28T01:04:31+00:00","dateModified":"2026-02-28T02:59:15+00:00","description":"Un cookie \u00e8 un piccolo file di testo che viene memorizzato nel browser dell'utente quando visita quasi tutte le pagine web. La sua utilit\u00e0 \u00e8","breadcrumb":{"@id":"https:\/\/www.viajamenorca.com\/it\/contatti\/avviso-legale\/politica-sui-cookie\/#breadcrumb"},"inLanguage":"it-IT","potentialAction":[{"@type":"ReadAction","target":["https:\/\/www.viajamenorca.com\/it\/contatti\/avviso-legale\/politica-sui-cookie\/"]}]},{"@type":"BreadcrumbList","@id":"https:\/\/www.viajamenorca.com\/it\/contatti\/avviso-legale\/politica-sui-cookie\/#breadcrumb","itemListElement":[{"@type":"ListItem","position":1,"name":"Contatto","item":"https:\/\/www.viajamenorca.com\/it\/contatti\/"},{"@type":"ListItem","position":2,"name":"Avviso leg","item":"https:\/\/www.viajamenorca.com\/it\/contatti\/avviso-legale\/"},{"@type":"ListItem","position":3,"name":"Politica sui cookie"}]},{"@type":"WebSite","@id":"https:\/\/www.viajamenorca.com\/it\/#website","url":"https:\/\/www.viajamenorca.com\/it\/","name":"Viaja a Menorca","description":"La tua avventura a Minorca inizia qui!","publisher":{"@id":"https:\/\/www.viajamenorca.com\/it\/#organization"},"alternateName":"Gu\u00eda tur\u00edstica de Menorca","potentialAction":[{"@type":"SearchAction","target":{"@type":"EntryPoint","urlTemplate":"https:\/\/www.viajamenorca.com\/it\/?s={search_term_string}"},"query-input":{"@type":"PropertyValueSpecification","valueRequired":true,"valueName":"search_term_string"}}],"inLanguage":"it-IT"},{"@type":"Organization","@id":"https:\/\/www.viajamenorca.com\/it\/#organization","name":"Viaja a Menorca - Gu\u00eda tur\u00edstica","alternateName":"Viaja a Menorca","url":"https:\/\/www.viajamenorca.com\/it\/","logo":{"@type":"ImageObject","inLanguage":"it-IT","@id":"https:\/\/www.viajamenorca.com\/it\/#\/schema\/logo\/image\/","url":"https:\/\/www.viajamenorca.com\/wp-content\/uploads\/2021\/11\/viajamenorca.jpg","contentUrl":"https:\/\/www.viajamenorca.com\/wp-content\/uploads\/2021\/11\/viajamenorca.jpg","width":714,"height":714,"caption":"Viaja a Menorca - Gu\u00eda tur\u00edstica"},"image":{"@id":"https:\/\/www.viajamenorca.com\/it\/#\/schema\/logo\/image\/"},"sameAs":["https:\/\/www.facebook.com\/ViajaMenorca\/","https:\/\/x.com\/ViajaMenorca","https:\/\/www.instagram.com\/viaja_menorca\/?hl=es","https:\/\/www.youtube.com\/channel\/UCWtpR3jxp79HeZ8zZfHLhXw"]}]}},"_links":{"self":[{"href":"https:\/\/www.viajamenorca.com\/it\/wp-json\/wp\/v2\/pages\/61284","targetHints":{"allow":["GET"]}}],"collection":[{"href":"https:\/\/www.viajamenorca.com\/it\/wp-json\/wp\/v2\/pages"}],"about":[{"href":"https:\/\/www.viajamenorca.com\/it\/wp-json\/wp\/v2\/types\/page"}],"author":[{"embeddable":true,"href":"https:\/\/www.viajamenorca.com\/it\/wp-json\/wp\/v2\/users\/1"}],"replies":[{"embeddable":true,"href":"https:\/\/www.viajamenorca.com\/it\/wp-json\/wp\/v2\/comments?post=61284"}],"version-history":[{"count":7,"href":"https:\/\/www.viajamenorca.com\/it\/wp-json\/wp\/v2\/pages\/61284\/revisions"}],"predecessor-version":[{"id":61315,"href":"https:\/\/www.viajamenorca.com\/it\/wp-json\/wp\/v2\/pages\/61284\/revisions\/61315"}],"up":[{"embeddable":true,"href":"https:\/\/www.viajamenorca.com\/it\/wp-json\/wp\/v2\/pages\/61163"}],"wp:attachment":[{"href":"https:\/\/www.viajamenorca.com\/it\/wp-json\/wp\/v2\/media?parent=61284"}],"curies":[{"name":"wp","href":"https:\/\/api.w.org\/{rel}","templated":true}]}}